{"id":2233,"date":"2023-09-19T22:47:49","date_gmt":"2023-09-19T20:47:49","guid":{"rendered":"https:\/\/pb.edu.pl\/strategia-spolecznej-odpowiedzialnosci\/?page_id=2233"},"modified":"2023-09-20T08:17:03","modified_gmt":"2023-09-20T06:17:03","slug":"interesariusze","status":"publish","type":"page","link":"https:\/\/pb.edu.pl\/strategia-spolecznej-odpowiedzialnosci\/interesariusze\/","title":{"rendered":"Interesariusze"},"content":{"rendered":"<p><strong>Kluczowi przedstawiciele spo\u0142eczno\u015bci akademickiej oraz interesariusze Politechniki Bia\u0142ostockiej:<\/strong><\/p>\n<ul>\n<li>Studentki i Studenci<\/li>\n<li>Doktorantki i Doktoranci<\/li>\n<li>Uczestniczki i Uczestnicy studi\u00f3w podyplomowych<\/li>\n<li>Kandydatki i Kandydaci na studia<\/li>\n<li>Pracownice i Pracownicy<\/li>\n<li>Dostawcy<\/li>\n<li>Ministerstwo w\u0142a\u015bciwe dla nauki i szkolnictwa wy\u017cszego oraz inni regulatorzy<\/li>\n<li>Zwi\u0105zki zawodowe<\/li>\n<li>Instytucje akredytacyjne i kontrolne<\/li>\n<li>Media<\/li>\n<li>Uczelnie, w szczeg\u00f3lno\u015bci partnerskie<\/li>\n<li>Absolwentki i Absolwenci<\/li>\n<li>Przedsi\u0119biorstwa<\/li>\n<li>M\u0142odzie\u017c, nauczycielki i nauczyciele szk\u00f3\u0142 podstawowych i \u015brednich<\/li>\n<li>Organizacje pozarz\u0105dowe<\/li>\n<li>Administracja rz\u0105dowa i samorz\u0105dowa<\/li>\n<li>Spo\u0142eczno\u015b\u0107 lokalna<\/li>\n<li>Spo\u0142ecze\u0144stwo regionu i kraju.<\/li>\n<\/ul>\n","protected":false},"excerpt":{"rendered":"<p>Kluczowi przedstawiciele spo\u0142eczno\u015bci akademickiej oraz interesariusze Politechniki Bia\u0142ostockiej: Studentki i Studenci Doktorantki i Doktoranci Uczestniczki<\/p>\n","protected":false},"author":2,"featured_media":0,"parent":0,"menu_order":0,"comment_status":"closed","ping_status":"closed","template":"","meta":{"_acf_changed":false,"ngg_post_thumbnail":0,"footnotes":""},"class_list":["post-2233","page","type-page","status-publish","hentry"],"acf":[],"_links":{"self":[{"href":"https:\/\/pb.edu.pl\/strategia-spolecznej-odpowiedzialnosci\/wp-json\/wp\/v2\/pages\/2233","targetHints":{"allow":["GET"]}}],"collection":[{"href":"https:\/\/pb.edu.pl\/strategia-spolecznej-odpowiedzialnosci\/wp-json\/wp\/v2\/pages"}],"about":[{"href":"https:\/\/pb.edu.pl\/strategia-spolecznej-odpowiedzialnosci\/wp-json\/wp\/v2\/types\/page"}],"author":[{"embeddable":true,"href":"https:\/\/pb.edu.pl\/strategia-spolecznej-odpowiedzialnosci\/wp-json\/wp\/v2\/users\/2"}],"replies":[{"embeddable":true,"href":"https:\/\/pb.edu.pl\/strategia-spolecznej-odpowiedzialnosci\/wp-json\/wp\/v2\/comments?post=2233"}],"version-history":[{"count":0,"href":"https:\/\/pb.edu.pl\/strategia-spolecznej-odpowiedzialnosci\/wp-json\/wp\/v2\/pages\/2233\/revisions"}],"wp:attachment":[{"href":"https:\/\/pb.edu.pl\/strategia-spolecznej-odpowiedzialnosci\/wp-json\/wp\/v2\/media?parent=2233"}],"curies":[{"name":"wp","href":"https:\/\/api.w.org\/{rel}","templated":true}]}}