{"id":2227,"date":"2023-09-19T22:43:02","date_gmt":"2023-09-19T20:43:02","guid":{"rendered":"https:\/\/pb.edu.pl\/strategia-spolecznej-odpowiedzialnosci\/?page_id=2227"},"modified":"2023-09-20T08:11:22","modified_gmt":"2023-09-20T06:11:22","slug":"zasady","status":"publish","type":"page","link":"https:\/\/pb.edu.pl\/strategia-spolecznej-odpowiedzialnosci\/zasady\/","title":{"rendered":"Zasady"},"content":{"rendered":"<p><strong>Zasady Strategii Spo\u0142ecznej Odpowiedzialno\u015bci Politechniki Bia\u0142ostockiej:<\/strong><\/p>\n<ol>\n<li>Piel\u0119gnowa\u0107 warto\u015bci akademickie zapisane m.in. w \u201eKodeksie Etyki Pracownika Naukowego\u201d, w szczeg\u00f3lno\u015bci: sumienno\u015b\u0107, obiektywizm, niezale\u017cno\u015b\u0107, otwarto\u015b\u0107 i przejrzysto\u015b\u0107.<\/li>\n<li>Kszta\u0142towa\u0107 spo\u0142eczne i obywatelskie postawy przysz\u0142ych elit sprzyjaj\u0105ce budowaniu wsp\u00f3lnoty, otwarto\u015bci oraz komunikacji, a tak\u017ce wra\u017cliwo\u015bci spo\u0142ecznej i kultury pracy.<\/li>\n<li>Upowszechnia\u0107 ide\u0119 r\u00f3wno\u015bci, r\u00f3\u017cnorodno\u015bci, tolerancji oraz respektowa\u0107 i chroni\u0107 prawa cz\u0142owieka w odniesieniu do ca\u0142ej spo\u0142eczno\u015bci akademickiej i jej otoczenia.<\/li>\n<li>Poszerza\u0107 programy nauczania o zagadnienia z zakresu etyki i spo\u0142ecznej odpowiedzialno\u015bci, zr\u00f3wnowa\u017conego rozwoju i innowacji spo\u0142ecznych.<\/li>\n<li>Realizowa\u0107 projekty wdra\u017caj\u0105ce zasady spo\u0142ecznej odpowiedzialno\u015bci, w szczeg\u00f3lno\u015bci dotycz\u0105ce zarz\u0105dzania w miejscu pracy, wolontariatu pracowniczego, promocji zasad etyki, wsp\u00f3\u0142pracy mi\u0119dzysektorowej, marketingu spo\u0142ecznie zaanga\u017cowanego.<\/li>\n<li>Podejmowa\u0107 badania naukowe i prace wdro\u017ceniowe, kt\u00f3re w ramach partnerstwa z innymi o\u015brodkami akademickimi z ca\u0142ego \u015bwiata, sektorem przedsi\u0119biorstw, administracj\u0105 publiczn\u0105 i organizacjami pozarz\u0105dowymi przyczynia\u0107 si\u0119 mog\u0105 do rozwi\u0105zywania istotnych problem\u00f3w spo\u0142ecznych.<\/li>\n<li>Rozwija\u0107 wsp\u00f3\u0142prac\u0119 mi\u0119dzyuczelnian\u0105, krajow\u0105 i mi\u0119dzynarodow\u0105, umo\u017cliwiaj\u0105c\u0105 adaptacj\u0119 i wzmacnianie najlepszych praktyk w zakresie spo\u0142ecznej odpowiedzialno\u015bci uczelni.<\/li>\n<li>Dba\u0107 o \u0142ad organizacyjny uczelni, opieraj\u0105c zarz\u0105dzanie uczelni\u0105 na fundamentach spo\u0142ecznej odpowiedzialno\u015bci, zar\u00f3wno w dokumentach strategicznych, jak i wynikaj\u0105cych z nich dzia\u0142aniach s\u0142u\u017c\u0105cych wszechstronnemu rozwojowi spo\u0142eczno\u015bci akademickiej i skutecznej realizacji misji uczelni. 9. Zapewnia\u0107 przejrzysto\u015b\u0107 prowadzonej przez uczelni\u0119 dzia\u0142alno\u015bci m.in. poprzez mierzenie rezultat\u00f3w, promowanie i upowszechnianie dorobku oraz wskazanie osoby lub zespo\u0142u koordynuj\u0105cego te dzia\u0142ania.<\/li>\n<li>Zapewnia\u0107 przejrzysto\u015b\u0107 prowadzonej przez uczelni\u0119 dzia\u0142alno\u015bci m.in. poprzez mierzenie rezultat\u00f3w, promowanie i upowszechnianie dorobku oraz wskazanie osoby lub zespo\u0142u koordynuj\u0105cego te dzia\u0142ania.<\/li>\n<li>Prowadzi\u0107 dzia\u0142alno\u015b\u0107 w taki spos\u00f3b, by minimalizowa\u0107 negatywny wp\u0142yw aktywno\u015bci realizowanych przez spo\u0142eczno\u015b\u0107 akademick\u0105 oraz jej interesariuszy na \u015brodowisko przyrodnicze we wszelkich jego wymiarach.<\/li>\n<li>Prowadzi\u0107 dialog z interesariuszami na temat priorytet\u00f3w polityki spo\u0142ecznej odpowiedzialno\u015bci uczelni oraz informowa\u0107 o jej rezultatach.<\/li>\n<li>Kierowa\u0107 si\u0119 zasadami etyki i odpowiedzialno\u015bci w procesie nauczania i prowadzenia bada\u0144 naukowych dla zapewniania interesariuszom optymalnych warunk\u00f3w do korzystania z wiedzy, kapita\u0142u intelektualnego i dorobku uczelni.<\/li>\n<\/ol>\n","protected":false},"excerpt":{"rendered":"<p>Zasady Strategii Spo\u0142ecznej Odpowiedzialno\u015bci Politechniki Bia\u0142ostockiej: Piel\u0119gnowa\u0107 warto\u015bci akademickie zapisane m.in. w \u201eKodeksie Etyki Pracownika<\/p>\n","protected":false},"author":2,"featured_media":0,"parent":0,"menu_order":4,"comment_status":"closed","ping_status":"closed","template":"","meta":{"_acf_changed":false,"ngg_post_thumbnail":0,"footnotes":""},"class_list":["post-2227","page","type-page","status-publish","hentry"],"acf":[],"_links":{"self":[{"href":"https:\/\/pb.edu.pl\/strategia-spolecznej-odpowiedzialnosci\/wp-json\/wp\/v2\/pages\/2227","targetHints":{"allow":["GET"]}}],"collection":[{"href":"https:\/\/pb.edu.pl\/strategia-spolecznej-odpowiedzialnosci\/wp-json\/wp\/v2\/pages"}],"about":[{"href":"https:\/\/pb.edu.pl\/strategia-spolecznej-odpowiedzialnosci\/wp-json\/wp\/v2\/types\/page"}],"author":[{"embeddable":true,"href":"https:\/\/pb.edu.pl\/strategia-spolecznej-odpowiedzialnosci\/wp-json\/wp\/v2\/users\/2"}],"replies":[{"embeddable":true,"href":"https:\/\/pb.edu.pl\/strategia-spolecznej-odpowiedzialnosci\/wp-json\/wp\/v2\/comments?post=2227"}],"version-history":[{"count":0,"href":"https:\/\/pb.edu.pl\/strategia-spolecznej-odpowiedzialnosci\/wp-json\/wp\/v2\/pages\/2227\/revisions"}],"wp:attachment":[{"href":"https:\/\/pb.edu.pl\/strategia-spolecznej-odpowiedzialnosci\/wp-json\/wp\/v2\/media?parent=2227"}],"curies":[{"name":"wp","href":"https:\/\/api.w.org\/{rel}","templated":true}]}}