{"id":2223,"date":"2023-09-19T22:39:30","date_gmt":"2023-09-19T20:39:30","guid":{"rendered":"https:\/\/pb.edu.pl\/strategia-spolecznej-odpowiedzialnosci\/?page_id=2223"},"modified":"2023-09-19T22:51:47","modified_gmt":"2023-09-19T20:51:47","slug":"wartosci","status":"publish","type":"page","link":"https:\/\/pb.edu.pl\/strategia-spolecznej-odpowiedzialnosci\/wartosci\/","title":{"rendered":"Warto\u015bci"},"content":{"rendered":"<p><strong>S<\/strong> \u2013 sprawiedliwo\u015b\u0107, szacunek, skuteczno\u015b\u0107, szczero\u015b\u0107, s\u0142uszno\u015b\u0107<br \/>\n<strong>P<\/strong> \u2013 pok\u00f3j, prawda, poufno\u015b\u0107, przejrzysto\u015b\u0107, profesjonalizm, przyzwoito\u015b\u0107<br \/>\n<strong>O<\/strong> \u2013 odpowiedzialno\u015b\u0107, odwaga, obiektywizm, otwarto\u015b\u0107<br \/>\n<strong>\u0141<\/strong> \u2013 \u0142ad, bezpiecze\u0144stwo i godne warunki pracy<br \/>\n<strong>E<\/strong> \u2013 etyczne zachowanie, etyczne kszta\u0142cenie i prowadzenie bada\u0144<br \/>\n<strong>C<\/strong> \u2013 celowo\u015b\u0107, ci\u0105g\u0142o\u015b\u0107 rozwoju<br \/>\n<strong>Z<\/strong> \u2013 zdecydowanie, zr\u00f3wnowa\u017cenie<br \/>\n<strong>N<\/strong> \u2013 niezawodno\u015b\u0107, nowatorstwo, niezale\u017cno\u015b\u0107<br \/>\n<strong>I<\/strong> \u2013 intencyjno\u015b\u0107, integralno\u015b\u0107, intuicyjno\u015b\u0107, innowacyjno\u015b\u0107<\/p>\n","protected":false},"excerpt":{"rendered":"<p>S \u2013 sprawiedliwo\u015b\u0107, szacunek, skuteczno\u015b\u0107, szczero\u015b\u0107, s\u0142uszno\u015b\u0107 P \u2013 pok\u00f3j, prawda, poufno\u015b\u0107, przejrzysto\u015b\u0107, profesjonalizm, przyzwoito\u015b\u0107<\/p>\n","protected":false},"author":2,"featured_media":0,"parent":0,"menu_order":3,"comment_status":"closed","ping_status":"closed","template":"","meta":{"_acf_changed":false,"ngg_post_thumbnail":0,"footnotes":""},"class_list":["post-2223","page","type-page","status-publish","hentry"],"acf":[],"_links":{"self":[{"href":"https:\/\/pb.edu.pl\/strategia-spolecznej-odpowiedzialnosci\/wp-json\/wp\/v2\/pages\/2223","targetHints":{"allow":["GET"]}}],"collection":[{"href":"https:\/\/pb.edu.pl\/strategia-spolecznej-odpowiedzialnosci\/wp-json\/wp\/v2\/pages"}],"about":[{"href":"https:\/\/pb.edu.pl\/strategia-spolecznej-odpowiedzialnosci\/wp-json\/wp\/v2\/types\/page"}],"author":[{"embeddable":true,"href":"https:\/\/pb.edu.pl\/strategia-spolecznej-odpowiedzialnosci\/wp-json\/wp\/v2\/users\/2"}],"replies":[{"embeddable":true,"href":"https:\/\/pb.edu.pl\/strategia-spolecznej-odpowiedzialnosci\/wp-json\/wp\/v2\/comments?post=2223"}],"version-history":[{"count":0,"href":"https:\/\/pb.edu.pl\/strategia-spolecznej-odpowiedzialnosci\/wp-json\/wp\/v2\/pages\/2223\/revisions"}],"wp:attachment":[{"href":"https:\/\/pb.edu.pl\/strategia-spolecznej-odpowiedzialnosci\/wp-json\/wp\/v2\/media?parent=2223"}],"curies":[{"name":"wp","href":"https:\/\/api.w.org\/{rel}","templated":true}]}}