{"id":2218,"date":"2023-09-19T22:36:32","date_gmt":"2023-09-19T20:36:32","guid":{"rendered":"https:\/\/pb.edu.pl\/strategia-spolecznej-odpowiedzialnosci\/?page_id=2218"},"modified":"2023-09-19T22:50:37","modified_gmt":"2023-09-19T20:50:37","slug":"wizja","status":"publish","type":"page","link":"https:\/\/pb.edu.pl\/strategia-spolecznej-odpowiedzialnosci\/wizja\/","title":{"rendered":"Wizja"},"content":{"rendered":"<p>Politechnika Bia\u0142ostocka wykorzystuje, wzmacnia i rozbudowuje sw\u00f3j potencja\u0142 naukowy, dydaktyczny i relacyjny, aby stawa\u0107 si\u0119 rozpoznawalnym i cenionym o\u015brodkiem tw\u00f3rczej my\u015bli naukowej, innowacyjnych technologii i aktywnego integrowania \u015brodowiska akademickiego, gospodarczego, spo\u0142ecznego i kulturalnego w regionie, w Polsce i na \u015bwiecie. Swoj\u0105 wysok\u0105 pozycj\u0119 Uczelnia buduje w atmosferze spo\u0142ecznej odpowiedzialno\u015bci i wsp\u00f3\u0142pracy z interesariuszami, d\u0105\u017c\u0105c do realizacji wsp\u00f3lnych aspiracji i oczekiwa\u0144 z uwzgl\u0119dnieniem zasad zr\u00f3wnowa\u017conego rozwoju oraz r\u00f3wno\u015bci kobiet i m\u0119\u017cczyzn.<\/p>\n","protected":false},"excerpt":{"rendered":"<p>Politechnika Bia\u0142ostocka wykorzystuje, wzmacnia i rozbudowuje sw\u00f3j potencja\u0142 naukowy, dydaktyczny i relacyjny, aby stawa\u0107 si\u0119<\/p>\n","protected":false},"author":2,"featured_media":0,"parent":0,"menu_order":2,"comment_status":"closed","ping_status":"closed","template":"","meta":{"_acf_changed":false,"ngg_post_thumbnail":0,"footnotes":""},"class_list":["post-2218","page","type-page","status-publish","hentry"],"acf":[],"_links":{"self":[{"href":"https:\/\/pb.edu.pl\/strategia-spolecznej-odpowiedzialnosci\/wp-json\/wp\/v2\/pages\/2218","targetHints":{"allow":["GET"]}}],"collection":[{"href":"https:\/\/pb.edu.pl\/strategia-spolecznej-odpowiedzialnosci\/wp-json\/wp\/v2\/pages"}],"about":[{"href":"https:\/\/pb.edu.pl\/strategia-spolecznej-odpowiedzialnosci\/wp-json\/wp\/v2\/types\/page"}],"author":[{"embeddable":true,"href":"https:\/\/pb.edu.pl\/strategia-spolecznej-odpowiedzialnosci\/wp-json\/wp\/v2\/users\/2"}],"replies":[{"embeddable":true,"href":"https:\/\/pb.edu.pl\/strategia-spolecznej-odpowiedzialnosci\/wp-json\/wp\/v2\/comments?post=2218"}],"version-history":[{"count":0,"href":"https:\/\/pb.edu.pl\/strategia-spolecznej-odpowiedzialnosci\/wp-json\/wp\/v2\/pages\/2218\/revisions"}],"wp:attachment":[{"href":"https:\/\/pb.edu.pl\/strategia-spolecznej-odpowiedzialnosci\/wp-json\/wp\/v2\/media?parent=2218"}],"curies":[{"name":"wp","href":"https:\/\/api.w.org\/{rel}","templated":true}]}}