{"id":1064,"date":"2023-04-24T23:13:14","date_gmt":"2023-04-24T21:13:14","guid":{"rendered":"https:\/\/pb.edu.pl\/strategia-spolecznej-odpowiedzialnosci\/?page_id=1064"},"modified":"2023-04-24T23:13:14","modified_gmt":"2023-04-24T21:13:14","slug":"aktualnosci","status":"publish","type":"page","link":"https:\/\/pb.edu.pl\/strategia-spolecznej-odpowiedzialnosci\/aktualnosci\/","title":{"rendered":"Aktualno\u015bci"},"content":{"rendered":"\t\t<div class=\"box news-box \">\n\t\t<div class=\"row\">\n\t\t\t\n\t\t\t\n\t\t\t\t\n\t\t\t\t\t\t\t\t\t\t<div class=\"col-sm-3\">\n\t\t\t\t\t\t\t\n<article class=\"format-standard\">\n    <span class=\"date text-right\"><i class=\"fal fa-calendar-alt\"><\/i> 01-12-2023<\/span>\n    <a href=\"https:\/\/pb.edu.pl\/strategia-spolecznej-odpowiedzialnosci\/politechnika-bialostocka-sygnatariuszem-deklaracji-spolecznej-odpowiedzialnosci-uczelni\/\">\n      <div class=\"article-image\">\n        <img loading=\"lazy\" decoding=\"async\" width=\"480\" height=\"300\" src=\"https:\/\/pb.edu.pl\/strategia-spolecznej-odpowiedzialnosci\/wp-content\/uploads\/sites\/111\/2023\/12\/2023-12-02_katalog-dobrych-praktyk_www-480x300.jpg\" class=\"attachment-medium-image-16x10 size-medium-image-16x10 wp-post-image\" alt=\"\" srcset=\"https:\/\/pb.edu.pl\/strategia-spolecznej-odpowiedzialnosci\/wp-content\/uploads\/sites\/111\/2023\/12\/2023-12-02_katalog-dobrych-praktyk_www-480x300.jpg 480w, https:\/\/pb.edu.pl\/strategia-spolecznej-odpowiedzialnosci\/wp-content\/uploads\/sites\/111\/2023\/12\/2023-12-02_katalog-dobrych-praktyk_www-300x188.jpg 300w, https:\/\/pb.edu.pl\/strategia-spolecznej-odpowiedzialnosci\/wp-content\/uploads\/sites\/111\/2023\/12\/2023-12-02_katalog-dobrych-praktyk_www-1024x640.jpg 1024w, https:\/\/pb.edu.pl\/strategia-spolecznej-odpowiedzialnosci\/wp-content\/uploads\/sites\/111\/2023\/12\/2023-12-02_katalog-dobrych-praktyk_www-768x480.jpg 768w, https:\/\/pb.edu.pl\/strategia-spolecznej-odpowiedzialnosci\/wp-content\/uploads\/sites\/111\/2023\/12\/2023-12-02_katalog-dobrych-praktyk_www-1536x960.jpg 1536w, https:\/\/pb.edu.pl\/strategia-spolecznej-odpowiedzialnosci\/wp-content\/uploads\/sites\/111\/2023\/12\/2023-12-02_katalog-dobrych-praktyk_www-2048x1280.jpg 2048w\" sizes=\"auto, (max-width: 480px) 100vw, 480px\" \/>      <\/div>\n      <h3>Politechnika Bia\u0142ostocka sygnatariuszem Deklaracji Spo\u0142ecznej Odpowiedzialno\u015bci Uczelni<\/h3>\n      Katalog dobrych praktyk uczelni    <\/a>\n<\/article>\t\t\t\t\t\t<\/div>\n\t\t\t\t\t\t\t\t\t\t\t<div class=\"col-sm-3\">\n\t\t\t\t\t\t\t\n<article class=\"format-standard\">\n    <span class=\"date text-right\"><i class=\"fal fa-calendar-alt\"><\/i> 20-09-2023<\/span>\n    <a href=\"https:\/\/pb.edu.pl\/strategia-spolecznej-odpowiedzialnosci\/politechnika-bialostocka-wdraza-strategie-spolecznej-odpowiedzialnosci\/\">\n      <div class=\"article-image\">\n        <img loading=\"lazy\" decoding=\"async\" width=\"480\" height=\"300\" src=\"https:\/\/pb.edu.pl\/strategia-spolecznej-odpowiedzialnosci\/wp-content\/uploads\/sites\/111\/2023\/09\/2023-09_spoleczna-odpowiedzialnosc_www_2160-1350.jpg\" class=\"attachment-medium-image-16x10 size-medium-image-16x10 wp-post-image\" alt=\"\" srcset=\"https:\/\/pb.edu.pl\/strategia-spolecznej-odpowiedzialnosci\/wp-content\/uploads\/sites\/111\/2023\/09\/2023-09_spoleczna-odpowiedzialnosc_www_2160-1350.jpg 2160w, https:\/\/pb.edu.pl\/strategia-spolecznej-odpowiedzialnosci\/wp-content\/uploads\/sites\/111\/2023\/09\/2023-09_spoleczna-odpowiedzialnosc_www_2160-1350-300x188.jpg 300w, https:\/\/pb.edu.pl\/strategia-spolecznej-odpowiedzialnosci\/wp-content\/uploads\/sites\/111\/2023\/09\/2023-09_spoleczna-odpowiedzialnosc_www_2160-1350-1024x640.jpg 1024w, https:\/\/pb.edu.pl\/strategia-spolecznej-odpowiedzialnosci\/wp-content\/uploads\/sites\/111\/2023\/09\/2023-09_spoleczna-odpowiedzialnosc_www_2160-1350-768x480.jpg 768w, https:\/\/pb.edu.pl\/strategia-spolecznej-odpowiedzialnosci\/wp-content\/uploads\/sites\/111\/2023\/09\/2023-09_spoleczna-odpowiedzialnosc_www_2160-1350-1536x960.jpg 1536w, https:\/\/pb.edu.pl\/strategia-spolecznej-odpowiedzialnosci\/wp-content\/uploads\/sites\/111\/2023\/09\/2023-09_spoleczna-odpowiedzialnosc_www_2160-1350-2048x1280.jpg 2048w\" sizes=\"auto, (max-width: 480px) 100vw, 480px\" \/>      <\/div>\n      <h3>Politechnika Bia\u0142ostocka wdra\u017ca Strategi\u0119 Spo\u0142ecznej Odpowiedzialno\u015bci!<\/h3>\n      Dokument stanowi jeden z element\u00f3w Strategii Rozwoju naszej Uczelni    <\/a>\n<\/article>\t\t\t\t\t\t<\/div>\n\t\t\t\t\t\n\t\t\t\t\n\t\t\t\t\t<\/div>\n\t\t\t\t\t<\/div>\n\n","protected":false},"excerpt":{"rendered":"","protected":false},"author":2,"featured_media":0,"parent":0,"menu_order":0,"comment_status":"closed","ping_status":"closed","template":"","meta":{"_acf_changed":false,"ngg_post_thumbnail":0,"footnotes":""},"class_list":["post-1064","page","type-page","status-publish","hentry"],"acf":[],"_links":{"self":[{"href":"https:\/\/pb.edu.pl\/strategia-spolecznej-odpowiedzialnosci\/wp-json\/wp\/v2\/pages\/1064","targetHints":{"allow":["GET"]}}],"collection":[{"href":"https:\/\/pb.edu.pl\/strategia-spolecznej-odpowiedzialnosci\/wp-json\/wp\/v2\/pages"}],"about":[{"href":"https:\/\/pb.edu.pl\/strategia-spolecznej-odpowiedzialnosci\/wp-json\/wp\/v2\/types\/page"}],"author":[{"embeddable":true,"href":"https:\/\/pb.edu.pl\/strategia-spolecznej-odpowiedzialnosci\/wp-json\/wp\/v2\/users\/2"}],"replies":[{"embeddable":true,"href":"https:\/\/pb.edu.pl\/strategia-spolecznej-odpowiedzialnosci\/wp-json\/wp\/v2\/comments?post=1064"}],"version-history":[{"count":0,"href":"https:\/\/pb.edu.pl\/strategia-spolecznej-odpowiedzialnosci\/wp-json\/wp\/v2\/pages\/1064\/revisions"}],"wp:attachment":[{"href":"https:\/\/pb.edu.pl\/strategia-spolecznej-odpowiedzialnosci\/wp-json\/wp\/v2\/media?parent=1064"}],"curies":[{"name":"wp","href":"https:\/\/api.w.org\/{rel}","templated":true}]}}