{"id":52,"date":"2020-09-22T23:53:47","date_gmt":"2020-09-22T21:53:47","guid":{"rendered":"https:\/\/pb.edu.pl\/sspb\/?page_id=52"},"modified":"2021-10-04T23:11:50","modified_gmt":"2021-10-04T21:11:50","slug":"dokumenty","status":"publish","type":"page","link":"https:\/\/pb.edu.pl\/sspb\/dokumenty\/","title":{"rendered":"Dokumenty"},"content":{"rendered":"<p><a href=\"https:\/\/bip.pb.edu.pl\/index.php?event=informacja&#038;id=18378\">REGULAMIN SAMORZ\u0104DU STUDENT\u00d3W POLITECHNIKI BIA\u0141OSTOCKIEJ<\/a><\/p>\n","protected":false},"excerpt":{"rendered":"<p>REGULAMIN SAMORZ\u0104DU STUDENT\u00d3W POLITECHNIKI BIA\u0141OSTOCKIEJ<\/p>\n","protected":false},"author":2,"featured_media":0,"parent":0,"menu_order":6,"comment_status":"closed","ping_status":"closed","template":"","meta":{"_acf_changed":false,"ngg_post_thumbnail":0,"footnotes":""},"class_list":["post-52","page","type-page","status-publish","hentry"],"acf":[],"_links":{"self":[{"href":"https:\/\/pb.edu.pl\/sspb\/wp-json\/wp\/v2\/pages\/52","targetHints":{"allow":["GET"]}}],"collection":[{"href":"https:\/\/pb.edu.pl\/sspb\/wp-json\/wp\/v2\/pages"}],"about":[{"href":"https:\/\/pb.edu.pl\/sspb\/wp-json\/wp\/v2\/types\/page"}],"author":[{"embeddable":true,"href":"https:\/\/pb.edu.pl\/sspb\/wp-json\/wp\/v2\/users\/2"}],"replies":[{"embeddable":true,"href":"https:\/\/pb.edu.pl\/sspb\/wp-json\/wp\/v2\/comments?post=52"}],"version-history":[{"count":0,"href":"https:\/\/pb.edu.pl\/sspb\/wp-json\/wp\/v2\/pages\/52\/revisions"}],"wp:attachment":[{"href":"https:\/\/pb.edu.pl\/sspb\/wp-json\/wp\/v2\/media?parent=52"}],"curies":[{"name":"wp","href":"https:\/\/api.w.org\/{rel}","templated":true}]}}