{"id":50,"date":"2020-09-22T23:53:29","date_gmt":"2020-09-22T21:53:29","guid":{"rendered":"https:\/\/pb.edu.pl\/sspb\/?page_id=50"},"modified":"2025-10-05T21:16:11","modified_gmt":"2025-10-05T19:16:11","slug":"kontakt","status":"publish","type":"page","link":"https:\/\/pb.edu.pl\/sspb\/kontakt\/","title":{"rendered":"Kontakt"},"content":{"rendered":"<div class=\"h2\">Samorz\u0105d Student\u00f3w Politechniki Bia\u0142ostockiej<\/div>\n<div class=\"h3\"><i class=\"fal fa-envelope\" aria-hidden=\"true\"><\/i><a href=\"#\" rel=\"nofollow\"  onclick=\"this.href='mailto:' + 'kontakt' + '@' + 'sspb.pl'\">kontakt [at] sspb.pl<\/a><\/div>\n<div class=\"h3\"><i class=\"fab fa-facebook-f\"><\/i><a href=\"https:\/\/pl-pl.facebook.com\/SamorzadStudentowPB\">facebook.com\/SamorzadStudentowPB<\/a><\/div>\n<div class=\"h3\"><i class=\"fa-brands fa-instagram\"><\/i><a href=\"https:\/\/www.instagram.com\/samorzad_pb\/\">www.instagram.com\/samorzad_pb\/<\/a><\/div>\n<div class=\"h3\"><i class=\"fa fa-building-o\" aria-hidden=\"true\"><\/i>Centrum Sigma &#8211; Strefa Studenta, pok\u00f3j 5<br \/>\nUl. Zwierzyniecka 10, 15-333 Bia\u0142ystok<\/div>\n","protected":false},"excerpt":{"rendered":"<p>Samorz\u0105d Student\u00f3w Politechniki Bia\u0142ostockiej facebook.com\/SamorzadStudentowPB www.instagram.com\/samorzad_pb\/ Centrum Sigma &#8211; Strefa Studenta, pok\u00f3j 5 Ul. Zwierzyniecka<\/p>\n","protected":false},"author":2,"featured_media":0,"parent":0,"menu_order":5,"comment_status":"closed","ping_status":"closed","template":"","meta":{"_acf_changed":false,"ngg_post_thumbnail":0,"footnotes":""},"class_list":["post-50","page","type-page","status-publish","hentry"],"acf":[],"_links":{"self":[{"href":"https:\/\/pb.edu.pl\/sspb\/wp-json\/wp\/v2\/pages\/50","targetHints":{"allow":["GET"]}}],"collection":[{"href":"https:\/\/pb.edu.pl\/sspb\/wp-json\/wp\/v2\/pages"}],"about":[{"href":"https:\/\/pb.edu.pl\/sspb\/wp-json\/wp\/v2\/types\/page"}],"author":[{"embeddable":true,"href":"https:\/\/pb.edu.pl\/sspb\/wp-json\/wp\/v2\/users\/2"}],"replies":[{"embeddable":true,"href":"https:\/\/pb.edu.pl\/sspb\/wp-json\/wp\/v2\/comments?post=50"}],"version-history":[{"count":0,"href":"https:\/\/pb.edu.pl\/sspb\/wp-json\/wp\/v2\/pages\/50\/revisions"}],"wp:attachment":[{"href":"https:\/\/pb.edu.pl\/sspb\/wp-json\/wp\/v2\/media?parent=50"}],"curies":[{"name":"wp","href":"https:\/\/api.w.org\/{rel}","templated":true}]}}