{"id":44,"date":"2020-09-22T23:52:38","date_gmt":"2020-09-22T21:52:38","guid":{"rendered":"https:\/\/pb.edu.pl\/sspb\/?page_id=44"},"modified":"2021-09-08T14:41:51","modified_gmt":"2021-09-08T12:41:51","slug":"struktura","status":"publish","type":"page","link":"https:\/\/pb.edu.pl\/sspb\/struktura\/","title":{"rendered":"Struktura"},"content":{"rendered":"<ol>\n<li><span style=\"font-family: arial, helvetica, sans-serif\">Zarz\u0105d<\/span><\/li>\n<li><span style=\"font-family: arial, helvetica, sans-serif\">Prezydium<\/span><\/li>\n<li><span style=\"font-family: arial, helvetica, sans-serif\">Przewodnicz\u0105cy Wydzia\u0142\u00f3w<\/span><\/li>\n<li><span style=\"font-family: arial, helvetica, sans-serif\">Komisje:<\/span>\n<ul>\n<li><span style=\"font-family: arial, helvetica, sans-serif\">Komisja ds. Promocji<\/span><\/li>\n<li><span style=\"font-family: arial, helvetica, sans-serif\">Komisja Projektowa<\/span><\/li>\n<li><span style=\"font-family: arial, helvetica, sans-serif\">Komisja ds. Prawnych<\/span><\/li>\n<li><span style=\"font-family: arial, helvetica, sans-serif\">Komisja ds. Finansowych<\/span><\/li>\n<li><span style=\"font-family: arial, helvetica, sans-serif\">Komisja ds. Dydaktyki i Jako\u015bci Kszta\u0142cenia<\/span><\/li>\n<li><span style=\"font-family: arial, helvetica, sans-serif\">Komisja ds. K\u00f3\u0142 Naukowych<\/span><\/li>\n<li><span style=\"font-family: arial, helvetica, sans-serif\">Komisja ds. Wsp\u00f3\u0142pracy<\/span><\/li>\n<\/ul>\n<\/li>\n<\/ol>\n","protected":false},"excerpt":{"rendered":"<p>Zarz\u0105d Prezydium Przewodnicz\u0105cy Wydzia\u0142\u00f3w Komisje: Komisja ds. Promocji Komisja Projektowa Komisja ds. Prawnych Komisja ds.<\/p>\n","protected":false},"author":2,"featured_media":0,"parent":0,"menu_order":2,"comment_status":"closed","ping_status":"closed","template":"","meta":{"_acf_changed":false,"ngg_post_thumbnail":0,"footnotes":""},"class_list":["post-44","page","type-page","status-publish","hentry"],"acf":[],"_links":{"self":[{"href":"https:\/\/pb.edu.pl\/sspb\/wp-json\/wp\/v2\/pages\/44","targetHints":{"allow":["GET"]}}],"collection":[{"href":"https:\/\/pb.edu.pl\/sspb\/wp-json\/wp\/v2\/pages"}],"about":[{"href":"https:\/\/pb.edu.pl\/sspb\/wp-json\/wp\/v2\/types\/page"}],"author":[{"embeddable":true,"href":"https:\/\/pb.edu.pl\/sspb\/wp-json\/wp\/v2\/users\/2"}],"replies":[{"embeddable":true,"href":"https:\/\/pb.edu.pl\/sspb\/wp-json\/wp\/v2\/comments?post=44"}],"version-history":[{"count":0,"href":"https:\/\/pb.edu.pl\/sspb\/wp-json\/wp\/v2\/pages\/44\/revisions"}],"wp:attachment":[{"href":"https:\/\/pb.edu.pl\/sspb\/wp-json\/wp\/v2\/media?parent=44"}],"curies":[{"name":"wp","href":"https:\/\/api.w.org\/{rel}","templated":true}]}}