{"id":42,"date":"2020-09-22T23:52:11","date_gmt":"2020-09-22T21:52:11","guid":{"rendered":"https:\/\/pb.edu.pl\/sspb\/?page_id=42"},"modified":"2021-11-19T12:20:07","modified_gmt":"2021-11-19T11:20:07","slug":"o-nas","status":"publish","type":"page","link":"https:\/\/pb.edu.pl\/sspb\/o-nas\/","title":{"rendered":"O nas"},"content":{"rendered":"<h2>Samorz\u0105d Student\u00f3w Politechniki Bia\u0142ostockiej \u2013 kim jeste\u015bmy?<\/h2>\n<p><a href=\"https:\/\/pb.edu.pl\/sspb\/wp-content\/uploads\/sites\/54\/2021\/09\/DSC6358-scaled.jpg\"><img loading=\"lazy\" decoding=\"async\" class=\"alignright wp-image-107\" src=\"https:\/\/pb.edu.pl\/sspb\/wp-content\/uploads\/sites\/54\/2021\/09\/DSC6358-scaled.jpg\" alt=\"cz\u0142onkowie Samorz\u0105du Student\u00f3w Politechniki Bia\u0142ostockiej\" width=\"500\" height=\"359\" srcset=\"https:\/\/pb.edu.pl\/sspb\/wp-content\/uploads\/sites\/54\/2021\/09\/DSC6358-scaled.jpg 2560w, https:\/\/pb.edu.pl\/sspb\/wp-content\/uploads\/sites\/54\/2021\/09\/DSC6358-300x215.jpg 300w, https:\/\/pb.edu.pl\/sspb\/wp-content\/uploads\/sites\/54\/2021\/09\/DSC6358-1024x735.jpg 1024w, https:\/\/pb.edu.pl\/sspb\/wp-content\/uploads\/sites\/54\/2021\/09\/DSC6358-768x552.jpg 768w, https:\/\/pb.edu.pl\/sspb\/wp-content\/uploads\/sites\/54\/2021\/09\/DSC6358-1536x1103.jpg 1536w, https:\/\/pb.edu.pl\/sspb\/wp-content\/uploads\/sites\/54\/2021\/09\/DSC6358-2048x1471.jpg 2048w\" sizes=\"auto, (max-width: 500px) 100vw, 500px\" \/><\/a>Jeste\u015bmy studentami, kt\u00f3rzy chc\u0105 dzia\u0142a\u0107! Zostali\u015bmy wybrani, aby reprezentowa\u0107 spo\u0142eczno\u015b\u0107 studenck\u0105 i pomaga\u0107 w codziennych sprawach. Dok\u0142adamy wszelkich stara\u0144, aby ka\u017cdy student Politechniki Bia\u0142ostockiej mia\u0142 mo\u017cliwo\u015b\u0107 realizacji swoich zamierze\u0144, mia\u0142 do kogo zwr\u00f3ci\u0107 si\u0119 o pomoc, ale r\u00f3wnie\u017c do\u015bwiadczy\u0142 dodatkowych atrakcji i aktywno\u015bci wykraczaj\u0105cych poza codzienn\u0105 dzia\u0142alno\u015b\u0107 akademick\u0105.<\/p>\n<p>Samorz\u0105d jest r\u00f3wnie\u017c miejscem rozwoju. Mamy szans\u0119 pr\u00f3bowa\u0107 swoich si\u0142 w komisjach, dzia\u0142alno\u015bci na wydzia\u0142ach oraz realizacji w projektach, gdzie zawsze potrzeba r\u0105k do pracy. Bardzo cenimy sobie rozmowy ze studentami i ich opinie, dlatego w biurach na wydzia\u0142ach zawsze mo\u017cecie znale\u017a\u0107 kogo\u015b, aby powiedzie\u0107 mu o swoich problemach lub propozycjach dzia\u0142ania, a przy tym wypi\u0107 kaw\u0119 w mi\u0142ym towarzystwie.<\/p>\n<p>Praca w Samorz\u0105dzie niesie ze sob\u0105 naprawd\u0119 du\u017co pracy. Jednak zdobyte do\u015bwiadczenia, umiej\u0119tno\u015bci i satysfakcja z wype\u0142niania naszej misji jest tego warta.<\/p>\n<p>Je\u015bli masz do nas jakiekolwiek pytania, propozycje lub chcesz do nas do\u0142\u0105czy\u0107 &#8211; <a title=\"Kontakt\" href=\"\/sspb\/kontakt\/\">skontaktuj si\u0119 z nami<\/a>!<\/p>\n","protected":false},"excerpt":{"rendered":"<p>Samorz\u0105d Student\u00f3w Politechniki Bia\u0142ostockiej \u2013 kim jeste\u015bmy? Jeste\u015bmy studentami, kt\u00f3rzy chc\u0105 dzia\u0142a\u0107! Zostali\u015bmy wybrani, aby<\/p>\n","protected":false},"author":2,"featured_media":0,"parent":0,"menu_order":1,"comment_status":"closed","ping_status":"closed","template":"","meta":{"_acf_changed":false,"ngg_post_thumbnail":0,"footnotes":""},"class_list":["post-42","page","type-page","status-publish","hentry"],"acf":[],"_links":{"self":[{"href":"https:\/\/pb.edu.pl\/sspb\/wp-json\/wp\/v2\/pages\/42","targetHints":{"allow":["GET"]}}],"collection":[{"href":"https:\/\/pb.edu.pl\/sspb\/wp-json\/wp\/v2\/pages"}],"about":[{"href":"https:\/\/pb.edu.pl\/sspb\/wp-json\/wp\/v2\/types\/page"}],"author":[{"embeddable":true,"href":"https:\/\/pb.edu.pl\/sspb\/wp-json\/wp\/v2\/users\/2"}],"replies":[{"embeddable":true,"href":"https:\/\/pb.edu.pl\/sspb\/wp-json\/wp\/v2\/comments?post=42"}],"version-history":[{"count":0,"href":"https:\/\/pb.edu.pl\/sspb\/wp-json\/wp\/v2\/pages\/42\/revisions"}],"wp:attachment":[{"href":"https:\/\/pb.edu.pl\/sspb\/wp-json\/wp\/v2\/media?parent=42"}],"curies":[{"name":"wp","href":"https:\/\/api.w.org\/{rel}","templated":true}]}}