{"id":283,"date":"2023-11-02T17:57:14","date_gmt":"2023-11-02T16:57:14","guid":{"rendered":"https:\/\/pb.edu.pl\/sspb\/?page_id=283"},"modified":"2025-11-25T09:42:00","modified_gmt":"2025-11-25T08:42:00","slug":"konkurs-na-najlepszego-dydaktyka","status":"publish","type":"page","link":"https:\/\/pb.edu.pl\/sspb\/konkurs-na-najlepszego-dydaktyka\/","title":{"rendered":"Konkurs na najlepszego dydaktyka"},"content":{"rendered":"<p>Przyjmowanie zg\u0142osze\u0144 zako\u0144czone<\/p>\n","protected":false},"excerpt":{"rendered":"<p>Przyjmowanie zg\u0142osze\u0144 zako\u0144czone<\/p>\n","protected":false},"author":102,"featured_media":0,"parent":0,"menu_order":0,"comment_status":"closed","ping_status":"closed","template":"","meta":{"_acf_changed":false,"ngg_post_thumbnail":0,"footnotes":""},"class_list":["post-283","page","type-page","status-publish","hentry"],"acf":[],"_links":{"self":[{"href":"https:\/\/pb.edu.pl\/sspb\/wp-json\/wp\/v2\/pages\/283","targetHints":{"allow":["GET"]}}],"collection":[{"href":"https:\/\/pb.edu.pl\/sspb\/wp-json\/wp\/v2\/pages"}],"about":[{"href":"https:\/\/pb.edu.pl\/sspb\/wp-json\/wp\/v2\/types\/page"}],"author":[{"embeddable":true,"href":"https:\/\/pb.edu.pl\/sspb\/wp-json\/wp\/v2\/users\/102"}],"replies":[{"embeddable":true,"href":"https:\/\/pb.edu.pl\/sspb\/wp-json\/wp\/v2\/comments?post=283"}],"version-history":[{"count":0,"href":"https:\/\/pb.edu.pl\/sspb\/wp-json\/wp\/v2\/pages\/283\/revisions"}],"wp:attachment":[{"href":"https:\/\/pb.edu.pl\/sspb\/wp-json\/wp\/v2\/media?parent=283"}],"curies":[{"name":"wp","href":"https:\/\/api.w.org\/{rel}","templated":true}]}}