{"id":148,"date":"2021-10-04T19:56:54","date_gmt":"2021-10-04T17:56:54","guid":{"rendered":"https:\/\/pb.edu.pl\/sspb\/?page_id=148"},"modified":"2026-03-23T19:50:25","modified_gmt":"2026-03-23T18:50:25","slug":"wybory","status":"publish","type":"page","link":"https:\/\/pb.edu.pl\/sspb\/wybory\/","title":{"rendered":"Zg\u0142oszenia kandydat\u00f3w do Wydzia\u0142owych Rad Samorz\u0105du Student\u00f3w (WRSS)"},"content":{"rendered":"<p>Formularz nie zbiera ju\u017c odpowiedzi.<br \/>\n<!--\n[contact-form-7 id=\"3a865fd\" title=\"Zg\u0142oszenia do Wydzia\u0142owych Rad Samorz\u0105du Student\u00f3w Politechniki Bia\u0142ostockiej (WRSS)\"]\n--><\/p>\n","protected":false},"excerpt":{"rendered":"<p>Formularz nie zbiera ju\u017c odpowiedzi.<\/p>\n","protected":false},"author":2,"featured_media":0,"parent":0,"menu_order":19,"comment_status":"closed","ping_status":"closed","template":"","meta":{"_acf_changed":false,"ngg_post_thumbnail":0,"footnotes":""},"class_list":["post-148","page","type-page","status-publish","hentry"],"acf":[],"_links":{"self":[{"href":"https:\/\/pb.edu.pl\/sspb\/wp-json\/wp\/v2\/pages\/148","targetHints":{"allow":["GET"]}}],"collection":[{"href":"https:\/\/pb.edu.pl\/sspb\/wp-json\/wp\/v2\/pages"}],"about":[{"href":"https:\/\/pb.edu.pl\/sspb\/wp-json\/wp\/v2\/types\/page"}],"author":[{"embeddable":true,"href":"https:\/\/pb.edu.pl\/sspb\/wp-json\/wp\/v2\/users\/2"}],"replies":[{"embeddable":true,"href":"https:\/\/pb.edu.pl\/sspb\/wp-json\/wp\/v2\/comments?post=148"}],"version-history":[{"count":15,"href":"https:\/\/pb.edu.pl\/sspb\/wp-json\/wp\/v2\/pages\/148\/revisions"}],"predecessor-version":[{"id":418,"href":"https:\/\/pb.edu.pl\/sspb\/wp-json\/wp\/v2\/pages\/148\/revisions\/418"}],"wp:attachment":[{"href":"https:\/\/pb.edu.pl\/sspb\/wp-json\/wp\/v2\/media?parent=148"}],"curies":[{"name":"wp","href":"https:\/\/api.w.org\/{rel}","templated":true}]}}