{"id":88,"date":"2020-12-16T18:06:41","date_gmt":"2020-12-16T17:06:41","guid":{"rendered":"https:\/\/pb.edu.pl\/solidarnosc\/?page_id=88"},"modified":"2020-12-22T11:34:13","modified_gmt":"2020-12-22T10:34:13","slug":"linki","status":"publish","type":"page","link":"https:\/\/pb.edu.pl\/solidarnosc\/linki\/","title":{"rendered":"Inne strony zwi\u0105zkowe"},"content":{"rendered":"<p><strong>Komisja Krajowa NSZZ &#8222;Solidarno\u015b\u0107&#8221;<\/strong> &#8211;<a href=\"http:\/\/www.solidarnosc.org.pl\" target=\"_blank\" rel=\"noopener noreferrer\"> http:\/\/www.solidarnosc.org.pl<\/a><br \/>\n<strong>Krajowa Sekcja Nauki NSZZ &#8222;Solidarno\u015b\u0107&#8221;<\/strong> &#8211; <a href=\"http:\/\/www.solidarnosc.org.pl\/ksn\/pl\/\" target=\"_blank\" rel=\"noopener noreferrer\">http:\/\/www.solidarnosc.org.pl\/ksn\/pl\/<\/a><br \/>\n<strong>NSZZ &#8222;Solidarno\u015b\u0107&#8221; Regionu Podlaskiego<\/strong> &#8211; <a title=\"NSZZ Solidarno\u015b\u0107 Regionu Podlaskiego\" href=\"http:\/\/www.solidarnosc.org.pl\/zr.podlaskiego\/\" target=\"_blank\" rel=\"noopener noreferrer\">http:\/\/www.solidarnosc.org.pl\/zr.podlaskiego\/<\/a><\/p>\n","protected":false},"excerpt":{"rendered":"<p>Komisja Krajowa NSZZ &#8222;Solidarno\u015b\u0107&#8221; &#8211; http:\/\/www.solidarnosc.org.pl Krajowa Sekcja Nauki NSZZ &#8222;Solidarno\u015b\u0107&#8221; &#8211; http:\/\/www.solidarnosc.org.pl\/ksn\/pl\/ NSZZ &#8222;Solidarno\u015b\u0107&#8221;<\/p>\n","protected":false},"author":67,"featured_media":0,"parent":0,"menu_order":0,"comment_status":"closed","ping_status":"closed","template":"","meta":{"_acf_changed":false,"ngg_post_thumbnail":0,"footnotes":""},"class_list":["post-88","page","type-page","status-publish","hentry"],"acf":[],"_links":{"self":[{"href":"https:\/\/pb.edu.pl\/solidarnosc\/wp-json\/wp\/v2\/pages\/88","targetHints":{"allow":["GET"]}}],"collection":[{"href":"https:\/\/pb.edu.pl\/solidarnosc\/wp-json\/wp\/v2\/pages"}],"about":[{"href":"https:\/\/pb.edu.pl\/solidarnosc\/wp-json\/wp\/v2\/types\/page"}],"author":[{"embeddable":true,"href":"https:\/\/pb.edu.pl\/solidarnosc\/wp-json\/wp\/v2\/users\/67"}],"replies":[{"embeddable":true,"href":"https:\/\/pb.edu.pl\/solidarnosc\/wp-json\/wp\/v2\/comments?post=88"}],"version-history":[{"count":0,"href":"https:\/\/pb.edu.pl\/solidarnosc\/wp-json\/wp\/v2\/pages\/88\/revisions"}],"wp:attachment":[{"href":"https:\/\/pb.edu.pl\/solidarnosc\/wp-json\/wp\/v2\/media?parent=88"}],"curies":[{"name":"wp","href":"https:\/\/api.w.org\/{rel}","templated":true}]}}