{"id":24,"date":"2020-01-16T19:57:23","date_gmt":"2020-01-16T18:57:23","guid":{"rendered":"https:\/\/pb.edu.pl\/solidarnosc\/?page_id=24"},"modified":"2023-05-23T15:21:41","modified_gmt":"2023-05-23T13:21:41","slug":"historia","status":"publish","type":"page","link":"https:\/\/pb.edu.pl\/solidarnosc\/historia\/","title":{"rendered":"Historia"},"content":{"rendered":"<div class=\"h2\">Historia Komisji Zak\u0142adowej NSZZ &#8222;SOLIDARNO\u015a\u0106&#8221; Politechniki Bia\u0142ostockiej.<\/div>\n<p>Sierpie\u0144 1980 r. na Bia\u0142ostocczy\u017anie przebiega\u0142 do\u015b\u0107 spokojnie. Wprawdzie 28 sierpnia w Bia\u0142ostockiej Fabryce Przyrz\u0105d\u00f3w i Uchwyt\u00f3w zosta\u0142 proklamowany strajk. Nast\u0119pnego dnia strajk rozpocz\u0105\u0142 si\u0119 w Bia\u0142ostockiej Hucie Szk\u0142a. Jednak strajki szybko zako\u0144czy\u0142y si\u0119.<\/p>\n<p>W dniu 30 wrze\u015bnia 1980 r. zawi\u0105zuje si\u0119 Uczelniany Komitet Za\u0142o\u017cycielski NSZZ \u201eSolidarno\u015b\u0107\u201d Pracownik\u00f3w Politechniki Bia\u0142ostockiej. W jego sk\u0142ad wchodz\u0105 Instytutowe Komitety Za\u0142o\u017cycielskie. Komitet Reprezentuj\u0105:<\/p>\n<p><strong>dr in\u017c. Jerzy Gryko z Instytutu Elektrotechniki<\/strong><\/p>\n<p><strong>mgr Witold G\u0142uszuk ze Studium WF<\/strong><\/p>\n<p><strong>dr Mieczys\u0142aw Maliszewski ze Studium Matematyki<\/strong><\/p>\n<p><strong>dr Tadeusz Wa\u015bniewski ze Studium Fizyki<\/strong><\/p>\n<p>JM Rektor zosta\u0142 poinformowany Pismem z dnia <em>1 &nbsp;pa\u017adziernika 1980 r.<\/em> o utworzenie zwi\u0105zku NSZZ \u201eSolidarno\u015b\u0107\u201d Politechniki Bia\u0142ostockiej sygnowali je: <strong>Jerzy Gryko<\/strong><strong>, <\/strong><strong>Witold G\u0142uszuk<\/strong><strong>, <\/strong><strong>Mieczys\u0142aw Maliszewsk<\/strong>i i <strong>Tadeusz Wa\u015bniewski<\/strong><strong>.<\/strong><\/p>\n<p>Z powodu istnienia dw\u00f3ch zwi\u0105zk\u00f3w zawodowych w Politechnice Bia\u0142ostockiej zorganizowano spotkanie Komisji Uczelnianej NSZZ Solidarno\u015b\u0107 PB z Rad\u0105 Zak\u0142adow\u0105 Zwi\u0105zku Nauczycielstwa Polskiego PB ustalono \u017ce:<\/p>\n<ul>\n<li>od 01. 11. 1980. Rozdzielone zostan\u0105 sk\u0142adki cz\u0142onkowskie wg list przynale\u017cno\u015bci pracownik\u00f3w do \u201eSolidarno\u015bci\u201d i ZNP,<\/li>\n<li>do ko\u0144ca roku 1980 ZNP nadal ma zajmowa\u0107 si\u0119 \u015bwiadczeniami statutowymi, zapomogami i dop\u0142atami do imprez kulturalnych dla obu zwi\u0105zk\u00f3w zawodowych,<\/li>\n<li>w komisjach i organach kolegialnych, w kt\u00f3rych przewiduje si\u0119 uczestnictwo przedstawicieli zwi\u0105zk\u00f3w zawodowych b\u0119d\u0105 brali udzia\u0142 reprezentanci obu zwi\u0105zk\u00f3w,<\/li>\n<li>z dniem 01. 12. 1980. ZNP zrzeka si\u0119, na rzecz \u201eSolidarno\u015bci\u201d, jednego z dw\u00f3ch swoich etatowych pracownik\u00f3w,<\/li>\n<li>powo\u0142uje si\u0119 Rad\u0119 Pracownicz\u0105 PB z udzia\u0142em przedstawicieli obu Zwi\u0105zk\u00f3w. Przewodnicz\u0105cymi Rady b\u0119d\u0105 obaj prezesi obu Zwi\u0105zk\u00f3w.<\/li>\n<\/ul>\n<p>Na zebraniu wyborczym w dniu <em>6 lutego 1981 r.<\/em>&nbsp;wybrano Komisj\u0119 Zak\u0142adow\u0105 I Kadencji <strong>&nbsp;(II 1981 &#8211; X 1989)<\/strong><\/p>\n<p><strong>Przewodnicz\u0105cy &#8211; Mieczys\u0142aw Maliszewski<\/strong><\/p>\n<p><strong>I v-ce przewodnicz\u0105cy &#8211; Czes\u0142aw Kietli\u0144ski <\/strong><\/p>\n<p><strong>II v-ce przewodnicz\u0105cy &#8211; Jerzy Gryko, Zdzis\u0142aw Lasocki (od X 1981)<\/strong><\/p>\n<p><strong>Cz\u0142onkowie &#8211; Witold G\u0142uszuk, Tadeusz Wa\u015bniewski, Jerzy Ickiewicz (sekcja informacji), Maria Laszuk (sekcja pracy, p\u0142ac i wyr\u00f3\u017cnie\u0144), Franciszek Rymarski (sekcja socjalno-bytowa).<\/strong><\/p>\n<p>Zgodnie z list\u0105 cz\u0142onk\u00f3w NSZZ \u201eSolidarno\u015b\u0107\u201d PB z dnia 30 kwietnia 1981 r. zwi\u0105zek liczy\u0142 686 cz\u0142onk\u00f3w.<\/p>\n<p>17 czerwca 1981 r. odby\u0142y si\u0119 pierwsze demokratyczne wybory Rektora Politechniki Bia\u0142ostockiej, kt\u00f3re wygra\u0142 dr hab. in\u017c. Jerzy Niebrzydowski.<\/p>\n<p>W pa\u017adzierniku 1981 r. ukazuje si\u0119 pierwszy numer Nieperiodycznego Biuletynu NSZZ \u201eSolidarno\u015b\u0107\u201d Politechniki Bia\u0142ostockiej pt. \u201eDOCENT\u201d.<\/p>\n<p>NSZZ \u201eSolidarno\u015b\u0107\u201d PB publikuje w dniu 8 grudnia 1981 r.&nbsp; protok\u00f3\u0142 o sytuacji strajkowej na Uczelni.<\/p>\n<p>&nbsp;&nbsp;&nbsp;&nbsp;&nbsp;&nbsp;&nbsp;&nbsp;&nbsp;&nbsp;&nbsp; Rektor PB dr hab. in\u017c. Jerzy Niebrzydowski stwierdza : \u201eOd 24. 11. 1981r. trwa strajk okupacyjny student\u00f3w PB. Uczestniczy w nim ok. 700 student\u00f3w. Strajk trwa, gdy\u017c studenckie postulaty nie s\u0105 za\u0142atwione. Studentom (szczeg\u00f3lnie tym z I roku) grozi nie zaliczenie semestru\u201d.<\/p>\n<p>&nbsp;&nbsp;&nbsp;&nbsp;&nbsp;&nbsp;&nbsp;&nbsp;&nbsp;&nbsp;&nbsp; Przewodnicz\u0105cy Komitetu Strajkowego Studenckiego Janusz Smaczny m\u00f3wi: \u201eStanowisko Komitetu Strajkowego pozostaje nie zmienione, ale poszukujemy innej formy akcji protestacyjnej maj\u0105cej wi\u0119kszy wyd\u017awi\u0119k spo\u0142eczny i nie tak dolegliwej dla student\u00f3w. Nasz strajk dotyczy przeciwstawieniu si\u0119 farsie rozwi\u0105zania konfliktu w Wy\u017cszej Oficerskiej Szkole Po\u017carniczej w Warszawie\u201d.<\/p>\n<p>&nbsp;&nbsp;&nbsp;&nbsp;&nbsp;&nbsp;&nbsp;&nbsp;&nbsp;&nbsp;&nbsp; Przewodnicz\u0105cy NSZZ \u201eSolidarno\u015b\u0107\u201d PB dr Mieczys\u0142aw Maliszewski uwa\u017ca, \u017ce: \u201eKonieczne staje si\u0119 znalezienie innej formy protestu, gdy\u017c strajk okupacyjny nie przyni\u00f3s\u0142 \u017cadnych rezultat\u00f3w, mimo wielkiego wysi\u0142ku student\u00f3w\u201d.<\/p>\n<p>&nbsp;&nbsp;&nbsp;&nbsp;&nbsp;&nbsp;&nbsp;&nbsp;&nbsp;&nbsp;&nbsp; Mgr Marian Leszczy\u0144ski: apeluje \u201eO szybkie przerwanie strajku, gdy\u017c jego kontynuowanie przynosi nieodwracalne straty. Czas dzia\u0142a na niekorzy\u015b\u0107 student\u00f3w\u201d.<\/p>\n<p>&nbsp;&nbsp;&nbsp;&nbsp;&nbsp;&nbsp;&nbsp;&nbsp;&nbsp;&nbsp;&nbsp; R\u00f3wnie\u017c pozostali uczestnicy spotkania opowiedzieli si\u0119 za przerwaniem strajku okupacyjnego.<\/p>\n<p>&nbsp;&nbsp;&nbsp;&nbsp;&nbsp;&nbsp;&nbsp;&nbsp;&nbsp;&nbsp;&nbsp;&nbsp;&nbsp;&nbsp;&nbsp;&nbsp;&nbsp;&nbsp;&nbsp;&nbsp;&nbsp;&nbsp;&nbsp; Powo\u0142ano zesp\u00f3\u0142 w sk\u0142adzie:<\/p>\n<p>&#8211;&nbsp;&nbsp;&nbsp;&nbsp;&nbsp;&nbsp;&nbsp;&nbsp;&nbsp;&nbsp; Rektor PB,<\/p>\n<p>&#8211;&nbsp;&nbsp;&nbsp;&nbsp;&nbsp;&nbsp;&nbsp;&nbsp;&nbsp;&nbsp; Prorektor PB ds. Studenckich i Dydaktyki,<\/p>\n<p>&#8211;&nbsp;&nbsp;&nbsp;&nbsp;&nbsp;&nbsp;&nbsp;&nbsp;&nbsp;&nbsp; I sekretarz KU PZPR,<\/p>\n<p>&#8211;&nbsp;&nbsp;&nbsp;&nbsp;&nbsp;&nbsp;&nbsp;&nbsp;&nbsp;&nbsp; Przewodnicz\u0105cy KZ NSZZ \u201eSolidarno\u015b\u0107\u201d PB<\/p>\n<p>&#8211;&nbsp;&nbsp;&nbsp;&nbsp;&nbsp;&nbsp;&nbsp;&nbsp;&nbsp;&nbsp; Prezes RZ ZNP<\/p>\n<p>&#8211;&nbsp;&nbsp;&nbsp;&nbsp;&nbsp;&nbsp;&nbsp;&nbsp;&nbsp;&nbsp; Przedstawiciele Komitetu Strajkowego.<\/p>\n<p>&nbsp;&nbsp;&nbsp;&nbsp;&nbsp;&nbsp;&nbsp;&nbsp;&nbsp;&nbsp;&nbsp;&nbsp;&nbsp;&nbsp;&nbsp;&nbsp;&nbsp;&nbsp;&nbsp;&nbsp;&nbsp;&nbsp;&nbsp; Celem zespo\u0142u jest:<\/p>\n<p>&#8211;&nbsp;&nbsp;&nbsp;&nbsp;&nbsp;&nbsp;&nbsp;&nbsp;&nbsp;&nbsp; om\u00f3wienie zmian formy studenckiego protestu,<\/p>\n<p>&#8211;&nbsp;&nbsp;&nbsp;&nbsp;&nbsp;&nbsp;&nbsp;&nbsp;&nbsp;&nbsp; ustosunkowanie si\u0119 do pogl\u0105d\u00f3w nowo wybranego Senatu.<\/p>\n<p><em>13 grudnia 1981r<\/em><em>.<\/em>&nbsp;og\u0142oszono Stan Wojenny. Zawieszono dzia\u0142alno\u015b\u0107 zwi\u0105zk\u00f3w zawodowych. Internowano cz\u0142onk\u00f3w Komisji Zak\u0142adowej:&nbsp;<strong>Mieczys\u0142awa Maliszewskiego<\/strong>,&nbsp;<strong>Tadeusza Wa\u015bniewskiego<\/strong>&nbsp;oraz&nbsp;<strong>Jerzego Gryko<\/strong>. Zwi\u0105zek przeszed\u0142 do dzia\u0142alno\u015bci podziemnej.<\/p>\n<p>Mimo wprowadzenia rygoru Stanu Wojennego mi\u0119dzy innymi zakazu fotografowania oraz opiecz\u0119towania maszyn do pisania cz\u0142onkowie zdelegalizowanego zwi\u0105zku nadal dzia\u0142ali. Miedzy innymi poprzez organizacj\u0119 ciemni fotograficznej w malutkim pomieszczeniu II pi\u0119tra na ul. Grunwaldzkiej 11\/15 przez in\u017c. Miros\u0142awa Bujanowskiego, gdzie wywo\u0142ywa\u0142 filmy i zdj\u0119cia r\u00f3wnie\u017c ze stanu wojennego lub korzystania z maszyny do pisania mimo incydentu odkrycia niczym nie zabezpieczon\u0105 maszyn\u0119 do pisania in\u017c. Miros\u0142aw Bujanowski wraz ze wsp\u00f3\u0142pracownikami znale\u017ali spos\u00f3b na korzystanie poprzez przewiercenie w maszynie otworu, przez kt\u00f3ry przek\u0142adali k\u0142\u00f3dk\u0119 zamykan\u0105 na patentowy kluczyk.<\/p>\n<p>Od&nbsp;<em>8 marca 1989 r.<\/em>, po przywr\u00f3ceniu dzia\u0142alno\u015bci organizacji zwi\u0105zkowych zaczyna dzia\u0142a\u0107 Tymczasowa Komisja Zak\u0142adowa w sk\u0142adzie zbli\u017conym do sk\u0142adu z grudnia 1981 roku. Liczba cz\u0142onk\u00f3w Zwi\u0105zku zmala\u0142a.<\/p>\n<p><strong>II kadencja (X 1989 &#8211; XII 1991)<\/strong><\/p>\n<p>Przewodnicz\u0105cy &#8211; <strong>Zdzis\u0142aw Lasocki<\/strong>,<\/p>\n<p>V-ce przewodnicz\u0105cy &#8211; <strong>Janusz Dolecki<\/strong>,<\/p>\n<p>Sekretarz &#8211; <strong>Jerzy Go\u0142\u0119biewski<\/strong>,<\/p>\n<p>Przewodnicz\u0105cy sekcji spraw socjalno-bytowych &#8211; <strong>Stanis\u0142aw Ja\u0142brzykowsk<\/strong>i, Sekcja kultury, turystyki i wypoczynku &#8211; <strong>Henryk Toczyd\u0142owski<\/strong>, <strong>Wojciech Jarmoc<\/strong>,<\/p>\n<p>Sekcja nauki i rozwoju uczelni &#8211; <strong>Tadeusz Citko<\/strong>, <strong>Teresa Godlewska<\/strong>, <strong>Janusz Klentak<\/strong>,<\/p>\n<p>Sekcja informacji i kontakt\u00f3w z RKW i KO &#8211; <strong>Anna Mr\u00f3wczy\u0144ska<\/strong>, <strong>Aleksander Usakiewicz<\/strong> i <strong>Jerzy Ickiewicz<\/strong>.<\/p>\n<p>&nbsp;<\/p>\n<p><strong>III kadencja (XII 1991 &#8211; I 1995)<\/strong><\/p>\n<p>Przewodnicz\u0105cy &#8211; <strong>Zdzis\u0142aw Lasocki<\/strong>,<\/p>\n<p>V-ce przewodnicz\u0105cy &#8211; <strong>Adam Truszkowski<\/strong>,<\/p>\n<p>Sekretarz &#8211; <strong>Stanis\u0142aw Pi\u0105tkowski<\/strong>,<\/p>\n<p>Sekcja kultury, turystyki i wypoczynku &#8211; <strong>Wojciech Jarmoc<\/strong>,<\/p>\n<p>Sekcja informacji i kontakt\u00f3w z Regionem i Komitetem Obywatelskim &#8211; <strong>Jerzy Ickiewicz<\/strong>,<\/p>\n<p>Cz\u0142onkowie: <strong>Danuta Szycko<\/strong>, <strong>Luba Doma\u0144ska<\/strong>, <strong>Anna Mr\u00f3wczy\u0144ska<\/strong>, <strong>Grzegorz Klentak<\/strong>,<\/p>\n<p><strong>Tadeusz Pochodowicz<\/strong>, <strong>Wies\u0142aw Sarosiek<\/strong>, <strong>Tadeusz Sawicki<\/strong>.<\/p>\n<p>&nbsp;<\/p>\n<p>&nbsp;<\/p>\n<p>&nbsp;<\/p>\n<p><strong>IV kadencja (I 1995 &#8211; III 1998)<\/strong><\/p>\n<p>Przewodnicz\u0105cy &#8211; <strong>Zdzis\u0142aw Lasocki<\/strong>,<\/p>\n<p>V-ce przewodnicz\u0105cy &#8211; <strong>Stanis\u0142aw Pi\u0105tkowski<\/strong>,<\/p>\n<p>Sekretarz &#8211; <strong>Danuta Szycko<\/strong>,<\/p>\n<p>Cz\u0142onkowie &#8211; <strong>Maria Lewicka, Adam Truszkowski, Tadeusz Sawicki, Lech Magrel, Stanis\u0142aw Ja\u0142brzykowski, Tadeusz Pochodowicz, Wojciech Jarmoc, Helena Waleszczyk, Ewa \u015awiderska, Halina Herman<\/strong>.<\/p>\n<p>&nbsp;<\/p>\n<p><strong>V kadencja (III 1998 &#8211; III 2002)<\/strong><\/p>\n<p>Przewodnicz\u0105cy &#8211; <strong>Lech Magrel<\/strong>,<\/p>\n<p>V-ce przewodnicz\u0105cy &#8211; <strong>Stanis\u0142aw Pi\u0105tkowski<\/strong>,<\/p>\n<p>Sekretarz \u2013 <strong>Gra\u017cyna Bielawska<\/strong>,<\/p>\n<p>Cz\u0142onkowie &#8211; <strong>Maria Lewicka, Adam Truszkowski, Bo\u017cena Werbel, Krzysztof Jab\u0142o\u0144ski, Antoni Znorko, Jan Zambrzycki, Helena Waleszczyk, Gizela Czarnecka<\/strong>.<\/p>\n<p><strong>&nbsp;<\/strong><\/p>\n<p><strong>VI kadencja (III 2002 &#8211; III 2006)<\/strong><\/p>\n<p>Przewodnicz\u0105cy &#8211; <strong>Stanis\u0142aw Pi\u0105tkowski<\/strong>,<\/p>\n<p>V-ce przewodnicz\u0105cy &#8211; <strong>Maria Lewicka<\/strong>,<\/p>\n<p>Sekretarz &#8211; <strong>Gizela Czarnecka<\/strong>,<\/p>\n<p>Cz\u0142onek &#8211; <strong>Lech Magrel<\/strong>,<\/p>\n<p>Cz\u0142onek &#8211; <strong>Zdzis\u0142aw Lasocki<\/strong>,<\/p>\n<p>Przewodnicz\u0105cy Ko\u0142a Wydzia\u0142u Architektury &#8211; <strong>Krzysztof Jab\u0142o\u0144ski<\/strong>,<\/p>\n<p>Przewodnicz\u0105cy Ko\u0142a Wydzia\u0142u Budownictwa i Ochr. \u015arodowiska &#8211; <strong>Irena Ickiewicz<\/strong>,<\/p>\n<p>Przewodnicz\u0105cy Ko\u0142a Wydzia\u0142u Elektrycznego &#8211; <strong>Stanis\u0142aw Ja\u0142brzykowski<\/strong>,<\/p>\n<p>Przewodnicz\u0105cy Ko\u0142a Wydzia\u0142u Mechanicznego &#8211; <strong>Antoni Znorko<\/strong>,<\/p>\n<p>Przewodnicz\u0105cy Ko\u0142a Mi\u0119dzyinstytutowego &#8211; <strong>Jan Zambrzycki<\/strong>,<\/p>\n<p>Przewodnicz\u0105cy Ko\u0142a Biblioteki &#8211; <strong>Helena Waleszczyk<\/strong>,<\/p>\n<p>Przewodnicz\u0105cy Ko\u0142a Administracji &#8211; <strong>Gra\u017cyna Bielawska<\/strong>,<\/p>\n<p>Przewodnicz\u0105cy Ko\u0142a Emeryt\u00f3w &#8211; <strong>Gizela Czarnecka<\/strong>,<\/p>\n<p>rezerwowy cz\u0142onek Komisji Zak\u0142adowej &#8211; <strong>Bronis\u0142awa Suchocka<\/strong>,<\/p>\n<p><u>Komisja Rewizyjna:<\/u><\/p>\n<p><strong>Tadeusz Sawicki, Maria Kurylonek, Alicja Jaworowska.<\/strong><\/p>\n<p>&nbsp;<\/p>\n<p><strong>VII kadencja (III 2006 &#8211; III 2010)<\/strong><\/p>\n<p>Przewodnicz\u0105cy &#8211; <strong>Lech Magrel,<\/strong><\/p>\n<p>V-ce przewodnicz\u0105cy &#8211; <strong>Stanis\u0142aw Pi\u0105tkowski,<\/strong><\/p>\n<p>Sekretarz &#8211; <strong>Gizela Czarnecka,<\/strong><\/p>\n<p>Cz\u0142onek &#8211; <strong>Jakub Dawidziuk,<\/strong><\/p>\n<p>Cz\u0142onek &#8211; <strong>Zdzis\u0142aw Lasocki,<\/strong><\/p>\n<p>Przewodnicz\u0105cy Ko\u0142a Wydzia\u0142u Architektury &#8211; <strong>Waldemar Regucki,<\/strong><\/p>\n<p>Przewodnicz\u0105cy Ko\u0142a Wydzia\u0142u Budownictwa i Ochr. \u015arodowiska &#8211; <strong>Piotr Tuz,<\/strong><\/p>\n<p>Przewodnicz\u0105cy Ko\u0142a Wydzia\u0142u Elektrycznego &#8211; <strong>Stanis\u0142aw Ja\u0142brzykowski,<\/strong><\/p>\n<p>Przewodnicz\u0105cy Ko\u0142a Wydzia\u0142u Mechanicznego &#8211; <strong>Antoni Znorko<\/strong>,<\/p>\n<p>Przewodnicz\u0105cy Ko\u0142a Mi\u0119dzywydzia\u0142owego &#8211; <strong>Wojciech Jarmoc<\/strong>,<\/p>\n<p>Przewodnicz\u0105cy Ko\u0142a Administracji &#8211; <strong>Gra\u017cyna Bielawska<\/strong>,<\/p>\n<p>Przewodnicz\u0105cy Ko\u0142a Lektorat\u00f3w &#8211; <strong>Wojciech W\u00f3jcik<\/strong>,<\/p>\n<p>Przewodnicz\u0105cy Ko\u0142a Emeryt\u00f3w &#8211; <strong>Gizela Czarnecka<\/strong>,<\/p>\n<p><u>Komisja Rewizyjna:<\/u><\/p>\n<p><strong>Tadeusz Sawicki, Joanna Mips, Joanna Godlewska.<\/strong><\/p>\n<p><u>Komisja Socjalna PB:<\/u><\/p>\n<p><strong>Jan Zambrzycki, Czes\u0142aw Kietli\u0144ski.<\/strong><\/p>\n<p><strong>&nbsp;<\/strong><\/p>\n<p><strong>VIII kadencja (III 2010 &#8211; III 2014)<\/strong><\/p>\n<p>Przewodnicz\u0105cy &#8211; <strong>Stanis\u0142aw Pi\u0105tkowski<\/strong>,<\/p>\n<p>V-ce przewodnicz\u0105cy &#8211; <strong>Joanna Godlewska<\/strong>,<\/p>\n<p>Sekretarz &#8211; <strong>Gizela Czarnecka<\/strong>,<\/p>\n<p>Cz\u0142onek &#8211; <strong>Jakub Dawidziuk<\/strong>,<\/p>\n<p>Cz\u0142onek &#8211; <strong>Czes\u0142aw Kietli\u0144ski<\/strong>,<\/p>\n<p>Cz\u0142onek &#8211; <strong>Klementyna Wysocka<\/strong>,<\/p>\n<p>Przewodnicz\u0105cy Ko\u0142a Wydzia\u0142u Architektury &#8211; <strong>Waldemar Regucki<\/strong>,<\/p>\n<p>Przewodnicz\u0105cy Ko\u0142a Wydzia\u0142u Budownictwa i Ochr. \u015arodowiska &#8211; <strong>Jolanta Niedzielko<\/strong>,<\/p>\n<p>Przewodnicz\u0105cy Ko\u0142a Wydzia\u0142u Elektrycznego &#8211; <strong>Stanis\u0142aw Ja\u0142brzykowski<\/strong>,<\/p>\n<p>Przewodnicz\u0105cy Ko\u0142a Wydzia\u0142u Mechanicznego &#8211; <strong>Jerzy Ickiewicz<\/strong>,<\/p>\n<p>Przewodnicz\u0105cy Ko\u0142a Zak\u0142adu Fizyki &#8211; <strong>Wojciech Jarmoc<\/strong>,<\/p>\n<p>Przewodnicz\u0105cy Ko\u0142a Administracji &#8211; <strong>Ma\u0142gorzata Malinowska<\/strong>,<\/p>\n<p>Przewodnicz\u0105cy Ko\u0142a Biblioteki &#8211; <strong>Ewa Brzozowska<\/strong>,<\/p>\n<p>Przewodnicz\u0105cy Ko\u0142a Emeryt\u00f3w &#8211; <strong>Gizela Czarnecka<\/strong>,<\/p>\n<p><u>Komisja Rewizyjna:<\/u><\/p>\n<p><strong>Tadeusz Sawicki, Barbara Nartowicz, Halina Pa\u015bnikowska.<\/strong><\/p>\n<p>&nbsp;<\/p>\n<p><strong>IX kadencja (III 2014 &#8211; III 2018)<\/strong><\/p>\n<p>Przewodnicz\u0105cy &#8211; <strong>Stanis\u0142aw Pi\u0105tkowski<\/strong>,<\/p>\n<p>V-ce przewodnicz\u0105cy &#8211; <strong>Pawe\u0142 Myszkowski<\/strong>,<\/p>\n<p>Sekretarz i skarbnik &#8211; <strong>Gizela Czarnecka<\/strong>,<\/p>\n<p>Cz\u0142onek &#8211; <strong>Joanna Godlewska<\/strong>,<\/p>\n<p>Przewodnicz\u0105cy Ko\u0142a Wydzia\u0142u Architektury &#8211; <strong>Waldemar Regucki<\/strong>,<\/p>\n<p>Przewodnicz\u0105cy Ko\u0142a Wydzia\u0142u Budownictwa i Ochr. \u015arodowiska &#8211; <strong>Jolanta Niedzielko<\/strong>,<\/p>\n<p>Przewodnicz\u0105cy Ko\u0142a Wydzia\u0142u Elektrycznego &#8211; <strong>Stanis\u0142aw Ja\u0142brzykowski<\/strong>,<\/p>\n<p>Przewodnicz\u0105cy Ko\u0142a Wydzia\u0142u Mechanicznego &#8211; <strong>Jerzy Ickiewicz<\/strong>,<\/p>\n<p>Przewodnicz\u0105cy Ko\u0142a Studium J\u0119zyk\u00f3w Obcych &#8211; <strong>Janusz Suchocki<\/strong>,<\/p>\n<p>Przewodnicz\u0105cy Ko\u0142a Administracji &#8211; <strong>Wanda Krasowska<\/strong>,<\/p>\n<p>Przewodnicz\u0105cy Ko\u0142a Biblioteki &#8211; <strong>Joanna Wi\u015bniewska<\/strong>,<\/p>\n<p>Przewodnicz\u0105cy Ko\u0142a Emeryt\u00f3w &#8211; <strong>Gizela Czarnecka<\/strong>,<\/p>\n<p><u>Komisja Rewizyjna:<\/u><\/p>\n<p><strong>Czes\u0142aw Kietli\u0144ski , Barbara Nartowicz, Halina Pa\u015bnikowska.<\/strong><\/p>\n<p><strong>&nbsp;<\/strong><\/p>\n<p><strong>&nbsp;<\/strong><\/p>\n<p><strong>X kadencja (III 2018 \u2013 III 2023)<\/strong><\/p>\n<p>Przewodnicz\u0105cy \u2013 <strong>Pawe\u0142 Myszkowski<\/strong>,<\/p>\n<p>V-ce przewodnicz\u0105cy \u2013 <strong> Janusz Suchocki<\/strong>,<\/p>\n<p>Sekretarz \u2013 <strong>Joanna Godlewska<\/strong>,<\/p>\n<p>Cz\u0142onek \u2013 <strong>Stanis\u0142aw Pi\u0105tkowski<\/strong>, <strong>Agnieszka Jancewicz<\/strong>,<\/p>\n<p>Przewodnicz\u0105cy Ko\u0142a pracownik\u00f3w Naukowo-Dydaktycznych \u2013 <strong>Jolanta Niedzielko<\/strong>,<\/p>\n<p>Przewodnicz\u0105cy Ko\u0142a Biblioteki \u2013 <strong>Joanna Wi\u015bniewska<\/strong>,<\/p>\n<p>Przewodnicz\u0105cy Ko\u0142a Administracji \u2013 <strong>Beata Wojniusz<\/strong>,<\/p>\n<p>Przewodnicz\u0105cy Ko\u0142a Emeryt\u00f3w \u2013 <strong>Jerzy Ickiewicz<\/strong>,<\/p>\n<p><u>Komisja Rewizyjna:<\/u><\/p>\n<p><strong>Czes\u0142aw Kietli\u0144ski, El\u017cbieta Mickiewicz, Wies\u0142aw Sarosiek.<\/strong><br \/>\n<strong>&nbsp;<\/strong><\/p>\n<p><strong>&nbsp;<\/strong><\/p>\n<p><strong>XI kadencja (III 2023 \u2013 III 2028)<\/strong><\/p>\n<p>Przewodnicz\u0105cy &#8211; <strong>Pawe\u0142 Myszkowski<\/strong>,<\/p>\n<p>V-ce przewodnicz\u0105ca &#8211;<strong> Ewa Zwierzy\u0144ska<\/strong>,<\/p>\n<p>Sekretarz &#8211; <strong>Adam Ku\u017ama<\/strong>,<\/p>\n<p>Cz\u0142onek \u2013 <strong>Janina Matysewicz<\/strong>, <strong>Aleksandra Roszkowska<\/strong>,<\/p>\n<p>Przewodnicz\u0105cy Ko\u0142a Wydzia\u0142u Elektrycznego &#8211; <strong>Adam Ku\u017ama<\/strong>,<\/p>\n<p>Przewodnicz\u0105cy Ko\u0142a Wydzia\u0142u Mechanicznego i Administracji Dydaktycznej &#8211; <strong>Jan Bartoszewicz<\/strong>,<\/p>\n<p>Przewodnicz\u0105cy Ko\u0142a Wydzia\u0142u Budownictwa i Nauk o \u015arodowisku &#8211; <strong>Pawe\u0142 Kondzior<\/strong>,<\/p>\n<p>Przewodnicz\u0105ca Ko\u0142a Dom\u00f3w Studenta i Radia Akadera &#8211; <strong>Beata Cackowska<\/strong>,<\/p>\n<p>Przewodnicz\u0105ca Ko\u0142a Biblioteki, Studium J\u0119zyk\u00f3w Obcych i Audytu &#8211; <strong>Katarzyna D\u0105browska<\/strong>,<\/p>\n<p>Przewodnicz\u0105cy Ko\u0142a Mi\u0119dzyjednostkowego \u2013 <strong>Tomasz Jastrz\u0119bski<\/strong>,<\/p>\n<p>Przewodnicz\u0105cy Ko\u0142a Emeryt\u00f3w \u2013 <strong>Jerzy Ickiewicz<\/strong>,<\/p>\n<p><u>Komisja Rewizyjna:<\/u><\/p>\n<p><strong>Joanna Godlewska, Anna Backiel, Daniel Puch.<\/strong><\/p>\n<p><strong>&nbsp;<\/strong><\/p>\n<p>Cz\u0142onkowie naszego Zwi\u0105zku od pocz\u0105tku istnienia uczestniczyli czynnie w \u017cyciu Uczelni. Nie ograniczali\u015bmy si\u0119 tylko do dzia\u0142alno\u015bci zwi\u0105zkowej. Mieli\u015bmy swoich przedstawicieli w Senacie, Radach Wydzia\u0142\u00f3w, Komisjach Senackich. Przewodni\u0105 ide\u0105 tej dzia\u0142alno\u015bci by\u0142a praca dla dobra Uczelni, ca\u0142ej spo\u0142eczno\u015bci Politechniki Bia\u0142ostockiej, by poprzez harmonijny, niezak\u0142\u00f3cony konfliktami rozw\u00f3j zapewni\u0107 bezpiecze\u0144stwo, pewno\u015b\u0107 pracy i zadowolenie swoich cz\u0142onk\u00f3w. Dzia\u0142alno\u015b\u0107 Zwi\u0105zku jest \u015bci\u015ble zwi\u0105zana z \u017cyciem Politechniki, a sprawy nad kt\u00f3rymi pracowali\u015bmy wynika\u0142y z zaistnia\u0142ej sytuacji i s\u0142u\u017cy\u0142y rozwi\u0105zywaniu pojawiaj\u0105cych si\u0119 problem\u00f3w. Nasze wnioski s\u0105 uwzgl\u0119dniane przy opracowywaniu plan\u00f3w rzeczowo-finansowych, dzia\u0142alno\u015bci socjalnej, mamy wp\u0142yw na spos\u00f3b rozdzia\u0142u \u015brodk\u00f3w, na regulacj\u0119 i podwy\u017cki wynagrodze\u0144. Cz\u0142onkowie naszego Zwi\u0105zku przechodz\u0105c do dzia\u0142alno\u015bci spo\u0142ecznej, gospodarczej i politycznej pe\u0142nili i pe\u0142ni\u0105 zaszczytne funkcje.<\/p>\n","protected":false},"excerpt":{"rendered":"<p>Historia Komisji Zak\u0142adowej NSZZ &#8222;SOLIDARNO\u015a\u0106&#8221; Politechniki Bia\u0142ostockiej. Sierpie\u0144 1980 r. na Bia\u0142ostocczy\u017anie przebiega\u0142 do\u015b\u0107 spokojnie.<\/p>\n","protected":false},"author":2,"featured_media":0,"parent":0,"menu_order":4,"comment_status":"closed","ping_status":"closed","template":"","meta":{"_acf_changed":false,"ngg_post_thumbnail":0,"footnotes":""},"class_list":["post-24","page","type-page","status-publish","hentry"],"acf":[],"_links":{"self":[{"href":"https:\/\/pb.edu.pl\/solidarnosc\/wp-json\/wp\/v2\/pages\/24","targetHints":{"allow":["GET"]}}],"collection":[{"href":"https:\/\/pb.edu.pl\/solidarnosc\/wp-json\/wp\/v2\/pages"}],"about":[{"href":"https:\/\/pb.edu.pl\/solidarnosc\/wp-json\/wp\/v2\/types\/page"}],"author":[{"embeddable":true,"href":"https:\/\/pb.edu.pl\/solidarnosc\/wp-json\/wp\/v2\/users\/2"}],"replies":[{"embeddable":true,"href":"https:\/\/pb.edu.pl\/solidarnosc\/wp-json\/wp\/v2\/comments?post=24"}],"version-history":[{"count":0,"href":"https:\/\/pb.edu.pl\/solidarnosc\/wp-json\/wp\/v2\/pages\/24\/revisions"}],"wp:attachment":[{"href":"https:\/\/pb.edu.pl\/solidarnosc\/wp-json\/wp\/v2\/media?parent=24"}],"curies":[{"name":"wp","href":"https:\/\/api.w.org\/{rel}","templated":true}]}}