{"id":22,"date":"2020-01-16T19:55:50","date_gmt":"2020-01-16T18:55:50","guid":{"rendered":"https:\/\/pb.edu.pl\/solidarnosc\/?page_id=22"},"modified":"2023-05-23T15:25:18","modified_gmt":"2023-05-23T13:25:18","slug":"komisja-zakladowa","status":"publish","type":"page","link":"https:\/\/pb.edu.pl\/solidarnosc\/komisja-zakladowa\/","title":{"rendered":"Komisja Zak\u0142adowa w kadencji 2023 &#8211; 2028"},"content":{"rendered":"<p>KOMISJA ZAK\u0141ADOWA:<\/p>\n<table style=\"border-collapse: collapse;width: 100%;height: 198px\">\n<tbody>\n<tr style=\"height: 22px\">\n<td style=\"width: 22.7831%;height: 22px\"><strong>PAWE\u0141 MYSZKOWSKI<\/strong><\/td>\n<td style=\"width: 77.2169%;height: 22px\">przewodnicz\u0105cy<\/td>\n<\/tr>\n<tr style=\"height: 22px\">\n<td style=\"width: 22.7831%;height: 22px\"><strong>EWA ZWIERZY\u0143SKA<\/strong>&nbsp;<\/td>\n<td style=\"width: 77.2169%;height: 22px\">wiceprzewodnicz\u0105ca<\/td>\n<\/tr>\n<tr style=\"height: 22px\">\n<td style=\"width: 22.7831%;height: 22px\"><strong>ADAM KU\u0179MA<\/strong><\/td>\n<td style=\"width: 77.2169%;height: 22px\">sekretarz<\/td>\n<\/tr>\n<tr style=\"height: 22px\">\n<td style=\"width: 22.7831%;height: 22px\"><strong>JAN BARTOSZEWICZ<\/strong><\/td>\n<td style=\"width: 77.2169%;height: 22px\">cz\u0142onek<\/td>\n<\/tr>\n<tr style=\"height: 22px\">\n<td style=\"width: 22.7831%;height: 22px\"><strong>BEATA CACKOWSKA<\/strong><\/td>\n<td style=\"width: 77.2169%;height: 22px\">cz\u0142onek<\/td>\n<\/tr>\n<tr style=\"height: 22px\">\n<td style=\"width: 22.7831%;height: 22px\"><strong>KATARZYNA D\u0104BROWSKA<\/strong><\/td>\n<td style=\"width: 77.2169%;height: 22px\">cz\u0142onek<\/td>\n<\/tr>\n<tr style=\"height: 22px\">\n<td style=\"width: 22.7831%;height: 22px\"><strong>TOMASZ JASTRZ\u0118BSKI<\/strong><\/td>\n<td style=\"width: 77.2169%;height: 22px\">cz\u0142onek<\/td>\n<\/tr>\n<tr style=\"height: 22px\">\n<td style=\"width: 22.7831%;height: 22px\"><strong>PAWE\u0141 KONDZIOR<\/strong><\/td>\n<td style=\"width: 77.2169%;height: 22px\">cz\u0142onek<\/td>\n<\/tr>\n<tr style=\"height: 22px\">\n<td style=\"width: 22.7831%;height: 22px\"><strong>JERZY ICKIEWICZ<\/strong><\/td>\n<td style=\"width: 77.2169%;height: 22px\">cz\u0142onek<\/td>\n<\/tr>\n<tr style=\"height: 22px\">\n<td style=\"width: 22.7831%;height: 22px\"><strong>JANINA MATYSEWICZ<\/strong><\/td>\n<td style=\"width: 77.2169%;height: 22px\">cz\u0142onek<\/td>\n<\/tr>\n<tr style=\"height: 22px\">\n<td style=\"width: 22.7831%;height: 22px\"><strong>ALEKSANDRA ROSZKOWSKA<\/strong><\/td>\n<td style=\"width: 77.2169%;height: 22px\">cz\u0142onek<\/td>\n<\/tr>\n<\/tbody>\n<\/table>\n<p>&nbsp;<\/p>\n<p>KOMISJA REWIZYJNA:<\/p>\n<table style=\"border-collapse: collapse;width: 100%;height: 66px\">\n<tbody>\n<tr style=\"height: 22px\">\n<td style=\"width: 23.0465%;height: 22px\"><strong>JOANNA GODLEWSKA<\/strong><\/td>\n<td style=\"width: 76.9535%;height: 22px\">przewodnicz\u0105cy<\/td>\n<\/tr>\n<tr style=\"height: 22px\">\n<td style=\"width: 23.0465%;height: 22px\"><strong>ANNA BACKIEL<\/strong><\/td>\n<td style=\"width: 76.9535%;height: 22px\">cz\u0142onek<\/td>\n<\/tr>\n<tr style=\"height: 22px\">\n<td style=\"width: 23.0465%;height: 22px\"><strong>DANIEL PUCH<\/strong><\/td>\n<td style=\"width: 76.9535%;height: 22px\">cz\u0142onek<\/td>\n<\/tr>\n<\/tbody>\n<\/table>\n<p>&nbsp;<\/p>\n<p>PRZEWODNICZ\u0104CY K\u00d3\u0141:<\/p>\n<table style=\"border-collapse: collapse;width: 100%;height: 66px\">\n<tbody>\n<tr style=\"height: 22px\">\n<td style=\"width: 23.0465%;height: 22px\"><strong>PAWE\u0141 KONDZIOR<\/strong><\/td>\n<td style=\"width: 76.9535%;height: 22px\">Ko\u0142o Wydzia\u0142u Budownictwa i Nauk o \u015arodowisku<\/td>\n<\/tr>\n<tr style=\"height: 22px\">\n<td style=\"width: 23.0465%;height: 22px\"><strong>ADAM KU\u0179MA<\/strong><\/td>\n<td style=\"width: 76.9535%;height: 22px\">Ko\u0142o Wydzia\u0142u Elektrycznego<\/td>\n<\/tr>\n<tr style=\"height: 22px\">\n<td style=\"width: 23.0465%;height: 22px\"><strong>JAN BARTOSZEWICZ<\/strong><\/td>\n<td style=\"width: 76.9535%;height: 22px\">Ko\u0142o Wydzia\u0142u Mechanicznego i Administracji Dydaktycznej<\/td>\n<\/tr>\n<tr style=\"height: 22px\">\n<td style=\"width: 23.0465%;height: 22px\"><strong>BEATA CACKOWSKA<\/strong><\/td>\n<td style=\"width: 76.9535%;height: 22px\">Ko\u0142o Pracownik\u00f3w Dom\u00f3w Studenta i Radia Akadera<\/td>\n<\/tr>\n<tr style=\"height: 22px\">\n<td style=\"width: 23.0465%;height: 22px\"><strong>KATARZYNA D\u0104BROWSKA<\/strong><\/td>\n<td style=\"width: 76.9535%;height: 22px\">Ko\u0142o Biblioteki, Studium J\u0119zyk\u00f3w Obcych i Audytu<\/td>\n<\/tr>\n<tr style=\"height: 22px\">\n<td style=\"width: 23.0465%;height: 22px\"><strong>TOMASZ JASTRZ\u0118BSKI<\/strong><\/td>\n<td style=\"width: 76.9535%;height: 22px\">Ko\u0142o Mi\u0119dzyjednostkowe<\/td>\n<\/tr>\n<tr style=\"height: 22px\">\n<td style=\"width: 23.0465%;height: 22px\"><strong>JERZY ICKIEWICZ<\/strong><\/td>\n<td style=\"width: 76.9535%;height: 22px\">Ko\u0142o Emeryt\u00f3w<\/td>\n<\/tr>\n<\/tbody>\n<\/table>\n","protected":false},"excerpt":{"rendered":"<p>KOMISJA ZAK\u0141ADOWA: PAWE\u0141 MYSZKOWSKI przewodnicz\u0105cy EWA ZWIERZY\u0143SKA&nbsp; wiceprzewodnicz\u0105ca ADAM KU\u0179MA sekretarz JAN BARTOSZEWICZ cz\u0142onek BEATA<\/p>\n","protected":false},"author":2,"featured_media":0,"parent":0,"menu_order":3,"comment_status":"closed","ping_status":"closed","template":"","meta":{"_acf_changed":false,"ngg_post_thumbnail":0,"footnotes":""},"class_list":["post-22","page","type-page","status-publish","hentry"],"acf":[],"_links":{"self":[{"href":"https:\/\/pb.edu.pl\/solidarnosc\/wp-json\/wp\/v2\/pages\/22","targetHints":{"allow":["GET"]}}],"collection":[{"href":"https:\/\/pb.edu.pl\/solidarnosc\/wp-json\/wp\/v2\/pages"}],"about":[{"href":"https:\/\/pb.edu.pl\/solidarnosc\/wp-json\/wp\/v2\/types\/page"}],"author":[{"embeddable":true,"href":"https:\/\/pb.edu.pl\/solidarnosc\/wp-json\/wp\/v2\/users\/2"}],"replies":[{"embeddable":true,"href":"https:\/\/pb.edu.pl\/solidarnosc\/wp-json\/wp\/v2\/comments?post=22"}],"version-history":[{"count":0,"href":"https:\/\/pb.edu.pl\/solidarnosc\/wp-json\/wp\/v2\/pages\/22\/revisions"}],"wp:attachment":[{"href":"https:\/\/pb.edu.pl\/solidarnosc\/wp-json\/wp\/v2\/media?parent=22"}],"curies":[{"name":"wp","href":"https:\/\/api.w.org\/{rel}","templated":true}]}}