{"id":11,"date":"2020-01-16T19:37:38","date_gmt":"2020-01-16T18:37:38","guid":{"rendered":"https:\/\/pb.edu.pl\/solidarnosc\/?page_id=11"},"modified":"2026-03-23T21:51:05","modified_gmt":"2026-03-23T20:51:05","slug":"home","status":"publish","type":"page","link":"https:\/\/pb.edu.pl\/solidarnosc\/","title":{"rendered":""},"content":{"rendered":"<div id=\"box-menu\" class=\"href\"><\/div>\n<p>&nbsp;<\/p>\n<div class=\"row\">\n<div class=\"col-sm-4\">\n<div class=\"panel panel-default panel-sport animated zoomIn\">\n<div class=\"panel-heading text-center\">Do\u0142\u0105cz do nas<\/div>\n<div class=\"panel-body\">\n<div class=\"image\"><a title=\"Do\u0142\u0105cz do nas\" href=\"\/solidarnosc\/dolacz-do-nas\/\"><img loading=\"lazy\" decoding=\"async\" class=\"aligncenter size-full wp-image-73\" src=\"https:\/\/pb.edu.pl\/solidarnosc\/wp-content\/uploads\/sites\/39\/2020\/12\/dolacz_do_nas.jpg\" alt=\"przydatne linki\" width=\"600\" height=\"363\"><\/a><\/div>\n<\/div>\n<\/div>\n<\/div>\n<div class=\"col-sm-4\">\n<div class=\"panel panel-default panel-sport animated zoomIn\">\n<div class=\"panel-heading text-center\">Komisja Zak\u0142adowa<\/div>\n<div class=\"panel-body\">\n<div class=\"image\"><a title=\"Komisja Zak\u0142adowa\" href=\"\/solidarnosc\/komisja-zakladowa\/\"><img loading=\"lazy\" decoding=\"async\" class=\"aligncenter size-full wp-image-71\" src=\"https:\/\/pb.edu.pl\/solidarnosc\/wp-content\/uploads\/sites\/39\/2020\/12\/komisja_zakladowa.png\" alt=\"osoby przy biurku\" width=\"600\" height=\"363\"><\/a><\/div>\n<\/div>\n<\/div>\n<\/div>\n<div class=\"col-sm-4\">\n<div class=\"panel panel-default panel-sport animated zoomIn\">\n<div class=\"panel-heading text-center\">Historia<\/div>\n<div class=\"panel-body\">\n<div class=\"image\"><a title=\"Historia\" href=\"\/solidarnosc\/historia\/\"><img loading=\"lazy\" decoding=\"async\" class=\"aligncenter size-full wp-image-75\" src=\"https:\/\/pb.edu.pl\/solidarnosc\/wp-content\/uploads\/sites\/39\/2020\/12\/historia.jpg\" alt=\"historia\" width=\"600\" height=\"363\"><\/a><\/div>\n<\/div>\n<\/div>\n<\/div>\n<\/div>\n<div class=\"row\">\n<div class=\"col-sm-4\">\n<div class=\"panel panel-default panel-sport animated zoomIn\">\n<div class=\"panel-heading text-center\">Pliki do pobrania i dokumenty zwi\u0105zkowe<\/div>\n<div class=\"panel-body\">\n<div class=\"image\"><a title=\"Pliki do pobrania i dokumenty zwi\u0105zkowe\" href=\"\/solidarnosc\/pliki-do-pobrania\/\"><img loading=\"lazy\" decoding=\"async\" class=\"aligncenter size-full wp-image-76\" src=\"https:\/\/pb.edu.pl\/solidarnosc\/wp-content\/uploads\/sites\/39\/2020\/12\/pliki.jpg\" alt=\"pliki do pobrania\" width=\"600\" height=\"363\"><\/a><\/div>\n<\/div>\n<\/div>\n<\/div>\n<div class=\"col-sm-4\">\n<div class=\"panel panel-default panel-sport animated zoomIn\">\n<div class=\"panel-heading text-center\">Kontakt<\/div>\n<div class=\"panel-body\">\n<div class=\"image\"><a title=\"Kontakt\" href=\"\/solidarnosc\/kontakt\/\"><img loading=\"lazy\" decoding=\"async\" class=\"aligncenter size-full wp-image-70\" src=\"https:\/\/pb.edu.pl\/solidarnosc\/wp-content\/uploads\/sites\/39\/2020\/12\/kontakt.png\" alt=\"koperta\" width=\"600\" height=\"363\"><\/a><\/div>\n<\/div>\n<\/div>\n<\/div>\n<div class=\"col-sm-4\">\n<div class=\"panel panel-default panel-sport animated zoomIn\">\n<div class=\"panel-heading text-center\">Inne strony zwi\u0105zkowe<\/div>\n<div class=\"panel-body\">\n<div class=\"image\"><a title=\"Linki\" href=\"\/solidarnosc\/linki\/\"><img loading=\"lazy\" decoding=\"async\" class=\"aligncenter size-full wp-image-70\" src=\"https:\/\/pb.edu.pl\/solidarnosc\/wp-content\/uploads\/sites\/39\/2020\/12\/linki.png\" alt=\"koperta\" width=\"600\" height=\"363\"><\/a><\/div>\n<\/div>\n<\/div>\n<\/div>\n<\/div>\n","protected":false},"excerpt":{"rendered":"<p>&nbsp; Do\u0142\u0105cz do nas Komisja Zak\u0142adowa Historia Pliki do pobrania i dokumenty zwi\u0105zkowe Kontakt Inne<\/p>\n","protected":false},"author":2,"featured_media":0,"parent":0,"menu_order":0,"comment_status":"closed","ping_status":"closed","template":"","meta":{"_acf_changed":false,"ngg_post_thumbnail":0,"footnotes":""},"class_list":["post-11","page","type-page","status-publish","hentry"],"acf":[],"_links":{"self":[{"href":"https:\/\/pb.edu.pl\/solidarnosc\/wp-json\/wp\/v2\/pages\/11","targetHints":{"allow":["GET"]}}],"collection":[{"href":"https:\/\/pb.edu.pl\/solidarnosc\/wp-json\/wp\/v2\/pages"}],"about":[{"href":"https:\/\/pb.edu.pl\/solidarnosc\/wp-json\/wp\/v2\/types\/page"}],"author":[{"embeddable":true,"href":"https:\/\/pb.edu.pl\/solidarnosc\/wp-json\/wp\/v2\/users\/2"}],"replies":[{"embeddable":true,"href":"https:\/\/pb.edu.pl\/solidarnosc\/wp-json\/wp\/v2\/comments?post=11"}],"version-history":[{"count":1,"href":"https:\/\/pb.edu.pl\/solidarnosc\/wp-json\/wp\/v2\/pages\/11\/revisions"}],"predecessor-version":[{"id":144,"href":"https:\/\/pb.edu.pl\/solidarnosc\/wp-json\/wp\/v2\/pages\/11\/revisions\/144"}],"wp:attachment":[{"href":"https:\/\/pb.edu.pl\/solidarnosc\/wp-json\/wp\/v2\/media?parent=11"}],"curies":[{"name":"wp","href":"https:\/\/api.w.org\/{rel}","templated":true}]}}