{"id":33,"date":"2021-09-02T20:51:07","date_gmt":"2021-09-02T18:51:07","guid":{"rendered":"https:\/\/pb.edu.pl\/sok\/?page_id=33"},"modified":"2024-10-23T12:50:04","modified_gmt":"2024-10-23T10:50:04","slug":"kontakt","status":"publish","type":"page","link":"https:\/\/pb.edu.pl\/sok\/kontakt\/","title":{"rendered":"Kontakt"},"content":{"rendered":"<div class=\"h2\">Sekcja ds. Organizacji Kszta\u0142cenia<\/div>\n<p> <i class=\"fal fa-envelope\"><\/i> <a href=\"#\" rel=\"nofollow\"  onclick=\"this.href='mailto:' + 'sok' + '@' + 'pb.edu.pl'\">sok [at] pb.edu.pl<\/a>\n<div class=\"h4\">Kierownik dr Justyna Grze\u015b-Buk\u0142aho<\/div>\n<p><i class=\"fal fa-phone\"><\/i> 85 746-70-36<br \/>\n <i class=\"fal fa-envelope\"><\/i> <a href=\"#\" rel=\"nofollow\"  onclick=\"this.href='mailto:' + 'j.grzes' + '@' + 'pb.edu.pl'\">j.grzes [at] pb.edu.pl<\/a>\n<hr>\n<div class=\"h4\">mgr Urszula Krukowska \u2013 pok. P-1\/05<\/div>\n<p><i class=\"fal fa-phone\"><\/i> 85 746-70-36<br \/>\n <i class=\"fal fa-envelope\"><\/i> <a href=\"#\" rel=\"nofollow\"  onclick=\"this.href='mailto:' + 'u.krukowska' + '@' + 'pb.edu.pl'\">u.krukowska [at] pb.edu.pl<\/a>\n<hr>\n<div class=\"h4\">in\u017c. Agnieszka Romaniuk \u2013 pok. P-1\/05<\/div>\n<p><i class=\"fal fa-phone\"><\/i> 85 746-70-36<br \/>\n <i class=\"fal fa-envelope\"><\/i> <a href=\"#\" rel=\"nofollow\"  onclick=\"this.href='mailto:' + 'a.romaniuk' + '@' + 'pb.edu.pl'\">a.romaniuk [at] pb.edu.pl<\/a>\n&nbsp;<\/p>\n","protected":false},"excerpt":{"rendered":"<p>Sekcja ds. Organizacji Kszta\u0142cenia Kierownik dr Justyna Grze\u015b-Buk\u0142aho 85 746-70-36 mgr Urszula Krukowska \u2013 pok.<\/p>\n","protected":false},"author":2,"featured_media":0,"parent":0,"menu_order":4,"comment_status":"closed","ping_status":"closed","template":"","meta":{"_acf_changed":false,"ngg_post_thumbnail":0,"footnotes":""},"class_list":["post-33","page","type-page","status-publish","hentry"],"acf":[],"_links":{"self":[{"href":"https:\/\/pb.edu.pl\/sok\/wp-json\/wp\/v2\/pages\/33","targetHints":{"allow":["GET"]}}],"collection":[{"href":"https:\/\/pb.edu.pl\/sok\/wp-json\/wp\/v2\/pages"}],"about":[{"href":"https:\/\/pb.edu.pl\/sok\/wp-json\/wp\/v2\/types\/page"}],"author":[{"embeddable":true,"href":"https:\/\/pb.edu.pl\/sok\/wp-json\/wp\/v2\/users\/2"}],"replies":[{"embeddable":true,"href":"https:\/\/pb.edu.pl\/sok\/wp-json\/wp\/v2\/comments?post=33"}],"version-history":[{"count":0,"href":"https:\/\/pb.edu.pl\/sok\/wp-json\/wp\/v2\/pages\/33\/revisions"}],"wp:attachment":[{"href":"https:\/\/pb.edu.pl\/sok\/wp-json\/wp\/v2\/media?parent=33"}],"curies":[{"name":"wp","href":"https:\/\/api.w.org\/{rel}","templated":true}]}}