{"id":1804,"date":"2026-02-24T22:32:31","date_gmt":"2026-02-24T21:32:31","guid":{"rendered":"https:\/\/pb.edu.pl\/sok\/?page_id=1804"},"modified":"2026-02-24T22:41:44","modified_gmt":"2026-02-24T21:41:44","slug":"mikroposwiadczenia","status":"publish","type":"page","link":"https:\/\/pb.edu.pl\/sok\/mikroposwiadczenia\/","title":{"rendered":"Mikropo\u015bwiadczenia"},"content":{"rendered":"<p><a  class=\"pdf\" href=\"https:\/\/pb.edu.pl\/sok\/wp-content\/uploads\/sites\/135\/2026\/02\/Zarzadzenienr87wersjaskanowana.pdf\" target=\"_blank\" data-id=\"1809\" >Zarz\u0105dzenie nr 87\/2025  <span>(PDF, 5 MB, otworzy si\u0119 w nowej karcie)<\/span><\/a> <\/p>\n<p><strong>Za\u0142\u0105czniki:<\/strong><\/p>\n<p>Wniosek o utworzenie mikroprogramu &#8211; <a title=\"pobierz plik\" class=\"docx\" href=\"https:\/\/pb.edu.pl\/sok\/wp-content\/uploads\/sites\/135\/2026\/02\/Zalaczniknr1-WNIOSEK-o-utworzenie-mikroprogramu.docx\"  data-id=\"1810\" >za\u0142\u0105cznik nr 1 <span>(DOCX, 21 KB)<\/span><\/a><\/p>\n<p>Powo\u0142anie koordynatora mikroprogramu &#8211; <a title=\"pobierz plik\" class=\"docx\" href=\"https:\/\/pb.edu.pl\/sok\/wp-content\/uploads\/sites\/135\/2026\/02\/Zalaczniknr2-powolanie-koordynatora.docx\"  data-id=\"1812\" >za\u0142\u0105cznik nr 2 <span>(DOCX, 15 KB)<\/span><\/a><\/p>\n<p>Formularz zg\u0142oszeniowy uczestnika mikroprogramu &#8211; <a title=\"pobierz plik\" class=\"docx\" href=\"https:\/\/pb.edu.pl\/sok\/wp-content\/uploads\/sites\/135\/2026\/02\/Zalaczniknr3-formularz-zgloszeniowy-uczestnika.docx\"  data-id=\"1813\" >za\u0142\u0105cznik nr 3 <span>(DOCX, 24 KB)<\/span><\/a><\/p>\n<p>Ankieta osobowa uczestnika mikroprogramu &#8211; <a title=\"pobierz plik\" class=\"docx\" href=\"https:\/\/pb.edu.pl\/sok\/wp-content\/uploads\/sites\/135\/2026\/02\/Zalaczniknr4-ankieta-osobowa-uczestnika.docx\"  data-id=\"1814\" >za\u0142\u0105cznik nr 4 <span>(DOCX, 20 KB)<\/span><\/a><\/p>\n<p>Rejestr uczestnik\u00f3w mikroprogramu &#8211; <a title=\"pobierz plik\" class=\"docx\" href=\"https:\/\/pb.edu.pl\/sok\/wp-content\/uploads\/sites\/135\/2026\/02\/Zalaczniknr5-rejestr-uczestnikow.docx\"  data-id=\"1815\" >za\u0142\u0105cznik nr 5 <span>(DOCX, 16 KB)<\/span><\/a><\/p>\n<p>Umowa o warunkach odp\u0142atno\u015bci &#8211; <a title=\"pobierz plik\" class=\"docx\" href=\"https:\/\/pb.edu.pl\/sok\/wp-content\/uploads\/sites\/135\/2026\/02\/Zalaczniknr6-umowa-o-warunkach-odplatnosci.docx\"  data-id=\"1816\" >za\u0142\u0105cznik nr 6 <span>(DOCX, 43 KB)<\/span><\/a><\/p>\n<p>Wz\u00f3r ankiety dotycz\u0105cej opinii uczestnika mikroprogramu o wype\u0142nianiu obowi\u0105zk\u00f3w dydaktycznych przez osob\u0119 prowadz\u0105c\u0105 mikroprogram<br \/>\n&#8211; <a title=\"pobierz plik\" class=\"docx\" href=\"https:\/\/pb.edu.pl\/sok\/wp-content\/uploads\/sites\/135\/2026\/02\/Zalaczniknr7-wzor-ankiety.docx\"  data-id=\"1817\" >za\u0142\u0105cznik nr 7 <span>(DOCX, 18 KB)<\/span><\/a><\/p>\n<p>Graficzne wzory odznaki\/mikropo\u015bwiadczenia &#8211; <a  class=\"pdf\" href=\"https:\/\/pb.edu.pl\/sok\/wp-content\/uploads\/sites\/135\/2026\/02\/Zalaczniknr8-graficzne-wzory.pdf\" target=\"_blank\" data-id=\"1818\" >za\u0142\u0105cznik nr 8 <span>(PDF, 221 KB, otworzy si\u0119 w nowej karcie)<\/span><\/a><\/p>\n","protected":false},"excerpt":{"rendered":"<p>Zarz\u0105dzenie nr 87\/2025 (PDF, 5 MB, otworzy si\u0119 w nowej karcie) Za\u0142\u0105czniki: Wniosek o utworzenie<\/p>\n","protected":false},"author":2,"featured_media":0,"parent":0,"menu_order":4,"comment_status":"closed","ping_status":"closed","template":"","meta":{"_acf_changed":false,"ngg_post_thumbnail":0,"footnotes":""},"class_list":["post-1804","page","type-page","status-publish","hentry"],"acf":[],"_links":{"self":[{"href":"https:\/\/pb.edu.pl\/sok\/wp-json\/wp\/v2\/pages\/1804","targetHints":{"allow":["GET"]}}],"collection":[{"href":"https:\/\/pb.edu.pl\/sok\/wp-json\/wp\/v2\/pages"}],"about":[{"href":"https:\/\/pb.edu.pl\/sok\/wp-json\/wp\/v2\/types\/page"}],"author":[{"embeddable":true,"href":"https:\/\/pb.edu.pl\/sok\/wp-json\/wp\/v2\/users\/2"}],"replies":[{"embeddable":true,"href":"https:\/\/pb.edu.pl\/sok\/wp-json\/wp\/v2\/comments?post=1804"}],"version-history":[{"count":4,"href":"https:\/\/pb.edu.pl\/sok\/wp-json\/wp\/v2\/pages\/1804\/revisions"}],"predecessor-version":[{"id":1820,"href":"https:\/\/pb.edu.pl\/sok\/wp-json\/wp\/v2\/pages\/1804\/revisions\/1820"}],"wp:attachment":[{"href":"https:\/\/pb.edu.pl\/sok\/wp-json\/wp\/v2\/media?parent=1804"}],"curies":[{"name":"wp","href":"https:\/\/api.w.org\/{rel}","templated":true}]}}