{"id":1767,"date":"2024-09-12T23:02:31","date_gmt":"2024-09-12T21:02:31","guid":{"rendered":"https:\/\/pb.edu.pl\/sok\/?page_id=1767"},"modified":"2024-09-12T23:07:13","modified_gmt":"2024-09-12T21:07:13","slug":"o-nas","status":"publish","type":"page","link":"https:\/\/pb.edu.pl\/sok\/kontakt\/o-nas\/","title":{"rendered":"O nas"},"content":{"rendered":"<p><strong>Sekcja ds. Organizacji Kszta\u0142cenia<\/strong> jest jednostk\u0105 podporz\u0105dkowan\u0105 bezpo\u015brednio Prorektor ds. kszta\u0142cenia.<\/p>\n<p>Do zada\u0144 Sekcji ds. Organizacji Kszta\u0142cenia nale\u017cy w szczeg\u00f3lno\u015bci:<\/p>\n<ul>\n<li>prowadzenie rejestru kierunk\u00f3w studi\u00f3w prowadzonych w Uczelni, na podstawie wykaz\u00f3w przekazywanych przez wydzia\u0142y oraz Dzia\u0142 Mobilno\u015bci i Obs\u0142ugi Um\u00f3w Mi\u0119dzynarodowych;<\/li>\n<li>prowadzenie rejestr\u00f3w um\u00f3w zlece\u0144 i um\u00f3w o dzie\u0142o w zakresie okre\u015blonym w odr\u0119bnych wewn\u0119trznych przepisach, w tym um\u00f3w cywilnoprawnych zwi\u0105zanych z prowadzeniem zaj\u0119\u0107 na studiach podyplomowych;<\/li>\n<li>opracowanie wytycznych do rozk\u0142ad\u00f3w zaj\u0119\u0107;<\/li>\n<li>sporz\u0105dzanie zestawie\u0144 zbiorczych dotycz\u0105cych wykonania pensum dydaktycznego i godzin ponadwymiarowych;<\/li>\n<li>analiza wp\u0142ywaj\u0105cych danych do oceny parametrycznej nauczycieli;<\/li>\n<li>opracowanie wytycznych do poprawnego rozliczenia zaj\u0119\u0107 dydaktycznych nauczycieli akademickich zatrudnionych na wydzia\u0142ach oraz jednostkach og\u00f3lnouczelnianych;<\/li>\n<li>koordynacja zagadnie\u0144 zwi\u0105zanych z mikropo\u015bwiadczeniami.<\/li>\n<\/ul>\n","protected":false},"excerpt":{"rendered":"<p>Sekcja ds. Organizacji Kszta\u0142cenia jest jednostk\u0105 podporz\u0105dkowan\u0105 bezpo\u015brednio Prorektor ds. kszta\u0142cenia. Do zada\u0144 Sekcji ds.<\/p>\n","protected":false},"author":2,"featured_media":0,"parent":33,"menu_order":1,"comment_status":"closed","ping_status":"closed","template":"","meta":{"_acf_changed":false,"ngg_post_thumbnail":0,"footnotes":""},"class_list":["post-1767","page","type-page","status-publish","hentry"],"acf":[],"_links":{"self":[{"href":"https:\/\/pb.edu.pl\/sok\/wp-json\/wp\/v2\/pages\/1767","targetHints":{"allow":["GET"]}}],"collection":[{"href":"https:\/\/pb.edu.pl\/sok\/wp-json\/wp\/v2\/pages"}],"about":[{"href":"https:\/\/pb.edu.pl\/sok\/wp-json\/wp\/v2\/types\/page"}],"author":[{"embeddable":true,"href":"https:\/\/pb.edu.pl\/sok\/wp-json\/wp\/v2\/users\/2"}],"replies":[{"embeddable":true,"href":"https:\/\/pb.edu.pl\/sok\/wp-json\/wp\/v2\/comments?post=1767"}],"version-history":[{"count":0,"href":"https:\/\/pb.edu.pl\/sok\/wp-json\/wp\/v2\/pages\/1767\/revisions"}],"up":[{"embeddable":true,"href":"https:\/\/pb.edu.pl\/sok\/wp-json\/wp\/v2\/pages\/33"}],"wp:attachment":[{"href":"https:\/\/pb.edu.pl\/sok\/wp-json\/wp\/v2\/media?parent=1767"}],"curies":[{"name":"wp","href":"https:\/\/api.w.org\/{rel}","templated":true}]}}