{"id":1752,"date":"2024-09-12T22:38:57","date_gmt":"2024-09-12T20:38:57","guid":{"rendered":"https:\/\/pb.edu.pl\/sok\/?page_id=1752"},"modified":"2026-02-24T22:27:08","modified_gmt":"2026-02-24T21:27:08","slug":"wzory-umow-zlecenia","status":"publish","type":"page","link":"https:\/\/pb.edu.pl\/sok\/organizacja-ksztalcenia\/wzory-umow-zlecenia\/","title":{"rendered":"Wzory um\u00f3w zlecenia"},"content":{"rendered":"<p><a href=\"https:\/\/bd.uci.pb.edu.pl\/423-lista\/d\/2732\/5\/?reporef=%2F%3Fsearch-global%3D21)\">Zarz\u0105dzenie nr 21\/2026 w sprawie wprowadzenia wzor\u00f3w i ustalenia zasad zawierania um\u00f3w w Politechnice Bia\u0142ostockiej<\/a><\/p>\n<p><strong>Wzory:<\/strong><\/p>\n<ul>\n<li>Wniosku w sprawie zawarcia umowy zlecenia\/dzie\u0142o lub aneksu do umowy zlecenia\/dzie\u0142o<br \/>\n\u2013 <a title=\"pobierz plik\" class=\"docx\" href=\"https:\/\/pb.edu.pl\/sok\/wp-content\/uploads\/sites\/135\/2026\/02\/Zalacznik-Nr-1-do-Zarzadzenia-wniosek-w-sprawie-zawarcia-umowy-lub-aneksu-do-umowy-1.docx\"  data-id=\"1801\" >za\u0142\u0105cznik nr 1 <span>(DOCX, 26 KB)<\/span><\/a><\/li>\n<li>O\u015bwiadczenia do umowy zlecenia \u2013 <a title=\"pobierz plik\" class=\"docx\" href=\"https:\/\/pb.edu.pl\/sok\/wp-content\/uploads\/sites\/135\/2026\/02\/Zalacznik-Nr-2a-do-Zarzadzenia-Oswiadczenie-do-umowy-zlecenia.docx\"  data-id=\"1784\" >za\u0142\u0105cznik nr 2a <span>(DOCX, 39 KB)<\/span><\/a><\/li>\n<li>O\u015bwiadczenia obcokrajowca do umowy zlecenia \u2013 <a title=\"pobierz plik\" class=\"docx\" href=\"https:\/\/pb.edu.pl\/sok\/wp-content\/uploads\/sites\/135\/2026\/02\/Zalacznik-Nr-2c-do-Zarzadzenia-Oswiadczenie-obcokrajowca-do-umowy-zlecenia.docx\"  data-id=\"1785\" >za\u0142\u0105cznik nr 2c <span>(DOCX, 35 KB)<\/span><\/a><\/li>\n<li>Informacji o kompetencjach i do\u015bwiadczeniu \u2013 <a title=\"pobierz plik\" class=\"docx\" href=\"https:\/\/pb.edu.pl\/sok\/wp-content\/uploads\/sites\/135\/2026\/02\/Zalacznik-Nr-2d-do-Zarzadzenia-informacje-o-kompetencjach-i-doswiadczeniu.docx\"  data-id=\"1786\" >za\u0142\u0105cznik nr 2d <span>(DOCX, 22 KB)<\/span><\/a><\/li>\n<li>Aneksu \u2013 <a title=\"pobierz plik\" class=\"docx\" href=\"https:\/\/pb.edu.pl\/sok\/wp-content\/uploads\/sites\/135\/2026\/02\/Zalacznik-Nr-16-do-Zarzadzenia-aneks.docx\"  data-id=\"1787\" >za\u0142\u0105cznik nr 16 <span>(DOCX, 25 KB)<\/span><\/a><\/li>\n<li>Rachunku \u2013 <a title=\"pobierz plik\" class=\"docx\" href=\"https:\/\/pb.edu.pl\/sok\/wp-content\/uploads\/sites\/135\/2026\/02\/Zalacznik-Nr-17-do-Zarzadzenia-rachunek-do-umowy.docx\"  data-id=\"1788\" >za\u0142\u0105cznik nr 17 <span>(DOCX, 26 KB)<\/span><\/a><\/li>\n<\/ul>\n<p><strong>Umowy zlecenia:<\/strong><\/p>\n<ul>\n<li>z osob\u0105 fizyczn\u0105 nieprowadz\u0105c\u0105 dzia\u0142alno\u015bci gospodarczej \u2013 <a title=\"pobierz plik\" class=\"docx\" href=\"https:\/\/pb.edu.pl\/sok\/wp-content\/uploads\/sites\/135\/2026\/02\/Zalacznik-Nr-3a-do-Zarzadzenia-umowa-zlecenia-z-os-fizyczna-nieprowadzaca-dz.-gospodarczej.docx\"  data-id=\"1791\" >za\u0142\u0105cznik nr 3a <span>(DOCX, 36 KB)<\/span><\/a><\/li>\n<li>z osob\u0105 fizyczn\u0105 prowadz\u0105c\u0105 jednoosobow\u0105 dzia\u0142alno\u015b\u0107 gospodarcz\u0105 i niezatrudniaj\u0105c\u0105 pracownik\u00f3w \u2013 <a title=\"pobierz plik\" class=\"docx\" href=\"https:\/\/pb.edu.pl\/sok\/wp-content\/uploads\/sites\/135\/2026\/02\/Zalacznik-Nr-3b-do-Zarzadzenia-umowa-zlecenia-z-os.-fiz.-prowadzaca-dz.-gosp.-niezatrudniajaca-pracownikow.docx\"  data-id=\"1792\" >za\u0142\u0105cznik nr 3b <span>(DOCX, 39 KB)<\/span><\/a><\/li>\n<li>z osob\u0105 fizyczn\u0105 prowadz\u0105c\u0105 jednoosobow\u0105 dzia\u0142alno\u015b\u0107 gospodarcz\u0105 i zatrudniaj\u0105c\u0105 pracownik\u00f3w \u2013 <a title=\"pobierz plik\" class=\"docx\" href=\"https:\/\/pb.edu.pl\/sok\/wp-content\/uploads\/sites\/135\/2026\/02\/Zalacznik-Nr-3c-do-Zarzadzenia-umowa-zlecenia-z-os.-fiz.-prowadzaca-dz.-gosp.-zatrudniajaca-pracownikow.docx\"  data-id=\"1793\" >za\u0142\u0105cznik nr 3c <span>(DOCX, 38 KB)<\/span><\/a><\/li>\n<li>z osob\u0105 prawn\u0105 (sp\u00f3\u0142k\u0105, fundacj\u0105, stowarzyszeniem) \u2013 <a title=\"pobierz plik\" class=\"docx\" href=\"https:\/\/pb.edu.pl\/sok\/wp-content\/uploads\/sites\/135\/2026\/02\/Zalacznik-Nr-3d-do-Zarzadzenia-umowa-zlecenia-z-osoba-prawna-spolka-fundacja-stowarzyszeniem.docx\"  data-id=\"1794\" >za\u0142\u0105cznik nr 3d <span>(DOCX, 40 KB)<\/span><\/a><\/li>\n<\/ul>\n<p><strong>Umowy zlecenia na prowadzenie zaj\u0119\u0107 dydaktycznych:<\/strong><\/p>\n<ul>\n<li>przez osob\u0119 fizyczn\u0105 nieprowadz\u0105c\u0105 dzia\u0142alno\u015bci gospodarczej \u2013 <a title=\"pobierz plik\" class=\"docx\" href=\"https:\/\/pb.edu.pl\/sok\/wp-content\/uploads\/sites\/135\/2026\/02\/Zalacznik-Nr-4a-do-Zarzadzenia-umowa-zlecenia-na-prowadzenie-zajec-dydaktycznych-os.-fizyczna-1.docx\"  data-id=\"1796\" >za\u0142\u0105cznik nr 4a <span>(DOCX, 42 KB)<\/span><\/a><\/li>\n<li>przez osob\u0119 fizyczn\u0105 prowadz\u0105c\u0105 jednoosobow\u0105 dzia\u0142alno\u015b\u0107 gospodarcz\u0105 i niezatrudniaj\u0105c\u0105 pracownik\u00f3w \u2013 <a title=\"pobierz plik\" class=\"docx\" href=\"https:\/\/pb.edu.pl\/sok\/wp-content\/uploads\/sites\/135\/2026\/02\/Zalacznik-Nr-4b-do-Zarzadzenia-umowa-zlecenia-na-prowadzenie-zajec-dydaktycznych-JDG-niezatrudniajaca-pracownikow.docx\"  data-id=\"1797\" >za\u0142\u0105cznik nr 4b <span>(DOCX, 40 KB)<\/span><\/a><\/li>\n<li>przez osob\u0119 fizyczn\u0105 prowadz\u0105c\u0105 jednoosobow\u0105 dzia\u0142alno\u015b\u0107 gospodarcz\u0105 i zatrudniaj\u0105c\u0105 pracownik\u00f3w \u2013 <a title=\"pobierz plik\" class=\"docx\" href=\"https:\/\/pb.edu.pl\/sok\/wp-content\/uploads\/sites\/135\/2026\/02\/Zalacznik-Nr-4c-do-Zarzadzenia-umowa-zlecenia-na-prowadzenie-zajec-dydaktycznych-JDG-zatrudniajaca-pracownikow.docx\"  data-id=\"1798\" >za\u0142\u0105cznik nr 4c <span>(DOCX, 39 KB)<\/span><\/a><\/li>\n<li>przez sp\u00f3\u0142k\u0119, fundacj\u0119, stowarzyszenie \u2013 <a title=\"pobierz plik\" class=\"docx\" href=\"https:\/\/pb.edu.pl\/sok\/wp-content\/uploads\/sites\/135\/2026\/02\/Zalacznik-Nr-4d-do-Zarzadzenia-umowa-zlecenia-na-prowadzenie-zajec-dydaktycznych-SPOLKA-FUNDACJA-STOWARZYSZENIE-2.docx\"  data-id=\"1799\" >za\u0142\u0105cznik nr 4d <span>(DOCX, 40 KB)<\/span><\/a><\/li>\n<\/ul>\n","protected":false},"excerpt":{"rendered":"<p>Zarz\u0105dzenie nr 21\/2026 w sprawie wprowadzenia wzor\u00f3w i ustalenia zasad zawierania um\u00f3w w Politechnice Bia\u0142ostockiej<\/p>\n","protected":false},"author":2,"featured_media":0,"parent":1735,"menu_order":2,"comment_status":"closed","ping_status":"closed","template":"","meta":{"_acf_changed":false,"ngg_post_thumbnail":0,"footnotes":""},"class_list":["post-1752","page","type-page","status-publish","hentry"],"acf":[],"_links":{"self":[{"href":"https:\/\/pb.edu.pl\/sok\/wp-json\/wp\/v2\/pages\/1752","targetHints":{"allow":["GET"]}}],"collection":[{"href":"https:\/\/pb.edu.pl\/sok\/wp-json\/wp\/v2\/pages"}],"about":[{"href":"https:\/\/pb.edu.pl\/sok\/wp-json\/wp\/v2\/types\/page"}],"author":[{"embeddable":true,"href":"https:\/\/pb.edu.pl\/sok\/wp-json\/wp\/v2\/users\/2"}],"replies":[{"embeddable":true,"href":"https:\/\/pb.edu.pl\/sok\/wp-json\/wp\/v2\/comments?post=1752"}],"version-history":[{"count":9,"href":"https:\/\/pb.edu.pl\/sok\/wp-json\/wp\/v2\/pages\/1752\/revisions"}],"predecessor-version":[{"id":1803,"href":"https:\/\/pb.edu.pl\/sok\/wp-json\/wp\/v2\/pages\/1752\/revisions\/1803"}],"up":[{"embeddable":true,"href":"https:\/\/pb.edu.pl\/sok\/wp-json\/wp\/v2\/pages\/1735"}],"wp:attachment":[{"href":"https:\/\/pb.edu.pl\/sok\/wp-json\/wp\/v2\/media?parent=1752"}],"curies":[{"name":"wp","href":"https:\/\/api.w.org\/{rel}","templated":true}]}}