{"id":1750,"date":"2024-09-12T22:37:41","date_gmt":"2024-09-12T20:37:41","guid":{"rendered":"https:\/\/pb.edu.pl\/sok\/?page_id=1750"},"modified":"2026-02-24T22:57:24","modified_gmt":"2026-02-24T21:57:24","slug":"pensum","status":"publish","type":"page","link":"https:\/\/pb.edu.pl\/sok\/organizacja-ksztalcenia\/pensum\/","title":{"rendered":"Pensum"},"content":{"rendered":"<p><a class=\"h3\" href=\"https:\/\/bip.pb.edu.pl\/?event=informacja&amp;id=18943\">Regulamin Pracy<\/a><\/p>\n<p><a class=\"h3\" href=\"https:\/\/bip.pb.edu.pl\/index.php?event=informacja&amp;id=18942\">Regulamin wynagradzania<\/a><\/p>\n<div class=\"h3\">Zarz\u0105dzenia zwi\u0105zane z planowaniem i rozliczaniem dydaktyki:<\/div>\n<p><a  class=\"pdf\" href=\"https:\/\/pb.edu.pl\/sok\/wp-content\/uploads\/sites\/135\/2026\/02\/Zarzadzenie-Nr-12-2026.pdf\" target=\"_blank\" data-id=\"1822\" >Zarz\u0105dzenie nr 12\/2026 Rektora Politechniki Bia\u0142ostockiej z dnia 27 stycznia 2026 roku w sprawie zmiany zarz\u0105dzenia w sprawie obiegu i wzor\u00f3w druk\u00f3w obowi\u0105zuj\u0105cych przy rozliczaniu godzin dydaktycznych  <span>(PDF, 953 KB, otworzy si\u0119 w nowej karcie)<\/span><\/a><\/p>\n<p><a  class=\"pdf\" href=\"https:\/\/pb.edu.pl\/sok\/wp-content\/uploads\/sites\/135\/2026\/02\/Zarzadzenie-17-2022.pdf\" target=\"_blank\" data-id=\"1823\" >Zarz\u0105dzenie nr 17\/2022 w sprawie obiegu i wzor\u00f3w druk\u00f3w obowi\u0105zuj\u0105cych przy rozliczaniu godzin dydaktycznych <span>(PDF, 2 MB, otworzy si\u0119 w nowej karcie)<\/span><\/a><\/p>\n<div class=\"h3\">Wzory zwi\u0105zane z planowaniem i rozliczaniem dydaktyki:<\/div>\n<p>Planowanie procesu dydaktycznego &#8211; <a title=\"pobierz plik\" class=\"docx\" href=\"https:\/\/pb.edu.pl\/sok\/wp-content\/uploads\/sites\/135\/2026\/02\/Zalacznik-nr-1-do-zarz-12-2026-planowanie-dydaktyki.docx\"  data-id=\"1825\" >za\u0142\u0105cznik nr 1 do zarz\u0105dzenia 12\/2026 <span>(DOCX, 45 KB)<\/span><\/a><\/p>\n<p>Sprawozdanie z realizacji zaj\u0119\u0107 dydaktycznych (studia stacjonarne i niestacjonarne) &#8211; <a title=\"pobierz plik\" class=\"xls\" href=\"https:\/\/pb.edu.pl\/sok\/wp-content\/uploads\/sites\/135\/2026\/02\/Zalacznik-nr-2-do-zarz-nr-17-2022-sprawozdanie-z-realizacji-zajec-dydaktycznych.xls\"  data-id=\"1826\" >za\u0142\u0105cznik nr 2 do zarz\u0105dzenia 17\/2022 <span>(XLS, 118 KB)<\/span><\/a><\/p>\n<p>Wniosek o \u015bwiadczenie wzajemnej dydaktyki &#8211; <a title=\"pobierz plik\" class=\"xls\" href=\"https:\/\/pb.edu.pl\/sok\/wp-content\/uploads\/sites\/135\/2026\/02\/Zalacznik-nr-3-do-zarz-nr-17-2022-wniosek-o-swiadczenie-wzajemnej-dydaktyki.xls\"  data-id=\"1827\" >za\u0142\u0105cznik nr 3 do zarz\u0105dzenia 17\/2022 <span>(XLS, 41 KB)<\/span><\/a><\/p>\n<p>Odpowied\u017a na wniosek o \u015bwiadczenie wzajemnej dydaktyki &#8211; <a title=\"pobierz plik\" class=\"doc\" href=\"https:\/\/pb.edu.pl\/sok\/wp-content\/uploads\/sites\/135\/2026\/02\/Zalacznik-nr-4-do-zarz-12-2026-indywidualna-karta-.doc\"  data-id=\"1828\" >za\u0142\u0105cznik nr 4 do zarz\u0105dzenia 17\/2022 <span>(DOC, 54 KB)<\/span><\/a><\/p>\n<p>Zestawienie rocznych zada\u0144 dydaktycznych &#8211; <a title=\"pobierz plik\" class=\"xls\" href=\"https:\/\/pb.edu.pl\/sok\/wp-content\/uploads\/sites\/135\/2026\/02\/Zalacznik-2-i-3-do-zarz-12-2026-zestawienie-zadan-dydaktycznych-.xls\"  data-id=\"1829\" >za\u0142\u0105cznik nr 2 i 3 do zarz\u0105dzenia 12\/2026  <span>(XLS, 185 KB)<\/span><\/a><\/p>\n<p>O\u015bwiadczenie \u2013 wyra\u017cenie zgody na prowadzenie zaj\u0119\u0107 dydaktycznych w wymiarze przekraczaj\u0105cym liczb\u0119 godzin ponadwymiarowych okre\u015blon\u0105 w art. 127 ust. 6 ustawy z dnia 20 lipca 2018 r. Prawo o szkolnictwie wy\u017cszym i nauce (Dz. U. z 2020 r. poz. 85, z p\u00f3\u017an. zm.) &#8211; <a title=\"pobierz plik\" class=\"doc\" href=\"https:\/\/pb.edu.pl\/sok\/wp-content\/uploads\/sites\/135\/2026\/02\/Zalacznik-nr-7-do-zarz-nr-17-2022-oswiadczenie-nauczyciela.doc\"  data-id=\"1830\" >za\u0142\u0105cznik nr 7 do zarz\u0105dzenia 17\/2022 <span>(DOC, 31 KB)<\/span><\/a><\/p>\n<p>O\u015bwiadczenie \u2013 wyra\u017cenie zgody na prowadzenie zaj\u0119\u0107 dydaktycznych w wymiarze przekraczaj\u0105cym liczb\u0119 godzin ponadwymiarowych okre\u015blon\u0105 w art. 127 ust. 8 ustawy z dnia 20 lipca 2018 r. Prawo o szkolnictwie wy\u017cszym i nauce (Dz. U. z 2020 r. poz. 85, z p\u00f3\u017an. zm.) \u2013 <strong>DOTYCZY Nauczyciela akademickiego b\u0119d\u0105cego w ci\u0105\u017cy lub wychowuj\u0105cego dziecko do uko\u0144czenia przez nie 4. roku \u017cycia<\/strong> &#8211; <a title=\"pobierz plik\" class=\"docx\" href=\"https:\/\/pb.edu.pl\/sok\/wp-content\/uploads\/sites\/135\/2026\/02\/Zalacznik-nr-8-do-zarz-nr-17-2022-oswiadczenie-nauczyciela-bedacego-w-ciazy.docx\"  data-id=\"1831\" >za\u0142\u0105cznik nr 8 do zarz\u0105dzenia 17\/2022 <span>(DOCX, 13 KB)<\/span><\/a><\/p>\n<p>Indywidualna karta przydzia\u0142u prac dyplomowych &#8211; <a title=\"pobierz plik\" class=\"doc\" href=\"https:\/\/pb.edu.pl\/sok\/wp-content\/uploads\/sites\/135\/2026\/02\/Zalacznik-nr-4-do-zarz-12-2026-indywidualna-karta-1-1.doc\"  data-id=\"1832\" >za\u0142\u0105cznik nr 4 do zarz\u0105dzenia 12\/2026 <span>(DOC, 54 KB)<\/span><\/a><\/p>\n<p>Wykaz cz\u0142onk\u00f3w komisji &#8211; <a title=\"pobierz plik\" class=\"docx\" href=\"https:\/\/pb.edu.pl\/sok\/wp-content\/uploads\/sites\/135\/2026\/02\/Zalacznik-5-do-zarz-12-2026-Wykaz-czlonkow-komisji-wg-jednostki-zatrudnienia.docx\"  data-id=\"1833\" >za\u0142\u0105cznik nr 5 do zarz\u0105dzenia 12\/2026 <span>(DOCX, 16 KB)<\/span><\/a><\/p>\n<p>Rozliczenie zaj\u0119\u0107 dydaktycznych, rozliczenie dop\u0142at do wynagrodzenia i wynagrodzenia dodatkowego, dyspozycja wyp\u0142aty &#8211; <a title=\"pobierz plik\" class=\"xlsx\" href=\"https:\/\/pb.edu.pl\/sok\/wp-content\/uploads\/sites\/135\/2026\/02\/Zalacznik-6-i-7-i-8-do-zarz-12-2026-ROZLICZENIE-.xlsx\"  data-id=\"1834\" >za\u0142\u0105cznik nr 6, 7 i 8 do zarz\u0105dzenia 12\/2026 <span>(XLSX, 120 KB)<\/span><\/a><\/p>\n","protected":false},"excerpt":{"rendered":"<p>Regulamin Pracy Regulamin wynagradzania Zarz\u0105dzenia zwi\u0105zane z planowaniem i rozliczaniem dydaktyki: Zarz\u0105dzenie nr 12\/2026 Rektora<\/p>\n","protected":false},"author":2,"featured_media":0,"parent":1735,"menu_order":1,"comment_status":"closed","ping_status":"closed","template":"","meta":{"_acf_changed":false,"ngg_post_thumbnail":0,"footnotes":""},"class_list":["post-1750","page","type-page","status-publish","hentry"],"acf":[],"_links":{"self":[{"href":"https:\/\/pb.edu.pl\/sok\/wp-json\/wp\/v2\/pages\/1750","targetHints":{"allow":["GET"]}}],"collection":[{"href":"https:\/\/pb.edu.pl\/sok\/wp-json\/wp\/v2\/pages"}],"about":[{"href":"https:\/\/pb.edu.pl\/sok\/wp-json\/wp\/v2\/types\/page"}],"author":[{"embeddable":true,"href":"https:\/\/pb.edu.pl\/sok\/wp-json\/wp\/v2\/users\/2"}],"replies":[{"embeddable":true,"href":"https:\/\/pb.edu.pl\/sok\/wp-json\/wp\/v2\/comments?post=1750"}],"version-history":[{"count":4,"href":"https:\/\/pb.edu.pl\/sok\/wp-json\/wp\/v2\/pages\/1750\/revisions"}],"predecessor-version":[{"id":1836,"href":"https:\/\/pb.edu.pl\/sok\/wp-json\/wp\/v2\/pages\/1750\/revisions\/1836"}],"up":[{"embeddable":true,"href":"https:\/\/pb.edu.pl\/sok\/wp-json\/wp\/v2\/pages\/1735"}],"wp:attachment":[{"href":"https:\/\/pb.edu.pl\/sok\/wp-json\/wp\/v2\/media?parent=1750"}],"curies":[{"name":"wp","href":"https:\/\/api.w.org\/{rel}","templated":true}]}}