{"id":1739,"date":"2024-09-12T17:11:08","date_gmt":"2024-09-12T15:11:08","guid":{"rendered":"https:\/\/pb.edu.pl\/sok\/?page_id=1739"},"modified":"2026-03-31T12:48:19","modified_gmt":"2026-03-31T10:48:19","slug":"nostryfikacja","status":"publish","type":"page","link":"https:\/\/pb.edu.pl\/sok\/nostryfikacja\/","title":{"rendered":"Nostryfikacja"},"content":{"rendered":"<p>Nostryfikacji podlega dyplom uko\u0144czenia studi\u00f3w za granic\u0105, kt\u00f3ry nie mo\u017ce by\u0107 uznany za r\u00f3wnowa\u017cny odpowiedniemu polskiemu dyplomowi i tytu\u0142owi zawodowemu na podstawie umowy mi\u0119dzynarodowej okre\u015blaj\u0105cej r\u00f3wnowa\u017cno\u015b\u0107.<\/p>\n<p><a title=\"Otworzy si\u0119 w nowej karcie\" href=\"http:\/\/isap.sejm.gov.pl\/isap.nsf\/DocDetails.xsp?id=WDU20180001881\" target=\"_blank\" rel=\"noopener\">Rozporz\u0105dzenie Ministra Nauki i Szkolnictwa Wy\u017cszego z dnia 28 wrze\u015bnia 2018 r. w sprawie nostryfikacji dyplom\u00f3w uko\u0144czenia studi\u00f3w za granic\u0105 oraz potwierdzania uko\u0144czenia studi\u00f3w na okre\u015blonym poziomie (Dz. U. z 2018 poz. 1881)<\/a><\/p>\n<p><a href=\"https:\/\/bip.pb.edu.pl\/index.php?event=informacja&amp;id=16738\">Zarz\u0105dzenie nr 1070 Rektora Politechniki Bia\u0142ostockiej z dnia 17 stycznia 2020 roku w sprawie zasad nostryfikacji dyplom\u00f3w uko\u0144czenia studi\u00f3w za granic\u0105 w Politechnice Bia\u0142ostockiej<\/a><\/p>\n<p>&nbsp;<br \/>\nZmiany w zarz\u0105dzeniu w sprawie zasad nostryfikacji &#8211; <a  class=\"pdf\" href=\"https:\/\/pb.edu.pl\/sok\/wp-content\/uploads\/sites\/135\/2026\/03\/Zarzadzenie-Nr-31-2026.pdf\" target=\"_blank\" data-id=\"1839\" >Zarz\u0105dzenie 31\/2026 <span>(PDF, 304 KB, otworzy si\u0119 w nowej karcie)<\/span><\/a><\/p>\n<p><strong>Dokumenty do pobrania:<\/strong><br \/>\n<a  class=\"pdf\" href=\"https:\/\/pb.edu.pl\/sok\/wp-content\/uploads\/sites\/135\/2026\/03\/Zalacznik-nr-1-do-Zarzadzenia-Zasady-nostryfikacji-dyplomow-ukonczenia-studiow-za-granica-w-Politechnice-Bialostockiej.pdf\" target=\"_blank\" data-id=\"1840\" >Za\u0142\u0105cznik nr 1 &#8211; zasady nostryfikacji <span>(PDF, 103 KB, otworzy si\u0119 w nowej karcie)<\/span><\/a><\/p>\n<p><a title=\"pobierz plik\" class=\"docx\" href=\"https:\/\/pb.edu.pl\/sok\/wp-content\/uploads\/sites\/135\/2026\/03\/Zalacznik-nr-2-do-Zarzadzenia-Wniosek.docx\"  data-id=\"1841\" >Za\u0142\u0105cznik nr 2 &#8211; Wniosek <span>(DOCX, 26 KB)<\/span><\/a><\/p>\n<p><a title=\"pobierz plik\" class=\"doc\" href=\"https:\/\/pb.edu.pl\/sok\/wp-content\/uploads\/sites\/135\/2026\/03\/Zalacznik-nr-3-do-Zarzadzenia-Decyzja.doc\"  data-id=\"1842\" >Za\u0142\u0105cznik nr 3 &#8211; Decyzja <span>(DOC, 58 KB)<\/span><\/a><\/p>\n","protected":false},"excerpt":{"rendered":"<p>Nostryfikacji podlega dyplom uko\u0144czenia studi\u00f3w za granic\u0105, kt\u00f3ry nie mo\u017ce by\u0107 uznany za r\u00f3wnowa\u017cny odpowiedniemu<\/p>\n","protected":false},"author":2,"featured_media":0,"parent":0,"menu_order":3,"comment_status":"closed","ping_status":"closed","template":"","meta":{"_acf_changed":false,"ngg_post_thumbnail":0,"footnotes":""},"class_list":["post-1739","page","type-page","status-publish","hentry"],"acf":[],"_links":{"self":[{"href":"https:\/\/pb.edu.pl\/sok\/wp-json\/wp\/v2\/pages\/1739","targetHints":{"allow":["GET"]}}],"collection":[{"href":"https:\/\/pb.edu.pl\/sok\/wp-json\/wp\/v2\/pages"}],"about":[{"href":"https:\/\/pb.edu.pl\/sok\/wp-json\/wp\/v2\/types\/page"}],"author":[{"embeddable":true,"href":"https:\/\/pb.edu.pl\/sok\/wp-json\/wp\/v2\/users\/2"}],"replies":[{"embeddable":true,"href":"https:\/\/pb.edu.pl\/sok\/wp-json\/wp\/v2\/comments?post=1739"}],"version-history":[{"count":4,"href":"https:\/\/pb.edu.pl\/sok\/wp-json\/wp\/v2\/pages\/1739\/revisions"}],"predecessor-version":[{"id":1845,"href":"https:\/\/pb.edu.pl\/sok\/wp-json\/wp\/v2\/pages\/1739\/revisions\/1845"}],"wp:attachment":[{"href":"https:\/\/pb.edu.pl\/sok\/wp-json\/wp\/v2\/media?parent=1739"}],"curies":[{"name":"wp","href":"https:\/\/api.w.org\/{rel}","templated":true}]}}