{"id":9914,"date":"2021-06-15T10:25:45","date_gmt":"2021-06-15T08:25:45","guid":{"rendered":"https:\/\/pb.edu.pl\/sjo\/?page_id=9914"},"modified":"2026-02-25T08:50:10","modified_gmt":"2026-02-25T07:50:10","slug":"linki-jezyk-hiszpanski","status":"publish","type":"page","link":"https:\/\/pb.edu.pl\/sjo\/dla-studenta\/ciekawe-uzyteczne\/linki\/linki-jezyk-hiszpanski\/","title":{"rendered":"Linki &#8211; j\u0119zyk hiszpa\u0144ski"},"content":{"rendered":"<h2>S\u0142owniki<\/h2>\n<p><a href=\"https:\/\/pl.pons.com\/t%C5%82umaczenie\/hiszpa%C5%84ski-polski\" target=\"_blank\" rel=\"noopener\">https:\/\/pl.pons.com\/t%C5%82umaczenie\/hiszpa%C5%84ski-polski<\/a><\/p>\n<h2>Gramatyka<\/h2>\n<p><a href=\"https:\/\/www.ver-taal.com\/gramatica.htm\" target=\"_blank\" rel=\"noopener\">https:\/\/www.ver-taal.com\/gramatica.htm<\/a><br \/>\n<a href=\"https:\/\/hiszpanski.ang.pl\/cwiczenia#google_vignette\" target=\"_blank\" rel=\"noopener\">https:\/\/hiszpanski.ang.pl\/cwiczenia#google_vignette<\/a><\/p>\n<h2>S\u0142ownictwo<\/h2>\n<p><a href=\"https:\/\/www.ver-taal.com\/vocabulario.htm\" target=\"_blank\" rel=\"noopener\">https:\/\/www.ver-taal.com\/vocabulario.htm<\/a><\/p>\n<h2>Inne<\/h2>\n<p><a href=\"http:\/\/www.videoele.com\/\" target=\"_blank\" rel=\"noopener\">http:\/\/www.videoele.com\/<\/a><br \/>\n<a href=\"https:\/\/e-hiszpanski.com\/\" target=\"_blank\" rel=\"noopener\">https:\/\/e-hiszpanski.com\/<\/a><\/p>\n","protected":false},"excerpt":{"rendered":"<p>S\u0142owniki https:\/\/pl.pons.com\/t%C5%82umaczenie\/hiszpa%C5%84ski-polski Gramatyka https:\/\/www.ver-taal.com\/gramatica.htm https:\/\/hiszpanski.ang.pl\/cwiczenia#google_vignette S\u0142ownictwo https:\/\/www.ver-taal.com\/vocabulario.htm Inne http:\/\/www.videoele.com\/ https:\/\/e-hiszpanski.com\/<\/p>\n","protected":false},"author":6,"featured_media":0,"parent":7212,"menu_order":0,"comment_status":"closed","ping_status":"closed","template":"","meta":{"_acf_changed":false,"ngg_post_thumbnail":0,"footnotes":""},"class_list":["post-9914","page","type-page","status-publish","hentry"],"acf":[],"yoast_head":"<!-- This site is optimized with the Yoast SEO plugin v27.0 - https:\/\/yoast.com\/product\/yoast-seo-wordpress\/ -->\n<title>Linki - j\u0119zyk hiszpa\u0144ski - Studium J\u0119zyk\u00f3w Obcych<\/title>\n<meta name=\"description\" content=\"S\u0142owniki https:\/\/pl.pons.com\/t%C5%82umaczenie\/hiszpa%C5%84ski-polski Gramatyka https:\/\/www.ver-taal.com\/gramatica.htm\" \/>\n<meta name=\"robots\" content=\"index, follow, max-snippet:-1, max-image-preview:large, max-video-preview:-1\" \/>\n<link rel=\"canonical\" href=\"https:\/\/pb.edu.pl\/sjo\/dla-studenta\/ciekawe-uzyteczne\/linki\/linki-jezyk-hiszpanski\/\" \/>\n<meta property=\"og:locale\" content=\"pl_PL\" \/>\n<meta property=\"og:type\" content=\"article\" \/>\n<meta property=\"og:title\" content=\"Linki - j\u0119zyk hiszpa\u0144ski - Studium J\u0119zyk\u00f3w Obcych\" \/>\n<meta property=\"og:description\" content=\"S\u0142owniki https:\/\/pl.pons.com\/t%C5%82umaczenie\/hiszpa%C5%84ski-polski Gramatyka https:\/\/www.ver-taal.com\/gramatica.htm\" \/>\n<meta property=\"og:url\" content=\"https:\/\/pb.edu.pl\/sjo\/dla-studenta\/ciekawe-uzyteczne\/linki\/linki-jezyk-hiszpanski\/\" \/>\n<meta property=\"og:site_name\" content=\"Studium J\u0119zyk\u00f3w Obcych\" \/>\n<meta property=\"article:modified_time\" content=\"2026-02-25T07:50:10+00:00\" \/>\n<meta name=\"twitter:label1\" content=\"Szacowany czas czytania\" \/>\n\t<meta name=\"twitter:data1\" content=\"1 minuta\" \/>\n<script type=\"application\/ld+json\" class=\"yoast-schema-graph\">{\"@context\":\"https:\/\/schema.org\",\"@graph\":[{\"@type\":\"WebPage\",\"@id\":\"https:\/\/pb.edu.pl\/sjo\/dla-studenta\/ciekawe-uzyteczne\/linki\/linki-jezyk-hiszpanski\/\",\"url\":\"https:\/\/pb.edu.pl\/sjo\/dla-studenta\/ciekawe-uzyteczne\/linki\/linki-jezyk-hiszpanski\/\",\"name\":\"Linki - j\u0119zyk hiszpa\u0144ski - Studium J\u0119zyk\u00f3w Obcych\",\"isPartOf\":{\"@id\":\"https:\/\/pb.edu.pl\/sjo\/#website\"},\"datePublished\":\"2021-06-15T08:25:45+00:00\",\"dateModified\":\"2026-02-25T07:50:10+00:00\",\"description\":\"S\u0142owniki https:\/\/pl.pons.com\/t%C5%82umaczenie\/hiszpa%C5%84ski-polski Gramatyka https:\/\/www.ver-taal.com\/gramatica.htm\",\"breadcrumb\":{\"@id\":\"https:\/\/pb.edu.pl\/sjo\/dla-studenta\/ciekawe-uzyteczne\/linki\/linki-jezyk-hiszpanski\/#breadcrumb\"},\"inLanguage\":\"pl-PL\",\"potentialAction\":[{\"@type\":\"ReadAction\",\"target\":[\"https:\/\/pb.edu.pl\/sjo\/dla-studenta\/ciekawe-uzyteczne\/linki\/linki-jezyk-hiszpanski\/\"]}]},{\"@type\":\"BreadcrumbList\",\"@id\":\"https:\/\/pb.edu.pl\/sjo\/dla-studenta\/ciekawe-uzyteczne\/linki\/linki-jezyk-hiszpanski\/#breadcrumb\",\"itemListElement\":[{\"@type\":\"ListItem\",\"position\":1,\"name\":\"Home\",\"item\":\"https:\/\/pb.edu.pl\/sjo\/\"},{\"@type\":\"ListItem\",\"position\":2,\"name\":\"Studiuj\u0119 w PB\",\"item\":\"https:\/\/pb.edu.pl\/sjo\/dla-studenta\/\"},{\"@type\":\"ListItem\",\"position\":3,\"name\":\"Ciekawe i u\u017cyteczne\",\"item\":\"https:\/\/pb.edu.pl\/sjo\/dla-studenta\/ciekawe-uzyteczne\/\"},{\"@type\":\"ListItem\",\"position\":4,\"name\":\"Pomocne linki\",\"item\":\"https:\/\/pb.edu.pl\/sjo\/dla-studenta\/ciekawe-uzyteczne\/linki\/\"},{\"@type\":\"ListItem\",\"position\":5,\"name\":\"Linki &#8211; j\u0119zyk hiszpa\u0144ski\"}]},{\"@type\":\"WebSite\",\"@id\":\"https:\/\/pb.edu.pl\/sjo\/#website\",\"url\":\"https:\/\/pb.edu.pl\/sjo\/\",\"name\":\"Studium J\u0119zyk\u00f3w Obcych\",\"description\":\"\",\"potentialAction\":[{\"@type\":\"SearchAction\",\"target\":{\"@type\":\"EntryPoint\",\"urlTemplate\":\"https:\/\/pb.edu.pl\/sjo\/?s={search_term_string}\"},\"query-input\":{\"@type\":\"PropertyValueSpecification\",\"valueRequired\":true,\"valueName\":\"search_term_string\"}}],\"inLanguage\":\"pl-PL\"}]}<\/script>\n<!-- \/ Yoast SEO plugin. -->","yoast_head_json":{"title":"Linki - j\u0119zyk hiszpa\u0144ski - Studium J\u0119zyk\u00f3w Obcych","description":"S\u0142owniki https:\/\/pl.pons.com\/t%C5%82umaczenie\/hiszpa%C5%84ski-polski Gramatyka https:\/\/www.ver-taal.com\/gramatica.htm","robots":{"index":"index","follow":"follow","max-snippet":"max-snippet:-1","max-image-preview":"max-image-preview:large","max-video-preview":"max-video-preview:-1"},"canonical":"https:\/\/pb.edu.pl\/sjo\/dla-studenta\/ciekawe-uzyteczne\/linki\/linki-jezyk-hiszpanski\/","og_locale":"pl_PL","og_type":"article","og_title":"Linki - j\u0119zyk hiszpa\u0144ski - Studium J\u0119zyk\u00f3w Obcych","og_description":"S\u0142owniki https:\/\/pl.pons.com\/t%C5%82umaczenie\/hiszpa%C5%84ski-polski Gramatyka https:\/\/www.ver-taal.com\/gramatica.htm","og_url":"https:\/\/pb.edu.pl\/sjo\/dla-studenta\/ciekawe-uzyteczne\/linki\/linki-jezyk-hiszpanski\/","og_site_name":"Studium J\u0119zyk\u00f3w Obcych","article_modified_time":"2026-02-25T07:50:10+00:00","twitter_misc":{"Szacowany czas czytania":"1 minuta"},"schema":{"@context":"https:\/\/schema.org","@graph":[{"@type":"WebPage","@id":"https:\/\/pb.edu.pl\/sjo\/dla-studenta\/ciekawe-uzyteczne\/linki\/linki-jezyk-hiszpanski\/","url":"https:\/\/pb.edu.pl\/sjo\/dla-studenta\/ciekawe-uzyteczne\/linki\/linki-jezyk-hiszpanski\/","name":"Linki - j\u0119zyk hiszpa\u0144ski - Studium J\u0119zyk\u00f3w Obcych","isPartOf":{"@id":"https:\/\/pb.edu.pl\/sjo\/#website"},"datePublished":"2021-06-15T08:25:45+00:00","dateModified":"2026-02-25T07:50:10+00:00","description":"S\u0142owniki https:\/\/pl.pons.com\/t%C5%82umaczenie\/hiszpa%C5%84ski-polski Gramatyka https:\/\/www.ver-taal.com\/gramatica.htm","breadcrumb":{"@id":"https:\/\/pb.edu.pl\/sjo\/dla-studenta\/ciekawe-uzyteczne\/linki\/linki-jezyk-hiszpanski\/#breadcrumb"},"inLanguage":"pl-PL","potentialAction":[{"@type":"ReadAction","target":["https:\/\/pb.edu.pl\/sjo\/dla-studenta\/ciekawe-uzyteczne\/linki\/linki-jezyk-hiszpanski\/"]}]},{"@type":"BreadcrumbList","@id":"https:\/\/pb.edu.pl\/sjo\/dla-studenta\/ciekawe-uzyteczne\/linki\/linki-jezyk-hiszpanski\/#breadcrumb","itemListElement":[{"@type":"ListItem","position":1,"name":"Home","item":"https:\/\/pb.edu.pl\/sjo\/"},{"@type":"ListItem","position":2,"name":"Studiuj\u0119 w PB","item":"https:\/\/pb.edu.pl\/sjo\/dla-studenta\/"},{"@type":"ListItem","position":3,"name":"Ciekawe i u\u017cyteczne","item":"https:\/\/pb.edu.pl\/sjo\/dla-studenta\/ciekawe-uzyteczne\/"},{"@type":"ListItem","position":4,"name":"Pomocne linki","item":"https:\/\/pb.edu.pl\/sjo\/dla-studenta\/ciekawe-uzyteczne\/linki\/"},{"@type":"ListItem","position":5,"name":"Linki &#8211; j\u0119zyk hiszpa\u0144ski"}]},{"@type":"WebSite","@id":"https:\/\/pb.edu.pl\/sjo\/#website","url":"https:\/\/pb.edu.pl\/sjo\/","name":"Studium J\u0119zyk\u00f3w Obcych","description":"","potentialAction":[{"@type":"SearchAction","target":{"@type":"EntryPoint","urlTemplate":"https:\/\/pb.edu.pl\/sjo\/?s={search_term_string}"},"query-input":{"@type":"PropertyValueSpecification","valueRequired":true,"valueName":"search_term_string"}}],"inLanguage":"pl-PL"}]}},"_links":{"self":[{"href":"https:\/\/pb.edu.pl\/sjo\/wp-json\/wp\/v2\/pages\/9914","targetHints":{"allow":["GET"]}}],"collection":[{"href":"https:\/\/pb.edu.pl\/sjo\/wp-json\/wp\/v2\/pages"}],"about":[{"href":"https:\/\/pb.edu.pl\/sjo\/wp-json\/wp\/v2\/types\/page"}],"author":[{"embeddable":true,"href":"https:\/\/pb.edu.pl\/sjo\/wp-json\/wp\/v2\/users\/6"}],"replies":[{"embeddable":true,"href":"https:\/\/pb.edu.pl\/sjo\/wp-json\/wp\/v2\/comments?post=9914"}],"version-history":[{"count":2,"href":"https:\/\/pb.edu.pl\/sjo\/wp-json\/wp\/v2\/pages\/9914\/revisions"}],"predecessor-version":[{"id":30968,"href":"https:\/\/pb.edu.pl\/sjo\/wp-json\/wp\/v2\/pages\/9914\/revisions\/30968"}],"up":[{"embeddable":true,"href":"https:\/\/pb.edu.pl\/sjo\/wp-json\/wp\/v2\/pages\/7212"}],"wp:attachment":[{"href":"https:\/\/pb.edu.pl\/sjo\/wp-json\/wp\/v2\/media?parent=9914"}],"curies":[{"name":"wp","href":"https:\/\/api.w.org\/{rel}","templated":true}]}}