{"id":9859,"date":"2021-05-20T12:53:11","date_gmt":"2021-05-20T10:53:11","guid":{"rendered":"https:\/\/pb.edu.pl\/sjo\/?page_id=9859"},"modified":"2026-01-20T13:56:18","modified_gmt":"2026-01-20T12:56:18","slug":"tutoring","status":"publish","type":"page","link":"https:\/\/pb.edu.pl\/sjo\/dla-studenta\/tutoring\/","title":{"rendered":"Tutoring"},"content":{"rendered":"<h2>Tutor akademicki<\/h2>\n<p>to <strong>wyk\u0142adowca, kt\u00f3ry ma predyspozycje, zapa\u0142 i kwalifikacje do pracy dydaktycznej&nbsp; w wymiarze spersonalizowanym<\/strong>, odzwierciedlaj\u0105cym relacj\u0119 mistrz-ucze\u0144. W zasadzie nic nowego \u2013 powr\u00f3t do staro\u017cytnych wzorc\u00f3w. Jednak gdzie\u015b na drodze rozwoju cywilizacji, coraz szerszego dost\u0119pu do szkolnictwa, masowo\u015bci i standaryzacji edukacji zagubi\u0142a nam si\u0119 pierwotna idea zdobywania wiedzy w wyniku spotkania, dialogu i pog\u0142\u0119bionej refleksji. <strong>Tutoring<\/strong> na powr\u00f3t otwiera na uczelni przestrze\u0144 dla zindywidualizowanego procesu rozwojowego, w kt\u00f3rym <strong>nauczyciel-mistrz<\/strong> (tutor) prowadzi, towarzyszy i inspiruje, a <strong>student-ucze\u0144<\/strong> (podopieczny) pod\u0105\u017ca, analizuje i docieka.<\/p>\n<p>Teraz nie musisz jecha\u0107 do Oxfordu ani Cambridge, aby do\u015bwiadczy\u0107 tej metody, bo ju\u017c jest dost\u0119pna na Politechnice Bia\u0142ostockiej!<\/p>\n<h2>Tutoring w SJO<\/h2>\n<p>W Studium J\u0119zyk\u00f3w Obcych mamy pi\u0119\u0107 certyfikowanych tutorek (<em>tutors<\/em>) I stopnia. To nie tylko wyk\u0142adowczynie j\u0119zyk\u00f3w obcych, ale przede wszystkim osoby otwarte na innych, ch\u0119tne do rozmowy i wsparcia, pe\u0142ne pomys\u0142\u00f3w i wiedzy.<\/p>\n<p>Aktualnie realizujemy Program Tutorski w ramach projektu <a href=\"https:\/\/pb.edu.pl\/doskonalosc-dydaktyczna\/\">Doskona\u0142o\u015b\u0107 Dydaktyczna Uczelni.<\/a><\/p>\n<p>&nbsp;<\/p>\n<div style=\"margin: 0 auto;max-width: 900px\"><div class=\"row\">\n<div class=\"col-md-4\">\n\t<div class=\"boxlink animated zoomIn \">\n\t\t<a href=\"https:\/\/pb.edu.pl\/sjo\/wp-content\/uploads\/sites\/9\/2022\/12\/Sylwia-Dobkowska.pdf\" class=\"no-icon\">\n\t\t\t<div class=\"boxlink-title\"><span>mgr S. Dobkowska<\/span><\/div>\n\t\t\t<div class=\"boxlink-content\">\n\t\t\t\t<img loading=\"lazy\" decoding=\"async\" width=\"300\" height=\"200\" class=\"size-full wp-image-11699 aligncenter\" src=\"https:\/\/pb.edu.pl\/sjo\/wp-content\/uploads\/sites\/9\/2021\/11\/5-1.png\" alt=\"\">\t\t\t<\/div>\n\t\t<\/a>\n\t<\/div>\n\n<\/div>\n<div class=\"col-md-4\">\n\t<div class=\"boxlink animated zoomIn \">\n\t\t<a href=\"https:\/\/pb.edu.pl\/sjo\/wp-content\/uploads\/sites\/9\/2022\/12\/Malgorzata-Komarewska.pdf\" class=\"no-icon\">\n\t\t\t<div class=\"boxlink-title\"><span>mgr M. Komarewska<\/span><\/div>\n\t\t\t<div class=\"boxlink-content\">\n\t\t\t\t<img loading=\"lazy\" decoding=\"async\" width=\"300\" height=\"200\" class=\"size-full wp-image-11698 aligncenter\" src=\"https:\/\/pb.edu.pl\/sjo\/wp-content\/uploads\/sites\/9\/2021\/11\/4-1.png\" alt=\"\"><\/div>\n<div style=\"margin: 0 auto;max-width: 900px\">\t\t\t<\/div>\n\t\t<\/a>\n\t<\/div>\n\n<\/div>\n<div class=\"col-md-4\">\n\t<div class=\"boxlink animated zoomIn \">\n\t\t<a href=\"\/sjo\/wp-content\/uploads\/sites\/9\/2021\/10\/Violetta-Grabinska.pdf\" class=\"no-icon\">\n\t\t\t<div class=\"boxlink-title\"><span>mgr V. Grabi\u0144ska<\/span><\/div>\n\t\t\t<div class=\"boxlink-content\">\n\t\t\t\t<img loading=\"lazy\" decoding=\"async\" width=\"300\" height=\"200\" class=\"size-full wp-image-11697 aligncenter\" src=\"https:\/\/pb.edu.pl\/sjo\/wp-content\/uploads\/sites\/9\/2021\/11\/3-1.png\" alt=\"\">\t\t\t<\/div>\n\t\t<\/a>\n\t<\/div>\n\n<\/div>\n<\/div>\n<a id=\"kontakt_tutorki\"><\/a><br \/>\n<div class=\"row\">\n<div class=\"col-md-2\"><\/div>\n<div class=\"col-md-4\">\n\t<div class=\"boxlink animated zoomIn \">\n\t\t<a href=\"https:\/\/pb.edu.pl\/sjo\/wp-content\/uploads\/sites\/9\/2022\/12\/Anna-Kalisz-.pdf\" class=\"no-icon\">\n\t\t\t<div class=\"boxlink-title\"><span>mgr A. Kalisz<\/span><\/div>\n\t\t\t<div class=\"boxlink-content\">\n\t\t\t\t<img loading=\"lazy\" decoding=\"async\" class=\"aligncenter wp-image-13846 size-full\" src=\"https:\/\/pb.edu.pl\/sjo\/wp-content\/uploads\/sites\/9\/2022\/04\/Projekt-bez-tytulu-4.png\" alt=\"\" width=\"300\" height=\"200\">\t\t\t<\/div>\n\t\t<\/a>\n\t<\/div>\n\n<\/div>\n<div class=\"col-md-4\">\n\t<div class=\"boxlink animated zoomIn \">\n\t\t<a href=\"https:\/\/pb.edu.pl\/sjo\/wp-content\/uploads\/sites\/9\/2022\/12\/Urszula-Sochon-Okruszko.pdf\" class=\"no-icon\">\n\t\t\t<div class=\"boxlink-title\"><span>mgr U. Socho\u0144-Okruszko<\/span><\/div>\n\t\t\t<div class=\"boxlink-content\">\n\t\t\t\t<img loading=\"lazy\" decoding=\"async\" width=\"300\" height=\"200\" class=\"size-full wp-image-11695 aligncenter\" src=\"https:\/\/pb.edu.pl\/sjo\/wp-content\/uploads\/sites\/9\/2021\/11\/1-1.png\" alt=\"\">\t\t\t<\/div>\n\t\t<\/a>\n\t<\/div>\n\n<\/div>\n<div class=\"col-md-2\"><\/div>\n<\/div><\/div>\n<p>&nbsp;<\/p>\n<p>Je\u015bli masz pytania lub w\u0105tpliwo\u015bci, skontaktuj si\u0119 z nami:<\/p>\n<p>mgr <strong>Sylwia Dobkowska<\/strong> <i class=\"fa fa-envelope-o\" aria-hidden=\"true\"><\/i> s.dobkowska@pb.edu.pl<\/p>\n<p>mgr <strong>Violetta Grabi\u0144ska<\/strong> <i class=\"fa fa-envelope-o\" aria-hidden=\"true\"><\/i> v.grabinska@pb.edu.pl<\/p>\n<p>mgr <strong>Anna Kalisz<\/strong> <i class=\"fa fa-envelope-o\" aria-hidden=\"true\"><\/i> a.kalisz@pb.edu.pl<\/p>\n<p>mgr <strong>Ma\u0142gorzata Komarewska<\/strong> <i class=\"fa fa-envelope-o\" aria-hidden=\"true\"><\/i> m.komarewska@pb.edu.pl<\/p>\n<p>mgr <strong>Urszula Socho\u0144-Okruszko<\/strong> <i class=\"fa fa-envelope-o\" aria-hidden=\"true\"><\/i> u.sochon@pb.edu.pl<br \/>\n<a id=\"tutoring\"><\/a><br \/>\n&nbsp;<\/p>\n<p><a href=\"https:\/\/pb.edu.pl\/liceum-ogolnoksztalcace\/2022\/04\/06\/the-beauty-of-the-unnoticed-microcosm\/\">The Beauty of the Unnoticed Microcosm<\/a> &#8211; poznaj Marka, uczestnika Pilota\u017cowego Programu Tutoringu PB, pod opiek\u0105 dydaktyczn\u0105 mgr Urszuli Socho\u0144-Okruszko.<\/p>\n<p>&nbsp;<\/p>\n<h2 class=\"h2\">Co s\u0105dz\u0105 o Programie Tutorskim 2023 jego uczestnicy?<\/h2>\n<div>Kliknij, aby powi\u0119kszy\u0107.<\/div>\n<div id='gallery-1' class='gallery galleryid-9859 gallery-columns-2 gallery-size-medium'><figure class='gallery-item'>\n\t\t\t<div class='gallery-icon landscape'>\n\t\t\t\t<a href='https:\/\/pb.edu.pl\/sjo\/dla-studenta\/tutoring\/vg-3\/'><img loading=\"lazy\" decoding=\"async\" width=\"300\" height=\"169\" src=\"https:\/\/pb.edu.pl\/sjo\/wp-content\/uploads\/sites\/9\/2023\/07\/VG-300x169.png\" class=\"attachment-medium size-medium\" alt=\"\" srcset=\"https:\/\/pb.edu.pl\/sjo\/wp-content\/uploads\/sites\/9\/2023\/07\/VG-300x169.png 300w, https:\/\/pb.edu.pl\/sjo\/wp-content\/uploads\/sites\/9\/2023\/07\/VG-1024x576.png 1024w, https:\/\/pb.edu.pl\/sjo\/wp-content\/uploads\/sites\/9\/2023\/07\/VG-768x432.png 768w, https:\/\/pb.edu.pl\/sjo\/wp-content\/uploads\/sites\/9\/2023\/07\/VG-1536x864.png 1536w, https:\/\/pb.edu.pl\/sjo\/wp-content\/uploads\/sites\/9\/2023\/07\/VG.png 1920w\" sizes=\"auto, (max-width: 300px) 100vw, 300px\" \/><\/a>\n\t\t\t<\/div><\/figure><figure class='gallery-item'>\n\t\t\t<div class='gallery-icon landscape'>\n\t\t\t\t<a href='https:\/\/pb.edu.pl\/sjo\/dla-studenta\/tutoring\/us\/'><img loading=\"lazy\" decoding=\"async\" width=\"300\" height=\"169\" src=\"https:\/\/pb.edu.pl\/sjo\/wp-content\/uploads\/sites\/9\/2023\/07\/US-300x169.png\" class=\"attachment-medium size-medium\" alt=\"\" srcset=\"https:\/\/pb.edu.pl\/sjo\/wp-content\/uploads\/sites\/9\/2023\/07\/US-300x169.png 300w, https:\/\/pb.edu.pl\/sjo\/wp-content\/uploads\/sites\/9\/2023\/07\/US-1024x576.png 1024w, https:\/\/pb.edu.pl\/sjo\/wp-content\/uploads\/sites\/9\/2023\/07\/US-768x432.png 768w, https:\/\/pb.edu.pl\/sjo\/wp-content\/uploads\/sites\/9\/2023\/07\/US-1536x864.png 1536w, https:\/\/pb.edu.pl\/sjo\/wp-content\/uploads\/sites\/9\/2023\/07\/US.png 1920w\" sizes=\"auto, (max-width: 300px) 100vw, 300px\" \/><\/a>\n\t\t\t<\/div><\/figure><figure class='gallery-item'>\n\t\t\t<div class='gallery-icon landscape'>\n\t\t\t\t<a href='https:\/\/pb.edu.pl\/sjo\/dla-studenta\/tutoring\/mk-3\/'><img loading=\"lazy\" decoding=\"async\" width=\"300\" height=\"169\" src=\"https:\/\/pb.edu.pl\/sjo\/wp-content\/uploads\/sites\/9\/2023\/07\/MK-300x169.png\" class=\"attachment-medium size-medium\" alt=\"\" srcset=\"https:\/\/pb.edu.pl\/sjo\/wp-content\/uploads\/sites\/9\/2023\/07\/MK-300x169.png 300w, https:\/\/pb.edu.pl\/sjo\/wp-content\/uploads\/sites\/9\/2023\/07\/MK-1024x576.png 1024w, https:\/\/pb.edu.pl\/sjo\/wp-content\/uploads\/sites\/9\/2023\/07\/MK-768x432.png 768w, https:\/\/pb.edu.pl\/sjo\/wp-content\/uploads\/sites\/9\/2023\/07\/MK-1536x864.png 1536w, https:\/\/pb.edu.pl\/sjo\/wp-content\/uploads\/sites\/9\/2023\/07\/MK.png 1920w\" sizes=\"auto, (max-width: 300px) 100vw, 300px\" \/><\/a>\n\t\t\t<\/div><\/figure><figure class='gallery-item'>\n\t\t\t<div class='gallery-icon landscape'>\n\t\t\t\t<a href='https:\/\/pb.edu.pl\/sjo\/dla-studenta\/tutoring\/ak-5\/'><img loading=\"lazy\" decoding=\"async\" width=\"300\" height=\"169\" src=\"https:\/\/pb.edu.pl\/sjo\/wp-content\/uploads\/sites\/9\/2023\/07\/AK-300x169.png\" class=\"attachment-medium size-medium\" alt=\"\" srcset=\"https:\/\/pb.edu.pl\/sjo\/wp-content\/uploads\/sites\/9\/2023\/07\/AK-300x169.png 300w, https:\/\/pb.edu.pl\/sjo\/wp-content\/uploads\/sites\/9\/2023\/07\/AK-1024x576.png 1024w, https:\/\/pb.edu.pl\/sjo\/wp-content\/uploads\/sites\/9\/2023\/07\/AK-768x432.png 768w, https:\/\/pb.edu.pl\/sjo\/wp-content\/uploads\/sites\/9\/2023\/07\/AK-1536x864.png 1536w, https:\/\/pb.edu.pl\/sjo\/wp-content\/uploads\/sites\/9\/2023\/07\/AK.png 1920w\" sizes=\"auto, (max-width: 300px) 100vw, 300px\" \/><\/a>\n\t\t\t<\/div><\/figure>\n\t\t<\/div>\n\n<h2>Co s\u0105dz\u0105 o Pilota\u017cowym Programie Tutoringu 2021\/22 jego uczestnicy?<\/h2>\n<p>Kliknij, aby powi\u0119kszy\u0107.<\/p>\n<div>\n<div id='gallery-2' class='gallery galleryid-9859 gallery-columns-2 gallery-size-medium'><figure class='gallery-item'>\n\t\t\t<div class='gallery-icon landscape'>\n\t\t\t\t<a href='https:\/\/pb.edu.pl\/sjo\/dla-studenta\/tutoring\/4-13\/'><img loading=\"lazy\" decoding=\"async\" width=\"300\" height=\"169\" src=\"https:\/\/pb.edu.pl\/sjo\/wp-content\/uploads\/sites\/9\/2022\/07\/4-300x169.png\" class=\"attachment-medium size-medium\" alt=\"\" srcset=\"https:\/\/pb.edu.pl\/sjo\/wp-content\/uploads\/sites\/9\/2022\/07\/4-300x169.png 300w, https:\/\/pb.edu.pl\/sjo\/wp-content\/uploads\/sites\/9\/2022\/07\/4-1024x576.png 1024w, https:\/\/pb.edu.pl\/sjo\/wp-content\/uploads\/sites\/9\/2022\/07\/4-768x432.png 768w, https:\/\/pb.edu.pl\/sjo\/wp-content\/uploads\/sites\/9\/2022\/07\/4-1536x864.png 1536w, https:\/\/pb.edu.pl\/sjo\/wp-content\/uploads\/sites\/9\/2022\/07\/4.png 1920w\" sizes=\"auto, (max-width: 300px) 100vw, 300px\" \/><\/a>\n\t\t\t<\/div><\/figure><figure class='gallery-item'>\n\t\t\t<div class='gallery-icon landscape'>\n\t\t\t\t<a href='https:\/\/pb.edu.pl\/sjo\/dla-studenta\/tutoring\/3-15\/'><img loading=\"lazy\" decoding=\"async\" width=\"300\" height=\"169\" src=\"https:\/\/pb.edu.pl\/sjo\/wp-content\/uploads\/sites\/9\/2022\/07\/3-300x169.png\" class=\"attachment-medium size-medium\" alt=\"\" srcset=\"https:\/\/pb.edu.pl\/sjo\/wp-content\/uploads\/sites\/9\/2022\/07\/3-300x169.png 300w, https:\/\/pb.edu.pl\/sjo\/wp-content\/uploads\/sites\/9\/2022\/07\/3-1024x576.png 1024w, https:\/\/pb.edu.pl\/sjo\/wp-content\/uploads\/sites\/9\/2022\/07\/3-768x432.png 768w, https:\/\/pb.edu.pl\/sjo\/wp-content\/uploads\/sites\/9\/2022\/07\/3-1536x864.png 1536w, https:\/\/pb.edu.pl\/sjo\/wp-content\/uploads\/sites\/9\/2022\/07\/3.png 1920w\" sizes=\"auto, (max-width: 300px) 100vw, 300px\" \/><\/a>\n\t\t\t<\/div><\/figure><figure class='gallery-item'>\n\t\t\t<div class='gallery-icon landscape'>\n\t\t\t\t<a href='https:\/\/pb.edu.pl\/sjo\/dla-studenta\/tutoring\/2-20\/'><img loading=\"lazy\" decoding=\"async\" width=\"300\" height=\"169\" src=\"https:\/\/pb.edu.pl\/sjo\/wp-content\/uploads\/sites\/9\/2022\/07\/2-300x169.png\" class=\"attachment-medium size-medium\" alt=\"\" srcset=\"https:\/\/pb.edu.pl\/sjo\/wp-content\/uploads\/sites\/9\/2022\/07\/2-300x169.png 300w, https:\/\/pb.edu.pl\/sjo\/wp-content\/uploads\/sites\/9\/2022\/07\/2-1024x576.png 1024w, https:\/\/pb.edu.pl\/sjo\/wp-content\/uploads\/sites\/9\/2022\/07\/2-768x432.png 768w, https:\/\/pb.edu.pl\/sjo\/wp-content\/uploads\/sites\/9\/2022\/07\/2-1536x864.png 1536w, https:\/\/pb.edu.pl\/sjo\/wp-content\/uploads\/sites\/9\/2022\/07\/2.png 1920w\" sizes=\"auto, (max-width: 300px) 100vw, 300px\" \/><\/a>\n\t\t\t<\/div><\/figure><figure class='gallery-item'>\n\t\t\t<div class='gallery-icon landscape'>\n\t\t\t\t<a href='https:\/\/pb.edu.pl\/sjo\/dla-studenta\/tutoring\/1-20\/'><img loading=\"lazy\" decoding=\"async\" width=\"300\" height=\"169\" src=\"https:\/\/pb.edu.pl\/sjo\/wp-content\/uploads\/sites\/9\/2022\/07\/1-300x169.png\" class=\"attachment-medium size-medium\" alt=\"\" srcset=\"https:\/\/pb.edu.pl\/sjo\/wp-content\/uploads\/sites\/9\/2022\/07\/1-300x169.png 300w, https:\/\/pb.edu.pl\/sjo\/wp-content\/uploads\/sites\/9\/2022\/07\/1-1024x576.png 1024w, https:\/\/pb.edu.pl\/sjo\/wp-content\/uploads\/sites\/9\/2022\/07\/1-768x432.png 768w, https:\/\/pb.edu.pl\/sjo\/wp-content\/uploads\/sites\/9\/2022\/07\/1-1536x864.png 1536w, https:\/\/pb.edu.pl\/sjo\/wp-content\/uploads\/sites\/9\/2022\/07\/1.png 1920w\" sizes=\"auto, (max-width: 300px) 100vw, 300px\" \/><\/a>\n\t\t\t<\/div><\/figure>\n\t\t<\/div>\n\n<\/div>\n<div class=\"h2\">Tutoring na innych uczelniach &#8211; przyk\u0142ady<\/div>\n<p><a href=\"https:\/\/www.ox.ac.uk\/admissions\/undergraduate\/student-life\/exceptional-education\/personalised-learning\">Uniwersytet Oksfordzki<\/a><\/p>\n<p><a href=\"https:\/\/tutoring.pwr.edu.pl\/\">Politechnika Wroc\u0142awska<\/a><\/p>\n<p><a href=\"https:\/\/cddit.ug.edu.pl\/o-tutoringu-slow-kilka\/\">Uniwersytet Gda\u0144ski<\/a><\/p>\n<p><a href=\"https:\/\/www.cel.agh.edu.pl\/tutoring\/co-to-jest-tutoring\/\">AGH w Krakowie<\/a><\/p>\n<p><a href=\"https:\/\/cdv.pl\/tutoring\/\">Collegium Da Vinci w Poznaniu<\/a><\/p>\n<p><a href=\"https:\/\/cjk.uek.krakow.pl\/blog\/tutoring_akademicki\/o-tutoringu\/\">Uniwersytet Ekonomiczny w Krakowie <\/a><\/p>\n<p><a href=\"https:\/\/ue.poznan.pl\/studenci\/tutoring-akademicki-dla-studentow\/\">Uniwersytet Ekonomiczny w Poznaniu <\/a><\/p>\n<p>&nbsp;<\/p>\n<p><img loading=\"lazy\" decoding=\"async\" class=\"alignnone size-medium wp-image-7415\" src=\"https:\/\/pb.edu.pl\/sjo\/wp-content\/uploads\/sites\/9\/2019\/10\/Fundusze-Europejskie-300x39.jpg\" alt=\"Fundusze Europejskie\" width=\"300\" height=\"39\" srcset=\"https:\/\/pb.edu.pl\/sjo\/wp-content\/uploads\/sites\/9\/2019\/10\/Fundusze-Europejskie-300x39.jpg 300w, https:\/\/pb.edu.pl\/sjo\/wp-content\/uploads\/sites\/9\/2019\/10\/Fundusze-Europejskie-768x99.jpg 768w, https:\/\/pb.edu.pl\/sjo\/wp-content\/uploads\/sites\/9\/2019\/10\/Fundusze-Europejskie-1024x132.jpg 1024w\" sizes=\"auto, (max-width: 300px) 100vw, 300px\" \/><\/p>\n","protected":false},"excerpt":{"rendered":"<p>Tutor akademicki to wyk\u0142adowca, kt\u00f3ry ma predyspozycje, zapa\u0142 i kwalifikacje do pracy dydaktycznej&nbsp; w wymiarze<\/p>\n","protected":false},"author":6,"featured_media":0,"parent":16,"menu_order":0,"comment_status":"closed","ping_status":"closed","template":"","meta":{"_acf_changed":false,"ngg_post_thumbnail":0,"footnotes":""},"class_list":["post-9859","page","type-page","status-publish","hentry"],"acf":[],"yoast_head":"<!-- This site is optimized with the Yoast SEO plugin v27.0 - https:\/\/yoast.com\/product\/yoast-seo-wordpress\/ -->\n<title>Tutoring - Studium J\u0119zyk\u00f3w Obcych<\/title>\n<meta name=\"description\" content=\"Tutor akademicki to wyk\u0142adowca, kt\u00f3ry ma predyspozycje, zapa\u0142 i kwalifikacje do pracy dydaktycznej&nbsp; w wymiarze spersonalizowanym, odzwierciedlaj\u0105cym\" \/>\n<meta name=\"robots\" content=\"index, follow, max-snippet:-1, max-image-preview:large, max-video-preview:-1\" \/>\n<link rel=\"canonical\" href=\"https:\/\/pb.edu.pl\/sjo\/dla-studenta\/tutoring\/\" \/>\n<meta property=\"og:locale\" content=\"pl_PL\" \/>\n<meta property=\"og:type\" content=\"article\" \/>\n<meta property=\"og:title\" content=\"Tutoring - Studium J\u0119zyk\u00f3w Obcych\" \/>\n<meta property=\"og:description\" content=\"Tutor akademicki to wyk\u0142adowca, kt\u00f3ry ma predyspozycje, zapa\u0142 i kwalifikacje do pracy dydaktycznej&nbsp; w wymiarze spersonalizowanym, odzwierciedlaj\u0105cym\" \/>\n<meta property=\"og:url\" content=\"https:\/\/pb.edu.pl\/sjo\/dla-studenta\/tutoring\/\" \/>\n<meta property=\"og:site_name\" content=\"Studium J\u0119zyk\u00f3w Obcych\" \/>\n<meta property=\"article:modified_time\" content=\"2026-01-20T12:56:18+00:00\" \/>\n<meta property=\"og:image\" content=\"https:\/\/pb.edu.pl\/sjo\/wp-content\/uploads\/sites\/9\/2023\/07\/VG-300x169.png\" \/>\n<meta name=\"twitter:label1\" content=\"Szacowany czas czytania\" \/>\n\t<meta name=\"twitter:data1\" content=\"4 minuty\" \/>\n<script type=\"application\/ld+json\" class=\"yoast-schema-graph\">{\"@context\":\"https:\/\/schema.org\",\"@graph\":[{\"@type\":\"WebPage\",\"@id\":\"https:\/\/pb.edu.pl\/sjo\/dla-studenta\/tutoring\/\",\"url\":\"https:\/\/pb.edu.pl\/sjo\/dla-studenta\/tutoring\/\",\"name\":\"Tutoring - Studium J\u0119zyk\u00f3w Obcych\",\"isPartOf\":{\"@id\":\"https:\/\/pb.edu.pl\/sjo\/#website\"},\"primaryImageOfPage\":{\"@id\":\"https:\/\/pb.edu.pl\/sjo\/dla-studenta\/tutoring\/#primaryimage\"},\"image\":{\"@id\":\"https:\/\/pb.edu.pl\/sjo\/dla-studenta\/tutoring\/#primaryimage\"},\"thumbnailUrl\":\"https:\/\/pb.edu.pl\/sjo\/wp-content\/uploads\/sites\/9\/2021\/11\/5-1.png\",\"datePublished\":\"2021-05-20T10:53:11+00:00\",\"dateModified\":\"2026-01-20T12:56:18+00:00\",\"description\":\"Tutor akademicki to wyk\u0142adowca, kt\u00f3ry ma predyspozycje, zapa\u0142 i kwalifikacje do pracy dydaktycznej&nbsp; w wymiarze spersonalizowanym, odzwierciedlaj\u0105cym\",\"breadcrumb\":{\"@id\":\"https:\/\/pb.edu.pl\/sjo\/dla-studenta\/tutoring\/#breadcrumb\"},\"inLanguage\":\"pl-PL\",\"potentialAction\":[{\"@type\":\"ReadAction\",\"target\":[\"https:\/\/pb.edu.pl\/sjo\/dla-studenta\/tutoring\/\"]}]},{\"@type\":\"ImageObject\",\"inLanguage\":\"pl-PL\",\"@id\":\"https:\/\/pb.edu.pl\/sjo\/dla-studenta\/tutoring\/#primaryimage\",\"url\":\"https:\/\/pb.edu.pl\/sjo\/wp-content\/uploads\/sites\/9\/2021\/11\/5-1.png\",\"contentUrl\":\"https:\/\/pb.edu.pl\/sjo\/wp-content\/uploads\/sites\/9\/2021\/11\/5-1.png\",\"width\":300,\"height\":200,\"caption\":\"Sylwia\"},{\"@type\":\"BreadcrumbList\",\"@id\":\"https:\/\/pb.edu.pl\/sjo\/dla-studenta\/tutoring\/#breadcrumb\",\"itemListElement\":[{\"@type\":\"ListItem\",\"position\":1,\"name\":\"Home\",\"item\":\"https:\/\/pb.edu.pl\/sjo\/\"},{\"@type\":\"ListItem\",\"position\":2,\"name\":\"Studiuj\u0119 w PB\",\"item\":\"https:\/\/pb.edu.pl\/sjo\/dla-studenta\/\"},{\"@type\":\"ListItem\",\"position\":3,\"name\":\"Tutoring\"}]},{\"@type\":\"WebSite\",\"@id\":\"https:\/\/pb.edu.pl\/sjo\/#website\",\"url\":\"https:\/\/pb.edu.pl\/sjo\/\",\"name\":\"Studium J\u0119zyk\u00f3w Obcych\",\"description\":\"\",\"potentialAction\":[{\"@type\":\"SearchAction\",\"target\":{\"@type\":\"EntryPoint\",\"urlTemplate\":\"https:\/\/pb.edu.pl\/sjo\/?s={search_term_string}\"},\"query-input\":{\"@type\":\"PropertyValueSpecification\",\"valueRequired\":true,\"valueName\":\"search_term_string\"}}],\"inLanguage\":\"pl-PL\"}]}<\/script>\n<!-- \/ Yoast SEO plugin. -->","yoast_head_json":{"title":"Tutoring - Studium J\u0119zyk\u00f3w Obcych","description":"Tutor akademicki to wyk\u0142adowca, kt\u00f3ry ma predyspozycje, zapa\u0142 i kwalifikacje do pracy dydaktycznej&nbsp; w wymiarze spersonalizowanym, odzwierciedlaj\u0105cym","robots":{"index":"index","follow":"follow","max-snippet":"max-snippet:-1","max-image-preview":"max-image-preview:large","max-video-preview":"max-video-preview:-1"},"canonical":"https:\/\/pb.edu.pl\/sjo\/dla-studenta\/tutoring\/","og_locale":"pl_PL","og_type":"article","og_title":"Tutoring - Studium J\u0119zyk\u00f3w Obcych","og_description":"Tutor akademicki to wyk\u0142adowca, kt\u00f3ry ma predyspozycje, zapa\u0142 i kwalifikacje do pracy dydaktycznej&nbsp; w wymiarze spersonalizowanym, odzwierciedlaj\u0105cym","og_url":"https:\/\/pb.edu.pl\/sjo\/dla-studenta\/tutoring\/","og_site_name":"Studium J\u0119zyk\u00f3w Obcych","article_modified_time":"2026-01-20T12:56:18+00:00","og_image":[{"url":"https:\/\/pb.edu.pl\/sjo\/wp-content\/uploads\/sites\/9\/2023\/07\/VG-300x169.png","type":"","width":"","height":""}],"twitter_misc":{"Szacowany czas czytania":"4 minuty"},"schema":{"@context":"https:\/\/schema.org","@graph":[{"@type":"WebPage","@id":"https:\/\/pb.edu.pl\/sjo\/dla-studenta\/tutoring\/","url":"https:\/\/pb.edu.pl\/sjo\/dla-studenta\/tutoring\/","name":"Tutoring - Studium J\u0119zyk\u00f3w Obcych","isPartOf":{"@id":"https:\/\/pb.edu.pl\/sjo\/#website"},"primaryImageOfPage":{"@id":"https:\/\/pb.edu.pl\/sjo\/dla-studenta\/tutoring\/#primaryimage"},"image":{"@id":"https:\/\/pb.edu.pl\/sjo\/dla-studenta\/tutoring\/#primaryimage"},"thumbnailUrl":"https:\/\/pb.edu.pl\/sjo\/wp-content\/uploads\/sites\/9\/2021\/11\/5-1.png","datePublished":"2021-05-20T10:53:11+00:00","dateModified":"2026-01-20T12:56:18+00:00","description":"Tutor akademicki to wyk\u0142adowca, kt\u00f3ry ma predyspozycje, zapa\u0142 i kwalifikacje do pracy dydaktycznej&nbsp; w wymiarze spersonalizowanym, odzwierciedlaj\u0105cym","breadcrumb":{"@id":"https:\/\/pb.edu.pl\/sjo\/dla-studenta\/tutoring\/#breadcrumb"},"inLanguage":"pl-PL","potentialAction":[{"@type":"ReadAction","target":["https:\/\/pb.edu.pl\/sjo\/dla-studenta\/tutoring\/"]}]},{"@type":"ImageObject","inLanguage":"pl-PL","@id":"https:\/\/pb.edu.pl\/sjo\/dla-studenta\/tutoring\/#primaryimage","url":"https:\/\/pb.edu.pl\/sjo\/wp-content\/uploads\/sites\/9\/2021\/11\/5-1.png","contentUrl":"https:\/\/pb.edu.pl\/sjo\/wp-content\/uploads\/sites\/9\/2021\/11\/5-1.png","width":300,"height":200,"caption":"Sylwia"},{"@type":"BreadcrumbList","@id":"https:\/\/pb.edu.pl\/sjo\/dla-studenta\/tutoring\/#breadcrumb","itemListElement":[{"@type":"ListItem","position":1,"name":"Home","item":"https:\/\/pb.edu.pl\/sjo\/"},{"@type":"ListItem","position":2,"name":"Studiuj\u0119 w PB","item":"https:\/\/pb.edu.pl\/sjo\/dla-studenta\/"},{"@type":"ListItem","position":3,"name":"Tutoring"}]},{"@type":"WebSite","@id":"https:\/\/pb.edu.pl\/sjo\/#website","url":"https:\/\/pb.edu.pl\/sjo\/","name":"Studium J\u0119zyk\u00f3w Obcych","description":"","potentialAction":[{"@type":"SearchAction","target":{"@type":"EntryPoint","urlTemplate":"https:\/\/pb.edu.pl\/sjo\/?s={search_term_string}"},"query-input":{"@type":"PropertyValueSpecification","valueRequired":true,"valueName":"search_term_string"}}],"inLanguage":"pl-PL"}]}},"_links":{"self":[{"href":"https:\/\/pb.edu.pl\/sjo\/wp-json\/wp\/v2\/pages\/9859","targetHints":{"allow":["GET"]}}],"collection":[{"href":"https:\/\/pb.edu.pl\/sjo\/wp-json\/wp\/v2\/pages"}],"about":[{"href":"https:\/\/pb.edu.pl\/sjo\/wp-json\/wp\/v2\/types\/page"}],"author":[{"embeddable":true,"href":"https:\/\/pb.edu.pl\/sjo\/wp-json\/wp\/v2\/users\/6"}],"replies":[{"embeddable":true,"href":"https:\/\/pb.edu.pl\/sjo\/wp-json\/wp\/v2\/comments?post=9859"}],"version-history":[{"count":0,"href":"https:\/\/pb.edu.pl\/sjo\/wp-json\/wp\/v2\/pages\/9859\/revisions"}],"up":[{"embeddable":true,"href":"https:\/\/pb.edu.pl\/sjo\/wp-json\/wp\/v2\/pages\/16"}],"wp:attachment":[{"href":"https:\/\/pb.edu.pl\/sjo\/wp-json\/wp\/v2\/media?parent=9859"}],"curies":[{"name":"wp","href":"https:\/\/api.w.org\/{rel}","templated":true}]}}