{"id":9301,"date":"2021-01-17T23:18:44","date_gmt":"2021-01-17T22:18:44","guid":{"rendered":"https:\/\/pb.edu.pl\/sjo\/?page_id=9301"},"modified":"2021-10-14T09:25:02","modified_gmt":"2021-10-14T07:25:02","slug":"olimpiada-jezyka-angielskiego-2021","status":"publish","type":"page","link":"https:\/\/pb.edu.pl\/sjo\/dla-studenta\/ciekawe-uzyteczne\/konkursy-jezykowe\/olimpiada-jezyka-angielskiego-2021\/","title":{"rendered":"Olimpiada J\u0119zyka Angielskiego 2021"},"content":{"rendered":"<p><img loading=\"lazy\" decoding=\"async\" class=\"alignnone wp-image-609\" src=\"https:\/\/pb.edu.pl\/sjo\/wp-content\/uploads\/sites\/9\/2017\/11\/olimpiada_jezyka_angielskiego-1.png\" alt=\"Banner olimpiada j\u0119zyka angielskiego.\" width=\"512\" height=\"181\"><\/p>\n<p>12 marca 2021r. odby\u0142 si\u0119 I Etap XXII Og\u00f3lnopolskiej Olimpiady J\u0119zyka Angielskiego Wy\u017cszych Uczelni Technicznych organizowanej cyklicznie przez Centrum J\u0119zyk\u00f3w i Komunikacji Politechniki Pozna\u0144skiej. W zwi\u0105zku z pandemi\u0105, zmieniony zosta\u0142 regulamin imprezy i eliminacje pierwszego etapu odby\u0142y si\u0119 zdalnie z wykorzystaniem platformy uczelnianej Politechniki Pozna\u0144skiej.<\/p>\n<p>Koordynatorem SJO by\u0142a mgr Dorota \u015aleszy\u0144ska: <i class=\"fa fa-envelope-o\" aria-hidden=\"true\"><\/i><a href=\"#\" rel=\"nofollow\"  onclick=\"this.href='mailto:' + ' d.sleszynska' + '@' + 'pb.edu.pl'\"> d.sleszynska [at] pb.edu.pl<\/a>\n<p>Szczeg\u00f3\u0142owe informacje na temat Olimpiady: jej regulamin, kalendarium i przyk\u0142adowe testy z ubieg\u0142ych lat, mo\u017cna znale\u017a\u0107 <a href=\"http:\/\/www.clc.put.poznan.pl\/PL-H56\/xxi-olimpiada-jezyka-angielskiego.html\">na stronie CJiK PP<\/a>.<\/p>\n","protected":false},"excerpt":{"rendered":"<p>12 marca 2021r. odby\u0142 si\u0119 I Etap XXII Og\u00f3lnopolskiej Olimpiady J\u0119zyka Angielskiego Wy\u017cszych Uczelni Technicznych<\/p>\n","protected":false},"author":6,"featured_media":0,"parent":103,"menu_order":0,"comment_status":"closed","ping_status":"closed","template":"","meta":{"_acf_changed":false,"ngg_post_thumbnail":0,"footnotes":""},"class_list":["post-9301","page","type-page","status-publish","hentry"],"acf":[],"yoast_head":"<!-- This site is optimized with the Yoast SEO plugin v27.0 - https:\/\/yoast.com\/product\/yoast-seo-wordpress\/ -->\n<title>Olimpiada J\u0119zyka Angielskiego 2021 - Studium J\u0119zyk\u00f3w Obcych<\/title>\n<meta name=\"description\" content=\"12 marca 2021r. odby\u0142 si\u0119 I Etap XXII Og\u00f3lnopolskiej Olimpiady J\u0119zyka Angielskiego Wy\u017cszych Uczelni Technicznych organizowanej cyklicznie przez Centrum\" \/>\n<meta name=\"robots\" content=\"index, follow, max-snippet:-1, max-image-preview:large, max-video-preview:-1\" \/>\n<link rel=\"canonical\" href=\"https:\/\/pb.edu.pl\/sjo\/dla-studenta\/ciekawe-uzyteczne\/konkursy-jezykowe\/olimpiada-jezyka-angielskiego-2021\/\" \/>\n<meta property=\"og:locale\" content=\"pl_PL\" \/>\n<meta property=\"og:type\" content=\"article\" \/>\n<meta property=\"og:title\" content=\"Olimpiada J\u0119zyka Angielskiego 2021 - Studium J\u0119zyk\u00f3w Obcych\" \/>\n<meta property=\"og:description\" content=\"12 marca 2021r. odby\u0142 si\u0119 I Etap XXII Og\u00f3lnopolskiej Olimpiady J\u0119zyka Angielskiego Wy\u017cszych Uczelni Technicznych organizowanej cyklicznie przez Centrum\" \/>\n<meta property=\"og:url\" content=\"https:\/\/pb.edu.pl\/sjo\/dla-studenta\/ciekawe-uzyteczne\/konkursy-jezykowe\/olimpiada-jezyka-angielskiego-2021\/\" \/>\n<meta property=\"og:site_name\" content=\"Studium J\u0119zyk\u00f3w Obcych\" \/>\n<meta property=\"article:modified_time\" content=\"2021-10-14T07:25:02+00:00\" \/>\n<meta property=\"og:image\" content=\"https:\/\/pb.edu.pl\/sjo\/wp-content\/uploads\/sites\/9\/2017\/11\/olimpiada_jezyka_angielskiego-1.png\" \/>\n<meta name=\"twitter:label1\" content=\"Szacowany czas czytania\" \/>\n\t<meta name=\"twitter:data1\" content=\"1 minuta\" \/>\n<script type=\"application\/ld+json\" class=\"yoast-schema-graph\">{\"@context\":\"https:\/\/schema.org\",\"@graph\":[{\"@type\":\"WebPage\",\"@id\":\"https:\/\/pb.edu.pl\/sjo\/dla-studenta\/ciekawe-uzyteczne\/konkursy-jezykowe\/olimpiada-jezyka-angielskiego-2021\/\",\"url\":\"https:\/\/pb.edu.pl\/sjo\/dla-studenta\/ciekawe-uzyteczne\/konkursy-jezykowe\/olimpiada-jezyka-angielskiego-2021\/\",\"name\":\"Olimpiada J\u0119zyka Angielskiego 2021 - Studium J\u0119zyk\u00f3w Obcych\",\"isPartOf\":{\"@id\":\"https:\/\/pb.edu.pl\/sjo\/#website\"},\"primaryImageOfPage\":{\"@id\":\"https:\/\/pb.edu.pl\/sjo\/dla-studenta\/ciekawe-uzyteczne\/konkursy-jezykowe\/olimpiada-jezyka-angielskiego-2021\/#primaryimage\"},\"image\":{\"@id\":\"https:\/\/pb.edu.pl\/sjo\/dla-studenta\/ciekawe-uzyteczne\/konkursy-jezykowe\/olimpiada-jezyka-angielskiego-2021\/#primaryimage\"},\"thumbnailUrl\":\"https:\/\/pb.edu.pl\/sjo\/wp-content\/uploads\/sites\/9\/2017\/11\/olimpiada_jezyka_angielskiego-1.png\",\"datePublished\":\"2021-01-17T22:18:44+00:00\",\"dateModified\":\"2021-10-14T07:25:02+00:00\",\"description\":\"12 marca 2021r. odby\u0142 si\u0119 I Etap XXII Og\u00f3lnopolskiej Olimpiady J\u0119zyka Angielskiego Wy\u017cszych Uczelni Technicznych organizowanej cyklicznie przez Centrum\",\"breadcrumb\":{\"@id\":\"https:\/\/pb.edu.pl\/sjo\/dla-studenta\/ciekawe-uzyteczne\/konkursy-jezykowe\/olimpiada-jezyka-angielskiego-2021\/#breadcrumb\"},\"inLanguage\":\"pl-PL\",\"potentialAction\":[{\"@type\":\"ReadAction\",\"target\":[\"https:\/\/pb.edu.pl\/sjo\/dla-studenta\/ciekawe-uzyteczne\/konkursy-jezykowe\/olimpiada-jezyka-angielskiego-2021\/\"]}]},{\"@type\":\"ImageObject\",\"inLanguage\":\"pl-PL\",\"@id\":\"https:\/\/pb.edu.pl\/sjo\/dla-studenta\/ciekawe-uzyteczne\/konkursy-jezykowe\/olimpiada-jezyka-angielskiego-2021\/#primaryimage\",\"url\":\"https:\/\/pb.edu.pl\/sjo\/wp-content\/uploads\/sites\/9\/2017\/11\/olimpiada_jezyka_angielskiego-1.png\",\"contentUrl\":\"https:\/\/pb.edu.pl\/sjo\/wp-content\/uploads\/sites\/9\/2017\/11\/olimpiada_jezyka_angielskiego-1.png\",\"width\":656,\"height\":232,\"caption\":\"Banner olimpiada j\u0119zyka angielskiego.\"},{\"@type\":\"BreadcrumbList\",\"@id\":\"https:\/\/pb.edu.pl\/sjo\/dla-studenta\/ciekawe-uzyteczne\/konkursy-jezykowe\/olimpiada-jezyka-angielskiego-2021\/#breadcrumb\",\"itemListElement\":[{\"@type\":\"ListItem\",\"position\":1,\"name\":\"Home\",\"item\":\"https:\/\/pb.edu.pl\/sjo\/\"},{\"@type\":\"ListItem\",\"position\":2,\"name\":\"Studiuj\u0119 w PB\",\"item\":\"https:\/\/pb.edu.pl\/sjo\/dla-studenta\/\"},{\"@type\":\"ListItem\",\"position\":3,\"name\":\"Ciekawe i u\u017cyteczne\",\"item\":\"https:\/\/pb.edu.pl\/sjo\/dla-studenta\/ciekawe-uzyteczne\/\"},{\"@type\":\"ListItem\",\"position\":4,\"name\":\"Konkursy j\u0119zykowe\",\"item\":\"https:\/\/pb.edu.pl\/sjo\/dla-studenta\/ciekawe-uzyteczne\/konkursy-jezykowe\/\"},{\"@type\":\"ListItem\",\"position\":5,\"name\":\"Olimpiada J\u0119zyka Angielskiego 2021\"}]},{\"@type\":\"WebSite\",\"@id\":\"https:\/\/pb.edu.pl\/sjo\/#website\",\"url\":\"https:\/\/pb.edu.pl\/sjo\/\",\"name\":\"Studium J\u0119zyk\u00f3w Obcych\",\"description\":\"\",\"potentialAction\":[{\"@type\":\"SearchAction\",\"target\":{\"@type\":\"EntryPoint\",\"urlTemplate\":\"https:\/\/pb.edu.pl\/sjo\/?s={search_term_string}\"},\"query-input\":{\"@type\":\"PropertyValueSpecification\",\"valueRequired\":true,\"valueName\":\"search_term_string\"}}],\"inLanguage\":\"pl-PL\"}]}<\/script>\n<!-- \/ Yoast SEO plugin. -->","yoast_head_json":{"title":"Olimpiada J\u0119zyka Angielskiego 2021 - Studium J\u0119zyk\u00f3w Obcych","description":"12 marca 2021r. odby\u0142 si\u0119 I Etap XXII Og\u00f3lnopolskiej Olimpiady J\u0119zyka Angielskiego Wy\u017cszych Uczelni Technicznych organizowanej cyklicznie przez Centrum","robots":{"index":"index","follow":"follow","max-snippet":"max-snippet:-1","max-image-preview":"max-image-preview:large","max-video-preview":"max-video-preview:-1"},"canonical":"https:\/\/pb.edu.pl\/sjo\/dla-studenta\/ciekawe-uzyteczne\/konkursy-jezykowe\/olimpiada-jezyka-angielskiego-2021\/","og_locale":"pl_PL","og_type":"article","og_title":"Olimpiada J\u0119zyka Angielskiego 2021 - Studium J\u0119zyk\u00f3w Obcych","og_description":"12 marca 2021r. odby\u0142 si\u0119 I Etap XXII Og\u00f3lnopolskiej Olimpiady J\u0119zyka Angielskiego Wy\u017cszych Uczelni Technicznych organizowanej cyklicznie przez Centrum","og_url":"https:\/\/pb.edu.pl\/sjo\/dla-studenta\/ciekawe-uzyteczne\/konkursy-jezykowe\/olimpiada-jezyka-angielskiego-2021\/","og_site_name":"Studium J\u0119zyk\u00f3w Obcych","article_modified_time":"2021-10-14T07:25:02+00:00","og_image":[{"url":"https:\/\/pb.edu.pl\/sjo\/wp-content\/uploads\/sites\/9\/2017\/11\/olimpiada_jezyka_angielskiego-1.png","type":"","width":"","height":""}],"twitter_misc":{"Szacowany czas czytania":"1 minuta"},"schema":{"@context":"https:\/\/schema.org","@graph":[{"@type":"WebPage","@id":"https:\/\/pb.edu.pl\/sjo\/dla-studenta\/ciekawe-uzyteczne\/konkursy-jezykowe\/olimpiada-jezyka-angielskiego-2021\/","url":"https:\/\/pb.edu.pl\/sjo\/dla-studenta\/ciekawe-uzyteczne\/konkursy-jezykowe\/olimpiada-jezyka-angielskiego-2021\/","name":"Olimpiada J\u0119zyka Angielskiego 2021 - Studium J\u0119zyk\u00f3w Obcych","isPartOf":{"@id":"https:\/\/pb.edu.pl\/sjo\/#website"},"primaryImageOfPage":{"@id":"https:\/\/pb.edu.pl\/sjo\/dla-studenta\/ciekawe-uzyteczne\/konkursy-jezykowe\/olimpiada-jezyka-angielskiego-2021\/#primaryimage"},"image":{"@id":"https:\/\/pb.edu.pl\/sjo\/dla-studenta\/ciekawe-uzyteczne\/konkursy-jezykowe\/olimpiada-jezyka-angielskiego-2021\/#primaryimage"},"thumbnailUrl":"https:\/\/pb.edu.pl\/sjo\/wp-content\/uploads\/sites\/9\/2017\/11\/olimpiada_jezyka_angielskiego-1.png","datePublished":"2021-01-17T22:18:44+00:00","dateModified":"2021-10-14T07:25:02+00:00","description":"12 marca 2021r. odby\u0142 si\u0119 I Etap XXII Og\u00f3lnopolskiej Olimpiady J\u0119zyka Angielskiego Wy\u017cszych Uczelni Technicznych organizowanej cyklicznie przez Centrum","breadcrumb":{"@id":"https:\/\/pb.edu.pl\/sjo\/dla-studenta\/ciekawe-uzyteczne\/konkursy-jezykowe\/olimpiada-jezyka-angielskiego-2021\/#breadcrumb"},"inLanguage":"pl-PL","potentialAction":[{"@type":"ReadAction","target":["https:\/\/pb.edu.pl\/sjo\/dla-studenta\/ciekawe-uzyteczne\/konkursy-jezykowe\/olimpiada-jezyka-angielskiego-2021\/"]}]},{"@type":"ImageObject","inLanguage":"pl-PL","@id":"https:\/\/pb.edu.pl\/sjo\/dla-studenta\/ciekawe-uzyteczne\/konkursy-jezykowe\/olimpiada-jezyka-angielskiego-2021\/#primaryimage","url":"https:\/\/pb.edu.pl\/sjo\/wp-content\/uploads\/sites\/9\/2017\/11\/olimpiada_jezyka_angielskiego-1.png","contentUrl":"https:\/\/pb.edu.pl\/sjo\/wp-content\/uploads\/sites\/9\/2017\/11\/olimpiada_jezyka_angielskiego-1.png","width":656,"height":232,"caption":"Banner olimpiada j\u0119zyka angielskiego."},{"@type":"BreadcrumbList","@id":"https:\/\/pb.edu.pl\/sjo\/dla-studenta\/ciekawe-uzyteczne\/konkursy-jezykowe\/olimpiada-jezyka-angielskiego-2021\/#breadcrumb","itemListElement":[{"@type":"ListItem","position":1,"name":"Home","item":"https:\/\/pb.edu.pl\/sjo\/"},{"@type":"ListItem","position":2,"name":"Studiuj\u0119 w PB","item":"https:\/\/pb.edu.pl\/sjo\/dla-studenta\/"},{"@type":"ListItem","position":3,"name":"Ciekawe i u\u017cyteczne","item":"https:\/\/pb.edu.pl\/sjo\/dla-studenta\/ciekawe-uzyteczne\/"},{"@type":"ListItem","position":4,"name":"Konkursy j\u0119zykowe","item":"https:\/\/pb.edu.pl\/sjo\/dla-studenta\/ciekawe-uzyteczne\/konkursy-jezykowe\/"},{"@type":"ListItem","position":5,"name":"Olimpiada J\u0119zyka Angielskiego 2021"}]},{"@type":"WebSite","@id":"https:\/\/pb.edu.pl\/sjo\/#website","url":"https:\/\/pb.edu.pl\/sjo\/","name":"Studium J\u0119zyk\u00f3w Obcych","description":"","potentialAction":[{"@type":"SearchAction","target":{"@type":"EntryPoint","urlTemplate":"https:\/\/pb.edu.pl\/sjo\/?s={search_term_string}"},"query-input":{"@type":"PropertyValueSpecification","valueRequired":true,"valueName":"search_term_string"}}],"inLanguage":"pl-PL"}]}},"_links":{"self":[{"href":"https:\/\/pb.edu.pl\/sjo\/wp-json\/wp\/v2\/pages\/9301","targetHints":{"allow":["GET"]}}],"collection":[{"href":"https:\/\/pb.edu.pl\/sjo\/wp-json\/wp\/v2\/pages"}],"about":[{"href":"https:\/\/pb.edu.pl\/sjo\/wp-json\/wp\/v2\/types\/page"}],"author":[{"embeddable":true,"href":"https:\/\/pb.edu.pl\/sjo\/wp-json\/wp\/v2\/users\/6"}],"replies":[{"embeddable":true,"href":"https:\/\/pb.edu.pl\/sjo\/wp-json\/wp\/v2\/comments?post=9301"}],"version-history":[{"count":0,"href":"https:\/\/pb.edu.pl\/sjo\/wp-json\/wp\/v2\/pages\/9301\/revisions"}],"up":[{"embeddable":true,"href":"https:\/\/pb.edu.pl\/sjo\/wp-json\/wp\/v2\/pages\/103"}],"wp:attachment":[{"href":"https:\/\/pb.edu.pl\/sjo\/wp-json\/wp\/v2\/media?parent=9301"}],"curies":[{"name":"wp","href":"https:\/\/api.w.org\/{rel}","templated":true}]}}