{"id":84,"date":"2017-11-11T21:43:04","date_gmt":"2017-11-11T20:43:04","guid":{"rendered":"https:\/\/pb.edu.pl\/sjo\/?page_id=84"},"modified":"2020-03-18T14:12:43","modified_gmt":"2020-03-18T13:12:43","slug":"aktualnosci","status":"publish","type":"page","link":"https:\/\/pb.edu.pl\/sjo\/aktualnosci\/","title":{"rendered":"Aktualno\u015bci"},"content":{"rendered":"\t\t<div class=\"box news-box \">\n\t\t<div class=\"row\">\n\t\t\t\n\t\t\t\n\t\t\t\t\n\t\t\t\t\t\t\t\t\t\t<div class=\"col-sm-3\">\n\t\t\t\t\t\t\t\n<article class=\"format-standard\">\n    <span class=\"date text-right\"><i class=\"fal fa-calendar-alt\"><\/i> 02-04-2026<\/span>\n    <a href=\"https:\/\/pb.edu.pl\/sjo\/2026\/04\/02\/szkola-letnia-bup-science-and-sail-2026\/\">\n      <div class=\"article-image\">\n        <img loading=\"lazy\" decoding=\"async\" width=\"480\" height=\"300\" src=\"https:\/\/pb.edu.pl\/sjo\/wp-content\/uploads\/sites\/9\/2026\/04\/BUP-April-2026-480x300.png\" class=\"attachment-medium-image-16x10 size-medium-image-16x10 wp-post-image\" alt=\"\" srcset=\"https:\/\/pb.edu.pl\/sjo\/wp-content\/uploads\/sites\/9\/2026\/04\/BUP-April-2026-480x300.png 480w, https:\/\/pb.edu.pl\/sjo\/wp-content\/uploads\/sites\/9\/2026\/04\/BUP-April-2026-300x188.png 300w, https:\/\/pb.edu.pl\/sjo\/wp-content\/uploads\/sites\/9\/2026\/04\/BUP-April-2026-1024x640.png 1024w, https:\/\/pb.edu.pl\/sjo\/wp-content\/uploads\/sites\/9\/2026\/04\/BUP-April-2026-768x480.png 768w, https:\/\/pb.edu.pl\/sjo\/wp-content\/uploads\/sites\/9\/2026\/04\/BUP-April-2026.png 1080w\" sizes=\"auto, (max-width: 480px) 100vw, 480px\" \/>      <\/div>\n      <h3>Szko\u0142a Letnia BUP Science and Sail 2026<\/h3>\n      This BUP summer school has a focus on the Baltic Sea    <\/a>\n<\/article>\t\t\t\t\t\t<\/div>\n\t\t\t\t\t\t\t\t\t\t\t<div class=\"col-sm-3\">\n\t\t\t\t\t\t\t\n<article class=\"format-standard\">\n    <span class=\"date text-right\"><i class=\"fal fa-calendar-alt\"><\/i> 01-04-2026<\/span>\n    <a href=\"https:\/\/pb.edu.pl\/sjo\/2026\/04\/01\/wizyta-studyjna-erasmus-w-tallinnie-budowanie-mostow-dla-zrownowazonej-i-innowacyjnej-edukacji\/\">\n      <div class=\"article-image\">\n        <img loading=\"lazy\" decoding=\"async\" width=\"480\" height=\"300\" src=\"https:\/\/pb.edu.pl\/sjo\/wp-content\/uploads\/sites\/9\/2026\/04\/Tallina-Ulikool-480x300.png\" class=\"attachment-medium-image-16x10 size-medium-image-16x10 wp-post-image\" alt=\"\" srcset=\"https:\/\/pb.edu.pl\/sjo\/wp-content\/uploads\/sites\/9\/2026\/04\/Tallina-Ulikool-480x300.png 480w, https:\/\/pb.edu.pl\/sjo\/wp-content\/uploads\/sites\/9\/2026\/04\/Tallina-Ulikool-300x188.png 300w, https:\/\/pb.edu.pl\/sjo\/wp-content\/uploads\/sites\/9\/2026\/04\/Tallina-Ulikool-1024x640.png 1024w, https:\/\/pb.edu.pl\/sjo\/wp-content\/uploads\/sites\/9\/2026\/04\/Tallina-Ulikool-768x480.png 768w, https:\/\/pb.edu.pl\/sjo\/wp-content\/uploads\/sites\/9\/2026\/04\/Tallina-Ulikool.png 1080w\" sizes=\"auto, (max-width: 480px) 100vw, 480px\" \/>      <\/div>\n      <h3>Wizyta studyjna Erasmus w Tallinnie: budowanie most\u00f3w dla zr\u00f3wnowa\u017conej i innowacyjnej edukacji<\/h3>\n      W ubieg\u0142ym tygodniu mgr Aniela Staszewska uczestniczy\u0142a w mobilno\u015bci pracowniczej Erasmus+    <\/a>\n<\/article>\t\t\t\t\t\t<\/div>\n\t\t\t\t\t\t\t\t\t\t\t<div class=\"col-sm-3\">\n\t\t\t\t\t\t\t\n<article class=\"format-standard\">\n    <span class=\"date text-right\"><i class=\"fal fa-calendar-alt\"><\/i> 24-03-2026<\/span>\n    <a href=\"https:\/\/pb.edu.pl\/sjo\/2026\/03\/24\/wez-udzial-w-konkursie-a-story-in-one-moment\/\">\n      <div class=\"article-image\">\n        <img loading=\"lazy\" decoding=\"async\" width=\"480\" height=\"300\" src=\"https:\/\/pb.edu.pl\/sjo\/wp-content\/uploads\/sites\/9\/2026\/03\/konkurs-foto-2026-box-wydarzenia-480x300.png\" class=\"attachment-medium-image-16x10 size-medium-image-16x10 wp-post-image\" alt=\"\" srcset=\"https:\/\/pb.edu.pl\/sjo\/wp-content\/uploads\/sites\/9\/2026\/03\/konkurs-foto-2026-box-wydarzenia-480x300.png 480w, https:\/\/pb.edu.pl\/sjo\/wp-content\/uploads\/sites\/9\/2026\/03\/konkurs-foto-2026-box-wydarzenia-300x188.png 300w, https:\/\/pb.edu.pl\/sjo\/wp-content\/uploads\/sites\/9\/2026\/03\/konkurs-foto-2026-box-wydarzenia-1024x640.png 1024w, https:\/\/pb.edu.pl\/sjo\/wp-content\/uploads\/sites\/9\/2026\/03\/konkurs-foto-2026-box-wydarzenia-768x480.png 768w, https:\/\/pb.edu.pl\/sjo\/wp-content\/uploads\/sites\/9\/2026\/03\/konkurs-foto-2026-box-wydarzenia.png 1080w\" sizes=\"auto, (max-width: 480px) 100vw, 480px\" \/>      <\/div>\n      <h3>We\u017a udzia\u0142 w konkursie \u201eA story in one moment\u201d<\/h3>\n      Jedno zdj\u0119cie, jeden moment \u2013 a za nim ca\u0142a historia. Studium    <\/a>\n<\/article>\t\t\t\t\t\t<\/div>\n\t\t\t\t\t\t\t\t\t\t\t<div class=\"col-sm-3\">\n\t\t\t\t\t\t\t\n<article class=\"format-standard\">\n    <span class=\"date text-right\"><i class=\"fal fa-calendar-alt\"><\/i> 23-03-2026<\/span>\n    <a href=\"https:\/\/pb.edu.pl\/sjo\/2026\/03\/23\/dzien-otwarty-politechniki-bialostockiej-2026-juz-za-nami\/\">\n      <div class=\"article-image\">\n        <img loading=\"lazy\" decoding=\"async\" width=\"480\" height=\"300\" src=\"https:\/\/pb.edu.pl\/sjo\/wp-content\/uploads\/sites\/9\/2026\/03\/dzien-otwarty-pb-2026-480x300.png\" class=\"attachment-medium-image-16x10 size-medium-image-16x10 wp-post-image\" alt=\"\" srcset=\"https:\/\/pb.edu.pl\/sjo\/wp-content\/uploads\/sites\/9\/2026\/03\/dzien-otwarty-pb-2026-480x300.png 480w, https:\/\/pb.edu.pl\/sjo\/wp-content\/uploads\/sites\/9\/2026\/03\/dzien-otwarty-pb-2026-300x188.png 300w, https:\/\/pb.edu.pl\/sjo\/wp-content\/uploads\/sites\/9\/2026\/03\/dzien-otwarty-pb-2026-1024x640.png 1024w, https:\/\/pb.edu.pl\/sjo\/wp-content\/uploads\/sites\/9\/2026\/03\/dzien-otwarty-pb-2026-768x480.png 768w, https:\/\/pb.edu.pl\/sjo\/wp-content\/uploads\/sites\/9\/2026\/03\/dzien-otwarty-pb-2026.png 1080w\" sizes=\"auto, (max-width: 480px) 100vw, 480px\" \/>      <\/div>\n      <h3>Dzie\u0144 Otwarty Politechniki Bia\u0142ostockiej 2026 ju\u017c za nami!<\/h3>\n      Studium J\u0119zyk\u00f3w Obcych tradycyjnie w\u0142\u0105czy\u0142o si\u0119 w to wydarzenie, przygotowuj\u0105c dla    <\/a>\n<\/article>\t\t\t\t\t\t<\/div>\n\t\t\t\t\t\t\t\t\t\t\t<div class=\"col-sm-3\">\n\t\t\t\t\t\t\t\n<article class=\"format-standard\">\n    <span class=\"date text-right\"><i class=\"fal fa-calendar-alt\"><\/i> 09-03-2026<\/span>\n    <a href=\"https:\/\/pb.edu.pl\/sjo\/2026\/03\/09\/baltic-university-programme-w-maju-i-czerwcu-konferencje-i-szkola-letnia-dla-doktorantow\/\">\n      <div class=\"article-image\">\n        <img loading=\"lazy\" decoding=\"async\" width=\"480\" height=\"300\" src=\"https:\/\/pb.edu.pl\/sjo\/wp-content\/uploads\/sites\/9\/2026\/03\/BUP-03.2026-480x300.png\" class=\"attachment-medium-image-16x10 size-medium-image-16x10 wp-post-image\" alt=\"\" srcset=\"https:\/\/pb.edu.pl\/sjo\/wp-content\/uploads\/sites\/9\/2026\/03\/BUP-03.2026-480x300.png 480w, https:\/\/pb.edu.pl\/sjo\/wp-content\/uploads\/sites\/9\/2026\/03\/BUP-03.2026-300x188.png 300w, https:\/\/pb.edu.pl\/sjo\/wp-content\/uploads\/sites\/9\/2026\/03\/BUP-03.2026-1024x640.png 1024w, https:\/\/pb.edu.pl\/sjo\/wp-content\/uploads\/sites\/9\/2026\/03\/BUP-03.2026-768x480.png 768w, https:\/\/pb.edu.pl\/sjo\/wp-content\/uploads\/sites\/9\/2026\/03\/BUP-03.2026.png 1080w\" sizes=\"auto, (max-width: 480px) 100vw, 480px\" \/>      <\/div>\n      <h3>Baltic University Programme w maju i czerwcu \u2013 konferencje i szko\u0142a letnia dla doktorant\u00f3w<\/h3>\n      Poni\u017cej przedstawiamy informacje o nadchodz\u0105cych wydarzeniach Baltic University Programme, kt\u00f3re odb\u0119d\u0105    <\/a>\n<\/article>\t\t\t\t\t\t<\/div>\n\t\t\t\t\t\t\t\t\t\t\t<div class=\"col-sm-3\">\n\t\t\t\t\t\t\t\n<article class=\"format-standard\">\n    <span class=\"date text-right\"><i class=\"fal fa-calendar-alt\"><\/i> 03-03-2026<\/span>\n    <a href=\"https:\/\/pb.edu.pl\/sjo\/2026\/03\/03\/troje-studentow-pb-w-ii-etapie-27-olimpiady-jezyka-angielskiego\/\">\n      <div class=\"article-image\">\n        <img loading=\"lazy\" decoding=\"async\" width=\"480\" height=\"300\" src=\"https:\/\/pb.edu.pl\/sjo\/wp-content\/uploads\/sites\/9\/2023\/01\/olimpiada-480x300.png\" class=\"attachment-medium-image-16x10 size-medium-image-16x10 wp-post-image\" alt=\"\" \/>      <\/div>\n      <h3>Troje student\u00f3w PB w II etapie 27. Olimpiady J\u0119zyka Angielskiego!<\/h3>\n      Z rado\u015bci\u0105 informujemy, \u017ce a\u017c troje student\u00f3w Politechniki Bia\u0142ostockiej zakwalifikowa\u0142o si\u0119    <\/a>\n<\/article>\t\t\t\t\t\t<\/div>\n\t\t\t\t\t\t\t\t\t\t\t<div class=\"col-sm-3\">\n\t\t\t\t\t\t\t\n<article class=\"format-standard\">\n    <span class=\"date text-right\"><i class=\"fal fa-calendar-alt\"><\/i> 03-03-2026<\/span>\n    <a href=\"https:\/\/pb.edu.pl\/sjo\/2026\/03\/03\/wakacyjna-praca-w-niemczech-listonosz-kurier-w-deutsche-post-ag-lato-2026\/\">\n      <div class=\"article-image\">\n        <img loading=\"lazy\" decoding=\"async\" width=\"480\" height=\"300\" src=\"https:\/\/pb.edu.pl\/sjo\/wp-content\/uploads\/sites\/9\/2026\/03\/praca-wakacyjna-poczta-DE-480x300.png\" class=\"attachment-medium-image-16x10 size-medium-image-16x10 wp-post-image\" alt=\"\" srcset=\"https:\/\/pb.edu.pl\/sjo\/wp-content\/uploads\/sites\/9\/2026\/03\/praca-wakacyjna-poczta-DE-480x300.png 480w, https:\/\/pb.edu.pl\/sjo\/wp-content\/uploads\/sites\/9\/2026\/03\/praca-wakacyjna-poczta-DE-300x188.png 300w, https:\/\/pb.edu.pl\/sjo\/wp-content\/uploads\/sites\/9\/2026\/03\/praca-wakacyjna-poczta-DE-1024x640.png 1024w, https:\/\/pb.edu.pl\/sjo\/wp-content\/uploads\/sites\/9\/2026\/03\/praca-wakacyjna-poczta-DE-768x480.png 768w, https:\/\/pb.edu.pl\/sjo\/wp-content\/uploads\/sites\/9\/2026\/03\/praca-wakacyjna-poczta-DE.png 1080w\" sizes=\"auto, (max-width: 480px) 100vw, 480px\" \/>      <\/div>\n      <h3>Informacja o wakacyjnej pracy dla student\u00f3w w Niemczech \u2013 listonosz \/ kurier w Deutsche Post AG (Lato 2026)<\/h3>\n      Informujemy o mo\u017cliwo\u015bci podj\u0119cia wakacyjnej pracy w Niemczech w firmie Deutsche    <\/a>\n<\/article>\t\t\t\t\t\t<\/div>\n\t\t\t\t\t\t\t\t\t\t\t<div class=\"col-sm-3\">\n\t\t\t\t\t\t\t\n<article class=\"format-standard\">\n    <span class=\"date text-right\"><i class=\"fal fa-calendar-alt\"><\/i> 03-03-2026<\/span>\n    <a href=\"https:\/\/pb.edu.pl\/sjo\/2026\/03\/03\/rekrutacja-na-szkole-letnia-do-girony\/\">\n      <div class=\"article-image\">\n        <img loading=\"lazy\" decoding=\"async\" width=\"480\" height=\"300\" src=\"https:\/\/pb.edu.pl\/sjo\/wp-content\/uploads\/sites\/9\/2026\/03\/rekrutacja-na-Szkole-Letnia-Across-Girona-480x300.png\" class=\"attachment-medium-image-16x10 size-medium-image-16x10 wp-post-image\" alt=\"\" \/>      <\/div>\n      <h3>Rekrutacja na Szko\u0142\u0119 Letni\u0105 do Girony!<\/h3>\n      Studium J\u0119zyk\u00f3w Obcych og\u0142asza rekrutacj\u0119 student\u00f3w I stopnia kierunku Biotechnologia na    <\/a>\n<\/article>\t\t\t\t\t\t<\/div>\n\t\t\t\t\t\n\t\t\t\t\n\t\t\t\t\t<\/div>\n\t\t\n\t<nav class=\"navigation pagination\" aria-label=\"Stronicowanie wpis\u00f3w\">\n\t\t<h2 class=\"screen-reader-text\">Stronicowanie wpis\u00f3w<\/h2>\n\t\t<div class=\"nav-links\"><span aria-current=\"page\" class=\"page-numbers current\">1<\/span>\n<a class=\"page-numbers\" href=\"https:\/\/pb.edu.pl\/sjo\/wp-json\/wp\/v2\/pages\/84\/page\/2\/\">2<\/a>\n<a class=\"page-numbers\" href=\"https:\/\/pb.edu.pl\/sjo\/wp-json\/wp\/v2\/pages\/84\/page\/3\/\">3<\/a>\n<span class=\"page-numbers dots\">&hellip;<\/span>\n<a class=\"page-numbers\" href=\"https:\/\/pb.edu.pl\/sjo\/wp-json\/wp\/v2\/pages\/84\/page\/29\/\">29<\/a>\n<a class=\"next page-numbers\" href=\"https:\/\/pb.edu.pl\/sjo\/wp-json\/wp\/v2\/pages\/84\/page\/2\/\">Nast\u0119pne<\/a><\/div>\n\t<\/nav>\t\t\t<\/div>\n\n","protected":false},"excerpt":{"rendered":"","protected":false},"author":2,"featured_media":0,"parent":0,"menu_order":1,"comment_status":"closed","ping_status":"closed","template":"","meta":{"_acf_changed":false,"ngg_post_thumbnail":0,"footnotes":""},"class_list":["post-84","page","type-page","status-publish","hentry"],"acf":[],"yoast_head":"<!-- This site is optimized with the Yoast SEO plugin v27.0 - https:\/\/yoast.com\/product\/yoast-seo-wordpress\/ -->\n<title>Aktualno\u015bci - Studium J\u0119zyk\u00f3w Obcych<\/title>\n<meta name=\"robots\" content=\"index, follow, max-snippet:-1, max-image-preview:large, max-video-preview:-1\" \/>\n<link rel=\"canonical\" href=\"https:\/\/pb.edu.pl\/sjo\/aktualnosci\/\" \/>\n<meta property=\"og:locale\" content=\"pl_PL\" \/>\n<meta property=\"og:type\" content=\"article\" \/>\n<meta property=\"og:title\" content=\"Aktualno\u015bci - Studium J\u0119zyk\u00f3w Obcych\" \/>\n<meta property=\"og:url\" content=\"https:\/\/pb.edu.pl\/sjo\/aktualnosci\/\" \/>\n<meta property=\"og:site_name\" content=\"Studium J\u0119zyk\u00f3w Obcych\" \/>\n<meta property=\"article:modified_time\" content=\"2020-03-18T13:12:43+00:00\" \/>\n<meta name=\"twitter:label1\" content=\"Szacowany czas czytania\" \/>\n\t<meta name=\"twitter:data1\" content=\"1 minuta\" \/>\n<script type=\"application\/ld+json\" class=\"yoast-schema-graph\">{\"@context\":\"https:\/\/schema.org\",\"@graph\":[{\"@type\":\"WebPage\",\"@id\":\"https:\/\/pb.edu.pl\/sjo\/aktualnosci\/\",\"url\":\"https:\/\/pb.edu.pl\/sjo\/aktualnosci\/\",\"name\":\"Aktualno\u015bci - Studium J\u0119zyk\u00f3w Obcych\",\"isPartOf\":{\"@id\":\"https:\/\/pb.edu.pl\/sjo\/#website\"},\"datePublished\":\"2017-11-11T20:43:04+00:00\",\"dateModified\":\"2020-03-18T13:12:43+00:00\",\"breadcrumb\":{\"@id\":\"https:\/\/pb.edu.pl\/sjo\/aktualnosci\/#breadcrumb\"},\"inLanguage\":\"pl-PL\",\"potentialAction\":[{\"@type\":\"ReadAction\",\"target\":[\"https:\/\/pb.edu.pl\/sjo\/aktualnosci\/\"]}]},{\"@type\":\"BreadcrumbList\",\"@id\":\"https:\/\/pb.edu.pl\/sjo\/aktualnosci\/#breadcrumb\",\"itemListElement\":[{\"@type\":\"ListItem\",\"position\":1,\"name\":\"Home\",\"item\":\"https:\/\/pb.edu.pl\/sjo\/\"},{\"@type\":\"ListItem\",\"position\":2,\"name\":\"Aktualno\u015bci\"}]},{\"@type\":\"WebSite\",\"@id\":\"https:\/\/pb.edu.pl\/sjo\/#website\",\"url\":\"https:\/\/pb.edu.pl\/sjo\/\",\"name\":\"Studium J\u0119zyk\u00f3w Obcych\",\"description\":\"\",\"potentialAction\":[{\"@type\":\"SearchAction\",\"target\":{\"@type\":\"EntryPoint\",\"urlTemplate\":\"https:\/\/pb.edu.pl\/sjo\/?s={search_term_string}\"},\"query-input\":{\"@type\":\"PropertyValueSpecification\",\"valueRequired\":true,\"valueName\":\"search_term_string\"}}],\"inLanguage\":\"pl-PL\"}]}<\/script>\n<!-- \/ Yoast SEO plugin. -->","yoast_head_json":{"title":"Aktualno\u015bci - Studium J\u0119zyk\u00f3w Obcych","robots":{"index":"index","follow":"follow","max-snippet":"max-snippet:-1","max-image-preview":"max-image-preview:large","max-video-preview":"max-video-preview:-1"},"canonical":"https:\/\/pb.edu.pl\/sjo\/aktualnosci\/","og_locale":"pl_PL","og_type":"article","og_title":"Aktualno\u015bci - Studium J\u0119zyk\u00f3w Obcych","og_url":"https:\/\/pb.edu.pl\/sjo\/aktualnosci\/","og_site_name":"Studium J\u0119zyk\u00f3w Obcych","article_modified_time":"2020-03-18T13:12:43+00:00","twitter_misc":{"Szacowany czas czytania":"1 minuta"},"schema":{"@context":"https:\/\/schema.org","@graph":[{"@type":"WebPage","@id":"https:\/\/pb.edu.pl\/sjo\/aktualnosci\/","url":"https:\/\/pb.edu.pl\/sjo\/aktualnosci\/","name":"Aktualno\u015bci - Studium J\u0119zyk\u00f3w Obcych","isPartOf":{"@id":"https:\/\/pb.edu.pl\/sjo\/#website"},"datePublished":"2017-11-11T20:43:04+00:00","dateModified":"2020-03-18T13:12:43+00:00","breadcrumb":{"@id":"https:\/\/pb.edu.pl\/sjo\/aktualnosci\/#breadcrumb"},"inLanguage":"pl-PL","potentialAction":[{"@type":"ReadAction","target":["https:\/\/pb.edu.pl\/sjo\/aktualnosci\/"]}]},{"@type":"BreadcrumbList","@id":"https:\/\/pb.edu.pl\/sjo\/aktualnosci\/#breadcrumb","itemListElement":[{"@type":"ListItem","position":1,"name":"Home","item":"https:\/\/pb.edu.pl\/sjo\/"},{"@type":"ListItem","position":2,"name":"Aktualno\u015bci"}]},{"@type":"WebSite","@id":"https:\/\/pb.edu.pl\/sjo\/#website","url":"https:\/\/pb.edu.pl\/sjo\/","name":"Studium J\u0119zyk\u00f3w Obcych","description":"","potentialAction":[{"@type":"SearchAction","target":{"@type":"EntryPoint","urlTemplate":"https:\/\/pb.edu.pl\/sjo\/?s={search_term_string}"},"query-input":{"@type":"PropertyValueSpecification","valueRequired":true,"valueName":"search_term_string"}}],"inLanguage":"pl-PL"}]}},"_links":{"self":[{"href":"https:\/\/pb.edu.pl\/sjo\/wp-json\/wp\/v2\/pages\/84","targetHints":{"allow":["GET"]}}],"collection":[{"href":"https:\/\/pb.edu.pl\/sjo\/wp-json\/wp\/v2\/pages"}],"about":[{"href":"https:\/\/pb.edu.pl\/sjo\/wp-json\/wp\/v2\/types\/page"}],"author":[{"embeddable":true,"href":"https:\/\/pb.edu.pl\/sjo\/wp-json\/wp\/v2\/users\/2"}],"replies":[{"embeddable":true,"href":"https:\/\/pb.edu.pl\/sjo\/wp-json\/wp\/v2\/comments?post=84"}],"version-history":[{"count":0,"href":"https:\/\/pb.edu.pl\/sjo\/wp-json\/wp\/v2\/pages\/84\/revisions"}],"wp:attachment":[{"href":"https:\/\/pb.edu.pl\/sjo\/wp-json\/wp\/v2\/media?parent=84"}],"curies":[{"name":"wp","href":"https:\/\/api.w.org\/{rel}","templated":true}]}}