{"id":8284,"date":"2020-08-17T15:57:43","date_gmt":"2020-08-17T13:57:43","guid":{"rendered":"https:\/\/pb.edu.pl\/sjo\/?page_id=8284"},"modified":"2026-03-05T23:58:27","modified_gmt":"2026-03-05T22:58:27","slug":"kontakt","status":"publish","type":"page","link":"https:\/\/pb.edu.pl\/sjo\/polish-lab\/kontakt\/","title":{"rendered":"Kontakt"},"content":{"rendered":"<p><strong><span style=\"font-family: verdana, geneva, sans-serif;font-size: 12pt\">Centrum J\u0119zyka i Kultury Polskiej POLISH LAB<\/span><\/strong><br \/>\n<span style=\"font-family: verdana, geneva, sans-serif;font-size: 12pt\">Politechniki Bia\u0142ostockiej<\/span><br \/>\n<span style=\"font-family: verdana, geneva, sans-serif;font-size: 12pt\">ul. Zwierzyniecka 16, P2\/06<\/span><br \/>\n<span style=\"font-family: verdana, geneva, sans-serif;font-size: 12pt\">15-333 Bia\u0142ystok, Polska<\/span><\/p>\n<p><span style=\"font-family: verdana, geneva, sans-serif;font-size: 12pt\">Kontakt telefoniczny: 85 746 9143, 786 989 286<\/span><\/p>\n<div>\n<div>\n<p><span style=\"font-family: verdana, geneva, sans-serif;font-size: 12pt\">Informacja w sprawie kurs\u00f3w oraz rekrutacja: <strong><span style=\"color: #0000ff\"><a style=\"color: #0000ff\" href=\"mailto:kursypl@pb.edu.pl\">kursypl@pb.edu.pl<\/a><\/span><\/strong><\/span><\/p>\n<p><span style=\"font-family: verdana, geneva, sans-serif;font-size: 12pt\">Informacja w sprawie egzamin\u00f3w, wydarze\u0144 kulturalnych oraz pozosta\u0142ych dzia\u0142a\u0144: <a href=\"iplc@pb.edu.pl\"><span style=\"color: #0000ff\"><strong>iplc@pb.edu.pl<\/strong><\/span><\/a><\/span><span style=\"color: #0000ff\"><strong>&nbsp;<\/strong><\/span><\/p>\n<p>&nbsp;<\/p>\n<\/div>\n<\/div>\n<p><span style=\"font-family: tahoma, arial, helvetica, sans-serif;font-size: 18pt\"><strong><span style=\"font-size: 18pt\">Godziny pracy biura Centrum POLISH LA<\/span>B<\/strong><\/span><\/p>\n<p><span style=\"font-family: verdana, geneva, sans-serif;font-size: 12pt;color: #ff0000\"><strong>od 5 marca do ko\u0144ca czerwca<\/strong><\/span><span style=\"font-family: verdana, geneva, sans-serif;font-size: 12pt;color: #ff0000\"><strong>&nbsp;2026 r.<\/strong><\/span><span style=\"color: #ff0000;font-family: verdana, geneva, sans-serif;font-size: 12pt\"><strong>:<\/strong><\/span><\/p>\n<div>\n<div>\n<ul style=\"list-style-type: disc\">\n<li><span style=\"font-family: verdana, geneva, sans-serif;font-size: 12pt\">dy\u017cur w biurze w <strong>poniedzia\u0142ki i wtorki<\/strong> w godzinach 14:00 -15:30<\/span><\/li>\n<li><span style=\"font-family: verdana, geneva, sans-serif;font-size: 12pt\">dy\u017cur w biurze <strong>w czwartki<\/strong> w godzinach 13:30 -16:00<\/span>&nbsp; &nbsp; &nbsp; &nbsp; &nbsp; &nbsp;<\/li>\n<\/ul>\n<ul style=\"list-style-type: disc\">\n<li><span style=\"font-family: verdana, geneva, sans-serif;font-size: 12pt\">w innych terminach po wcze\u015bniejszym um\u00f3wieniu telefonicznym (+48 786 989 286)<\/span><\/li>\n<\/ul>\n<p>&nbsp;<\/p>\n<p>&nbsp;<\/p>\n<p><span style=\"font-size: 10pt\"><em>Aktualizowano&nbsp; 4 marca 2026<\/em><\/span><span style=\"font-size: 10pt\"><em> r.<\/em><\/span><\/p>\n<p>&nbsp;<\/p>\n<\/div>\n<\/div>\n<p><span style=\"font-family: verdana, geneva, sans-serif;font-size: 12pt\">Znajd\u017a nas na mapie miasteczka akademickiego:<\/span><\/p>\n<p><img loading=\"lazy\" decoding=\"async\" class=\"alignnone wp-image-23182 size-large\" src=\"https:\/\/pb.edu.pl\/sjo\/wp-content\/uploads\/sites\/9\/2023\/12\/2021-Kampus_mapa_PB-PL-1024x724.jpg\" alt=\"\" width=\"1024\" height=\"724\" srcset=\"https:\/\/pb.edu.pl\/sjo\/wp-content\/uploads\/sites\/9\/2023\/12\/2021-Kampus_mapa_PB-PL-1024x724.jpg 1024w, https:\/\/pb.edu.pl\/sjo\/wp-content\/uploads\/sites\/9\/2023\/12\/2021-Kampus_mapa_PB-PL-300x212.jpg 300w, https:\/\/pb.edu.pl\/sjo\/wp-content\/uploads\/sites\/9\/2023\/12\/2021-Kampus_mapa_PB-PL-768x543.jpg 768w, https:\/\/pb.edu.pl\/sjo\/wp-content\/uploads\/sites\/9\/2023\/12\/2021-Kampus_mapa_PB-PL.jpg 1200w\" sizes=\"auto, (max-width: 1024px) 100vw, 1024px\" \/><\/p>\n<p><img loading=\"lazy\" decoding=\"async\" class=\"alignnone wp-image-23180 size-large\" src=\"https:\/\/pb.edu.pl\/sjo\/wp-content\/uploads\/sites\/9\/2023\/12\/2021-photo-campus-1024x259.jpg\" alt=\"\" width=\"1024\" height=\"259\" srcset=\"https:\/\/pb.edu.pl\/sjo\/wp-content\/uploads\/sites\/9\/2023\/12\/2021-photo-campus-1024x259.jpg 1024w, https:\/\/pb.edu.pl\/sjo\/wp-content\/uploads\/sites\/9\/2023\/12\/2021-photo-campus-300x76.jpg 300w, https:\/\/pb.edu.pl\/sjo\/wp-content\/uploads\/sites\/9\/2023\/12\/2021-photo-campus-768x195.jpg 768w, https:\/\/pb.edu.pl\/sjo\/wp-content\/uploads\/sites\/9\/2023\/12\/2021-photo-campus.jpg 1200w\" sizes=\"auto, (max-width: 1024px) 100vw, 1024px\" \/><\/p>\n<p>&nbsp;<\/p>\n<h2>Legenda:<\/h2>\n<p>1 \u2013 Rektorat. Wydzia\u0142 Informatyki, ul. Wiejska 45A<br \/>\n2 \u2013 Wydzia\u0142 Mechaniczny, ul. Wiejska 45C<br \/>\n3 \u2013 Wydzia\u0142 Elektryczny. Aula Du\u017ca, ul. Wiejska 45D<br \/>\n4 \u2013 Wydzia\u0142 Budownictwa i Nauk o \u015arodowisku, ul. Wiejska 45E<br \/>\n5 \u2013 Centrum INNO-EKO-TECH, ul. Wiejska 45E<br \/>\n6 \u2013 Centrum Nowoczesnego Kszta\u0142cenia PB, ul. Zwierzyniecka 16<br \/>\n&nbsp;&nbsp;&nbsp;&nbsp;&nbsp;&nbsp;&nbsp;Studium J\u0119zyk\u00f3w Obcych (SJO)<br \/>\n&nbsp;&nbsp;&nbsp;&nbsp;&nbsp;&nbsp;&nbsp;<span style=\"color: #ff0000\"><strong>Centrum J\u0119zyka i Kultury Polskiej POLISH LAB<\/strong><\/span><br \/>\n&nbsp;&nbsp;&nbsp;&nbsp;&nbsp;&nbsp;&nbsp;Biblioteka G\u0142\u00f3wna<br \/>\n&nbsp;&nbsp;&nbsp;&nbsp;&nbsp;&nbsp;&nbsp;Dzia\u0142 Dydaktyki i Rekrutacji<br \/>\n7 \u2013 Akademicki Inkubator Przedsi\u0119biorczo\u015bci i Wybranych Nowych Technologii Politechniki Bia\u0142ostockiej.<br \/>\n&nbsp;&nbsp;&nbsp;&nbsp;&nbsp;&nbsp;&nbsp;Centrum Badawczo-Dydaktyczne Wydzia\u0142u Elektrycznego.<br \/>\n&nbsp;&nbsp;&nbsp;&nbsp;&nbsp;&nbsp;&nbsp;Klub Studencki GWINT, ul. Zwierzyniecka 10<br \/>\n8 \u2013 Akademickie Centrum Sportu, ul. Wiejska 41<\/p>\n<p>DS1 \u2013 Dom Studenta Alfa, ul. Zwierzyniecka 14<br \/>\nDS2 \u2013 Dom Studenta Beta, ul. Zwierzyniecka 12<br \/>\nDS3 \u2013 Dom Studenta Gamma, ul. Zwierzyniecka 8<br \/>\nDS4 \u2013 Dom Studenta Delta, ul. Zwierzyniecka 6<\/p>\n<p>H \u2013 Hotel Asystenta, ul. Zwierzyniecka 4<\/p>\n","protected":false},"excerpt":{"rendered":"<p>Centrum J\u0119zyka i Kultury Polskiej POLISH LAB Politechniki Bia\u0142ostockiej ul. Zwierzyniecka 16, P2\/06 15-333 Bia\u0142ystok,<\/p>\n","protected":false},"author":6,"featured_media":0,"parent":8106,"menu_order":0,"comment_status":"closed","ping_status":"closed","template":"","meta":{"_acf_changed":false,"ngg_post_thumbnail":0,"footnotes":""},"class_list":["post-8284","page","type-page","status-publish","hentry"],"acf":[],"yoast_head":"<!-- This site is optimized with the Yoast SEO plugin v27.0 - https:\/\/yoast.com\/product\/yoast-seo-wordpress\/ -->\n<title>Kontakt - Studium J\u0119zyk\u00f3w Obcych<\/title>\n<meta name=\"description\" content=\"Centrum J\u0119zyka i Kultury Polskiej POLISH LAB Politechniki Bia\u0142ostockiej ul. Zwierzyniecka 16, P2\/06 15-333 Bia\u0142ystok, Polska Kontakt telefoniczny: 85 746\" \/>\n<meta name=\"robots\" content=\"index, follow, max-snippet:-1, max-image-preview:large, max-video-preview:-1\" \/>\n<link rel=\"canonical\" href=\"https:\/\/pb.edu.pl\/sjo\/polish-lab\/kontakt\/\" \/>\n<meta property=\"og:locale\" content=\"pl_PL\" \/>\n<meta property=\"og:type\" content=\"article\" \/>\n<meta property=\"og:title\" content=\"Kontakt - Studium J\u0119zyk\u00f3w Obcych\" \/>\n<meta property=\"og:description\" content=\"Centrum J\u0119zyka i Kultury Polskiej POLISH LAB Politechniki Bia\u0142ostockiej ul. Zwierzyniecka 16, P2\/06 15-333 Bia\u0142ystok, Polska Kontakt telefoniczny: 85 746\" \/>\n<meta property=\"og:url\" content=\"https:\/\/pb.edu.pl\/sjo\/polish-lab\/kontakt\/\" \/>\n<meta property=\"og:site_name\" content=\"Studium J\u0119zyk\u00f3w Obcych\" \/>\n<meta property=\"article:modified_time\" content=\"2026-03-05T22:58:27+00:00\" \/>\n<meta property=\"og:image\" content=\"https:\/\/pb.edu.pl\/sjo\/wp-content\/uploads\/sites\/9\/2023\/12\/2021-Kampus_mapa_PB-PL.jpg\" \/>\n\t<meta property=\"og:image:width\" content=\"1200\" \/>\n\t<meta property=\"og:image:height\" content=\"848\" \/>\n\t<meta property=\"og:image:type\" content=\"image\/jpeg\" \/>\n<meta name=\"twitter:label1\" content=\"Szacowany czas czytania\" \/>\n\t<meta name=\"twitter:data1\" content=\"2 minuty\" \/>\n<script type=\"application\/ld+json\" class=\"yoast-schema-graph\">{\"@context\":\"https:\/\/schema.org\",\"@graph\":[{\"@type\":\"WebPage\",\"@id\":\"https:\/\/pb.edu.pl\/sjo\/polish-lab\/kontakt\/\",\"url\":\"https:\/\/pb.edu.pl\/sjo\/polish-lab\/kontakt\/\",\"name\":\"Kontakt - Studium J\u0119zyk\u00f3w Obcych\",\"isPartOf\":{\"@id\":\"https:\/\/pb.edu.pl\/sjo\/#website\"},\"primaryImageOfPage\":{\"@id\":\"https:\/\/pb.edu.pl\/sjo\/polish-lab\/kontakt\/#primaryimage\"},\"image\":{\"@id\":\"https:\/\/pb.edu.pl\/sjo\/polish-lab\/kontakt\/#primaryimage\"},\"thumbnailUrl\":\"https:\/\/pb.edu.pl\/sjo\/wp-content\/uploads\/sites\/9\/2023\/12\/2021-Kampus_mapa_PB-PL-1024x724.jpg\",\"datePublished\":\"2020-08-17T13:57:43+00:00\",\"dateModified\":\"2026-03-05T22:58:27+00:00\",\"description\":\"Centrum J\u0119zyka i Kultury Polskiej POLISH LAB Politechniki Bia\u0142ostockiej ul. Zwierzyniecka 16, P2\/06 15-333 Bia\u0142ystok, Polska Kontakt telefoniczny: 85 746\",\"breadcrumb\":{\"@id\":\"https:\/\/pb.edu.pl\/sjo\/polish-lab\/kontakt\/#breadcrumb\"},\"inLanguage\":\"pl-PL\",\"potentialAction\":[{\"@type\":\"ReadAction\",\"target\":[\"https:\/\/pb.edu.pl\/sjo\/polish-lab\/kontakt\/\"]}]},{\"@type\":\"ImageObject\",\"inLanguage\":\"pl-PL\",\"@id\":\"https:\/\/pb.edu.pl\/sjo\/polish-lab\/kontakt\/#primaryimage\",\"url\":\"https:\/\/pb.edu.pl\/sjo\/wp-content\/uploads\/sites\/9\/2023\/12\/2021-Kampus_mapa_PB-PL.jpg\",\"contentUrl\":\"https:\/\/pb.edu.pl\/sjo\/wp-content\/uploads\/sites\/9\/2023\/12\/2021-Kampus_mapa_PB-PL.jpg\",\"width\":1200,\"height\":848},{\"@type\":\"BreadcrumbList\",\"@id\":\"https:\/\/pb.edu.pl\/sjo\/polish-lab\/kontakt\/#breadcrumb\",\"itemListElement\":[{\"@type\":\"ListItem\",\"position\":1,\"name\":\"Home\",\"item\":\"https:\/\/pb.edu.pl\/sjo\/\"},{\"@type\":\"ListItem\",\"position\":2,\"name\":\"Centrum J\u0119zyka i Kultury Polskiej POLISH LAB\",\"item\":\"https:\/\/pb.edu.pl\/sjo\/polish-lab\/\"},{\"@type\":\"ListItem\",\"position\":3,\"name\":\"Kontakt\"}]},{\"@type\":\"WebSite\",\"@id\":\"https:\/\/pb.edu.pl\/sjo\/#website\",\"url\":\"https:\/\/pb.edu.pl\/sjo\/\",\"name\":\"Studium J\u0119zyk\u00f3w Obcych\",\"description\":\"\",\"potentialAction\":[{\"@type\":\"SearchAction\",\"target\":{\"@type\":\"EntryPoint\",\"urlTemplate\":\"https:\/\/pb.edu.pl\/sjo\/?s={search_term_string}\"},\"query-input\":{\"@type\":\"PropertyValueSpecification\",\"valueRequired\":true,\"valueName\":\"search_term_string\"}}],\"inLanguage\":\"pl-PL\"}]}<\/script>\n<!-- \/ Yoast SEO plugin. -->","yoast_head_json":{"title":"Kontakt - Studium J\u0119zyk\u00f3w Obcych","description":"Centrum J\u0119zyka i Kultury Polskiej POLISH LAB Politechniki Bia\u0142ostockiej ul. Zwierzyniecka 16, P2\/06 15-333 Bia\u0142ystok, Polska Kontakt telefoniczny: 85 746","robots":{"index":"index","follow":"follow","max-snippet":"max-snippet:-1","max-image-preview":"max-image-preview:large","max-video-preview":"max-video-preview:-1"},"canonical":"https:\/\/pb.edu.pl\/sjo\/polish-lab\/kontakt\/","og_locale":"pl_PL","og_type":"article","og_title":"Kontakt - Studium J\u0119zyk\u00f3w Obcych","og_description":"Centrum J\u0119zyka i Kultury Polskiej POLISH LAB Politechniki Bia\u0142ostockiej ul. Zwierzyniecka 16, P2\/06 15-333 Bia\u0142ystok, Polska Kontakt telefoniczny: 85 746","og_url":"https:\/\/pb.edu.pl\/sjo\/polish-lab\/kontakt\/","og_site_name":"Studium J\u0119zyk\u00f3w Obcych","article_modified_time":"2026-03-05T22:58:27+00:00","og_image":[{"width":1200,"height":848,"url":"https:\/\/pb.edu.pl\/sjo\/wp-content\/uploads\/sites\/9\/2023\/12\/2021-Kampus_mapa_PB-PL.jpg","type":"image\/jpeg"}],"twitter_misc":{"Szacowany czas czytania":"2 minuty"},"schema":{"@context":"https:\/\/schema.org","@graph":[{"@type":"WebPage","@id":"https:\/\/pb.edu.pl\/sjo\/polish-lab\/kontakt\/","url":"https:\/\/pb.edu.pl\/sjo\/polish-lab\/kontakt\/","name":"Kontakt - Studium J\u0119zyk\u00f3w Obcych","isPartOf":{"@id":"https:\/\/pb.edu.pl\/sjo\/#website"},"primaryImageOfPage":{"@id":"https:\/\/pb.edu.pl\/sjo\/polish-lab\/kontakt\/#primaryimage"},"image":{"@id":"https:\/\/pb.edu.pl\/sjo\/polish-lab\/kontakt\/#primaryimage"},"thumbnailUrl":"https:\/\/pb.edu.pl\/sjo\/wp-content\/uploads\/sites\/9\/2023\/12\/2021-Kampus_mapa_PB-PL-1024x724.jpg","datePublished":"2020-08-17T13:57:43+00:00","dateModified":"2026-03-05T22:58:27+00:00","description":"Centrum J\u0119zyka i Kultury Polskiej POLISH LAB Politechniki Bia\u0142ostockiej ul. Zwierzyniecka 16, P2\/06 15-333 Bia\u0142ystok, Polska Kontakt telefoniczny: 85 746","breadcrumb":{"@id":"https:\/\/pb.edu.pl\/sjo\/polish-lab\/kontakt\/#breadcrumb"},"inLanguage":"pl-PL","potentialAction":[{"@type":"ReadAction","target":["https:\/\/pb.edu.pl\/sjo\/polish-lab\/kontakt\/"]}]},{"@type":"ImageObject","inLanguage":"pl-PL","@id":"https:\/\/pb.edu.pl\/sjo\/polish-lab\/kontakt\/#primaryimage","url":"https:\/\/pb.edu.pl\/sjo\/wp-content\/uploads\/sites\/9\/2023\/12\/2021-Kampus_mapa_PB-PL.jpg","contentUrl":"https:\/\/pb.edu.pl\/sjo\/wp-content\/uploads\/sites\/9\/2023\/12\/2021-Kampus_mapa_PB-PL.jpg","width":1200,"height":848},{"@type":"BreadcrumbList","@id":"https:\/\/pb.edu.pl\/sjo\/polish-lab\/kontakt\/#breadcrumb","itemListElement":[{"@type":"ListItem","position":1,"name":"Home","item":"https:\/\/pb.edu.pl\/sjo\/"},{"@type":"ListItem","position":2,"name":"Centrum J\u0119zyka i Kultury Polskiej POLISH LAB","item":"https:\/\/pb.edu.pl\/sjo\/polish-lab\/"},{"@type":"ListItem","position":3,"name":"Kontakt"}]},{"@type":"WebSite","@id":"https:\/\/pb.edu.pl\/sjo\/#website","url":"https:\/\/pb.edu.pl\/sjo\/","name":"Studium J\u0119zyk\u00f3w Obcych","description":"","potentialAction":[{"@type":"SearchAction","target":{"@type":"EntryPoint","urlTemplate":"https:\/\/pb.edu.pl\/sjo\/?s={search_term_string}"},"query-input":{"@type":"PropertyValueSpecification","valueRequired":true,"valueName":"search_term_string"}}],"inLanguage":"pl-PL"}]}},"_links":{"self":[{"href":"https:\/\/pb.edu.pl\/sjo\/wp-json\/wp\/v2\/pages\/8284","targetHints":{"allow":["GET"]}}],"collection":[{"href":"https:\/\/pb.edu.pl\/sjo\/wp-json\/wp\/v2\/pages"}],"about":[{"href":"https:\/\/pb.edu.pl\/sjo\/wp-json\/wp\/v2\/types\/page"}],"author":[{"embeddable":true,"href":"https:\/\/pb.edu.pl\/sjo\/wp-json\/wp\/v2\/users\/6"}],"replies":[{"embeddable":true,"href":"https:\/\/pb.edu.pl\/sjo\/wp-json\/wp\/v2\/comments?post=8284"}],"version-history":[{"count":7,"href":"https:\/\/pb.edu.pl\/sjo\/wp-json\/wp\/v2\/pages\/8284\/revisions"}],"predecessor-version":[{"id":31023,"href":"https:\/\/pb.edu.pl\/sjo\/wp-json\/wp\/v2\/pages\/8284\/revisions\/31023"}],"up":[{"embeddable":true,"href":"https:\/\/pb.edu.pl\/sjo\/wp-json\/wp\/v2\/pages\/8106"}],"wp:attachment":[{"href":"https:\/\/pb.edu.pl\/sjo\/wp-json\/wp\/v2\/media?parent=8284"}],"curies":[{"name":"wp","href":"https:\/\/api.w.org\/{rel}","templated":true}]}}