{"id":8281,"date":"2020-08-17T15:56:46","date_gmt":"2020-08-17T13:56:46","guid":{"rendered":"https:\/\/pb.edu.pl\/sjo\/?page_id=8281"},"modified":"2024-05-16T08:34:31","modified_gmt":"2024-05-16T06:34:31","slug":"czy-wiecie-ze","status":"publish","type":"page","link":"https:\/\/pb.edu.pl\/sjo\/polish-lab\/czy-wiecie-ze\/","title":{"rendered":"O Polsce i Polakach"},"content":{"rendered":"\t\t\t<div class=\"image-boxes\">\n\t\t\t<div class=\"row\">\n\t\t\t\t\t\t\t\t\t<div class=\"col-md-3\">\n\t\t\t\t\t\t<div class=\"image-boxes-item\">\n\t\t\t\t\t\t\t\t\t\t\t\t\t\t\t<a href=\"https:\/\/pb.edu.pl\/sjo\/polish-lab\/czy-wiecie-ze\/konstytucja-trzeciego-maja\/\" target=\"\" title=\"Konstytucja 3 Maja\" class=\"image\"><img decoding=\"async\" class=\"img-fluid\" src=\"https:\/\/pb.edu.pl\/sjo\/wp-content\/uploads\/sites\/9\/2024\/05\/1-1.png\" alt=\"\"><\/a>\n\t\t\t\t\t\t\t\t\t\t\t\t\t<\/div>\n\t\t\t\t\t<\/div>\n\t\t\t\t\t\t\t\t\t<div class=\"col-md-3\">\n\t\t\t\t\t\t<div class=\"image-boxes-item\">\n\t\t\t\t\t\t\t\t\t\t\t\t\t\t\t<a href=\"https:\/\/pb.edu.pl\/sjo\/polish-lab\/czy-wiecie-ze\/jakub-jozef-orlinski\/\" target=\"\" title=\"https:\/\/pb.edu.pl\/sjo\/polish-lab\/czy-wiecie-ze\/jakub-jozef-orlinski\/\" class=\"image\"><img decoding=\"async\" class=\"img-fluid\" src=\"https:\/\/pb.edu.pl\/sjo\/wp-content\/uploads\/sites\/9\/2023\/11\/9-inspirujace.png\" alt=\"\"><\/a>\n\t\t\t\t\t\t\t\t\t\t\t\t\t<\/div>\n\t\t\t\t\t<\/div>\n\t\t\t\t\t\t\t\t\t<div class=\"col-md-3\">\n\t\t\t\t\t\t<div class=\"image-boxes-item\">\n\t\t\t\t\t\t\t\t\t\t\t\t\t\t\t<a href=\"https:\/\/pb.edu.pl\/sjo\/polish-lab\/czy-wiecie-ze\/polonez\/\" target=\"\" title=\"https:\/\/pb.edu.pl\/sjo\/polish-lab\/czy-wiecie-ze\/polonez\/\" class=\"image\"><img decoding=\"async\" class=\"img-fluid\" src=\"https:\/\/pb.edu.pl\/sjo\/wp-content\/uploads\/sites\/9\/2023\/12\/12-ciekawe.png\" alt=\"\"><\/a>\n\t\t\t\t\t\t\t\t\t\t\t\t\t<\/div>\n\t\t\t\t\t<\/div>\n\t\t\t\t\t\t\t\t\t<div class=\"col-md-3\">\n\t\t\t\t\t\t<div class=\"image-boxes-item\">\n\t\t\t\t\t\t\t\t\t\t\t\t\t\t\t<a href=\"https:\/\/pb.edu.pl\/sjo\/polish-lab\/czy-wiecie-ze\/andrzejki\/\" target=\"\" title=\"https:\/\/pb.edu.pl\/sjo\/polish-lab\/czy-wiecie-ze\/andrzejki\/\" class=\"image\"><img decoding=\"async\" class=\"img-fluid\" src=\"https:\/\/pb.edu.pl\/sjo\/wp-content\/uploads\/sites\/9\/2023\/11\/12-ciekawe-\u2013-kopia-1.png\" alt=\"\"><\/a>\n\t\t\t\t\t\t\t\t\t\t\t\t\t<\/div>\n\t\t\t\t\t<\/div>\n\t\t\t\t\t\t\t\t\t<div class=\"col-md-3\">\n\t\t\t\t\t\t<div class=\"image-boxes-item\">\n\t\t\t\t\t\t\t\t\t\t\t\t\t\t\t<a href=\"https:\/\/pb.edu.pl\/sjo\/polish-lab\/czy-wiecie-ze\/swieta-zmarlych\/\" target=\"\" title=\"\u015awi\u0119ta Zmar\u0142ych\" class=\"image\"><img decoding=\"async\" class=\"img-fluid\" src=\"https:\/\/pb.edu.pl\/sjo\/wp-content\/uploads\/sites\/9\/2023\/10\/12-ciekawe.png\" alt=\"\"><\/a>\n\t\t\t\t\t\t\t\t\t\t\t\t\t<\/div>\n\t\t\t\t\t<\/div>\n\t\t\t\t\t\t\t\t\t<div class=\"col-md-3\">\n\t\t\t\t\t\t<div class=\"image-boxes-item\">\n\t\t\t\t\t\t\t\t\t\t\t\t\t\t\t<a href=\"https:\/\/pb.edu.pl\/sjo\/polish-lab\/czy-wiecie-ze\/golabki\/\" target=\"\" title=\"\" class=\"image\"><img decoding=\"async\" class=\"img-fluid\" src=\"https:\/\/pb.edu.pl\/sjo\/wp-content\/uploads\/sites\/9\/2023\/09\/11-smaczne.png\" alt=\"\"><\/a>\n\t\t\t\t\t\t\t\t\t\t\t\t\t<\/div>\n\t\t\t\t\t<\/div>\n\t\t\t\t\t\t\t\t\t<div class=\"col-md-3\">\n\t\t\t\t\t\t<div class=\"image-boxes-item\">\n\t\t\t\t\t\t\t\t\t\t\t\t\t\t\t<a href=\"https:\/\/pb.edu.pl\/sjo\/polish-lab\/czy-wiecie-ze\/zamek-w-lancucie\/\" target=\"\" title=\"\" class=\"image\"><img decoding=\"async\" class=\"img-fluid\" src=\"https:\/\/pb.edu.pl\/sjo\/wp-content\/uploads\/sites\/9\/2023\/09\/3-1.png\" alt=\"\"><\/a>\n\t\t\t\t\t\t\t\t\t\t\t\t\t<\/div>\n\t\t\t\t\t<\/div>\n\t\t\t\t\t\t\t\t\t<div class=\"col-md-3\">\n\t\t\t\t\t\t<div class=\"image-boxes-item\">\n\t\t\t\t\t\t\t\t\t\t\t\t\t\t\t<a href=\"https:\/\/pb.edu.pl\/sjo\/polish-lab\/czy-wiecie-ze\/wiedzmin\/\" target=\"\" title=\"\" class=\"image\"><img decoding=\"async\" class=\"img-fluid\" src=\"https:\/\/pb.edu.pl\/sjo\/wp-content\/uploads\/sites\/9\/2023\/09\/CIEKAWE3.png\" alt=\"\"><\/a>\n\t\t\t\t\t\t\t\t\t\t\t\t\t<\/div>\n\t\t\t\t\t<\/div>\n\t\t\t\t\t\t\t\t\t<div class=\"col-md-3\">\n\t\t\t\t\t\t<div class=\"image-boxes-item\">\n\t\t\t\t\t\t\t\t\t\t\t\t\t\t\t<a href=\"https:\/\/pb.edu.pl\/sjo\/polish-lab\/czy-wiecie-ze\/grzyby\/\" target=\"\" title=\"\" class=\"image\"><img decoding=\"async\" class=\"img-fluid\" src=\"https:\/\/pb.edu.pl\/sjo\/wp-content\/uploads\/sites\/9\/2023\/09\/CIEKAWE1.png\" alt=\"\"><\/a>\n\t\t\t\t\t\t\t\t\t\t\t\t\t<\/div>\n\t\t\t\t\t<\/div>\n\t\t\t\t\t\t\t\t\t<div class=\"col-md-3\">\n\t\t\t\t\t\t<div class=\"image-boxes-item\">\n\t\t\t\t\t\t\t\t\t\t\t\t\t\t\t<a href=\"https:\/\/pb.edu.pl\/sjo\/polish-lab\/czy-wiecie-ze\/zdzislaw-beksinski\/\" target=\"\" title=\"\" class=\"image\"><img decoding=\"async\" class=\"img-fluid\" src=\"https:\/\/pb.edu.pl\/sjo\/wp-content\/uploads\/sites\/9\/2023\/09\/9-inspirujace.png\" alt=\"\"><\/a>\n\t\t\t\t\t\t\t\t\t\t\t\t\t<\/div>\n\t\t\t\t\t<\/div>\n\t\t\t\t\t\t\t\t\t<div class=\"col-md-3\">\n\t\t\t\t\t\t<div class=\"image-boxes-item\">\n\t\t\t\t\t\t\t\t\t\t\t\t\t\t\t<a href=\"https:\/\/pb.edu.pl\/sjo\/polish-lab\/czy-wiecie-ze\/kopiec-kosciuszki\/\" target=\"\" title=\"\" class=\"image\"><img decoding=\"async\" class=\"img-fluid\" src=\"https:\/\/pb.edu.pl\/sjo\/wp-content\/uploads\/sites\/9\/2023\/09\/4-1.png\" alt=\"\"><\/a>\n\t\t\t\t\t\t\t\t\t\t\t\t\t<\/div>\n\t\t\t\t\t<\/div>\n\t\t\t\t\t\t\t\t\t<div class=\"col-md-3\">\n\t\t\t\t\t\t<div class=\"image-boxes-item\">\n\t\t\t\t\t\t\t\t\t\t\t\t\t\t\t<a href=\"https:\/\/pb.edu.pl\/sjo\/polish-lab\/czy-wiecie-ze\/muzeum-pamieci-sybiru\/\" target=\"\" title=\"\" class=\"image\"><img decoding=\"async\" class=\"img-fluid\" src=\"https:\/\/pb.edu.pl\/sjo\/wp-content\/uploads\/sites\/9\/2023\/09\/1-1.png\" alt=\"\"><\/a>\n\t\t\t\t\t\t\t\t\t\t\t\t\t<\/div>\n\t\t\t\t\t<\/div>\n\t\t\t\t\t\t\t\t\t<div class=\"col-md-3\">\n\t\t\t\t\t\t<div class=\"image-boxes-item\">\n\t\t\t\t\t\t\t\t\t\t\t\t\t\t\t<a href=\"\/sjo\/polish-lab\/czy-wiecie-ze\/wilanow\/\" target=\"\" title=\"\/sjo\/polish-lab\/czy-wiecie-ze\/wilanow\/\" class=\"image\"><img decoding=\"async\" class=\"img-fluid\" src=\"https:\/\/pb.edu.pl\/sjo\/wp-content\/uploads\/sites\/9\/2023\/01\/Wilanow.png\" alt=\"\"><\/a>\n\t\t\t\t\t\t\t\t\t\t\t\t\t<\/div>\n\t\t\t\t\t<\/div>\n\t\t\t\t\t\t\t\t\t<div class=\"col-md-3\">\n\t\t\t\t\t\t<div class=\"image-boxes-item\">\n\t\t\t\t\t\t\t\t\t\t\t\t\t\t\t<a href=\"\/sjo\/polish-lab\/czy-wiecie-ze\/muzeum-ikon-w-supraslu\/\" target=\"\" title=\"\/sjo\/polish-lab\/czy-wiecie-ze\/muzeum-ikon-w-supraslu\/\" class=\"image\"><img decoding=\"async\" class=\"img-fluid\" src=\"https:\/\/pb.edu.pl\/sjo\/wp-content\/uploads\/sites\/9\/2022\/09\/LOKALNE-zubry.png\" alt=\"\"><\/a>\n\t\t\t\t\t\t\t\t\t\t\t\t\t<\/div>\n\t\t\t\t\t<\/div>\n\t\t\t\t\t\t\t\t\t<div class=\"col-md-3\">\n\t\t\t\t\t\t<div class=\"image-boxes-item\">\n\t\t\t\t\t\t\t\t\t\t\t\t\t\t\t<a href=\"sjo\/polish-lab\/czy-wiecie-ze\/tamara-lempicka\/\" target=\"\" title=\"sjo\/polish-lab\/czy-wiecie-ze\/tamara-lempicka\/\" class=\"image\"><img decoding=\"async\" class=\"img-fluid\" src=\"https:\/\/pb.edu.pl\/sjo\/wp-content\/uploads\/sites\/9\/2022\/09\/inspirujace-Lempicka.png\" alt=\"\"><\/a>\n\t\t\t\t\t\t\t\t\t\t\t\t\t<\/div>\n\t\t\t\t\t<\/div>\n\t\t\t\t\t\t\t\t\t<div class=\"col-md-3\">\n\t\t\t\t\t\t<div class=\"image-boxes-item\">\n\t\t\t\t\t\t\t\t\t\t\t\t\t\t\t<a href=\"\/sjo\/polish-lab\/czy-wiecie-ze\/jacek-yerka\/\" target=\"\" title=\"\/sjo\/polish-lab\/czy-wiecie-ze\/jacek-yerka\/\" class=\"image\"><img decoding=\"async\" class=\"img-fluid\" src=\"https:\/\/pb.edu.pl\/sjo\/wp-content\/uploads\/sites\/9\/2023\/01\/Yerka.png\" alt=\"\"><\/a>\n\t\t\t\t\t\t\t\t\t\t\t\t\t<\/div>\n\t\t\t\t\t<\/div>\n\t\t\t\t\t\t\t\t\t<div class=\"col-md-3\">\n\t\t\t\t\t\t<div class=\"image-boxes-item\">\n\t\t\t\t\t\t\t\t\t\t\t\t\t\t\t<a href=\"\/sjo\/polish-lab\/czy-wiecie-ze\/jablko\/\" target=\"\" title=\"\/sjo\/polish-lab\/czy-wiecie-ze\/jablko\/\" class=\"image\"><img decoding=\"async\" class=\"img-fluid\" src=\"https:\/\/pb.edu.pl\/sjo\/wp-content\/uploads\/sites\/9\/2021\/10\/13-ciekawe.png\" alt=\"\"><\/a>\n\t\t\t\t\t\t\t\t\t\t\t\t\t<\/div>\n\t\t\t\t\t<\/div>\n\t\t\t\t\t\t\t\t\t<div class=\"col-md-3\">\n\t\t\t\t\t\t<div class=\"image-boxes-item\">\n\t\t\t\t\t\t\t\t\t\t\t\t\t\t\t<a href=\"\/sjo\/polish-lab\/czy-wiecie-ze\/stanislaw-moniuszko\/\" target=\"\" title=\"\/sjo\/polish-lab\/czy-wiecie-ze\/stanislaw-moniuszko\/\" class=\"image\"><img decoding=\"async\" class=\"img-fluid\" src=\"https:\/\/pb.edu.pl\/sjo\/wp-content\/uploads\/sites\/9\/2023\/01\/Moniuszko.png\" alt=\"\"><\/a>\n\t\t\t\t\t\t\t\t\t\t\t\t\t<\/div>\n\t\t\t\t\t<\/div>\n\t\t\t\t\t\t\t\t\t<div class=\"col-md-3\">\n\t\t\t\t\t\t<div class=\"image-boxes-item\">\n\t\t\t\t\t\t\t\t\t\t\t\t\t\t\t<a href=\"\/sjo\/polish-lab\/czy-wiecie-ze\/jezyk-polski\/\" target=\"\" title=\"\/sjo\/polish-lab\/czy-wiecie-ze\/jezyk-polski\/\" class=\"image\"><img decoding=\"async\" class=\"img-fluid\" src=\"https:\/\/pb.edu.pl\/sjo\/wp-content\/uploads\/sites\/9\/2023\/01\/pierwsze-zdanie.png\" alt=\"\"><\/a>\n\t\t\t\t\t\t\t\t\t\t\t\t\t<\/div>\n\t\t\t\t\t<\/div>\n\t\t\t\t\t\t\t\t\t<div class=\"col-md-3\">\n\t\t\t\t\t\t<div class=\"image-boxes-item\">\n\t\t\t\t\t\t\t\t\t\t\t\t\t\t\t<a href=\"\/sjo\/polish-lab\/czy-wiecie-ze\/olga-tokarczuk\/\" target=\"\" title=\"O Polsce i Polakach\" class=\"image\"><img decoding=\"async\" class=\"img-fluid\" src=\"https:\/\/pb.edu.pl\/sjo\/wp-content\/uploads\/sites\/9\/2021\/09\/9-inspirujace-tokarczuk.png\" alt=\"\"><\/a>\n\t\t\t\t\t\t\t\t\t\t\t\t\t<\/div>\n\t\t\t\t\t<\/div>\n\t\t\t\t\t\t\t\t\t<div class=\"col-md-3\">\n\t\t\t\t\t\t<div class=\"image-boxes-item\">\n\t\t\t\t\t\t\t\t\t\t\t\t\t\t\t<a href=\"\/sjo\/polish-lab\/czy-wiecie-ze\/witkacy\/\" target=\"\" title=\"\/sjo\/polish-lab\/czy-wiecie-ze\/witkacy\/\" class=\"image\"><img decoding=\"async\" class=\"img-fluid\" src=\"https:\/\/pb.edu.pl\/sjo\/wp-content\/uploads\/sites\/9\/2022\/09\/inspirujace-Witkacy.png\" alt=\"\"><\/a>\n\t\t\t\t\t\t\t\t\t\t\t\t\t<\/div>\n\t\t\t\t\t<\/div>\n\t\t\t\t\t\t\t\t\t<div class=\"col-md-3\">\n\t\t\t\t\t\t<div class=\"image-boxes-item\">\n\t\t\t\t\t\t\t\t\t\t\t\t\t\t\t<a href=\"sjo\/polish-lab\/czy-wiecie-ze\/iga-swiatek\/\" target=\"\" title=\"sjo\/polish-lab\/czy-wiecie-ze\/iga-swiatek\/\" class=\"image\"><img decoding=\"async\" class=\"img-fluid\" src=\"https:\/\/pb.edu.pl\/sjo\/wp-content\/uploads\/sites\/9\/2023\/01\/Swiatek.png\" alt=\"\"><\/a>\n\t\t\t\t\t\t\t\t\t\t\t\t\t<\/div>\n\t\t\t\t\t<\/div>\n\t\t\t\t\t\t\t\t\t<div class=\"col-md-3\">\n\t\t\t\t\t\t<div class=\"image-boxes-item\">\n\t\t\t\t\t\t\t\t\t\t\t\t\t\t\t<a href=\"\/sjo\/polish-lab\/czy-wiecie-ze\/wosp\/\" target=\"\" title=\"\/sjo\/polish-lab\/czy-wiecie-ze\/wosp\/\" class=\"image\"><img decoding=\"async\" class=\"img-fluid\" src=\"https:\/\/pb.edu.pl\/sjo\/wp-content\/uploads\/sites\/9\/2021\/09\/12-ciekawe-wosp.png\" alt=\"\"><\/a>\n\t\t\t\t\t\t\t\t\t\t\t\t\t<\/div>\n\t\t\t\t\t<\/div>\n\t\t\t\t\t\t\t\t\t<div class=\"col-md-3\">\n\t\t\t\t\t\t<div class=\"image-boxes-item\">\n\t\t\t\t\t\t\t\t\t\t\t\t\t\t\t<a href=\"\/sjo\/polish-lab\/czy-wiecie-ze\/kosciol-pokoju-w-swidnicy\/\" target=\"\" title=\"\/sjo\/polish-lab\/czy-wiecie-ze\/kosciol-pokoju-w-swidnicy\/\" class=\"image\"><img decoding=\"async\" class=\"img-fluid\" src=\"https:\/\/pb.edu.pl\/sjo\/wp-content\/uploads\/sites\/9\/2021\/10\/14-niezwykle.png\" alt=\"\"><\/a>\n\t\t\t\t\t\t\t\t\t\t\t\t\t<\/div>\n\t\t\t\t\t<\/div>\n\t\t\t\t\t\t\t\t\t<div class=\"col-md-3\">\n\t\t\t\t\t\t<div class=\"image-boxes-item\">\n\t\t\t\t\t\t\t\t\t\t\t\t\t\t\t<a href=\"\/sjo\/polish-lab\/czy-wiecie-ze\/igor-mitoraj-artysta\/\" target=\"\" title=\"\" class=\"image\"><img decoding=\"async\" class=\"img-fluid\" src=\"https:\/\/pb.edu.pl\/sjo\/wp-content\/uploads\/sites\/9\/2021\/08\/5-inspirujace-mitoraj.png\" alt=\"rze\u017cba Mitoraja przedstawiajaca g\u0142ow\u0119 na cokole\"><\/a>\n\t\t\t\t\t\t\t\t\t\t\t\t\t<\/div>\n\t\t\t\t\t<\/div>\n\t\t\t\t\t\t\t\t\t<div class=\"col-md-3\">\n\t\t\t\t\t\t<div class=\"image-boxes-item\">\n\t\t\t\t\t\t\t\t\t\t\t\t\t\t\t<a href=\"sjo\/polish-lab\/czy-wiecie-ze\/kopalnia-soli-w-wieliczce\/\" target=\"\" title=\"sjo\/polish-lab\/czy-wiecie-ze\/kopalnia-soli-w-wieliczce\/\" class=\"image\"><img decoding=\"async\" class=\"img-fluid\" src=\"https:\/\/pb.edu.pl\/sjo\/wp-content\/uploads\/sites\/9\/2021\/10\/15-niezwykle.png\" alt=\"\"><\/a>\n\t\t\t\t\t\t\t\t\t\t\t\t\t<\/div>\n\t\t\t\t\t<\/div>\n\t\t\t\t\t\t\t\t\t<div class=\"col-md-3\">\n\t\t\t\t\t\t<div class=\"image-boxes-item\">\n\t\t\t\t\t\t\t\t\t\t\t\t\t\t\t<a href=\"\/sjo\/polish-lab\/czy-wiecie-ze\/pszczyna\/\" target=\"\" title=\"\" class=\"image\"><img decoding=\"async\" class=\"img-fluid\" src=\"https:\/\/pb.edu.pl\/sjo\/wp-content\/uploads\/sites\/9\/2021\/08\/6-niezywkle-pszczyna.png\" alt=\"\"><\/a>\n\t\t\t\t\t\t\t\t\t\t\t\t\t<\/div>\n\t\t\t\t\t<\/div>\n\t\t\t\t\t\t\t\t\t<div class=\"col-md-3\">\n\t\t\t\t\t\t<div class=\"image-boxes-item\">\n\t\t\t\t\t\t\t\t\t\t\t\t\t\t\t<a href=\"\/sjo\/polish-lab\/czy-wiecie-ze\/lokalne\/\" target=\"\" title=\"\" class=\"image\"><img decoding=\"async\" class=\"img-fluid\" src=\"https:\/\/pb.edu.pl\/sjo\/wp-content\/uploads\/sites\/9\/2021\/08\/8-lokalne-zubr.png\" alt=\"\u017cubry na tle lasu\"><\/a>\n\t\t\t\t\t\t\t\t\t\t\t\t\t<\/div>\n\t\t\t\t\t<\/div>\n\t\t\t\t\t\t\t\t\t<div class=\"col-md-3\">\n\t\t\t\t\t\t<div class=\"image-boxes-item\">\n\t\t\t\t\t\t\t\t\t\t\t\t\t\t\t<a href=\"\/sjo\/polish-lab\/czy-wiecie-ze\/pustynia-bledowska\/\" target=\"\" title=\"\" class=\"image\"><img decoding=\"async\" class=\"img-fluid\" src=\"https:\/\/pb.edu.pl\/sjo\/wp-content\/uploads\/sites\/9\/2021\/08\/2-niezwykle-pustynia.png\" alt=\"troje ludzi w\u0119druje przez Pustyni\u0119 B\u0142\u0119dowsk\u0105\"><\/a>\n\t\t\t\t\t\t\t\t\t\t\t\t\t<\/div>\n\t\t\t\t\t<\/div>\n\t\t\t\t\t\t\t\t\t<div class=\"col-md-3\">\n\t\t\t\t\t\t<div class=\"image-boxes-item\">\n\t\t\t\t\t\t\t\t\t\t\t\t\t\t\t<a href=\"\/sjo\/polish-lab\/czy-wiecie-ze\/piwnica-swidnicka\/\" target=\"\" title=\"\" class=\"image\"><img decoding=\"async\" class=\"img-fluid\" src=\"https:\/\/pb.edu.pl\/sjo\/wp-content\/uploads\/sites\/9\/2021\/08\/3-niezwykle-piwnica-swidnicka.png\" alt=\"wejs\u015bcie do restauracji o nazwie Piwnica \u015awidnicka\"><\/a>\n\t\t\t\t\t\t\t\t\t\t\t\t\t<\/div>\n\t\t\t\t\t<\/div>\n\t\t\t\t\t\t\t\t\t<div class=\"col-md-3\">\n\t\t\t\t\t\t<div class=\"image-boxes-item\">\n\t\t\t\t\t\t\t\t\t\t\t\t\t\t\t<a href=\"\/sjo\/polish-lab\/czy-wiecie-ze\/zurek\/\" target=\"\" title=\"\" class=\"image\"><img decoding=\"async\" class=\"img-fluid\" src=\"https:\/\/pb.edu.pl\/sjo\/wp-content\/uploads\/sites\/9\/2021\/08\/7-smaczne-zurek.png\" alt=\"zupa \u017curek w wygr\u0105\u017conym bochenku chleba\"><\/a>\n\t\t\t\t\t\t\t\t\t\t\t\t\t<\/div>\n\t\t\t\t\t<\/div>\n\t\t\t\t\t\t\t\t\t<div class=\"col-md-3\">\n\t\t\t\t\t\t<div class=\"image-boxes-item\">\n\t\t\t\t\t\t\t\t\t\t\t\t\t\t\t<a href=\"\/sjo\/polish-lab\/czy-wiecie-ze\/cis-henrykowski\/\" target=\"\" title=\"\" class=\"image\"><img decoding=\"async\" class=\"img-fluid\" src=\"https:\/\/pb.edu.pl\/sjo\/wp-content\/uploads\/sites\/9\/2021\/08\/1.-niezwykle-cis.png\" alt=\"\"><\/a>\n\t\t\t\t\t\t\t\t\t\t\t\t\t<\/div>\n\t\t\t\t\t<\/div>\n\t\t\t\t\t\t\t\t\t<div class=\"col-md-3\">\n\t\t\t\t\t\t<div class=\"image-boxes-item\">\n\t\t\t\t\t\t\t\t\t\t\t\t\t\t\t<a href=\"\/sjo\/polish-lab\/czy-wiecie-ze\/paczki\/\" target=\"\" title=\"O Polsce i Polakach\" class=\"image\"><img decoding=\"async\" class=\"img-fluid\" src=\"https:\/\/pb.edu.pl\/sjo\/wp-content\/uploads\/sites\/9\/2021\/09\/11-smaczne-paczki.png\" alt=\"\"><\/a>\n\t\t\t\t\t\t\t\t\t\t\t\t\t<\/div>\n\t\t\t\t\t<\/div>\n\t\t\t\t\t\t\t\t\t<div class=\"col-md-3\">\n\t\t\t\t\t\t<div class=\"image-boxes-item\">\n\t\t\t\t\t\t\t\t\t\t\t\t\t\t\t<a href=\"\/sjo\/polish-lab\/czy-wiecie-ze\/moszna\/\" target=\"\" title=\"\/sjo\/polish-lab\/czy-wiecie-ze\/moszna\/\" class=\"image\"><img decoding=\"async\" class=\"img-fluid\" src=\"https:\/\/pb.edu.pl\/sjo\/wp-content\/uploads\/sites\/9\/2021\/09\/10-niezwykle-moszna.png\" alt=\"\"><\/a>\n\t\t\t\t\t\t\t\t\t\t\t\t\t<\/div>\n\t\t\t\t\t<\/div>\n\t\t\t\t\t\t\t\t\t<div class=\"col-md-3\">\n\t\t\t\t\t\t<div class=\"image-boxes-item\">\n\t\t\t\t\t\t\t\t\t\t\t\t\t\t\t<a href=\"https:\/\/pb.edu.pl\/sjo\/polish-lab\/czy-wiecie-ze\/topola-tekla\/\" target=\"\" title=\"\/sjo\/topola-tekla\/\" class=\"image\"><img decoding=\"async\" class=\"img-fluid\" src=\"https:\/\/pb.edu.pl\/sjo\/wp-content\/uploads\/sites\/9\/2021\/10\/22-ciekawe.png\" alt=\"\"><\/a>\n\t\t\t\t\t\t\t\t\t\t\t\t\t<\/div>\n\t\t\t\t\t<\/div>\n\t\t\t\t\t\t\t\t\t<div class=\"col-md-3\">\n\t\t\t\t\t\t<div class=\"image-boxes-item\">\n\t\t\t\t\t\t\t\t\t\t\t\t\t\t\t<a href=\"\/sjo\/polish-lab\/czy-wiecie-ze\/srodek-europy\/\" target=\"\" title=\"\/sjo\/polish-lab\/czy-wiecie-ze\/srodek-europy\/\" class=\"image\"><img decoding=\"async\" class=\"img-fluid\" src=\"https:\/\/pb.edu.pl\/sjo\/wp-content\/uploads\/sites\/9\/2021\/10\/LOKALNE-zubry.png\" alt=\"\"><\/a>\n\t\t\t\t\t\t\t\t\t\t\t\t\t<\/div>\n\t\t\t\t\t<\/div>\n\t\t\t\t\t\t\t\t\t<div class=\"col-md-3\">\n\t\t\t\t\t\t<div class=\"image-boxes-item\">\n\t\t\t\t\t\t\t\t\t\t\t\t\t\t\t<a href=\"\/sjo\/polish-lab\/czy-wiecie-ze\/przydrozne-kapliczki\/\" target=\"\" title=\"\/sjo\/polish-lab\/czy-wiecie-ze\/przydrozne-kapliczki\/\" class=\"image\"><img decoding=\"async\" class=\"img-fluid\" src=\"https:\/\/pb.edu.pl\/sjo\/wp-content\/uploads\/sites\/9\/2021\/10\/16-ciekawe.png\" alt=\"\"><\/a>\n\t\t\t\t\t\t\t\t\t\t\t\t\t<\/div>\n\t\t\t\t\t<\/div>\n\t\t\t\t\t\t\t\t\t<div class=\"col-md-3\">\n\t\t\t\t\t\t<div class=\"image-boxes-item\">\n\t\t\t\t\t\t\t\t\t\t\t\t\t\t\t<a href=\"\/sjo\/polish-lab\/czy-wiecie-ze\/bursztyn\/\" target=\"\" title=\"\/sjo\/polish-lab\/czy-wiecie-ze\/bursztyn\/\" class=\"image\"><img decoding=\"async\" class=\"img-fluid\" src=\"https:\/\/pb.edu.pl\/sjo\/wp-content\/uploads\/sites\/9\/2021\/10\/27-ciekawe.png\" alt=\"\"><\/a>\n\t\t\t\t\t\t\t\t\t\t\t\t\t<\/div>\n\t\t\t\t\t<\/div>\n\t\t\t\t\t\t\t\t\t<div class=\"col-md-3\">\n\t\t\t\t\t\t<div class=\"image-boxes-item\">\n\t\t\t\t\t\t\t\t\t\t\t\t\t\t\t<a href=\"\/sjo\/polish-lab\/czy-wiecie-ze\/jan-matejko\/\" target=\"\" title=\"\/sjo\/polish-lab\/czy-wiecie-ze\/jan-matejko\/\" class=\"image\"><img decoding=\"async\" class=\"img-fluid\" src=\"https:\/\/pb.edu.pl\/sjo\/wp-content\/uploads\/sites\/9\/2021\/10\/19-inspirujace.png\" alt=\"\"><\/a>\n\t\t\t\t\t\t\t\t\t\t\t\t\t<\/div>\n\t\t\t\t\t<\/div>\n\t\t\t\t\t\t\t\t\t<div class=\"col-md-3\">\n\t\t\t\t\t\t<div class=\"image-boxes-item\">\n\t\t\t\t\t\t\t\t\t\t\t\t\t\t\t<a href=\"\/sjo\/grzaniec-2\/\" target=\"\" title=\"\/sjo\/grzaniec-2\/\" class=\"image\"><img decoding=\"async\" class=\"img-fluid\" src=\"https:\/\/pb.edu.pl\/sjo\/wp-content\/uploads\/sites\/9\/2021\/10\/23-smaczne.png\" alt=\"\"><\/a>\n\t\t\t\t\t\t\t\t\t\t\t\t\t<\/div>\n\t\t\t\t\t<\/div>\n\t\t\t\t\t\t\t\t\t<div class=\"col-md-3\">\n\t\t\t\t\t\t<div class=\"image-boxes-item\">\n\t\t\t\t\t\t\t\t\t\t\t\t\t\t\t<a href=\"\/sjo\/polish-lab\/czy-wiecie-ze\/kaplica-czaszek\/\" target=\"\" title=\"\/sjo\/polish-lab\/czy-wiecie-ze\/kaplica-czaszek\/\" class=\"image\"><img decoding=\"async\" class=\"img-fluid\" src=\"https:\/\/pb.edu.pl\/sjo\/wp-content\/uploads\/sites\/9\/2021\/08\/4-niezwykle-kaplica_czaszek.png\" alt=\"kaplica czaszek w kudowie zdroju\"><\/a>\n\t\t\t\t\t\t\t\t\t\t\t\t\t<\/div>\n\t\t\t\t\t<\/div>\n\t\t\t\t\t\t\t\t\t<div class=\"col-md-3\">\n\t\t\t\t\t\t<div class=\"image-boxes-item\">\n\t\t\t\t\t\t\t\t\t\t\t\t\t\t\t<a href=\"\/sjo\/warszawska-starowka\/\" target=\"\" title=\"\/sjo\/warszawska-starowka\/\" class=\"image\"><img decoding=\"async\" class=\"img-fluid\" src=\"https:\/\/pb.edu.pl\/sjo\/wp-content\/uploads\/sites\/9\/2021\/10\/24-niezwykle.png\" alt=\"\"><\/a>\n\t\t\t\t\t\t\t\t\t\t\t\t\t<\/div>\n\t\t\t\t\t<\/div>\n\t\t\t\t\t\t\t\t\t<div class=\"col-md-3\">\n\t\t\t\t\t\t<div class=\"image-boxes-item\">\n\t\t\t\t\t\t\t\t\t\t\t\t\t\t\t<a href=\"\/sjo\/polish-lab\/czy-wiecie-ze\/panorama-raclawicka\/\" target=\"\" title=\"\/sjo\/polish-lab\/czy-wiecie-ze\/panorama-raclawicka\/\" class=\"image\"><img decoding=\"async\" class=\"img-fluid\" src=\"https:\/\/pb.edu.pl\/sjo\/wp-content\/uploads\/sites\/9\/2021\/10\/25-ciekawe.png\" alt=\"\"><\/a>\n\t\t\t\t\t\t\t\t\t\t\t\t\t<\/div>\n\t\t\t\t\t<\/div>\n\t\t\t\t\t\t\t\t\t<div class=\"col-md-3\">\n\t\t\t\t\t\t<div class=\"image-boxes-item\">\n\t\t\t\t\t\t\t\t\t\t\t\t\t\t\t<a href=\"\/sjo\/polish-lab\/czy-wiecie-ze\/jarmark-dominikanski\/\" target=\"\" title=\"\/sjo\/polish-lab\/czy-wiecie-ze\/jarmark-dominikanski\/\" class=\"image\"><img decoding=\"async\" class=\"img-fluid\" src=\"https:\/\/pb.edu.pl\/sjo\/wp-content\/uploads\/sites\/9\/2021\/10\/20-ciekawe.png\" alt=\"\"><\/a>\n\t\t\t\t\t\t\t\t\t\t\t\t\t<\/div>\n\t\t\t\t\t<\/div>\n\t\t\t\t\t\t\t\t\t<div class=\"col-md-3\">\n\t\t\t\t\t\t<div class=\"image-boxes-item\">\n\t\t\t\t\t\t\t\t\t\t\t\t\t\t\t<img decoding=\"async\" class=\"img-fluid\" src=\"\" alt=\"\">\n\t\t\t\t\t\t\t\t\t\t\t\t\t<\/div>\n\t\t\t\t\t<\/div>\n\t\t\t\t\t\t\t\t\t<div class=\"col-md-3\">\n\t\t\t\t\t\t<div class=\"image-boxes-item\">\n\t\t\t\t\t\t\t\t\t\t\t\t\t\t\t<img decoding=\"async\" class=\"img-fluid\" src=\"\" alt=\"\">\n\t\t\t\t\t\t\t\t\t\t\t\t\t<\/div>\n\t\t\t\t\t<\/div>\n\t\t\t\t\t\t\t<\/div>\n\t\t<\/div>\n\t\n","protected":false},"excerpt":{"rendered":"","protected":false},"author":6,"featured_media":0,"parent":8106,"menu_order":0,"comment_status":"closed","ping_status":"closed","template":"","meta":{"_acf_changed":false,"ngg_post_thumbnail":0,"footnotes":""},"class_list":["post-8281","page","type-page","status-publish","hentry"],"acf":[],"yoast_head":"<!-- This site is optimized with the Yoast SEO plugin v27.0 - https:\/\/yoast.com\/product\/yoast-seo-wordpress\/ -->\n<title>O Polsce i Polakach - Studium J\u0119zyk\u00f3w Obcych<\/title>\n<meta name=\"robots\" content=\"index, follow, max-snippet:-1, max-image-preview:large, max-video-preview:-1\" \/>\n<link rel=\"canonical\" href=\"https:\/\/pb.edu.pl\/sjo\/polish-lab\/czy-wiecie-ze\/\" \/>\n<meta property=\"og:locale\" content=\"pl_PL\" \/>\n<meta property=\"og:type\" content=\"article\" \/>\n<meta property=\"og:title\" content=\"O Polsce i Polakach - Studium J\u0119zyk\u00f3w Obcych\" \/>\n<meta property=\"og:url\" content=\"https:\/\/pb.edu.pl\/sjo\/polish-lab\/czy-wiecie-ze\/\" \/>\n<meta property=\"og:site_name\" content=\"Studium J\u0119zyk\u00f3w Obcych\" \/>\n<meta property=\"article:modified_time\" content=\"2024-05-16T06:34:31+00:00\" \/>\n<meta name=\"twitter:label1\" content=\"Szacowany czas czytania\" \/>\n\t<meta name=\"twitter:data1\" content=\"1 minuta\" \/>\n<script type=\"application\/ld+json\" class=\"yoast-schema-graph\">{\"@context\":\"https:\/\/schema.org\",\"@graph\":[{\"@type\":\"WebPage\",\"@id\":\"https:\/\/pb.edu.pl\/sjo\/polish-lab\/czy-wiecie-ze\/\",\"url\":\"https:\/\/pb.edu.pl\/sjo\/polish-lab\/czy-wiecie-ze\/\",\"name\":\"O Polsce i Polakach - Studium J\u0119zyk\u00f3w Obcych\",\"isPartOf\":{\"@id\":\"https:\/\/pb.edu.pl\/sjo\/#website\"},\"datePublished\":\"2020-08-17T13:56:46+00:00\",\"dateModified\":\"2024-05-16T06:34:31+00:00\",\"breadcrumb\":{\"@id\":\"https:\/\/pb.edu.pl\/sjo\/polish-lab\/czy-wiecie-ze\/#breadcrumb\"},\"inLanguage\":\"pl-PL\",\"potentialAction\":[{\"@type\":\"ReadAction\",\"target\":[\"https:\/\/pb.edu.pl\/sjo\/polish-lab\/czy-wiecie-ze\/\"]}]},{\"@type\":\"BreadcrumbList\",\"@id\":\"https:\/\/pb.edu.pl\/sjo\/polish-lab\/czy-wiecie-ze\/#breadcrumb\",\"itemListElement\":[{\"@type\":\"ListItem\",\"position\":1,\"name\":\"Home\",\"item\":\"https:\/\/pb.edu.pl\/sjo\/\"},{\"@type\":\"ListItem\",\"position\":2,\"name\":\"Centrum J\u0119zyka i Kultury Polskiej POLISH LAB\",\"item\":\"https:\/\/pb.edu.pl\/sjo\/polish-lab\/\"},{\"@type\":\"ListItem\",\"position\":3,\"name\":\"O Polsce i Polakach\"}]},{\"@type\":\"WebSite\",\"@id\":\"https:\/\/pb.edu.pl\/sjo\/#website\",\"url\":\"https:\/\/pb.edu.pl\/sjo\/\",\"name\":\"Studium J\u0119zyk\u00f3w Obcych\",\"description\":\"\",\"potentialAction\":[{\"@type\":\"SearchAction\",\"target\":{\"@type\":\"EntryPoint\",\"urlTemplate\":\"https:\/\/pb.edu.pl\/sjo\/?s={search_term_string}\"},\"query-input\":{\"@type\":\"PropertyValueSpecification\",\"valueRequired\":true,\"valueName\":\"search_term_string\"}}],\"inLanguage\":\"pl-PL\"}]}<\/script>\n<!-- \/ Yoast SEO plugin. -->","yoast_head_json":{"title":"O Polsce i Polakach - Studium J\u0119zyk\u00f3w Obcych","robots":{"index":"index","follow":"follow","max-snippet":"max-snippet:-1","max-image-preview":"max-image-preview:large","max-video-preview":"max-video-preview:-1"},"canonical":"https:\/\/pb.edu.pl\/sjo\/polish-lab\/czy-wiecie-ze\/","og_locale":"pl_PL","og_type":"article","og_title":"O Polsce i Polakach - Studium J\u0119zyk\u00f3w Obcych","og_url":"https:\/\/pb.edu.pl\/sjo\/polish-lab\/czy-wiecie-ze\/","og_site_name":"Studium J\u0119zyk\u00f3w Obcych","article_modified_time":"2024-05-16T06:34:31+00:00","twitter_misc":{"Szacowany czas czytania":"1 minuta"},"schema":{"@context":"https:\/\/schema.org","@graph":[{"@type":"WebPage","@id":"https:\/\/pb.edu.pl\/sjo\/polish-lab\/czy-wiecie-ze\/","url":"https:\/\/pb.edu.pl\/sjo\/polish-lab\/czy-wiecie-ze\/","name":"O Polsce i Polakach - Studium J\u0119zyk\u00f3w Obcych","isPartOf":{"@id":"https:\/\/pb.edu.pl\/sjo\/#website"},"datePublished":"2020-08-17T13:56:46+00:00","dateModified":"2024-05-16T06:34:31+00:00","breadcrumb":{"@id":"https:\/\/pb.edu.pl\/sjo\/polish-lab\/czy-wiecie-ze\/#breadcrumb"},"inLanguage":"pl-PL","potentialAction":[{"@type":"ReadAction","target":["https:\/\/pb.edu.pl\/sjo\/polish-lab\/czy-wiecie-ze\/"]}]},{"@type":"BreadcrumbList","@id":"https:\/\/pb.edu.pl\/sjo\/polish-lab\/czy-wiecie-ze\/#breadcrumb","itemListElement":[{"@type":"ListItem","position":1,"name":"Home","item":"https:\/\/pb.edu.pl\/sjo\/"},{"@type":"ListItem","position":2,"name":"Centrum J\u0119zyka i Kultury Polskiej POLISH LAB","item":"https:\/\/pb.edu.pl\/sjo\/polish-lab\/"},{"@type":"ListItem","position":3,"name":"O Polsce i Polakach"}]},{"@type":"WebSite","@id":"https:\/\/pb.edu.pl\/sjo\/#website","url":"https:\/\/pb.edu.pl\/sjo\/","name":"Studium J\u0119zyk\u00f3w Obcych","description":"","potentialAction":[{"@type":"SearchAction","target":{"@type":"EntryPoint","urlTemplate":"https:\/\/pb.edu.pl\/sjo\/?s={search_term_string}"},"query-input":{"@type":"PropertyValueSpecification","valueRequired":true,"valueName":"search_term_string"}}],"inLanguage":"pl-PL"}]}},"_links":{"self":[{"href":"https:\/\/pb.edu.pl\/sjo\/wp-json\/wp\/v2\/pages\/8281","targetHints":{"allow":["GET"]}}],"collection":[{"href":"https:\/\/pb.edu.pl\/sjo\/wp-json\/wp\/v2\/pages"}],"about":[{"href":"https:\/\/pb.edu.pl\/sjo\/wp-json\/wp\/v2\/types\/page"}],"author":[{"embeddable":true,"href":"https:\/\/pb.edu.pl\/sjo\/wp-json\/wp\/v2\/users\/6"}],"replies":[{"embeddable":true,"href":"https:\/\/pb.edu.pl\/sjo\/wp-json\/wp\/v2\/comments?post=8281"}],"version-history":[{"count":0,"href":"https:\/\/pb.edu.pl\/sjo\/wp-json\/wp\/v2\/pages\/8281\/revisions"}],"up":[{"embeddable":true,"href":"https:\/\/pb.edu.pl\/sjo\/wp-json\/wp\/v2\/pages\/8106"}],"wp:attachment":[{"href":"https:\/\/pb.edu.pl\/sjo\/wp-json\/wp\/v2\/media?parent=8281"}],"curies":[{"name":"wp","href":"https:\/\/api.w.org\/{rel}","templated":true}]}}