{"id":799,"date":"2017-11-30T21:52:00","date_gmt":"2017-11-30T20:52:00","guid":{"rendered":"https:\/\/pb.edu.pl\/sjo\/?page_id=799"},"modified":"2017-11-30T22:09:20","modified_gmt":"2017-11-30T21:09:20","slug":"konferencja-iatefl-2017","status":"publish","type":"page","link":"https:\/\/pb.edu.pl\/sjo\/wydarzenia-sjo\/wydarzenia-archiwum\/szkolimy-sie\/konferencja-iatefl-2017\/","title":{"rendered":"Konferencja IATEFL 2017"},"content":{"rendered":"<header class=\"clearfix\">\n<p id=\"page-title\">Reaching the Peaks \u2013 konferencja Stowarzyszenia Nauczycieli J\u0119zyka Angielskiego w Polsce IATEFL Poland (Bielsko-Bia\u0142a 15-17.09.2017)<\/p>\n<p>&nbsp;<\/p>\n<\/header>\n<div id=\"content\">\n<div class=\"region region-content\">\n<div id=\"block-system-main\" class=\"block block-system no-title odd first last block-count-4 block-region-content block-main\">\n<article id=\"node-560\" class=\"node node-page article odd node-lang-pl node-full ia-r clearfix\" role=\"article\">\n<div class=\"node-inner\">\n<div class=\"node-content\">\n<div class=\"field field-name-body field-type-text-with-summary field-label-hidden view-mode-full\">\n<div class=\"field-items\">\n<div class=\"field-item even\">\n<p>Przedstawiciele Studium J\u0119zyk\u00f3w Obcych PB &nbsp;(mgr Alina Jab\u0142o\u0144ska-Domurat, mgr Janusz Ro\u017cek i mgr Monika \u015aleszy\u0144ska) uczestniczyli w warsztatach i szkoleniach przygotowanych przez cz\u0142onk\u00f3w i sympatyk\u00f3w stowarzyszenia IATEFL Poland. Tym razem uczestnik\u00f3w tej mi\u0119dzynarodowej konferencji&nbsp; go\u015bci\u0142a Akademia Techniczno-Humanistyczna w Bielsku-Bia\u0142ej. W\u015br\u00f3d &nbsp;ponad 120 prezenter\u00f3w byli wybitni metodycy, psychologowie, uznani autorzy podr\u0119cznik\u00f3w z Polski i zagranicy oraz wydawcy (np. prof. Alicja Ga\u0142\u0105zka, prof. Jacek Py\u017calski, dr Jacek Santorski, dr Grzegorz \u015apiewak). Nie zabrak\u0142o te\u017c \u2018zwyk\u0142ych\u2019 nauczycieli, kt\u00f3rzy &nbsp;w czasie swoich sesji dzielili si\u0119 do\u015bwiadczeniami i pomys\u0142ami, doskonal\u0105c w ten spos\u00f3b i w\u0142asne umiej\u0119tno\u015bci trenerskie, i zawodowe s\u0142uchaczy. W tym roku jednym z prelegent\u00f3w by\u0142a mgr Monika \u015aleszy\u0144ska, kt\u00f3ra zach\u0119ca\u0142a wyk\u0142adowc\u00f3w wy\u017cszych uczelni do wykorzystania potencja\u0142u angielskiego j\u0119zyka uproszczonego, tzw. plain English podczas pisania artyku\u0142\u00f3w naukowych i prezentacji ustnych. Pokaza\u0142a r\u00f3wnie\u017c, w jaki\u015b spos\u00f3b zastosowanie uproszczonego angielskiego u\u0142atwia ich korekt\u0119. Poruszane podczas prezentacji kwestie zainteresowa\u0142y s\u0142uchaczy, niekt\u00f3rzy po raz pierwszy spotkali si\u0119 z tym tematem, by\u0107 mo\u017ce zainspirowani najnowszymi trendami w academic writing zechc\u0105 wykorzysta\u0107 je w swojej pracy ze studentami. Konferencja to nie tylko podnoszenie w\u0142asnych kompetencji dydaktycznych, to tak\u017ce mo\u017cliwo\u015b\u0107 zapoznania si\u0119 z ofert\u0105 wydawnictw edukacyjnych i nawi\u0105zania kontakt\u00f3w&nbsp; z wyk\u0142adowcami innych uczelni. Ksi\u0119gozbi\u00f3r SJO wzbogaci\u0142 si\u0119 o kolejne pozycje, przydatne w prowadzeniu warsztat\u00f3w w ramach projekt\u00f3w unijnych czy na studiach drugiego stopnia. Kolejna konferencja odb\u0119dzie si\u0119 we Wroc\u0142awiu. Czekamy na ni\u0105 z niecierpliwo\u015bci\u0105.<\/p>\n<p>&nbsp;<\/p>\n<\/div>\n<\/div>\n<div id='gallery-1' class='gallery galleryid-799 gallery-columns-2 gallery-size-full'><figure class='gallery-item'>\n\t\t\t<div class='gallery-icon landscape'>\n\t\t\t\t<a href='https:\/\/pb.edu.pl\/sjo\/wp-content\/uploads\/sites\/9\/2017\/11\/IATEFL_2017_1.jpg'><img loading=\"lazy\" decoding=\"async\" width=\"853\" height=\"480\" src=\"https:\/\/pb.edu.pl\/sjo\/wp-content\/uploads\/sites\/9\/2017\/11\/IATEFL_2017_1.jpg\" class=\"attachment-full size-full\" alt=\"budynek - miejsce konferencji\" srcset=\"https:\/\/pb.edu.pl\/sjo\/wp-content\/uploads\/sites\/9\/2017\/11\/IATEFL_2017_1.jpg 853w, https:\/\/pb.edu.pl\/sjo\/wp-content\/uploads\/sites\/9\/2017\/11\/IATEFL_2017_1-300x169.jpg 300w, https:\/\/pb.edu.pl\/sjo\/wp-content\/uploads\/sites\/9\/2017\/11\/IATEFL_2017_1-768x432.jpg 768w\" sizes=\"auto, (max-width: 853px) 100vw, 853px\" \/><\/a>\n\t\t\t<\/div><\/figure><figure class='gallery-item'>\n\t\t\t<div class='gallery-icon landscape'>\n\t\t\t\t<a href='https:\/\/pb.edu.pl\/sjo\/wp-content\/uploads\/sites\/9\/2017\/11\/IATEFL_2017_2.jpg'><img loading=\"lazy\" decoding=\"async\" width=\"853\" height=\"480\" src=\"https:\/\/pb.edu.pl\/sjo\/wp-content\/uploads\/sites\/9\/2017\/11\/IATEFL_2017_2.jpg\" class=\"attachment-full size-full\" alt=\"uczestnicy konferencji\" srcset=\"https:\/\/pb.edu.pl\/sjo\/wp-content\/uploads\/sites\/9\/2017\/11\/IATEFL_2017_2.jpg 853w, https:\/\/pb.edu.pl\/sjo\/wp-content\/uploads\/sites\/9\/2017\/11\/IATEFL_2017_2-300x169.jpg 300w, https:\/\/pb.edu.pl\/sjo\/wp-content\/uploads\/sites\/9\/2017\/11\/IATEFL_2017_2-768x432.jpg 768w\" sizes=\"auto, (max-width: 853px) 100vw, 853px\" \/><\/a>\n\t\t\t<\/div><\/figure><figure class='gallery-item'>\n\t\t\t<div class='gallery-icon landscape'>\n\t\t\t\t<a href='https:\/\/pb.edu.pl\/sjo\/wp-content\/uploads\/sites\/9\/2017\/11\/IATEFL_2017_3.jpg'><img loading=\"lazy\" decoding=\"async\" width=\"853\" height=\"480\" src=\"https:\/\/pb.edu.pl\/sjo\/wp-content\/uploads\/sites\/9\/2017\/11\/IATEFL_2017_3.jpg\" class=\"attachment-full size-full\" alt=\"uczestnicy konferencji\" srcset=\"https:\/\/pb.edu.pl\/sjo\/wp-content\/uploads\/sites\/9\/2017\/11\/IATEFL_2017_3.jpg 853w, https:\/\/pb.edu.pl\/sjo\/wp-content\/uploads\/sites\/9\/2017\/11\/IATEFL_2017_3-300x169.jpg 300w, https:\/\/pb.edu.pl\/sjo\/wp-content\/uploads\/sites\/9\/2017\/11\/IATEFL_2017_3-768x432.jpg 768w\" sizes=\"auto, (max-width: 853px) 100vw, 853px\" \/><\/a>\n\t\t\t<\/div><\/figure><figure class='gallery-item'>\n\t\t\t<div class='gallery-icon landscape'>\n\t\t\t\t<a href='https:\/\/pb.edu.pl\/sjo\/wp-content\/uploads\/sites\/9\/2017\/11\/IATEFL_2017_4.jpg'><img loading=\"lazy\" decoding=\"async\" width=\"853\" height=\"480\" src=\"https:\/\/pb.edu.pl\/sjo\/wp-content\/uploads\/sites\/9\/2017\/11\/IATEFL_2017_4.jpg\" class=\"attachment-full size-full\" alt=\"uczestnicy konferencji\" srcset=\"https:\/\/pb.edu.pl\/sjo\/wp-content\/uploads\/sites\/9\/2017\/11\/IATEFL_2017_4.jpg 853w, https:\/\/pb.edu.pl\/sjo\/wp-content\/uploads\/sites\/9\/2017\/11\/IATEFL_2017_4-300x169.jpg 300w, https:\/\/pb.edu.pl\/sjo\/wp-content\/uploads\/sites\/9\/2017\/11\/IATEFL_2017_4-768x432.jpg 768w\" sizes=\"auto, (max-width: 853px) 100vw, 853px\" \/><\/a>\n\t\t\t<\/div><\/figure>\n\t\t<\/div>\n\n<\/div>\n<\/div>\n<\/div>\n<\/article>\n<\/div>\n<\/div>\n<\/div>\n","protected":false},"excerpt":{"rendered":"<p>Reaching the Peaks \u2013 konferencja Stowarzyszenia Nauczycieli J\u0119zyka Angielskiego w Polsce IATEFL Poland (Bielsko-Bia\u0142a 15-17.09.2017)<\/p>\n","protected":false},"author":6,"featured_media":0,"parent":768,"menu_order":0,"comment_status":"closed","ping_status":"closed","template":"","meta":{"_acf_changed":false,"ngg_post_thumbnail":0,"footnotes":""},"class_list":["post-799","page","type-page","status-publish","hentry"],"acf":[],"yoast_head":"<!-- This site is optimized with the Yoast SEO plugin v27.0 - https:\/\/yoast.com\/product\/yoast-seo-wordpress\/ -->\n<title>Konferencja IATEFL 2017 - Studium J\u0119zyk\u00f3w Obcych<\/title>\n<meta name=\"description\" content=\"Reaching the Peaks \u2013 konferencja Stowarzyszenia Nauczycieli J\u0119zyka Angielskiego w Polsce IATEFL Poland (Bielsko-Bia\u0142a 15-17.09.2017) &nbsp;\" \/>\n<meta name=\"robots\" content=\"index, follow, max-snippet:-1, max-image-preview:large, max-video-preview:-1\" \/>\n<link rel=\"canonical\" href=\"https:\/\/pb.edu.pl\/sjo\/wydarzenia-sjo\/wydarzenia-archiwum\/szkolimy-sie\/konferencja-iatefl-2017\/\" \/>\n<meta property=\"og:locale\" content=\"pl_PL\" \/>\n<meta property=\"og:type\" content=\"article\" \/>\n<meta property=\"og:title\" content=\"Konferencja IATEFL 2017 - Studium J\u0119zyk\u00f3w Obcych\" \/>\n<meta property=\"og:description\" content=\"Reaching the Peaks \u2013 konferencja Stowarzyszenia Nauczycieli J\u0119zyka Angielskiego w Polsce IATEFL Poland (Bielsko-Bia\u0142a 15-17.09.2017) &nbsp;\" \/>\n<meta property=\"og:url\" content=\"https:\/\/pb.edu.pl\/sjo\/wydarzenia-sjo\/wydarzenia-archiwum\/szkolimy-sie\/konferencja-iatefl-2017\/\" \/>\n<meta property=\"og:site_name\" content=\"Studium J\u0119zyk\u00f3w Obcych\" \/>\n<meta property=\"article:modified_time\" content=\"2017-11-30T21:09:20+00:00\" \/>\n<meta property=\"og:image\" content=\"https:\/\/pb.edu.pl\/sjo\/wp-content\/uploads\/sites\/9\/2017\/11\/IATEFL_2017_1.jpg\" \/>\n<meta name=\"twitter:label1\" content=\"Szacowany czas czytania\" \/>\n\t<meta name=\"twitter:data1\" content=\"2 minuty\" \/>\n<script type=\"application\/ld+json\" class=\"yoast-schema-graph\">{\"@context\":\"https:\/\/schema.org\",\"@graph\":[{\"@type\":\"WebPage\",\"@id\":\"https:\/\/pb.edu.pl\/sjo\/wydarzenia-sjo\/wydarzenia-archiwum\/szkolimy-sie\/konferencja-iatefl-2017\/\",\"url\":\"https:\/\/pb.edu.pl\/sjo\/wydarzenia-sjo\/wydarzenia-archiwum\/szkolimy-sie\/konferencja-iatefl-2017\/\",\"name\":\"Konferencja IATEFL 2017 - Studium J\u0119zyk\u00f3w Obcych\",\"isPartOf\":{\"@id\":\"https:\/\/pb.edu.pl\/sjo\/#website\"},\"datePublished\":\"2017-11-30T20:52:00+00:00\",\"dateModified\":\"2017-11-30T21:09:20+00:00\",\"description\":\"Reaching the Peaks \u2013 konferencja Stowarzyszenia Nauczycieli J\u0119zyka Angielskiego w Polsce IATEFL Poland (Bielsko-Bia\u0142a 15-17.09.2017) &nbsp;\",\"breadcrumb\":{\"@id\":\"https:\/\/pb.edu.pl\/sjo\/wydarzenia-sjo\/wydarzenia-archiwum\/szkolimy-sie\/konferencja-iatefl-2017\/#breadcrumb\"},\"inLanguage\":\"pl-PL\",\"potentialAction\":[{\"@type\":\"ReadAction\",\"target\":[\"https:\/\/pb.edu.pl\/sjo\/wydarzenia-sjo\/wydarzenia-archiwum\/szkolimy-sie\/konferencja-iatefl-2017\/\"]}]},{\"@type\":\"BreadcrumbList\",\"@id\":\"https:\/\/pb.edu.pl\/sjo\/wydarzenia-sjo\/wydarzenia-archiwum\/szkolimy-sie\/konferencja-iatefl-2017\/#breadcrumb\",\"itemListElement\":[{\"@type\":\"ListItem\",\"position\":1,\"name\":\"Home\",\"item\":\"https:\/\/pb.edu.pl\/sjo\/\"},{\"@type\":\"ListItem\",\"position\":2,\"name\":\"Wydarzenia SJO\",\"item\":\"https:\/\/pb.edu.pl\/sjo\/wydarzenia-sjo\/\"},{\"@type\":\"ListItem\",\"position\":3,\"name\":\"Wydarzenia\",\"item\":\"https:\/\/pb.edu.pl\/sjo\/wydarzenia-sjo\/wydarzenia-archiwum\/\"},{\"@type\":\"ListItem\",\"position\":4,\"name\":\"Szkolimy si\u0119\",\"item\":\"https:\/\/pb.edu.pl\/sjo\/wydarzenia-sjo\/wydarzenia-archiwum\/szkolimy-sie\/\"},{\"@type\":\"ListItem\",\"position\":5,\"name\":\"Konferencja IATEFL 2017\"}]},{\"@type\":\"WebSite\",\"@id\":\"https:\/\/pb.edu.pl\/sjo\/#website\",\"url\":\"https:\/\/pb.edu.pl\/sjo\/\",\"name\":\"Studium J\u0119zyk\u00f3w Obcych\",\"description\":\"\",\"potentialAction\":[{\"@type\":\"SearchAction\",\"target\":{\"@type\":\"EntryPoint\",\"urlTemplate\":\"https:\/\/pb.edu.pl\/sjo\/?s={search_term_string}\"},\"query-input\":{\"@type\":\"PropertyValueSpecification\",\"valueRequired\":true,\"valueName\":\"search_term_string\"}}],\"inLanguage\":\"pl-PL\"}]}<\/script>\n<!-- \/ Yoast SEO plugin. -->","yoast_head_json":{"title":"Konferencja IATEFL 2017 - Studium J\u0119zyk\u00f3w Obcych","description":"Reaching the Peaks \u2013 konferencja Stowarzyszenia Nauczycieli J\u0119zyka Angielskiego w Polsce IATEFL Poland (Bielsko-Bia\u0142a 15-17.09.2017) &nbsp;","robots":{"index":"index","follow":"follow","max-snippet":"max-snippet:-1","max-image-preview":"max-image-preview:large","max-video-preview":"max-video-preview:-1"},"canonical":"https:\/\/pb.edu.pl\/sjo\/wydarzenia-sjo\/wydarzenia-archiwum\/szkolimy-sie\/konferencja-iatefl-2017\/","og_locale":"pl_PL","og_type":"article","og_title":"Konferencja IATEFL 2017 - Studium J\u0119zyk\u00f3w Obcych","og_description":"Reaching the Peaks \u2013 konferencja Stowarzyszenia Nauczycieli J\u0119zyka Angielskiego w Polsce IATEFL Poland (Bielsko-Bia\u0142a 15-17.09.2017) &nbsp;","og_url":"https:\/\/pb.edu.pl\/sjo\/wydarzenia-sjo\/wydarzenia-archiwum\/szkolimy-sie\/konferencja-iatefl-2017\/","og_site_name":"Studium J\u0119zyk\u00f3w Obcych","article_modified_time":"2017-11-30T21:09:20+00:00","og_image":[{"url":"https:\/\/pb.edu.pl\/sjo\/wp-content\/uploads\/sites\/9\/2017\/11\/IATEFL_2017_1.jpg","type":"","width":"","height":""}],"twitter_misc":{"Szacowany czas czytania":"2 minuty"},"schema":{"@context":"https:\/\/schema.org","@graph":[{"@type":"WebPage","@id":"https:\/\/pb.edu.pl\/sjo\/wydarzenia-sjo\/wydarzenia-archiwum\/szkolimy-sie\/konferencja-iatefl-2017\/","url":"https:\/\/pb.edu.pl\/sjo\/wydarzenia-sjo\/wydarzenia-archiwum\/szkolimy-sie\/konferencja-iatefl-2017\/","name":"Konferencja IATEFL 2017 - Studium J\u0119zyk\u00f3w Obcych","isPartOf":{"@id":"https:\/\/pb.edu.pl\/sjo\/#website"},"datePublished":"2017-11-30T20:52:00+00:00","dateModified":"2017-11-30T21:09:20+00:00","description":"Reaching the Peaks \u2013 konferencja Stowarzyszenia Nauczycieli J\u0119zyka Angielskiego w Polsce IATEFL Poland (Bielsko-Bia\u0142a 15-17.09.2017) &nbsp;","breadcrumb":{"@id":"https:\/\/pb.edu.pl\/sjo\/wydarzenia-sjo\/wydarzenia-archiwum\/szkolimy-sie\/konferencja-iatefl-2017\/#breadcrumb"},"inLanguage":"pl-PL","potentialAction":[{"@type":"ReadAction","target":["https:\/\/pb.edu.pl\/sjo\/wydarzenia-sjo\/wydarzenia-archiwum\/szkolimy-sie\/konferencja-iatefl-2017\/"]}]},{"@type":"BreadcrumbList","@id":"https:\/\/pb.edu.pl\/sjo\/wydarzenia-sjo\/wydarzenia-archiwum\/szkolimy-sie\/konferencja-iatefl-2017\/#breadcrumb","itemListElement":[{"@type":"ListItem","position":1,"name":"Home","item":"https:\/\/pb.edu.pl\/sjo\/"},{"@type":"ListItem","position":2,"name":"Wydarzenia SJO","item":"https:\/\/pb.edu.pl\/sjo\/wydarzenia-sjo\/"},{"@type":"ListItem","position":3,"name":"Wydarzenia","item":"https:\/\/pb.edu.pl\/sjo\/wydarzenia-sjo\/wydarzenia-archiwum\/"},{"@type":"ListItem","position":4,"name":"Szkolimy si\u0119","item":"https:\/\/pb.edu.pl\/sjo\/wydarzenia-sjo\/wydarzenia-archiwum\/szkolimy-sie\/"},{"@type":"ListItem","position":5,"name":"Konferencja IATEFL 2017"}]},{"@type":"WebSite","@id":"https:\/\/pb.edu.pl\/sjo\/#website","url":"https:\/\/pb.edu.pl\/sjo\/","name":"Studium J\u0119zyk\u00f3w Obcych","description":"","potentialAction":[{"@type":"SearchAction","target":{"@type":"EntryPoint","urlTemplate":"https:\/\/pb.edu.pl\/sjo\/?s={search_term_string}"},"query-input":{"@type":"PropertyValueSpecification","valueRequired":true,"valueName":"search_term_string"}}],"inLanguage":"pl-PL"}]}},"_links":{"self":[{"href":"https:\/\/pb.edu.pl\/sjo\/wp-json\/wp\/v2\/pages\/799","targetHints":{"allow":["GET"]}}],"collection":[{"href":"https:\/\/pb.edu.pl\/sjo\/wp-json\/wp\/v2\/pages"}],"about":[{"href":"https:\/\/pb.edu.pl\/sjo\/wp-json\/wp\/v2\/types\/page"}],"author":[{"embeddable":true,"href":"https:\/\/pb.edu.pl\/sjo\/wp-json\/wp\/v2\/users\/6"}],"replies":[{"embeddable":true,"href":"https:\/\/pb.edu.pl\/sjo\/wp-json\/wp\/v2\/comments?post=799"}],"version-history":[{"count":0,"href":"https:\/\/pb.edu.pl\/sjo\/wp-json\/wp\/v2\/pages\/799\/revisions"}],"up":[{"embeddable":true,"href":"https:\/\/pb.edu.pl\/sjo\/wp-json\/wp\/v2\/pages\/768"}],"wp:attachment":[{"href":"https:\/\/pb.edu.pl\/sjo\/wp-json\/wp\/v2\/media?parent=799"}],"curies":[{"name":"wp","href":"https:\/\/api.w.org\/{rel}","templated":true}]}}