{"id":768,"date":"2017-11-30T21:36:58","date_gmt":"2017-11-30T20:36:58","guid":{"rendered":"https:\/\/pb.edu.pl\/sjo\/?page_id=768"},"modified":"2018-04-17T11:13:41","modified_gmt":"2018-04-17T09:13:41","slug":"szkolimy-sie","status":"publish","type":"page","link":"https:\/\/pb.edu.pl\/sjo\/wydarzenia-sjo\/wydarzenia-archiwum\/szkolimy-sie\/","title":{"rendered":"Szkolimy si\u0119"},"content":{"rendered":"<p><a href=\"https:\/\/pb.edu.pl\/sjo\/o-nas\/wydarzenia\/szkolimy-sie\/kapital-jezykowy-wyznacznikiem-sukcesu\/\">Konferencja: Kapita\u0142 j\u0119zykowy wyznacznikiem sukcesu na wsp\u00f3\u0142czesnym rynku pracy, Warszawa, 2017<\/a><\/p>\n<p>&nbsp;<\/p>\n<p><a href=\"https:\/\/pb.edu.pl\/sjo\/o-nas\/wydarzenia\/szkolimy-sie\/konferencja-iatefl-2017\/\">Konferencja IATEFL, Akademia Techniczno-Humanistyczna w Bielsku-Bia\u0142ej, 2017<\/a><\/p>\n<p>&nbsp;<\/p>\n<p><a href=\"https:\/\/pb.edu.pl\/sjo\/o-nas\/wydarzenia\/szkolimy-sie\/jezyk-specjalistyczny-nowe-wyzwania\/\">Warsztaty metodyczne: J\u0119zyk specjalistyczny &#8211; nowe wyzwania, Politechnika Krakowska, 2017<\/a><\/p>\n<p>&nbsp;<\/p>\n<p><a href=\"https:\/\/pb.edu.pl\/sjo\/o-nas\/wydarzenia\/szkolimy-sie\/jak-zaprzyjaznic-sie-z-pamiecia\/\">Szkolenie: Jak zaprzyja\u017ani\u0107 si\u0119 z pami\u0119ci\u0105, Politechnika Bia\u0142ostocka, 2017<\/a><\/p>\n<p>&nbsp;<\/p>\n<p><a href=\"https:\/\/pb.edu.pl\/sjo\/o-nas\/wydarzenia\/szkolimy-sie\/4th-iatefl-poland-esp-sig-conference\/\">Konferencja: 4th IATEFL Poland ESP SIG Conference, Uniwersytet Przyrodniczy w Lublinie, 2017<\/a><\/p>\n<p>&nbsp;<\/p>\n","protected":false},"excerpt":{"rendered":"<p>Konferencja: Kapita\u0142 j\u0119zykowy wyznacznikiem sukcesu na wsp\u00f3\u0142czesnym rynku pracy, Warszawa, 2017 &nbsp; Konferencja IATEFL, Akademia<\/p>\n","protected":false},"author":6,"featured_media":0,"parent":137,"menu_order":0,"comment_status":"closed","ping_status":"closed","template":"","meta":{"_acf_changed":false,"ngg_post_thumbnail":0,"footnotes":""},"class_list":["post-768","page","type-page","status-publish","hentry"],"acf":[],"yoast_head":"<!-- This site is optimized with the Yoast SEO plugin v27.0 - https:\/\/yoast.com\/product\/yoast-seo-wordpress\/ -->\n<title>Szkolimy si\u0119 - Studium J\u0119zyk\u00f3w Obcych<\/title>\n<meta name=\"description\" content=\"Konferencja: Kapita\u0142 j\u0119zykowy wyznacznikiem sukcesu na wsp\u00f3\u0142czesnym rynku pracy, Warszawa, 2017 &nbsp; Konferencja IATEFL, Akademia\" \/>\n<meta name=\"robots\" content=\"index, follow, max-snippet:-1, max-image-preview:large, max-video-preview:-1\" \/>\n<link rel=\"canonical\" href=\"https:\/\/pb.edu.pl\/sjo\/wydarzenia-sjo\/wydarzenia-archiwum\/szkolimy-sie\/\" \/>\n<meta property=\"og:locale\" content=\"pl_PL\" \/>\n<meta property=\"og:type\" content=\"article\" \/>\n<meta property=\"og:title\" content=\"Szkolimy si\u0119 - Studium J\u0119zyk\u00f3w Obcych\" \/>\n<meta property=\"og:description\" content=\"Konferencja: Kapita\u0142 j\u0119zykowy wyznacznikiem sukcesu na wsp\u00f3\u0142czesnym rynku pracy, Warszawa, 2017 &nbsp; Konferencja IATEFL, Akademia\" \/>\n<meta property=\"og:url\" content=\"https:\/\/pb.edu.pl\/sjo\/wydarzenia-sjo\/wydarzenia-archiwum\/szkolimy-sie\/\" \/>\n<meta property=\"og:site_name\" content=\"Studium J\u0119zyk\u00f3w Obcych\" \/>\n<meta property=\"article:modified_time\" content=\"2018-04-17T09:13:41+00:00\" \/>\n<script type=\"application\/ld+json\" class=\"yoast-schema-graph\">{\"@context\":\"https:\/\/schema.org\",\"@graph\":[{\"@type\":\"WebPage\",\"@id\":\"https:\/\/pb.edu.pl\/sjo\/wydarzenia-sjo\/wydarzenia-archiwum\/szkolimy-sie\/\",\"url\":\"https:\/\/pb.edu.pl\/sjo\/wydarzenia-sjo\/wydarzenia-archiwum\/szkolimy-sie\/\",\"name\":\"Szkolimy si\u0119 - Studium J\u0119zyk\u00f3w Obcych\",\"isPartOf\":{\"@id\":\"https:\/\/pb.edu.pl\/sjo\/#website\"},\"datePublished\":\"2017-11-30T20:36:58+00:00\",\"dateModified\":\"2018-04-17T09:13:41+00:00\",\"description\":\"Konferencja: Kapita\u0142 j\u0119zykowy wyznacznikiem sukcesu na wsp\u00f3\u0142czesnym rynku pracy, Warszawa, 2017 &nbsp; Konferencja IATEFL, Akademia\",\"breadcrumb\":{\"@id\":\"https:\/\/pb.edu.pl\/sjo\/wydarzenia-sjo\/wydarzenia-archiwum\/szkolimy-sie\/#breadcrumb\"},\"inLanguage\":\"pl-PL\",\"potentialAction\":[{\"@type\":\"ReadAction\",\"target\":[\"https:\/\/pb.edu.pl\/sjo\/wydarzenia-sjo\/wydarzenia-archiwum\/szkolimy-sie\/\"]}]},{\"@type\":\"BreadcrumbList\",\"@id\":\"https:\/\/pb.edu.pl\/sjo\/wydarzenia-sjo\/wydarzenia-archiwum\/szkolimy-sie\/#breadcrumb\",\"itemListElement\":[{\"@type\":\"ListItem\",\"position\":1,\"name\":\"Home\",\"item\":\"https:\/\/pb.edu.pl\/sjo\/\"},{\"@type\":\"ListItem\",\"position\":2,\"name\":\"Wydarzenia SJO\",\"item\":\"https:\/\/pb.edu.pl\/sjo\/wydarzenia-sjo\/\"},{\"@type\":\"ListItem\",\"position\":3,\"name\":\"Wydarzenia\",\"item\":\"https:\/\/pb.edu.pl\/sjo\/wydarzenia-sjo\/wydarzenia-archiwum\/\"},{\"@type\":\"ListItem\",\"position\":4,\"name\":\"Szkolimy si\u0119\"}]},{\"@type\":\"WebSite\",\"@id\":\"https:\/\/pb.edu.pl\/sjo\/#website\",\"url\":\"https:\/\/pb.edu.pl\/sjo\/\",\"name\":\"Studium J\u0119zyk\u00f3w Obcych\",\"description\":\"\",\"potentialAction\":[{\"@type\":\"SearchAction\",\"target\":{\"@type\":\"EntryPoint\",\"urlTemplate\":\"https:\/\/pb.edu.pl\/sjo\/?s={search_term_string}\"},\"query-input\":{\"@type\":\"PropertyValueSpecification\",\"valueRequired\":true,\"valueName\":\"search_term_string\"}}],\"inLanguage\":\"pl-PL\"}]}<\/script>\n<!-- \/ Yoast SEO plugin. -->","yoast_head_json":{"title":"Szkolimy si\u0119 - Studium J\u0119zyk\u00f3w Obcych","description":"Konferencja: Kapita\u0142 j\u0119zykowy wyznacznikiem sukcesu na wsp\u00f3\u0142czesnym rynku pracy, Warszawa, 2017 &nbsp; Konferencja IATEFL, Akademia","robots":{"index":"index","follow":"follow","max-snippet":"max-snippet:-1","max-image-preview":"max-image-preview:large","max-video-preview":"max-video-preview:-1"},"canonical":"https:\/\/pb.edu.pl\/sjo\/wydarzenia-sjo\/wydarzenia-archiwum\/szkolimy-sie\/","og_locale":"pl_PL","og_type":"article","og_title":"Szkolimy si\u0119 - Studium J\u0119zyk\u00f3w Obcych","og_description":"Konferencja: Kapita\u0142 j\u0119zykowy wyznacznikiem sukcesu na wsp\u00f3\u0142czesnym rynku pracy, Warszawa, 2017 &nbsp; Konferencja IATEFL, Akademia","og_url":"https:\/\/pb.edu.pl\/sjo\/wydarzenia-sjo\/wydarzenia-archiwum\/szkolimy-sie\/","og_site_name":"Studium J\u0119zyk\u00f3w Obcych","article_modified_time":"2018-04-17T09:13:41+00:00","schema":{"@context":"https:\/\/schema.org","@graph":[{"@type":"WebPage","@id":"https:\/\/pb.edu.pl\/sjo\/wydarzenia-sjo\/wydarzenia-archiwum\/szkolimy-sie\/","url":"https:\/\/pb.edu.pl\/sjo\/wydarzenia-sjo\/wydarzenia-archiwum\/szkolimy-sie\/","name":"Szkolimy si\u0119 - Studium J\u0119zyk\u00f3w Obcych","isPartOf":{"@id":"https:\/\/pb.edu.pl\/sjo\/#website"},"datePublished":"2017-11-30T20:36:58+00:00","dateModified":"2018-04-17T09:13:41+00:00","description":"Konferencja: Kapita\u0142 j\u0119zykowy wyznacznikiem sukcesu na wsp\u00f3\u0142czesnym rynku pracy, Warszawa, 2017 &nbsp; Konferencja IATEFL, Akademia","breadcrumb":{"@id":"https:\/\/pb.edu.pl\/sjo\/wydarzenia-sjo\/wydarzenia-archiwum\/szkolimy-sie\/#breadcrumb"},"inLanguage":"pl-PL","potentialAction":[{"@type":"ReadAction","target":["https:\/\/pb.edu.pl\/sjo\/wydarzenia-sjo\/wydarzenia-archiwum\/szkolimy-sie\/"]}]},{"@type":"BreadcrumbList","@id":"https:\/\/pb.edu.pl\/sjo\/wydarzenia-sjo\/wydarzenia-archiwum\/szkolimy-sie\/#breadcrumb","itemListElement":[{"@type":"ListItem","position":1,"name":"Home","item":"https:\/\/pb.edu.pl\/sjo\/"},{"@type":"ListItem","position":2,"name":"Wydarzenia SJO","item":"https:\/\/pb.edu.pl\/sjo\/wydarzenia-sjo\/"},{"@type":"ListItem","position":3,"name":"Wydarzenia","item":"https:\/\/pb.edu.pl\/sjo\/wydarzenia-sjo\/wydarzenia-archiwum\/"},{"@type":"ListItem","position":4,"name":"Szkolimy si\u0119"}]},{"@type":"WebSite","@id":"https:\/\/pb.edu.pl\/sjo\/#website","url":"https:\/\/pb.edu.pl\/sjo\/","name":"Studium J\u0119zyk\u00f3w Obcych","description":"","potentialAction":[{"@type":"SearchAction","target":{"@type":"EntryPoint","urlTemplate":"https:\/\/pb.edu.pl\/sjo\/?s={search_term_string}"},"query-input":{"@type":"PropertyValueSpecification","valueRequired":true,"valueName":"search_term_string"}}],"inLanguage":"pl-PL"}]}},"_links":{"self":[{"href":"https:\/\/pb.edu.pl\/sjo\/wp-json\/wp\/v2\/pages\/768","targetHints":{"allow":["GET"]}}],"collection":[{"href":"https:\/\/pb.edu.pl\/sjo\/wp-json\/wp\/v2\/pages"}],"about":[{"href":"https:\/\/pb.edu.pl\/sjo\/wp-json\/wp\/v2\/types\/page"}],"author":[{"embeddable":true,"href":"https:\/\/pb.edu.pl\/sjo\/wp-json\/wp\/v2\/users\/6"}],"replies":[{"embeddable":true,"href":"https:\/\/pb.edu.pl\/sjo\/wp-json\/wp\/v2\/comments?post=768"}],"version-history":[{"count":0,"href":"https:\/\/pb.edu.pl\/sjo\/wp-json\/wp\/v2\/pages\/768\/revisions"}],"up":[{"embeddable":true,"href":"https:\/\/pb.edu.pl\/sjo\/wp-json\/wp\/v2\/pages\/137"}],"wp:attachment":[{"href":"https:\/\/pb.edu.pl\/sjo\/wp-json\/wp\/v2\/media?parent=768"}],"curies":[{"name":"wp","href":"https:\/\/api.w.org\/{rel}","templated":true}]}}