{"id":7567,"date":"2019-10-29T11:55:55","date_gmt":"2019-10-29T10:55:55","guid":{"rendered":"https:\/\/pb.edu.pl\/sjo\/?page_id=7567"},"modified":"2021-10-14T09:39:20","modified_gmt":"2021-10-14T07:39:20","slug":"quiz-3","status":"publish","type":"page","link":"https:\/\/pb.edu.pl\/sjo\/dla-studenta\/ciekawe-uzyteczne\/ciekawostki-2\/quiz-3\/","title":{"rendered":"Jak zacz\u0105\u0107 email?"},"content":{"rendered":"<p>Jak najlepiej zaczyna\u0107 wiadomo\u015b\u0107 elektroniczn\u0105 (mail) do nauczyciela akademickiego?<\/p>\n<ol style=\"list-style-type: lower-alpha\">\n<li><strong>Witam!!!<\/strong> \u2013 Wita\u0107 mo\u017cemy kogo\u015b, je\u015bli czujemy si\u0119 gospodarzami danego miejsca, w przypadku listu elektronicznego trudno m\u00f3wi\u0107 o takiej sytuacji. I po co ten potr\u00f3jny wykrzyknik na ko\u0144cu?<\/li>\n<li><strong>Dzie\u0144 dobry!<\/strong> \u2013 To wyra\u017canie jest problematyczne z tego powodu, \u017ce nie wiemy o jakiej porze adresat odczyta nasz\u0105 wiadomo\u015b\u0107, wobec czego \u017cyczenie mu dobrego dnia np. o godzinie 23.55 jest troch\u0119 nietrafione.<\/li>\n<li><strong>Panie Janku\/Pani Ma\u0142gosiu!<\/strong> \u2013 Czy ta forma wymaga komentarza?<\/li>\n<li><strong>Po co te konwenanse, najlepiej od razu przej\u015b\u0107 do rzeczy.<\/strong> \u2013 Konwenanse, wbrew pozorom, s\u0105 w\u0142a\u015bnie po to, \u017ceby by\u0142o nam \u0142atwiej, a nie trudniej. Je\u015bli nie u\u017cyjemy formy grzeczno\u015bciowej na pocz\u0105tku wiadomo\u015bci, istnieje du\u017ca szansa, \u017ce adresat skupi si\u0119 bardziej na tym, \u017ce nie zosta\u0142 odpowiednio potraktowany, ni\u017c na samej tre\u015bci wiadomo\u015bci.<\/li>\n<li><strong>Szanowny Panie Doktorze\/Magistrze\/etc.! \u2013 <\/strong>To chyba najlepsze rozwi\u0105zanie.<\/li>\n<\/ol>\n<p><strong>&nbsp;<\/strong>MC<\/p>\n","protected":false},"excerpt":{"rendered":"<p>Jak najlepiej zaczyna\u0107 wiadomo\u015b\u0107 elektroniczn\u0105 (mail) do nauczyciela akademickiego? Witam!!! \u2013 Wita\u0107 mo\u017cemy kogo\u015b, je\u015bli<\/p>\n","protected":false},"author":6,"featured_media":0,"parent":7216,"menu_order":0,"comment_status":"closed","ping_status":"closed","template":"","meta":{"_acf_changed":false,"ngg_post_thumbnail":0,"footnotes":""},"class_list":["post-7567","page","type-page","status-publish","hentry"],"acf":[],"yoast_head":"<!-- This site is optimized with the Yoast SEO plugin v27.0 - https:\/\/yoast.com\/product\/yoast-seo-wordpress\/ -->\n<title>Jak zacz\u0105\u0107 email? - Studium J\u0119zyk\u00f3w Obcych<\/title>\n<meta name=\"description\" content=\"Jak najlepiej zaczyna\u0107 wiadomo\u015b\u0107 elektroniczn\u0105 (mail) do nauczyciela akademickiego? Witam!!! \u2013 Wita\u0107 mo\u017cemy kogo\u015b, je\u015bli czujemy si\u0119 gospodarzami danego\" \/>\n<meta name=\"robots\" content=\"index, follow, max-snippet:-1, max-image-preview:large, max-video-preview:-1\" \/>\n<link rel=\"canonical\" href=\"https:\/\/pb.edu.pl\/sjo\/dla-studenta\/ciekawe-uzyteczne\/ciekawostki-2\/quiz-3\/\" \/>\n<meta property=\"og:locale\" content=\"pl_PL\" \/>\n<meta property=\"og:type\" content=\"article\" \/>\n<meta property=\"og:title\" content=\"Jak zacz\u0105\u0107 email? - Studium J\u0119zyk\u00f3w Obcych\" \/>\n<meta property=\"og:description\" content=\"Jak najlepiej zaczyna\u0107 wiadomo\u015b\u0107 elektroniczn\u0105 (mail) do nauczyciela akademickiego? Witam!!! \u2013 Wita\u0107 mo\u017cemy kogo\u015b, je\u015bli czujemy si\u0119 gospodarzami danego\" \/>\n<meta property=\"og:url\" content=\"https:\/\/pb.edu.pl\/sjo\/dla-studenta\/ciekawe-uzyteczne\/ciekawostki-2\/quiz-3\/\" \/>\n<meta property=\"og:site_name\" content=\"Studium J\u0119zyk\u00f3w Obcych\" \/>\n<meta property=\"article:modified_time\" content=\"2021-10-14T07:39:20+00:00\" \/>\n<meta name=\"twitter:label1\" content=\"Szacowany czas czytania\" \/>\n\t<meta name=\"twitter:data1\" content=\"1 minuta\" \/>\n<script type=\"application\/ld+json\" class=\"yoast-schema-graph\">{\"@context\":\"https:\/\/schema.org\",\"@graph\":[{\"@type\":\"WebPage\",\"@id\":\"https:\/\/pb.edu.pl\/sjo\/dla-studenta\/ciekawe-uzyteczne\/ciekawostki-2\/quiz-3\/\",\"url\":\"https:\/\/pb.edu.pl\/sjo\/dla-studenta\/ciekawe-uzyteczne\/ciekawostki-2\/quiz-3\/\",\"name\":\"Jak zacz\u0105\u0107 email? - Studium J\u0119zyk\u00f3w Obcych\",\"isPartOf\":{\"@id\":\"https:\/\/pb.edu.pl\/sjo\/#website\"},\"datePublished\":\"2019-10-29T10:55:55+00:00\",\"dateModified\":\"2021-10-14T07:39:20+00:00\",\"description\":\"Jak najlepiej zaczyna\u0107 wiadomo\u015b\u0107 elektroniczn\u0105 (mail) do nauczyciela akademickiego? Witam!!! \u2013 Wita\u0107 mo\u017cemy kogo\u015b, je\u015bli czujemy si\u0119 gospodarzami danego\",\"breadcrumb\":{\"@id\":\"https:\/\/pb.edu.pl\/sjo\/dla-studenta\/ciekawe-uzyteczne\/ciekawostki-2\/quiz-3\/#breadcrumb\"},\"inLanguage\":\"pl-PL\",\"potentialAction\":[{\"@type\":\"ReadAction\",\"target\":[\"https:\/\/pb.edu.pl\/sjo\/dla-studenta\/ciekawe-uzyteczne\/ciekawostki-2\/quiz-3\/\"]}]},{\"@type\":\"BreadcrumbList\",\"@id\":\"https:\/\/pb.edu.pl\/sjo\/dla-studenta\/ciekawe-uzyteczne\/ciekawostki-2\/quiz-3\/#breadcrumb\",\"itemListElement\":[{\"@type\":\"ListItem\",\"position\":1,\"name\":\"Home\",\"item\":\"https:\/\/pb.edu.pl\/sjo\/\"},{\"@type\":\"ListItem\",\"position\":2,\"name\":\"Studiuj\u0119 w PB\",\"item\":\"https:\/\/pb.edu.pl\/sjo\/dla-studenta\/\"},{\"@type\":\"ListItem\",\"position\":3,\"name\":\"Ciekawe i u\u017cyteczne\",\"item\":\"https:\/\/pb.edu.pl\/sjo\/dla-studenta\/ciekawe-uzyteczne\/\"},{\"@type\":\"ListItem\",\"position\":4,\"name\":\"Ciekawostki\",\"item\":\"https:\/\/pb.edu.pl\/sjo\/dla-studenta\/ciekawe-uzyteczne\/ciekawostki-2\/\"},{\"@type\":\"ListItem\",\"position\":5,\"name\":\"Jak zacz\u0105\u0107 email?\"}]},{\"@type\":\"WebSite\",\"@id\":\"https:\/\/pb.edu.pl\/sjo\/#website\",\"url\":\"https:\/\/pb.edu.pl\/sjo\/\",\"name\":\"Studium J\u0119zyk\u00f3w Obcych\",\"description\":\"\",\"potentialAction\":[{\"@type\":\"SearchAction\",\"target\":{\"@type\":\"EntryPoint\",\"urlTemplate\":\"https:\/\/pb.edu.pl\/sjo\/?s={search_term_string}\"},\"query-input\":{\"@type\":\"PropertyValueSpecification\",\"valueRequired\":true,\"valueName\":\"search_term_string\"}}],\"inLanguage\":\"pl-PL\"}]}<\/script>\n<!-- \/ Yoast SEO plugin. -->","yoast_head_json":{"title":"Jak zacz\u0105\u0107 email? - Studium J\u0119zyk\u00f3w Obcych","description":"Jak najlepiej zaczyna\u0107 wiadomo\u015b\u0107 elektroniczn\u0105 (mail) do nauczyciela akademickiego? Witam!!! \u2013 Wita\u0107 mo\u017cemy kogo\u015b, je\u015bli czujemy si\u0119 gospodarzami danego","robots":{"index":"index","follow":"follow","max-snippet":"max-snippet:-1","max-image-preview":"max-image-preview:large","max-video-preview":"max-video-preview:-1"},"canonical":"https:\/\/pb.edu.pl\/sjo\/dla-studenta\/ciekawe-uzyteczne\/ciekawostki-2\/quiz-3\/","og_locale":"pl_PL","og_type":"article","og_title":"Jak zacz\u0105\u0107 email? - Studium J\u0119zyk\u00f3w Obcych","og_description":"Jak najlepiej zaczyna\u0107 wiadomo\u015b\u0107 elektroniczn\u0105 (mail) do nauczyciela akademickiego? Witam!!! \u2013 Wita\u0107 mo\u017cemy kogo\u015b, je\u015bli czujemy si\u0119 gospodarzami danego","og_url":"https:\/\/pb.edu.pl\/sjo\/dla-studenta\/ciekawe-uzyteczne\/ciekawostki-2\/quiz-3\/","og_site_name":"Studium J\u0119zyk\u00f3w Obcych","article_modified_time":"2021-10-14T07:39:20+00:00","twitter_misc":{"Szacowany czas czytania":"1 minuta"},"schema":{"@context":"https:\/\/schema.org","@graph":[{"@type":"WebPage","@id":"https:\/\/pb.edu.pl\/sjo\/dla-studenta\/ciekawe-uzyteczne\/ciekawostki-2\/quiz-3\/","url":"https:\/\/pb.edu.pl\/sjo\/dla-studenta\/ciekawe-uzyteczne\/ciekawostki-2\/quiz-3\/","name":"Jak zacz\u0105\u0107 email? - Studium J\u0119zyk\u00f3w Obcych","isPartOf":{"@id":"https:\/\/pb.edu.pl\/sjo\/#website"},"datePublished":"2019-10-29T10:55:55+00:00","dateModified":"2021-10-14T07:39:20+00:00","description":"Jak najlepiej zaczyna\u0107 wiadomo\u015b\u0107 elektroniczn\u0105 (mail) do nauczyciela akademickiego? Witam!!! \u2013 Wita\u0107 mo\u017cemy kogo\u015b, je\u015bli czujemy si\u0119 gospodarzami danego","breadcrumb":{"@id":"https:\/\/pb.edu.pl\/sjo\/dla-studenta\/ciekawe-uzyteczne\/ciekawostki-2\/quiz-3\/#breadcrumb"},"inLanguage":"pl-PL","potentialAction":[{"@type":"ReadAction","target":["https:\/\/pb.edu.pl\/sjo\/dla-studenta\/ciekawe-uzyteczne\/ciekawostki-2\/quiz-3\/"]}]},{"@type":"BreadcrumbList","@id":"https:\/\/pb.edu.pl\/sjo\/dla-studenta\/ciekawe-uzyteczne\/ciekawostki-2\/quiz-3\/#breadcrumb","itemListElement":[{"@type":"ListItem","position":1,"name":"Home","item":"https:\/\/pb.edu.pl\/sjo\/"},{"@type":"ListItem","position":2,"name":"Studiuj\u0119 w PB","item":"https:\/\/pb.edu.pl\/sjo\/dla-studenta\/"},{"@type":"ListItem","position":3,"name":"Ciekawe i u\u017cyteczne","item":"https:\/\/pb.edu.pl\/sjo\/dla-studenta\/ciekawe-uzyteczne\/"},{"@type":"ListItem","position":4,"name":"Ciekawostki","item":"https:\/\/pb.edu.pl\/sjo\/dla-studenta\/ciekawe-uzyteczne\/ciekawostki-2\/"},{"@type":"ListItem","position":5,"name":"Jak zacz\u0105\u0107 email?"}]},{"@type":"WebSite","@id":"https:\/\/pb.edu.pl\/sjo\/#website","url":"https:\/\/pb.edu.pl\/sjo\/","name":"Studium J\u0119zyk\u00f3w Obcych","description":"","potentialAction":[{"@type":"SearchAction","target":{"@type":"EntryPoint","urlTemplate":"https:\/\/pb.edu.pl\/sjo\/?s={search_term_string}"},"query-input":{"@type":"PropertyValueSpecification","valueRequired":true,"valueName":"search_term_string"}}],"inLanguage":"pl-PL"}]}},"_links":{"self":[{"href":"https:\/\/pb.edu.pl\/sjo\/wp-json\/wp\/v2\/pages\/7567","targetHints":{"allow":["GET"]}}],"collection":[{"href":"https:\/\/pb.edu.pl\/sjo\/wp-json\/wp\/v2\/pages"}],"about":[{"href":"https:\/\/pb.edu.pl\/sjo\/wp-json\/wp\/v2\/types\/page"}],"author":[{"embeddable":true,"href":"https:\/\/pb.edu.pl\/sjo\/wp-json\/wp\/v2\/users\/6"}],"replies":[{"embeddable":true,"href":"https:\/\/pb.edu.pl\/sjo\/wp-json\/wp\/v2\/comments?post=7567"}],"version-history":[{"count":0,"href":"https:\/\/pb.edu.pl\/sjo\/wp-json\/wp\/v2\/pages\/7567\/revisions"}],"up":[{"embeddable":true,"href":"https:\/\/pb.edu.pl\/sjo\/wp-json\/wp\/v2\/pages\/7216"}],"wp:attachment":[{"href":"https:\/\/pb.edu.pl\/sjo\/wp-json\/wp\/v2\/media?parent=7567"}],"curies":[{"name":"wp","href":"https:\/\/api.w.org\/{rel}","templated":true}]}}