{"id":7542,"date":"2019-10-24T14:40:07","date_gmt":"2019-10-24T12:40:07","guid":{"rendered":"https:\/\/pb.edu.pl\/sjo\/?page_id=7542"},"modified":"2021-10-20T14:26:15","modified_gmt":"2021-10-20T12:26:15","slug":"szkola-doktorska","status":"publish","type":"page","link":"https:\/\/pb.edu.pl\/sjo\/dla-studenta\/egzaminy\/szkola-doktorska\/szkola-doktorska\/","title":{"rendered":"Szko\u0142a Doktorska Politechniki Bia\u0142ostockiej"},"content":{"rendered":"<p><span style=\"font-family: trebuchet ms, geneva, sans-serif\"><strong>Szko\u0142a Doktorska<\/strong><\/span><\/p>\n<p style=\"text-align: justify;background: white;margin: 0cm 0cm 7.5pt 0cm\"><span style=\"font-family: trebuchet ms, geneva, sans-serif;color: #292929\">Od roku akademickiego 2019\/2020 Studium J\u0119zyk\u00f3w Obcych PB prowadzi <strong>zaj\u0119cia dla s\u0142uchaczy Szko\u0142y Doktorskiej&nbsp;Politechniki Bia\u0142ostockiej<\/strong> (SDPB) w formie obowi\u0105zkowych \u0107wicze\u0144 z j\u0119zyka angielskiego (J\u0119zyk angielski w komunikacji akademickiej). Od roku akademickiego 2021\/2022, lektorat obejmuje semestry 1-8 i \u0142\u0105cznie wynosi 160 h. Ka\u017cdy semestr ko\u0144czy si\u0119 zaliczeniem bez oceny (wpis zal\/nzal w USOS). <\/span><\/p>\n<p><span style=\"font-family: trebuchet ms, geneva, sans-serif\">&nbsp;<\/span><\/p>\n<p><span style=\"font-family: trebuchet ms, geneva, sans-serif\"><strong>Lektorat j\u0119zyka angielskiego <\/strong><\/span><\/p>\n<p><span style=\"font-family: trebuchet ms, geneva, sans-serif\">Lektorat w SDPB ma na celu rozwijanie kompetencji j\u0119zykowych w zakresie m\u00f3wienia (prezentacja ustna), s\u0142uchania, czytania i pisania (redagowanie artyku\u0142\u00f3w naukowych), by wspom\u00f3c aktywno\u015b\u0107 naukow\u0105 doktorant\u00f3w na konferencjach mi\u0119dzynarodowych oraz w czasopismach zagranicznych.<\/span><\/p>\n<p><span style=\"font-family: trebuchet ms, geneva, sans-serif\">Karty przedmiotu do pobrania <a href=\"https:\/\/pb.edu.pl\/sjo\/wp-content\/uploads\/sites\/9\/2021\/10\/PL-s1-8-Jezyk-angielski-w-komunikacji-akademickiej.pdf\">tutaj<\/a>.<\/span><\/p>\n<p>&nbsp;<\/p>\n<h1><span style=\"font-family: trebuchet ms, geneva, sans-serif;font-size: 18pt\"><strong>Egzamin doktorski<\/strong><\/span><\/h1>\n<p><span style=\"font-family: trebuchet ms, geneva, sans-serif\"><strong>Egzamin doktorski z j\u0119zyka obcego<\/strong>&nbsp;sprawdza kompetencje j\u0119zykowe co najmniej <strong>na poziomie B2<\/strong> w skali Europejskiego Opisu Systemu Kszta\u0142cenia J\u0119zykowego.<\/span><\/p>\n<p><span style=\"font-family: trebuchet ms, geneva, sans-serif\">Komisja egzaminacyjna jest, wg rozporz\u0105dzenia Ministra, powo\u0142ywana&nbsp; w sk\u0142adzie co najmniej trzech os\u00f3b, z kt\u00f3rych co najmniej jedna naucza tego j\u0119zyka w szkole wy\u017cszej, a pozosta\u0142e posiadaj\u0105 co najmniej stopie\u0144 doktora.&nbsp;<\/span><\/p>\n<p><strong><span style=\"font-family: trebuchet ms, geneva, sans-serif\">Studium J\u0119zyk\u00f3w Obcych PB przeprowadza egzaminy z j\u0119zyka angielskiego, rosyjskiego i niemieckiego.&nbsp;<\/span><\/strong><\/p>\n<p><span style=\"font-family: trebuchet ms, geneva, sans-serif\">W trakcie egzaminu zdaj\u0105cy otrzymuje trzy <strong>zadania<\/strong>:<\/span><\/p>\n<ol>\n<li><span style=\"font-family: trebuchet ms, geneva, sans-serif\">Do wyboru: test j\u0119zykowy \u2013 gramatyczno-leksykalny lub&nbsp; t\u0142umaczenie fragmentu tekstu specjalistycznego na j\u0119zyk polski.<\/span><\/li>\n<li><span style=\"font-family: trebuchet ms, geneva, sans-serif\">Wypowied\u017a ustna na temat pracy zawodowej.<\/span><\/li>\n<li><span style=\"font-family: trebuchet ms, geneva, sans-serif\">Prezentacja pracy doktorskiej.<\/span><\/li>\n<\/ol>\n<p><span style=\"font-family: trebuchet ms, geneva, sans-serif\">W trakcie egzaminu cz\u0142onkowie komisji egzaminacyjnej mog\u0105 zadawa\u0107 pytania dodatkowe\/pomocnicze.<\/span><\/p>\n<p><span style=\"font-family: trebuchet ms, geneva, sans-serif\">Oceniana jest odpowied\u017a na ka\u017cde z zada\u0144, st\u0105d komisja wystawia trzy oceny cz\u0105stkowe w skali 2 \u2013 5 oraz ocen\u0119 ko\u0144cow\u0105 w skali 2 \u2013 5 lub ocen\u0119 opisow\u0105: pozytywna\/negatywna.<\/span><\/p>\n<p><span style=\"font-family: trebuchet ms, geneva, sans-serif\"><strong>UWAGA<\/strong>:<\/span><\/p>\n<p><span style=\"font-family: trebuchet ms, geneva, sans-serif\">Rozporz\u0105dzenie Ministra Nauki i Szkolnictwa Wy\u017cszego z dnia 19 stycznia 2018 r. w sprawie szczeg\u00f3\u0142owego trybu i warunk\u00f3w przeprowadzania czynno\u015bci w przewodzie doktorskim, w post\u0119powaniu habilitacyjnym oraz w post\u0119powaniu o nadanie tytu\u0142u profesora, w rozdziale 1, w punkcie 4 m\u00f3wi:<\/span><\/p>\n<p><span style=\"font-family: trebuchet ms, geneva, sans-serif\">\u201eKandydat mo\u017ce za\u0142\u0105czy\u0107 do wniosku o wszcz\u0119cie przewodu doktorskiego:<\/span><\/p>\n<p><span style=\"font-family: trebuchet ms, geneva, sans-serif\">1)&nbsp;&nbsp; kopi\u0119&nbsp; certyfikatu&nbsp; potwierdzaj\u0105cego&nbsp; znajomo\u015b\u0107&nbsp; nowo\u017cytnego&nbsp; j\u0119zyka&nbsp; obcego;&nbsp; wykaz&nbsp; certyfikat\u00f3w&nbsp; potwierdzaj\u0105cych znajomo\u015b\u0107 nowo\u017cytnego j\u0119zyka obcego stanowi za\u0142\u0105cznik nr 1 do rozporz\u0105dzenia.\u201d<\/span><\/p>\n<p><span style=\"font-family: trebuchet ms, geneva, sans-serif\"><a href=\"https:\/\/isap.sejm.gov.pl\/isap.nsf\/download.xsp\/WDU20180000261\/O\/D20180261.pdf\">Rozporz\u0105dzenie wraz z wykazem certyfikat\u00f3w potwierdzaj\u0105cych znajomo\u015b\u0107 nowo\u017cytnego j\u0119zyka obcego.<\/a><\/span><\/p>\n<p><span style=\"font-family: trebuchet ms, geneva, sans-serif\">Doktorant posiadaj\u0105cy certyfikat <strong>nie zdaje egzaminu doktorskiego z j\u0119zyka obcego<\/strong>. Posiadanie <strong>certyfikatu nie zwalnia<\/strong> doktoranta <strong>z udzia\u0142u w lektoracie<\/strong>.<\/span><\/p>\n<p>&nbsp;<\/p>\n<p><span style=\"font-family: trebuchet ms, geneva, sans-serif\"><strong>Kontakt<\/strong><\/span><\/p>\n<p><span style=\"font-family: trebuchet ms, geneva, sans-serif\">Je\u015bli maj\u0105 Pa\u0144stwo jakiekolwiek pytania, zapraszamy do kontaktu z mgr Monik\u0105 \u015aleszy\u0144sk\u0105 \u2013 koordynatork\u0105 lektoratu j\u0119zyka angielskiego w SDPB: <a href=\"https:\/\/pb.edu.pl\/sjo\/dla-studenta\/szkola-doktorska\/\">m.sleszynska [at] pb.edu.pl<\/a>.<\/span><\/p>\n","protected":false},"excerpt":{"rendered":"<p>Szko\u0142a Doktorska Od roku akademickiego 2019\/2020 Studium J\u0119zyk\u00f3w Obcych PB prowadzi zaj\u0119cia dla s\u0142uchaczy Szko\u0142y<\/p>\n","protected":false},"author":6,"featured_media":0,"parent":10594,"menu_order":0,"comment_status":"closed","ping_status":"closed","template":"","meta":{"_acf_changed":false,"ngg_post_thumbnail":0,"footnotes":""},"class_list":["post-7542","page","type-page","status-publish","hentry"],"acf":[],"yoast_head":"<!-- This site is optimized with the Yoast SEO plugin v27.0 - https:\/\/yoast.com\/product\/yoast-seo-wordpress\/ -->\n<title>Szko\u0142a Doktorska Politechniki Bia\u0142ostockiej - Studium J\u0119zyk\u00f3w Obcych<\/title>\n<meta name=\"description\" content=\"Szko\u0142a Doktorska Od roku akademickiego 2019\/2020 Studium J\u0119zyk\u00f3w Obcych PB prowadzi zaj\u0119cia dla s\u0142uchaczy Szko\u0142y Doktorskiej&nbsp;Politechniki\" \/>\n<meta name=\"robots\" content=\"index, follow, max-snippet:-1, max-image-preview:large, max-video-preview:-1\" \/>\n<link rel=\"canonical\" href=\"https:\/\/pb.edu.pl\/sjo\/dla-studenta\/egzaminy\/szkola-doktorska\/szkola-doktorska\/\" \/>\n<meta property=\"og:locale\" content=\"pl_PL\" \/>\n<meta property=\"og:type\" content=\"article\" \/>\n<meta property=\"og:title\" content=\"Szko\u0142a Doktorska Politechniki Bia\u0142ostockiej - Studium J\u0119zyk\u00f3w Obcych\" \/>\n<meta property=\"og:description\" content=\"Szko\u0142a Doktorska Od roku akademickiego 2019\/2020 Studium J\u0119zyk\u00f3w Obcych PB prowadzi zaj\u0119cia dla s\u0142uchaczy Szko\u0142y Doktorskiej&nbsp;Politechniki\" \/>\n<meta property=\"og:url\" content=\"https:\/\/pb.edu.pl\/sjo\/dla-studenta\/egzaminy\/szkola-doktorska\/szkola-doktorska\/\" \/>\n<meta property=\"og:site_name\" content=\"Studium J\u0119zyk\u00f3w Obcych\" \/>\n<meta property=\"article:modified_time\" content=\"2021-10-20T12:26:15+00:00\" \/>\n<meta name=\"twitter:label1\" content=\"Szacowany czas czytania\" \/>\n\t<meta name=\"twitter:data1\" content=\"2 minuty\" \/>\n<script type=\"application\/ld+json\" class=\"yoast-schema-graph\">{\"@context\":\"https:\/\/schema.org\",\"@graph\":[{\"@type\":\"WebPage\",\"@id\":\"https:\/\/pb.edu.pl\/sjo\/dla-studenta\/egzaminy\/szkola-doktorska\/szkola-doktorska\/\",\"url\":\"https:\/\/pb.edu.pl\/sjo\/dla-studenta\/egzaminy\/szkola-doktorska\/szkola-doktorska\/\",\"name\":\"Szko\u0142a Doktorska Politechniki Bia\u0142ostockiej - Studium J\u0119zyk\u00f3w Obcych\",\"isPartOf\":{\"@id\":\"https:\/\/pb.edu.pl\/sjo\/#website\"},\"datePublished\":\"2019-10-24T12:40:07+00:00\",\"dateModified\":\"2021-10-20T12:26:15+00:00\",\"description\":\"Szko\u0142a Doktorska Od roku akademickiego 2019\/2020 Studium J\u0119zyk\u00f3w Obcych PB prowadzi zaj\u0119cia dla s\u0142uchaczy Szko\u0142y Doktorskiej&nbsp;Politechniki\",\"breadcrumb\":{\"@id\":\"https:\/\/pb.edu.pl\/sjo\/dla-studenta\/egzaminy\/szkola-doktorska\/szkola-doktorska\/#breadcrumb\"},\"inLanguage\":\"pl-PL\",\"potentialAction\":[{\"@type\":\"ReadAction\",\"target\":[\"https:\/\/pb.edu.pl\/sjo\/dla-studenta\/egzaminy\/szkola-doktorska\/szkola-doktorska\/\"]}]},{\"@type\":\"BreadcrumbList\",\"@id\":\"https:\/\/pb.edu.pl\/sjo\/dla-studenta\/egzaminy\/szkola-doktorska\/szkola-doktorska\/#breadcrumb\",\"itemListElement\":[{\"@type\":\"ListItem\",\"position\":1,\"name\":\"Home\",\"item\":\"https:\/\/pb.edu.pl\/sjo\/\"},{\"@type\":\"ListItem\",\"position\":2,\"name\":\"Studiuj\u0119 w PB\",\"item\":\"https:\/\/pb.edu.pl\/sjo\/dla-studenta\/\"},{\"@type\":\"ListItem\",\"position\":3,\"name\":\"Egzaminy\",\"item\":\"https:\/\/pb.edu.pl\/sjo\/dla-studenta\/egzaminy\/\"},{\"@type\":\"ListItem\",\"position\":4,\"name\":\"Szko\u0142a doktorska\",\"item\":\"https:\/\/pb.edu.pl\/sjo\/dla-studenta\/egzaminy\/szkola-doktorska\/\"},{\"@type\":\"ListItem\",\"position\":5,\"name\":\"Szko\u0142a Doktorska Politechniki Bia\u0142ostockiej\"}]},{\"@type\":\"WebSite\",\"@id\":\"https:\/\/pb.edu.pl\/sjo\/#website\",\"url\":\"https:\/\/pb.edu.pl\/sjo\/\",\"name\":\"Studium J\u0119zyk\u00f3w Obcych\",\"description\":\"\",\"potentialAction\":[{\"@type\":\"SearchAction\",\"target\":{\"@type\":\"EntryPoint\",\"urlTemplate\":\"https:\/\/pb.edu.pl\/sjo\/?s={search_term_string}\"},\"query-input\":{\"@type\":\"PropertyValueSpecification\",\"valueRequired\":true,\"valueName\":\"search_term_string\"}}],\"inLanguage\":\"pl-PL\"}]}<\/script>\n<!-- \/ Yoast SEO plugin. -->","yoast_head_json":{"title":"Szko\u0142a Doktorska Politechniki Bia\u0142ostockiej - Studium J\u0119zyk\u00f3w Obcych","description":"Szko\u0142a Doktorska Od roku akademickiego 2019\/2020 Studium J\u0119zyk\u00f3w Obcych PB prowadzi zaj\u0119cia dla s\u0142uchaczy Szko\u0142y Doktorskiej&nbsp;Politechniki","robots":{"index":"index","follow":"follow","max-snippet":"max-snippet:-1","max-image-preview":"max-image-preview:large","max-video-preview":"max-video-preview:-1"},"canonical":"https:\/\/pb.edu.pl\/sjo\/dla-studenta\/egzaminy\/szkola-doktorska\/szkola-doktorska\/","og_locale":"pl_PL","og_type":"article","og_title":"Szko\u0142a Doktorska Politechniki Bia\u0142ostockiej - Studium J\u0119zyk\u00f3w Obcych","og_description":"Szko\u0142a Doktorska Od roku akademickiego 2019\/2020 Studium J\u0119zyk\u00f3w Obcych PB prowadzi zaj\u0119cia dla s\u0142uchaczy Szko\u0142y Doktorskiej&nbsp;Politechniki","og_url":"https:\/\/pb.edu.pl\/sjo\/dla-studenta\/egzaminy\/szkola-doktorska\/szkola-doktorska\/","og_site_name":"Studium J\u0119zyk\u00f3w Obcych","article_modified_time":"2021-10-20T12:26:15+00:00","twitter_misc":{"Szacowany czas czytania":"2 minuty"},"schema":{"@context":"https:\/\/schema.org","@graph":[{"@type":"WebPage","@id":"https:\/\/pb.edu.pl\/sjo\/dla-studenta\/egzaminy\/szkola-doktorska\/szkola-doktorska\/","url":"https:\/\/pb.edu.pl\/sjo\/dla-studenta\/egzaminy\/szkola-doktorska\/szkola-doktorska\/","name":"Szko\u0142a Doktorska Politechniki Bia\u0142ostockiej - Studium J\u0119zyk\u00f3w Obcych","isPartOf":{"@id":"https:\/\/pb.edu.pl\/sjo\/#website"},"datePublished":"2019-10-24T12:40:07+00:00","dateModified":"2021-10-20T12:26:15+00:00","description":"Szko\u0142a Doktorska Od roku akademickiego 2019\/2020 Studium J\u0119zyk\u00f3w Obcych PB prowadzi zaj\u0119cia dla s\u0142uchaczy Szko\u0142y Doktorskiej&nbsp;Politechniki","breadcrumb":{"@id":"https:\/\/pb.edu.pl\/sjo\/dla-studenta\/egzaminy\/szkola-doktorska\/szkola-doktorska\/#breadcrumb"},"inLanguage":"pl-PL","potentialAction":[{"@type":"ReadAction","target":["https:\/\/pb.edu.pl\/sjo\/dla-studenta\/egzaminy\/szkola-doktorska\/szkola-doktorska\/"]}]},{"@type":"BreadcrumbList","@id":"https:\/\/pb.edu.pl\/sjo\/dla-studenta\/egzaminy\/szkola-doktorska\/szkola-doktorska\/#breadcrumb","itemListElement":[{"@type":"ListItem","position":1,"name":"Home","item":"https:\/\/pb.edu.pl\/sjo\/"},{"@type":"ListItem","position":2,"name":"Studiuj\u0119 w PB","item":"https:\/\/pb.edu.pl\/sjo\/dla-studenta\/"},{"@type":"ListItem","position":3,"name":"Egzaminy","item":"https:\/\/pb.edu.pl\/sjo\/dla-studenta\/egzaminy\/"},{"@type":"ListItem","position":4,"name":"Szko\u0142a doktorska","item":"https:\/\/pb.edu.pl\/sjo\/dla-studenta\/egzaminy\/szkola-doktorska\/"},{"@type":"ListItem","position":5,"name":"Szko\u0142a Doktorska Politechniki Bia\u0142ostockiej"}]},{"@type":"WebSite","@id":"https:\/\/pb.edu.pl\/sjo\/#website","url":"https:\/\/pb.edu.pl\/sjo\/","name":"Studium J\u0119zyk\u00f3w Obcych","description":"","potentialAction":[{"@type":"SearchAction","target":{"@type":"EntryPoint","urlTemplate":"https:\/\/pb.edu.pl\/sjo\/?s={search_term_string}"},"query-input":{"@type":"PropertyValueSpecification","valueRequired":true,"valueName":"search_term_string"}}],"inLanguage":"pl-PL"}]}},"_links":{"self":[{"href":"https:\/\/pb.edu.pl\/sjo\/wp-json\/wp\/v2\/pages\/7542","targetHints":{"allow":["GET"]}}],"collection":[{"href":"https:\/\/pb.edu.pl\/sjo\/wp-json\/wp\/v2\/pages"}],"about":[{"href":"https:\/\/pb.edu.pl\/sjo\/wp-json\/wp\/v2\/types\/page"}],"author":[{"embeddable":true,"href":"https:\/\/pb.edu.pl\/sjo\/wp-json\/wp\/v2\/users\/6"}],"replies":[{"embeddable":true,"href":"https:\/\/pb.edu.pl\/sjo\/wp-json\/wp\/v2\/comments?post=7542"}],"version-history":[{"count":0,"href":"https:\/\/pb.edu.pl\/sjo\/wp-json\/wp\/v2\/pages\/7542\/revisions"}],"up":[{"embeddable":true,"href":"https:\/\/pb.edu.pl\/sjo\/wp-json\/wp\/v2\/pages\/10594"}],"wp:attachment":[{"href":"https:\/\/pb.edu.pl\/sjo\/wp-json\/wp\/v2\/media?parent=7542"}],"curies":[{"name":"wp","href":"https:\/\/api.w.org\/{rel}","templated":true}]}}