{"id":7418,"date":"2019-10-10T23:51:30","date_gmt":"2019-10-10T21:51:30","guid":{"rendered":"https:\/\/pb.edu.pl\/sjo\/?page_id=7418"},"modified":"2021-07-04T17:06:28","modified_gmt":"2021-07-04T15:06:28","slug":"polilingua-jezyk-polski","status":"publish","type":"page","link":"https:\/\/pb.edu.pl\/sjo\/oferta-sjo\/kursy-jezykowe\/polilingua-jezyk-polski\/","title":{"rendered":"Polilingua &#8211; j\u0119zyk polski"},"content":{"rendered":"<p><span style=\"font-family: verdana, geneva, sans-serif;font-size: 12pt\">Zapraszamy na stron\u0119:<\/span><\/p>\n<p><span style=\"font-family: verdana, geneva, sans-serif;font-size: 12pt\"><a href=\"https:\/\/pb.edu.pl\/sjo\/polish-lab\/kursy-jezyka-polskiego\/\">https:\/\/pb.edu.pl\/sjo\/polish-lab\/kursy-jezyka-polskiego\/<\/a><\/span><\/p>\n","protected":false},"excerpt":{"rendered":"<p>Zapraszamy na stron\u0119: https:\/\/pb.edu.pl\/sjo\/polish-lab\/kursy-jezyka-polskiego\/<\/p>\n","protected":false},"author":6,"featured_media":0,"parent":20,"menu_order":0,"comment_status":"closed","ping_status":"closed","template":"","meta":{"_acf_changed":false,"ngg_post_thumbnail":0,"footnotes":""},"class_list":["post-7418","page","type-page","status-publish","hentry"],"acf":[],"yoast_head":"<!-- This site is optimized with the Yoast SEO plugin v27.0 - https:\/\/yoast.com\/product\/yoast-seo-wordpress\/ -->\n<title>Polilingua - j\u0119zyk polski - Studium J\u0119zyk\u00f3w Obcych<\/title>\n<meta name=\"description\" content=\"Zapraszamy na stron\u0119:  https:\/\/pb.edu.pl\/sjo\/polish-lab\/kursy-jezyka-polskiego\/\" \/>\n<meta name=\"robots\" content=\"index, follow, max-snippet:-1, max-image-preview:large, max-video-preview:-1\" \/>\n<link rel=\"canonical\" href=\"https:\/\/pb.edu.pl\/sjo\/oferta-sjo\/kursy-jezykowe\/polilingua-jezyk-polski\/\" \/>\n<meta property=\"og:locale\" content=\"pl_PL\" \/>\n<meta property=\"og:type\" content=\"article\" \/>\n<meta property=\"og:title\" content=\"Polilingua - j\u0119zyk polski - Studium J\u0119zyk\u00f3w Obcych\" \/>\n<meta property=\"og:description\" content=\"Zapraszamy na stron\u0119:  https:\/\/pb.edu.pl\/sjo\/polish-lab\/kursy-jezyka-polskiego\/\" \/>\n<meta property=\"og:url\" content=\"https:\/\/pb.edu.pl\/sjo\/oferta-sjo\/kursy-jezykowe\/polilingua-jezyk-polski\/\" \/>\n<meta property=\"og:site_name\" content=\"Studium J\u0119zyk\u00f3w Obcych\" \/>\n<meta property=\"article:modified_time\" content=\"2021-07-04T15:06:28+00:00\" \/>\n<meta name=\"twitter:label1\" content=\"Szacowany czas czytania\" \/>\n\t<meta name=\"twitter:data1\" content=\"1 minuta\" \/>\n<script type=\"application\/ld+json\" class=\"yoast-schema-graph\">{\"@context\":\"https:\/\/schema.org\",\"@graph\":[{\"@type\":\"WebPage\",\"@id\":\"https:\/\/pb.edu.pl\/sjo\/oferta-sjo\/kursy-jezykowe\/polilingua-jezyk-polski\/\",\"url\":\"https:\/\/pb.edu.pl\/sjo\/oferta-sjo\/kursy-jezykowe\/polilingua-jezyk-polski\/\",\"name\":\"Polilingua - j\u0119zyk polski - Studium J\u0119zyk\u00f3w Obcych\",\"isPartOf\":{\"@id\":\"https:\/\/pb.edu.pl\/sjo\/#website\"},\"datePublished\":\"2019-10-10T21:51:30+00:00\",\"dateModified\":\"2021-07-04T15:06:28+00:00\",\"description\":\"Zapraszamy na stron\u0119: https:\/\/pb.edu.pl\/sjo\/polish-lab\/kursy-jezyka-polskiego\/\",\"breadcrumb\":{\"@id\":\"https:\/\/pb.edu.pl\/sjo\/oferta-sjo\/kursy-jezykowe\/polilingua-jezyk-polski\/#breadcrumb\"},\"inLanguage\":\"pl-PL\",\"potentialAction\":[{\"@type\":\"ReadAction\",\"target\":[\"https:\/\/pb.edu.pl\/sjo\/oferta-sjo\/kursy-jezykowe\/polilingua-jezyk-polski\/\"]}]},{\"@type\":\"BreadcrumbList\",\"@id\":\"https:\/\/pb.edu.pl\/sjo\/oferta-sjo\/kursy-jezykowe\/polilingua-jezyk-polski\/#breadcrumb\",\"itemListElement\":[{\"@type\":\"ListItem\",\"position\":1,\"name\":\"Home\",\"item\":\"https:\/\/pb.edu.pl\/sjo\/\"},{\"@type\":\"ListItem\",\"position\":2,\"name\":\"Oferta komercyjna SJO\",\"item\":\"https:\/\/pb.edu.pl\/sjo\/oferta-sjo\/\"},{\"@type\":\"ListItem\",\"position\":3,\"name\":\"Kursy j\u0119zykowe\",\"item\":\"https:\/\/pb.edu.pl\/sjo\/oferta-sjo\/kursy-jezykowe\/\"},{\"@type\":\"ListItem\",\"position\":4,\"name\":\"Polilingua &#8211; j\u0119zyk polski\"}]},{\"@type\":\"WebSite\",\"@id\":\"https:\/\/pb.edu.pl\/sjo\/#website\",\"url\":\"https:\/\/pb.edu.pl\/sjo\/\",\"name\":\"Studium J\u0119zyk\u00f3w Obcych\",\"description\":\"\",\"potentialAction\":[{\"@type\":\"SearchAction\",\"target\":{\"@type\":\"EntryPoint\",\"urlTemplate\":\"https:\/\/pb.edu.pl\/sjo\/?s={search_term_string}\"},\"query-input\":{\"@type\":\"PropertyValueSpecification\",\"valueRequired\":true,\"valueName\":\"search_term_string\"}}],\"inLanguage\":\"pl-PL\"}]}<\/script>\n<!-- \/ Yoast SEO plugin. -->","yoast_head_json":{"title":"Polilingua - j\u0119zyk polski - Studium J\u0119zyk\u00f3w Obcych","description":"Zapraszamy na stron\u0119:  https:\/\/pb.edu.pl\/sjo\/polish-lab\/kursy-jezyka-polskiego\/","robots":{"index":"index","follow":"follow","max-snippet":"max-snippet:-1","max-image-preview":"max-image-preview:large","max-video-preview":"max-video-preview:-1"},"canonical":"https:\/\/pb.edu.pl\/sjo\/oferta-sjo\/kursy-jezykowe\/polilingua-jezyk-polski\/","og_locale":"pl_PL","og_type":"article","og_title":"Polilingua - j\u0119zyk polski - Studium J\u0119zyk\u00f3w Obcych","og_description":"Zapraszamy na stron\u0119:  https:\/\/pb.edu.pl\/sjo\/polish-lab\/kursy-jezyka-polskiego\/","og_url":"https:\/\/pb.edu.pl\/sjo\/oferta-sjo\/kursy-jezykowe\/polilingua-jezyk-polski\/","og_site_name":"Studium J\u0119zyk\u00f3w Obcych","article_modified_time":"2021-07-04T15:06:28+00:00","twitter_misc":{"Szacowany czas czytania":"1 minuta"},"schema":{"@context":"https:\/\/schema.org","@graph":[{"@type":"WebPage","@id":"https:\/\/pb.edu.pl\/sjo\/oferta-sjo\/kursy-jezykowe\/polilingua-jezyk-polski\/","url":"https:\/\/pb.edu.pl\/sjo\/oferta-sjo\/kursy-jezykowe\/polilingua-jezyk-polski\/","name":"Polilingua - j\u0119zyk polski - Studium J\u0119zyk\u00f3w Obcych","isPartOf":{"@id":"https:\/\/pb.edu.pl\/sjo\/#website"},"datePublished":"2019-10-10T21:51:30+00:00","dateModified":"2021-07-04T15:06:28+00:00","description":"Zapraszamy na stron\u0119: https:\/\/pb.edu.pl\/sjo\/polish-lab\/kursy-jezyka-polskiego\/","breadcrumb":{"@id":"https:\/\/pb.edu.pl\/sjo\/oferta-sjo\/kursy-jezykowe\/polilingua-jezyk-polski\/#breadcrumb"},"inLanguage":"pl-PL","potentialAction":[{"@type":"ReadAction","target":["https:\/\/pb.edu.pl\/sjo\/oferta-sjo\/kursy-jezykowe\/polilingua-jezyk-polski\/"]}]},{"@type":"BreadcrumbList","@id":"https:\/\/pb.edu.pl\/sjo\/oferta-sjo\/kursy-jezykowe\/polilingua-jezyk-polski\/#breadcrumb","itemListElement":[{"@type":"ListItem","position":1,"name":"Home","item":"https:\/\/pb.edu.pl\/sjo\/"},{"@type":"ListItem","position":2,"name":"Oferta komercyjna SJO","item":"https:\/\/pb.edu.pl\/sjo\/oferta-sjo\/"},{"@type":"ListItem","position":3,"name":"Kursy j\u0119zykowe","item":"https:\/\/pb.edu.pl\/sjo\/oferta-sjo\/kursy-jezykowe\/"},{"@type":"ListItem","position":4,"name":"Polilingua &#8211; j\u0119zyk polski"}]},{"@type":"WebSite","@id":"https:\/\/pb.edu.pl\/sjo\/#website","url":"https:\/\/pb.edu.pl\/sjo\/","name":"Studium J\u0119zyk\u00f3w Obcych","description":"","potentialAction":[{"@type":"SearchAction","target":{"@type":"EntryPoint","urlTemplate":"https:\/\/pb.edu.pl\/sjo\/?s={search_term_string}"},"query-input":{"@type":"PropertyValueSpecification","valueRequired":true,"valueName":"search_term_string"}}],"inLanguage":"pl-PL"}]}},"_links":{"self":[{"href":"https:\/\/pb.edu.pl\/sjo\/wp-json\/wp\/v2\/pages\/7418","targetHints":{"allow":["GET"]}}],"collection":[{"href":"https:\/\/pb.edu.pl\/sjo\/wp-json\/wp\/v2\/pages"}],"about":[{"href":"https:\/\/pb.edu.pl\/sjo\/wp-json\/wp\/v2\/types\/page"}],"author":[{"embeddable":true,"href":"https:\/\/pb.edu.pl\/sjo\/wp-json\/wp\/v2\/users\/6"}],"replies":[{"embeddable":true,"href":"https:\/\/pb.edu.pl\/sjo\/wp-json\/wp\/v2\/comments?post=7418"}],"version-history":[{"count":0,"href":"https:\/\/pb.edu.pl\/sjo\/wp-json\/wp\/v2\/pages\/7418\/revisions"}],"up":[{"embeddable":true,"href":"https:\/\/pb.edu.pl\/sjo\/wp-json\/wp\/v2\/pages\/20"}],"wp:attachment":[{"href":"https:\/\/pb.edu.pl\/sjo\/wp-json\/wp\/v2\/media?parent=7418"}],"curies":[{"name":"wp","href":"https:\/\/api.w.org\/{rel}","templated":true}]}}