{"id":7352,"date":"2019-10-07T15:30:54","date_gmt":"2019-10-07T13:30:54","guid":{"rendered":"https:\/\/pb.edu.pl\/sjo\/?page_id=7352"},"modified":"2019-10-07T22:52:11","modified_gmt":"2019-10-07T20:52:11","slug":"universidad-de-cordoba","status":"publish","type":"page","link":"https:\/\/pb.edu.pl\/sjo\/dla-pracownika\/wspolpraca-z-zagranica\/universidad-de-cordoba\/","title":{"rendered":"Universidad de Cordoba"},"content":{"rendered":"<p><span style=\"font-size: 12pt\">W dniach 17-20.09.2019 go\u015bci\u0142y\u015bmy na Universidad de Cordoba na Wydziale Nauk o Edukacji. W trakcie naszych odwiedzin, opr\u00f3cz prowadzenia zaj\u0119\u0107 dydaktycznych, dzieli\u0142y\u015bmy si\u0119 z naszymi hiszpa\u0144skimi kolegami do\u015bwiadczeniami w pracy nauczyciela akademickiego, co zaowocowa\u0142o cennymi inspiracjami do dalszych dzia\u0142a\u0144 i rozwoju.<\/span><\/p>\n<p><span style=\"font-size: 12pt\">Prowadzi\u0142y\u015bmy zaj\u0119cia ze studentami pedagogiki o specjalno\u015bci nauczanie dwuj\u0119zyczne. Mgr Halina Bramska prowadzi\u0142a zaj\u0119cia o profilu kulturowym oraz przedstawi\u0142a typy nauczania dwuj\u0119zycznego w Polsce. Mgr Monika \u015aleszy\u0144ska zaprezentowa\u0142a zasady pisania tekst\u00f3w specjalistycznych w oparciu o uproszczony j\u0119zyk angielski. Studenci wykorzystali je nast\u0119pnie w swoich tekstach.<\/span><\/p>\n<p><span style=\"font-size: 12pt\">Na zaj\u0119ciach obecne by\u0142y studentki z Polski, kt\u00f3re w ramach programu Erasmus+ przyjecha\u0142y z Uniwersytetu im. Adama Mickiewicza w Poznaniu. Jeden ze student\u00f3w r\u00f3wnie\u017c mia\u0142 za sob\u0105 do\u015bwiadczenia zwi\u0105zane z programem &#8211; by\u0142 studentem Uniwersytetu we Wroc\u0142awiu.&nbsp;<\/span><\/p>\n<p><span style=\"font-size: 12pt\">Bardzo cenne by\u0142o spotkanie z pani\u0105 prodziekan ds. stosunk\u00f3w mi\u0119dzynarodowych, dr Carolin\u0105 Perez Duenas, a tak\u017ce z innymi osobami odpowiedzialnymi za mobilno\u015b\u0107 student\u00f3w na swoich kierunkach studi\u00f3w. Pobyt w Kordobie uwa\u017camy za udany i inspiruj\u0105cy. Mamy nadziej\u0119&nbsp; go\u015bci\u0107 hiszpa\u0144skich koleg\u00f3w i kole\u017canki w przysz\u0142o\u015bci naszym studium.<\/span><\/p>\n<p style=\"text-align: right\"><span style=\"font-size: 12pt\">mgr Halina Bramska<\/span><\/p>\n<p style=\"text-align: right\"><span style=\"font-size: 12pt\">mgr Monika \u015aleszy\u0144ska<\/span><\/p>\n<div id='gallery-1' class='gallery galleryid-7352 gallery-columns-2 gallery-size-full'><figure class='gallery-item'>\n\t\t\t<div class='gallery-icon landscape'>\n\t\t\t\t<a href='https:\/\/pb.edu.pl\/sjo\/wp-content\/uploads\/sites\/9\/2019\/10\/Cordoba-1.jpg'><img loading=\"lazy\" decoding=\"async\" width=\"1379\" height=\"916\" src=\"https:\/\/pb.edu.pl\/sjo\/wp-content\/uploads\/sites\/9\/2019\/10\/Cordoba-1.jpg\" class=\"attachment-full size-full\" alt=\"\" srcset=\"https:\/\/pb.edu.pl\/sjo\/wp-content\/uploads\/sites\/9\/2019\/10\/Cordoba-1.jpg 1379w, https:\/\/pb.edu.pl\/sjo\/wp-content\/uploads\/sites\/9\/2019\/10\/Cordoba-1-300x199.jpg 300w, https:\/\/pb.edu.pl\/sjo\/wp-content\/uploads\/sites\/9\/2019\/10\/Cordoba-1-768x510.jpg 768w, https:\/\/pb.edu.pl\/sjo\/wp-content\/uploads\/sites\/9\/2019\/10\/Cordoba-1-1024x680.jpg 1024w, https:\/\/pb.edu.pl\/sjo\/wp-content\/uploads\/sites\/9\/2019\/10\/Cordoba-1-480x320.jpg 480w\" sizes=\"auto, (max-width: 1379px) 100vw, 1379px\" \/><\/a>\n\t\t\t<\/div><\/figure><figure class='gallery-item'>\n\t\t\t<div class='gallery-icon landscape'>\n\t\t\t\t<a href='https:\/\/pb.edu.pl\/sjo\/wp-content\/uploads\/sites\/9\/2019\/10\/Cordoba-2.jpg'><img loading=\"lazy\" decoding=\"async\" width=\"1374\" height=\"916\" src=\"https:\/\/pb.edu.pl\/sjo\/wp-content\/uploads\/sites\/9\/2019\/10\/Cordoba-2.jpg\" class=\"attachment-full size-full\" alt=\"\" srcset=\"https:\/\/pb.edu.pl\/sjo\/wp-content\/uploads\/sites\/9\/2019\/10\/Cordoba-2.jpg 1374w, https:\/\/pb.edu.pl\/sjo\/wp-content\/uploads\/sites\/9\/2019\/10\/Cordoba-2-300x200.jpg 300w, https:\/\/pb.edu.pl\/sjo\/wp-content\/uploads\/sites\/9\/2019\/10\/Cordoba-2-768x512.jpg 768w, https:\/\/pb.edu.pl\/sjo\/wp-content\/uploads\/sites\/9\/2019\/10\/Cordoba-2-1024x683.jpg 1024w, https:\/\/pb.edu.pl\/sjo\/wp-content\/uploads\/sites\/9\/2019\/10\/Cordoba-2-480x320.jpg 480w\" sizes=\"auto, (max-width: 1374px) 100vw, 1374px\" \/><\/a>\n\t\t\t<\/div><\/figure><figure class='gallery-item'>\n\t\t\t<div class='gallery-icon landscape'>\n\t\t\t\t<a href='https:\/\/pb.edu.pl\/sjo\/wp-content\/uploads\/sites\/9\/2019\/10\/Cordoba-3.jpg'><img loading=\"lazy\" decoding=\"async\" width=\"1374\" height=\"916\" src=\"https:\/\/pb.edu.pl\/sjo\/wp-content\/uploads\/sites\/9\/2019\/10\/Cordoba-3.jpg\" class=\"attachment-full size-full\" alt=\"\" srcset=\"https:\/\/pb.edu.pl\/sjo\/wp-content\/uploads\/sites\/9\/2019\/10\/Cordoba-3.jpg 1374w, https:\/\/pb.edu.pl\/sjo\/wp-content\/uploads\/sites\/9\/2019\/10\/Cordoba-3-300x200.jpg 300w, https:\/\/pb.edu.pl\/sjo\/wp-content\/uploads\/sites\/9\/2019\/10\/Cordoba-3-768x512.jpg 768w, https:\/\/pb.edu.pl\/sjo\/wp-content\/uploads\/sites\/9\/2019\/10\/Cordoba-3-1024x683.jpg 1024w, https:\/\/pb.edu.pl\/sjo\/wp-content\/uploads\/sites\/9\/2019\/10\/Cordoba-3-480x320.jpg 480w\" sizes=\"auto, (max-width: 1374px) 100vw, 1374px\" \/><\/a>\n\t\t\t<\/div><\/figure><figure class='gallery-item'>\n\t\t\t<div class='gallery-icon landscape'>\n\t\t\t\t<a href='https:\/\/pb.edu.pl\/sjo\/wp-content\/uploads\/sites\/9\/2019\/10\/Cordoba-4.jpg'><img loading=\"lazy\" decoding=\"async\" width=\"1374\" height=\"916\" src=\"https:\/\/pb.edu.pl\/sjo\/wp-content\/uploads\/sites\/9\/2019\/10\/Cordoba-4.jpg\" class=\"attachment-full size-full\" alt=\"\" srcset=\"https:\/\/pb.edu.pl\/sjo\/wp-content\/uploads\/sites\/9\/2019\/10\/Cordoba-4.jpg 1374w, https:\/\/pb.edu.pl\/sjo\/wp-content\/uploads\/sites\/9\/2019\/10\/Cordoba-4-300x200.jpg 300w, https:\/\/pb.edu.pl\/sjo\/wp-content\/uploads\/sites\/9\/2019\/10\/Cordoba-4-768x512.jpg 768w, https:\/\/pb.edu.pl\/sjo\/wp-content\/uploads\/sites\/9\/2019\/10\/Cordoba-4-1024x683.jpg 1024w, https:\/\/pb.edu.pl\/sjo\/wp-content\/uploads\/sites\/9\/2019\/10\/Cordoba-4-480x320.jpg 480w\" sizes=\"auto, (max-width: 1374px) 100vw, 1374px\" \/><\/a>\n\t\t\t<\/div><\/figure><figure class='gallery-item'>\n\t\t\t<div class='gallery-icon portrait'>\n\t\t\t\t<a href='https:\/\/pb.edu.pl\/sjo\/wp-content\/uploads\/sites\/9\/2019\/10\/Cordoba-5.jpg'><img loading=\"lazy\" decoding=\"async\" width=\"912\" height=\"1270\" src=\"https:\/\/pb.edu.pl\/sjo\/wp-content\/uploads\/sites\/9\/2019\/10\/Cordoba-5.jpg\" class=\"attachment-full size-full\" alt=\"\" srcset=\"https:\/\/pb.edu.pl\/sjo\/wp-content\/uploads\/sites\/9\/2019\/10\/Cordoba-5.jpg 912w, https:\/\/pb.edu.pl\/sjo\/wp-content\/uploads\/sites\/9\/2019\/10\/Cordoba-5-215x300.jpg 215w, https:\/\/pb.edu.pl\/sjo\/wp-content\/uploads\/sites\/9\/2019\/10\/Cordoba-5-768x1069.jpg 768w, https:\/\/pb.edu.pl\/sjo\/wp-content\/uploads\/sites\/9\/2019\/10\/Cordoba-5-735x1024.jpg 735w\" sizes=\"auto, (max-width: 912px) 100vw, 912px\" \/><\/a>\n\t\t\t<\/div><\/figure><figure class='gallery-item'>\n\t\t\t<div class='gallery-icon portrait'>\n\t\t\t\t<a href='https:\/\/pb.edu.pl\/sjo\/wp-content\/uploads\/sites\/9\/2019\/10\/Cordoba-6.jpg'><img loading=\"lazy\" decoding=\"async\" width=\"916\" height=\"1270\" src=\"https:\/\/pb.edu.pl\/sjo\/wp-content\/uploads\/sites\/9\/2019\/10\/Cordoba-6.jpg\" class=\"attachment-full size-full\" alt=\"\" srcset=\"https:\/\/pb.edu.pl\/sjo\/wp-content\/uploads\/sites\/9\/2019\/10\/Cordoba-6.jpg 916w, https:\/\/pb.edu.pl\/sjo\/wp-content\/uploads\/sites\/9\/2019\/10\/Cordoba-6-216x300.jpg 216w, https:\/\/pb.edu.pl\/sjo\/wp-content\/uploads\/sites\/9\/2019\/10\/Cordoba-6-768x1065.jpg 768w, https:\/\/pb.edu.pl\/sjo\/wp-content\/uploads\/sites\/9\/2019\/10\/Cordoba-6-739x1024.jpg 739w\" sizes=\"auto, (max-width: 916px) 100vw, 916px\" \/><\/a>\n\t\t\t<\/div><\/figure>\n\t\t<\/div>\n\n","protected":false},"excerpt":{"rendered":"<p>W dniach 17-20.09.2019 go\u015bci\u0142y\u015bmy na Universidad de Cordoba na Wydziale Nauk o Edukacji. W trakcie<\/p>\n","protected":false},"author":6,"featured_media":0,"parent":5020,"menu_order":0,"comment_status":"closed","ping_status":"closed","template":"","meta":{"_acf_changed":false,"ngg_post_thumbnail":0,"footnotes":""},"class_list":["post-7352","page","type-page","status-publish","hentry"],"acf":[],"yoast_head":"<!-- This site is optimized with the Yoast SEO plugin v27.0 - https:\/\/yoast.com\/product\/yoast-seo-wordpress\/ -->\n<title>Universidad de Cordoba - Studium J\u0119zyk\u00f3w Obcych<\/title>\n<meta name=\"description\" content=\"W dniach 17-20.09.2019 go\u015bci\u0142y\u015bmy na Universidad de Cordoba na Wydziale Nauk o Edukacji. W trakcie naszych odwiedzin, opr\u00f3cz prowadzenia zaj\u0119\u0107\" \/>\n<meta name=\"robots\" content=\"index, follow, max-snippet:-1, max-image-preview:large, max-video-preview:-1\" \/>\n<link rel=\"canonical\" href=\"https:\/\/pb.edu.pl\/sjo\/dla-pracownika\/wspolpraca-z-zagranica\/universidad-de-cordoba\/\" \/>\n<meta property=\"og:locale\" content=\"pl_PL\" \/>\n<meta property=\"og:type\" content=\"article\" \/>\n<meta property=\"og:title\" content=\"Universidad de Cordoba - Studium J\u0119zyk\u00f3w Obcych\" \/>\n<meta property=\"og:description\" content=\"W dniach 17-20.09.2019 go\u015bci\u0142y\u015bmy na Universidad de Cordoba na Wydziale Nauk o Edukacji. W trakcie naszych odwiedzin, opr\u00f3cz prowadzenia zaj\u0119\u0107\" \/>\n<meta property=\"og:url\" content=\"https:\/\/pb.edu.pl\/sjo\/dla-pracownika\/wspolpraca-z-zagranica\/universidad-de-cordoba\/\" \/>\n<meta property=\"og:site_name\" content=\"Studium J\u0119zyk\u00f3w Obcych\" \/>\n<meta property=\"article:modified_time\" content=\"2019-10-07T20:52:11+00:00\" \/>\n<meta property=\"og:image\" content=\"https:\/\/pb.edu.pl\/sjo\/wp-content\/uploads\/sites\/9\/2019\/10\/Cordoba-1.jpg\" \/>\n<meta name=\"twitter:label1\" content=\"Szacowany czas czytania\" \/>\n\t<meta name=\"twitter:data1\" content=\"1 minuta\" \/>\n<script type=\"application\/ld+json\" class=\"yoast-schema-graph\">{\"@context\":\"https:\/\/schema.org\",\"@graph\":[{\"@type\":\"WebPage\",\"@id\":\"https:\/\/pb.edu.pl\/sjo\/dla-pracownika\/wspolpraca-z-zagranica\/universidad-de-cordoba\/\",\"url\":\"https:\/\/pb.edu.pl\/sjo\/dla-pracownika\/wspolpraca-z-zagranica\/universidad-de-cordoba\/\",\"name\":\"Universidad de Cordoba - Studium J\u0119zyk\u00f3w Obcych\",\"isPartOf\":{\"@id\":\"https:\/\/pb.edu.pl\/sjo\/#website\"},\"datePublished\":\"2019-10-07T13:30:54+00:00\",\"dateModified\":\"2019-10-07T20:52:11+00:00\",\"description\":\"W dniach 17-20.09.2019 go\u015bci\u0142y\u015bmy na Universidad de Cordoba na Wydziale Nauk o Edukacji. W trakcie naszych odwiedzin, opr\u00f3cz prowadzenia zaj\u0119\u0107\",\"breadcrumb\":{\"@id\":\"https:\/\/pb.edu.pl\/sjo\/dla-pracownika\/wspolpraca-z-zagranica\/universidad-de-cordoba\/#breadcrumb\"},\"inLanguage\":\"pl-PL\",\"potentialAction\":[{\"@type\":\"ReadAction\",\"target\":[\"https:\/\/pb.edu.pl\/sjo\/dla-pracownika\/wspolpraca-z-zagranica\/universidad-de-cordoba\/\"]}]},{\"@type\":\"BreadcrumbList\",\"@id\":\"https:\/\/pb.edu.pl\/sjo\/dla-pracownika\/wspolpraca-z-zagranica\/universidad-de-cordoba\/#breadcrumb\",\"itemListElement\":[{\"@type\":\"ListItem\",\"position\":1,\"name\":\"Home\",\"item\":\"https:\/\/pb.edu.pl\/sjo\/\"},{\"@type\":\"ListItem\",\"position\":2,\"name\":\"Pracuj\u0119 w PB\",\"item\":\"https:\/\/pb.edu.pl\/sjo\/dla-pracownika\/\"},{\"@type\":\"ListItem\",\"position\":3,\"name\":\"Wsp\u00f3\u0142praca z zagranic\u0105\",\"item\":\"https:\/\/pb.edu.pl\/sjo\/dla-pracownika\/wspolpraca-z-zagranica\/\"},{\"@type\":\"ListItem\",\"position\":4,\"name\":\"Universidad de Cordoba\"}]},{\"@type\":\"WebSite\",\"@id\":\"https:\/\/pb.edu.pl\/sjo\/#website\",\"url\":\"https:\/\/pb.edu.pl\/sjo\/\",\"name\":\"Studium J\u0119zyk\u00f3w Obcych\",\"description\":\"\",\"potentialAction\":[{\"@type\":\"SearchAction\",\"target\":{\"@type\":\"EntryPoint\",\"urlTemplate\":\"https:\/\/pb.edu.pl\/sjo\/?s={search_term_string}\"},\"query-input\":{\"@type\":\"PropertyValueSpecification\",\"valueRequired\":true,\"valueName\":\"search_term_string\"}}],\"inLanguage\":\"pl-PL\"}]}<\/script>\n<!-- \/ Yoast SEO plugin. -->","yoast_head_json":{"title":"Universidad de Cordoba - Studium J\u0119zyk\u00f3w Obcych","description":"W dniach 17-20.09.2019 go\u015bci\u0142y\u015bmy na Universidad de Cordoba na Wydziale Nauk o Edukacji. W trakcie naszych odwiedzin, opr\u00f3cz prowadzenia zaj\u0119\u0107","robots":{"index":"index","follow":"follow","max-snippet":"max-snippet:-1","max-image-preview":"max-image-preview:large","max-video-preview":"max-video-preview:-1"},"canonical":"https:\/\/pb.edu.pl\/sjo\/dla-pracownika\/wspolpraca-z-zagranica\/universidad-de-cordoba\/","og_locale":"pl_PL","og_type":"article","og_title":"Universidad de Cordoba - Studium J\u0119zyk\u00f3w Obcych","og_description":"W dniach 17-20.09.2019 go\u015bci\u0142y\u015bmy na Universidad de Cordoba na Wydziale Nauk o Edukacji. W trakcie naszych odwiedzin, opr\u00f3cz prowadzenia zaj\u0119\u0107","og_url":"https:\/\/pb.edu.pl\/sjo\/dla-pracownika\/wspolpraca-z-zagranica\/universidad-de-cordoba\/","og_site_name":"Studium J\u0119zyk\u00f3w Obcych","article_modified_time":"2019-10-07T20:52:11+00:00","og_image":[{"url":"https:\/\/pb.edu.pl\/sjo\/wp-content\/uploads\/sites\/9\/2019\/10\/Cordoba-1.jpg","type":"","width":"","height":""}],"twitter_misc":{"Szacowany czas czytania":"1 minuta"},"schema":{"@context":"https:\/\/schema.org","@graph":[{"@type":"WebPage","@id":"https:\/\/pb.edu.pl\/sjo\/dla-pracownika\/wspolpraca-z-zagranica\/universidad-de-cordoba\/","url":"https:\/\/pb.edu.pl\/sjo\/dla-pracownika\/wspolpraca-z-zagranica\/universidad-de-cordoba\/","name":"Universidad de Cordoba - Studium J\u0119zyk\u00f3w Obcych","isPartOf":{"@id":"https:\/\/pb.edu.pl\/sjo\/#website"},"datePublished":"2019-10-07T13:30:54+00:00","dateModified":"2019-10-07T20:52:11+00:00","description":"W dniach 17-20.09.2019 go\u015bci\u0142y\u015bmy na Universidad de Cordoba na Wydziale Nauk o Edukacji. W trakcie naszych odwiedzin, opr\u00f3cz prowadzenia zaj\u0119\u0107","breadcrumb":{"@id":"https:\/\/pb.edu.pl\/sjo\/dla-pracownika\/wspolpraca-z-zagranica\/universidad-de-cordoba\/#breadcrumb"},"inLanguage":"pl-PL","potentialAction":[{"@type":"ReadAction","target":["https:\/\/pb.edu.pl\/sjo\/dla-pracownika\/wspolpraca-z-zagranica\/universidad-de-cordoba\/"]}]},{"@type":"BreadcrumbList","@id":"https:\/\/pb.edu.pl\/sjo\/dla-pracownika\/wspolpraca-z-zagranica\/universidad-de-cordoba\/#breadcrumb","itemListElement":[{"@type":"ListItem","position":1,"name":"Home","item":"https:\/\/pb.edu.pl\/sjo\/"},{"@type":"ListItem","position":2,"name":"Pracuj\u0119 w PB","item":"https:\/\/pb.edu.pl\/sjo\/dla-pracownika\/"},{"@type":"ListItem","position":3,"name":"Wsp\u00f3\u0142praca z zagranic\u0105","item":"https:\/\/pb.edu.pl\/sjo\/dla-pracownika\/wspolpraca-z-zagranica\/"},{"@type":"ListItem","position":4,"name":"Universidad de Cordoba"}]},{"@type":"WebSite","@id":"https:\/\/pb.edu.pl\/sjo\/#website","url":"https:\/\/pb.edu.pl\/sjo\/","name":"Studium J\u0119zyk\u00f3w Obcych","description":"","potentialAction":[{"@type":"SearchAction","target":{"@type":"EntryPoint","urlTemplate":"https:\/\/pb.edu.pl\/sjo\/?s={search_term_string}"},"query-input":{"@type":"PropertyValueSpecification","valueRequired":true,"valueName":"search_term_string"}}],"inLanguage":"pl-PL"}]}},"_links":{"self":[{"href":"https:\/\/pb.edu.pl\/sjo\/wp-json\/wp\/v2\/pages\/7352","targetHints":{"allow":["GET"]}}],"collection":[{"href":"https:\/\/pb.edu.pl\/sjo\/wp-json\/wp\/v2\/pages"}],"about":[{"href":"https:\/\/pb.edu.pl\/sjo\/wp-json\/wp\/v2\/types\/page"}],"author":[{"embeddable":true,"href":"https:\/\/pb.edu.pl\/sjo\/wp-json\/wp\/v2\/users\/6"}],"replies":[{"embeddable":true,"href":"https:\/\/pb.edu.pl\/sjo\/wp-json\/wp\/v2\/comments?post=7352"}],"version-history":[{"count":0,"href":"https:\/\/pb.edu.pl\/sjo\/wp-json\/wp\/v2\/pages\/7352\/revisions"}],"up":[{"embeddable":true,"href":"https:\/\/pb.edu.pl\/sjo\/wp-json\/wp\/v2\/pages\/5020"}],"wp:attachment":[{"href":"https:\/\/pb.edu.pl\/sjo\/wp-json\/wp\/v2\/media?parent=7352"}],"curies":[{"name":"wp","href":"https:\/\/api.w.org\/{rel}","templated":true}]}}