{"id":6523,"date":"2019-02-28T14:58:21","date_gmt":"2019-02-28T13:58:21","guid":{"rendered":"https:\/\/pb.edu.pl\/sjo\/?page_id=6523"},"modified":"2024-01-20T23:47:42","modified_gmt":"2024-01-20T22:47:42","slug":"dodatkowe-informacje-dla-zdajacych","status":"publish","type":"page","link":"https:\/\/pb.edu.pl\/sjo\/certyfikat-polski\/dodatkowe-informacje-dla-zdajacych\/","title":{"rendered":"Dodatkowe informacje dla zdaj\u0105cych"},"content":{"rendered":"<p><span style=\"font-size: 14pt\"><strong>Dodatkowe informacje <\/strong><strong>dotycz\u0105ce egzaminu:<\/strong><\/span><\/p>\n<ol>\n<li>Osoba przyst\u0119puj\u0105ca do egzaminu ma obowi\u0105zek posiada\u0107 przy sobie wa\u017cny paszport lub inny wa\u017cny dokument to\u017csamo\u015bci ze zdj\u0119ciem<strong>. <\/strong>Zgodnie z zaleceniami PKdsPZJPjO to\u017csamo\u015b\u0107 zdaj\u0105cych b\u0119dzie sprawdzana przy wej\u015bciu do Sali oraz przy oddawaniu ka\u017cdej cz\u0119\u015bci egzaminu.<\/li>\n<li>Niedozwolone jest wnoszenie na sal\u0119 egzaminacyjn\u0105 wszelkiego rodzaju urz\u0105dze\u0144 elektronicznych (typu telefon, laptop, tablet itp.) Urz\u0105dzenia tego typu b\u0119dzie mo\u017cna pozostawi\u0107 w depozycie przed spotkaniem informacyjnym. Odbi\u00f3r b\u0119dzie mo\u017cliwy<br \/>\npo zako\u0144czeniu wszystkich cz\u0119\u015bci pisemnych egzaminu.<\/li>\n<li>Zdaj\u0105cy maj\u0105 obowi\u0105zek zg\u0142osi\u0107 si\u0119 na egzamin punktualnie, zgodnie z og\u0142oszonym harmonogramem.<\/li>\n<li>Zdaj\u0105cy otrzymuj\u0105 potwierdzenie dok\u0142adnego terminu, godziny i miejsca przeprowadzenia egzaminu za po\u015brednictwem wiadomo\u015bci e-mail najp\u00f3\u017aniej 7 dni przed dat\u0105 egzaminu.<\/li>\n<li>Zdaj\u0105cy powinni stawi\u0107 si\u0119 30 minut przed rozpocz\u0119ciem egzaminu.<\/li>\n<li>W czasie trwania egzaminu zdaj\u0105cy maj\u0105 obowi\u0105zek zachowywa\u0107 si\u0119 cicho i kulturalnie; nie komunikowa\u0107 si\u0119 ze sob\u0105; nie opuszcza\u0107 sali egzaminacyjnej ani swoich miejsc; nie wyg\u0142asza\u0107 g\u0142o\u015bnych uwag i komentarzy.<\/li>\n<li>Na egzamin nale\u017cy zabra\u0107 ze sob\u0105 d\u0142ugopis niebieski lub czarny; nie nale\u017cy u\u017cywa\u0107 o\u0142\u00f3wka ani korektora.<\/li>\n<\/ol>\n<p><span style=\"font-size: 14pt\"><strong>Proponowane miejsca noclegowe po\u0142o\u017cone najbli\u017cej o\u015brodka, w kt\u00f3rym przeprowadzany b\u0119dzie egzamin<\/strong><\/span><\/p>\n<p><strong>Hotel Pod Herbem<\/strong><br \/>\nWiejska 49<br \/>\n&nbsp;<br \/>\n<strong>Hotel BOSiR<\/strong><br \/>\nWo\u0142odyjowskiego 5<br \/>\n&nbsp;<br \/>\n<strong>Willa Pastel<\/strong><br \/>\nWaszyngtona 24A<br \/>\n&nbsp;<br \/>\n<strong>Titanic <\/strong><br \/>\nPogodna 16D<br \/>\n&nbsp;<br \/>\n<span style=\"font-size: 14pt\"><strong>Koszty utrzymania w Bia\u0142ymstoku:<\/strong><\/span><\/p>\n<p><strong>Bilety komunikacji miejskiej<\/strong><br \/>\n<strong>bilety jednorazowe:<\/strong><\/p>\n<p>bilet normalny na stref\u0119 1: elektroniczny 4 z\u0142, papierowy 5 z\u0142,<\/p>\n<p>bilet ulgowy na stref\u0119 1: elektroniczny 2 z\u0142, papierowy 2,50 z\u0142,<\/p>\n<p>bilet normalny sieciowy (strefa 1+2): elektroniczny 7,80 z\u0142, papierowy 12 z\u0142,<\/p>\n<p>bilet ulgowy sieciowy (strefa 1+2): elektroniczny 3,90 z\u0142, papierowy 6 z\u0142.<\/p>\n<p>&nbsp;<\/p>\n<p><strong>Najbli\u017cej po\u0142o\u017cone sklepy spo\u017cywcze: <\/strong><br \/>\nHorten \u2013 ul. Zwierzyniecka, 13A<br \/>\nMlekovita \u2013 ul. Zwierzyniecka 15A<br \/>\nLewiatan \u2013 ul. Weso\u0142a 16<br \/>\nBiedronka &#8211; ul. Pogodna 35<br \/>\nBiedronka &#8211; ul. Prezydenta Ryszarda Kaczorowskiego 7<br \/>\nPSS Spo\u0142em &#8211; ul. Wiejska 70 A<br \/>\nLidl \u2013 ul. Pogodna 63<\/p>\n","protected":false},"excerpt":{"rendered":"<p>Dodatkowe informacje dotycz\u0105ce egzaminu: Osoba przyst\u0119puj\u0105ca do egzaminu ma obowi\u0105zek posiada\u0107 przy sobie wa\u017cny paszport<\/p>\n","protected":false},"author":6,"featured_media":0,"parent":6510,"menu_order":0,"comment_status":"closed","ping_status":"closed","template":"","meta":{"_acf_changed":false,"ngg_post_thumbnail":0,"footnotes":""},"class_list":["post-6523","page","type-page","status-publish","hentry"],"acf":[],"yoast_head":"<!-- This site is optimized with the Yoast SEO plugin v27.0 - https:\/\/yoast.com\/product\/yoast-seo-wordpress\/ -->\n<title>Dodatkowe informacje dla zdaj\u0105cych - Studium J\u0119zyk\u00f3w Obcych<\/title>\n<meta name=\"description\" content=\"Dodatkowe informacje dotycz\u0105ce egzaminu: Osoba przyst\u0119puj\u0105ca do egzaminu ma obowi\u0105zek posiada\u0107 przy sobie wa\u017cny paszport lub inny wa\u017cny dokument\" \/>\n<meta name=\"robots\" content=\"index, follow, max-snippet:-1, max-image-preview:large, max-video-preview:-1\" \/>\n<link rel=\"canonical\" href=\"https:\/\/pb.edu.pl\/sjo\/certyfikat-polski\/dodatkowe-informacje-dla-zdajacych\/\" \/>\n<meta property=\"og:locale\" content=\"pl_PL\" \/>\n<meta property=\"og:type\" content=\"article\" \/>\n<meta property=\"og:title\" content=\"Dodatkowe informacje dla zdaj\u0105cych - Studium J\u0119zyk\u00f3w Obcych\" \/>\n<meta property=\"og:description\" content=\"Dodatkowe informacje dotycz\u0105ce egzaminu: Osoba przyst\u0119puj\u0105ca do egzaminu ma obowi\u0105zek posiada\u0107 przy sobie wa\u017cny paszport lub inny wa\u017cny dokument\" \/>\n<meta property=\"og:url\" content=\"https:\/\/pb.edu.pl\/sjo\/certyfikat-polski\/dodatkowe-informacje-dla-zdajacych\/\" \/>\n<meta property=\"og:site_name\" content=\"Studium J\u0119zyk\u00f3w Obcych\" \/>\n<meta property=\"article:modified_time\" content=\"2024-01-20T22:47:42+00:00\" \/>\n<meta name=\"twitter:label1\" content=\"Szacowany czas czytania\" \/>\n\t<meta name=\"twitter:data1\" content=\"2 minuty\" \/>\n<script type=\"application\/ld+json\" class=\"yoast-schema-graph\">{\"@context\":\"https:\/\/schema.org\",\"@graph\":[{\"@type\":\"WebPage\",\"@id\":\"https:\/\/pb.edu.pl\/sjo\/certyfikat-polski\/dodatkowe-informacje-dla-zdajacych\/\",\"url\":\"https:\/\/pb.edu.pl\/sjo\/certyfikat-polski\/dodatkowe-informacje-dla-zdajacych\/\",\"name\":\"Dodatkowe informacje dla zdaj\u0105cych - Studium J\u0119zyk\u00f3w Obcych\",\"isPartOf\":{\"@id\":\"https:\/\/pb.edu.pl\/sjo\/#website\"},\"datePublished\":\"2019-02-28T13:58:21+00:00\",\"dateModified\":\"2024-01-20T22:47:42+00:00\",\"description\":\"Dodatkowe informacje dotycz\u0105ce egzaminu: Osoba przyst\u0119puj\u0105ca do egzaminu ma obowi\u0105zek posiada\u0107 przy sobie wa\u017cny paszport lub inny wa\u017cny dokument\",\"breadcrumb\":{\"@id\":\"https:\/\/pb.edu.pl\/sjo\/certyfikat-polski\/dodatkowe-informacje-dla-zdajacych\/#breadcrumb\"},\"inLanguage\":\"pl-PL\",\"potentialAction\":[{\"@type\":\"ReadAction\",\"target\":[\"https:\/\/pb.edu.pl\/sjo\/certyfikat-polski\/dodatkowe-informacje-dla-zdajacych\/\"]}]},{\"@type\":\"BreadcrumbList\",\"@id\":\"https:\/\/pb.edu.pl\/sjo\/certyfikat-polski\/dodatkowe-informacje-dla-zdajacych\/#breadcrumb\",\"itemListElement\":[{\"@type\":\"ListItem\",\"position\":1,\"name\":\"Home\",\"item\":\"https:\/\/pb.edu.pl\/sjo\/\"},{\"@type\":\"ListItem\",\"position\":2,\"name\":\"Certyfikat Polski w Centrum J\u0119zyka i Kultury Polskiej POLISH LAB\",\"item\":\"https:\/\/pb.edu.pl\/sjo\/certyfikat-polski\/\"},{\"@type\":\"ListItem\",\"position\":3,\"name\":\"Dodatkowe informacje dla zdaj\u0105cych\"}]},{\"@type\":\"WebSite\",\"@id\":\"https:\/\/pb.edu.pl\/sjo\/#website\",\"url\":\"https:\/\/pb.edu.pl\/sjo\/\",\"name\":\"Studium J\u0119zyk\u00f3w Obcych\",\"description\":\"\",\"potentialAction\":[{\"@type\":\"SearchAction\",\"target\":{\"@type\":\"EntryPoint\",\"urlTemplate\":\"https:\/\/pb.edu.pl\/sjo\/?s={search_term_string}\"},\"query-input\":{\"@type\":\"PropertyValueSpecification\",\"valueRequired\":true,\"valueName\":\"search_term_string\"}}],\"inLanguage\":\"pl-PL\"}]}<\/script>\n<!-- \/ Yoast SEO plugin. -->","yoast_head_json":{"title":"Dodatkowe informacje dla zdaj\u0105cych - Studium J\u0119zyk\u00f3w Obcych","description":"Dodatkowe informacje dotycz\u0105ce egzaminu: Osoba przyst\u0119puj\u0105ca do egzaminu ma obowi\u0105zek posiada\u0107 przy sobie wa\u017cny paszport lub inny wa\u017cny dokument","robots":{"index":"index","follow":"follow","max-snippet":"max-snippet:-1","max-image-preview":"max-image-preview:large","max-video-preview":"max-video-preview:-1"},"canonical":"https:\/\/pb.edu.pl\/sjo\/certyfikat-polski\/dodatkowe-informacje-dla-zdajacych\/","og_locale":"pl_PL","og_type":"article","og_title":"Dodatkowe informacje dla zdaj\u0105cych - Studium J\u0119zyk\u00f3w Obcych","og_description":"Dodatkowe informacje dotycz\u0105ce egzaminu: Osoba przyst\u0119puj\u0105ca do egzaminu ma obowi\u0105zek posiada\u0107 przy sobie wa\u017cny paszport lub inny wa\u017cny dokument","og_url":"https:\/\/pb.edu.pl\/sjo\/certyfikat-polski\/dodatkowe-informacje-dla-zdajacych\/","og_site_name":"Studium J\u0119zyk\u00f3w Obcych","article_modified_time":"2024-01-20T22:47:42+00:00","twitter_misc":{"Szacowany czas czytania":"2 minuty"},"schema":{"@context":"https:\/\/schema.org","@graph":[{"@type":"WebPage","@id":"https:\/\/pb.edu.pl\/sjo\/certyfikat-polski\/dodatkowe-informacje-dla-zdajacych\/","url":"https:\/\/pb.edu.pl\/sjo\/certyfikat-polski\/dodatkowe-informacje-dla-zdajacych\/","name":"Dodatkowe informacje dla zdaj\u0105cych - Studium J\u0119zyk\u00f3w Obcych","isPartOf":{"@id":"https:\/\/pb.edu.pl\/sjo\/#website"},"datePublished":"2019-02-28T13:58:21+00:00","dateModified":"2024-01-20T22:47:42+00:00","description":"Dodatkowe informacje dotycz\u0105ce egzaminu: Osoba przyst\u0119puj\u0105ca do egzaminu ma obowi\u0105zek posiada\u0107 przy sobie wa\u017cny paszport lub inny wa\u017cny dokument","breadcrumb":{"@id":"https:\/\/pb.edu.pl\/sjo\/certyfikat-polski\/dodatkowe-informacje-dla-zdajacych\/#breadcrumb"},"inLanguage":"pl-PL","potentialAction":[{"@type":"ReadAction","target":["https:\/\/pb.edu.pl\/sjo\/certyfikat-polski\/dodatkowe-informacje-dla-zdajacych\/"]}]},{"@type":"BreadcrumbList","@id":"https:\/\/pb.edu.pl\/sjo\/certyfikat-polski\/dodatkowe-informacje-dla-zdajacych\/#breadcrumb","itemListElement":[{"@type":"ListItem","position":1,"name":"Home","item":"https:\/\/pb.edu.pl\/sjo\/"},{"@type":"ListItem","position":2,"name":"Certyfikat Polski w Centrum J\u0119zyka i Kultury Polskiej POLISH LAB","item":"https:\/\/pb.edu.pl\/sjo\/certyfikat-polski\/"},{"@type":"ListItem","position":3,"name":"Dodatkowe informacje dla zdaj\u0105cych"}]},{"@type":"WebSite","@id":"https:\/\/pb.edu.pl\/sjo\/#website","url":"https:\/\/pb.edu.pl\/sjo\/","name":"Studium J\u0119zyk\u00f3w Obcych","description":"","potentialAction":[{"@type":"SearchAction","target":{"@type":"EntryPoint","urlTemplate":"https:\/\/pb.edu.pl\/sjo\/?s={search_term_string}"},"query-input":{"@type":"PropertyValueSpecification","valueRequired":true,"valueName":"search_term_string"}}],"inLanguage":"pl-PL"}]}},"_links":{"self":[{"href":"https:\/\/pb.edu.pl\/sjo\/wp-json\/wp\/v2\/pages\/6523","targetHints":{"allow":["GET"]}}],"collection":[{"href":"https:\/\/pb.edu.pl\/sjo\/wp-json\/wp\/v2\/pages"}],"about":[{"href":"https:\/\/pb.edu.pl\/sjo\/wp-json\/wp\/v2\/types\/page"}],"author":[{"embeddable":true,"href":"https:\/\/pb.edu.pl\/sjo\/wp-json\/wp\/v2\/users\/6"}],"replies":[{"embeddable":true,"href":"https:\/\/pb.edu.pl\/sjo\/wp-json\/wp\/v2\/comments?post=6523"}],"version-history":[{"count":0,"href":"https:\/\/pb.edu.pl\/sjo\/wp-json\/wp\/v2\/pages\/6523\/revisions"}],"up":[{"embeddable":true,"href":"https:\/\/pb.edu.pl\/sjo\/wp-json\/wp\/v2\/pages\/6510"}],"wp:attachment":[{"href":"https:\/\/pb.edu.pl\/sjo\/wp-json\/wp\/v2\/media?parent=6523"}],"curies":[{"name":"wp","href":"https:\/\/api.w.org\/{rel}","templated":true}]}}