{"id":6121,"date":"2018-11-16T22:00:20","date_gmt":"2018-11-16T21:00:20","guid":{"rendered":"https:\/\/pb.edu.pl\/sjo\/?page_id=6121"},"modified":"2018-12-05T15:35:03","modified_gmt":"2018-12-05T14:35:03","slug":"rozpoczelismy-wspolprace-dydaktyczna-z-liceum-pb","status":"publish","type":"page","link":"https:\/\/pb.edu.pl\/sjo\/jestem-spoza-uczelni\/wspolpraca-ze-szkolami\/rozpoczelismy-wspolprace-dydaktyczna-z-liceum-pb\/","title":{"rendered":"Rozpocz\u0119li\u015bmy wsp\u00f3\u0142prac\u0119 dydaktyczn\u0105 z Liceum PB"},"content":{"rendered":"<p>M\u0142odzie\u017c z klasy II odwiedzi\u0142a SJO w dniu 16 listopada 2018 r. i uczestniczy\u0142a w specjalnie dla niej poprowadzonych zaj\u0119ciach j\u0119zyka angielskiego. Uczniowie zwiedzili siedzib\u0119 SJO, po czym entuzjastycznie zaanga\u017cowali si\u0119 w zadania opracowane i poprowadzone przez mgr Urszul\u0119 Socho\u0144.<\/p>\n<p>&nbsp;<\/p>\n<p>Nadrz\u0119dnym celem zaj\u0119\u0107 by\u0142o pokazanie, \u017ce in\u017cynier to przede wszystkim cz\u0142owiek, kt\u00f3ry stawia czo\u0142a wyzwaniom i poszukuje rozwi\u0105za\u0144 \u2013 cz\u0119sto nietypowych, stad te\u017c temat lekcji brzmia\u0142:<\/p>\n<p><em>\u2018How to build a luxurious hotel on an artificial island and how to protect it from sea waves?\u2019<\/em>.<\/p>\n<p>W om\u00f3wieniu zagadnienia pom\u00f3g\u0142 nam Richard Hammond w swoim programie z serii \u2018Engineering Connections\u2019. Jako \u017ce wsp\u00f3\u0142czesny in\u017cynier musi zna\u0107 j\u0119zyki obce, zw\u0142aszcza angielski, komunikacja na zaj\u0119ciach odbywa\u0142a si\u0119 wy\u0142\u0105cznie w tym j\u0119zyku. M\u0142odzie\u017c LO rewelacyjnie sobie poradzi\u0142a. Gratulacje! Niew\u0105tpliw\u0105 korzy\u015bci\u0105 by\u0142a r\u00f3wnie\u017c praca w zespo\u0142ach, co zaowocowa\u0142o intensywn\u0105 burz\u0105 m\u00f3zg\u00f3w i niesamowicie pomys\u0142owymi propozycjami rozwi\u0105zania kilku technicznych dylemat\u00f3w.<\/p>\n<p>&nbsp;<\/p>\n<p>Na zako\u0144czenie pad\u0142o sporo pyta\u0144 o kszta\u0142cenie j\u0119zykowe w SJO PB, zw\u0142aszcza o lektoraty o tematyce technicznej. Wyczerpuj\u0105cych odpowiedzi udzieli\u0142a uczniom mgr Violetta Grabi\u0144ska, zast\u0119pca Kierownika SJO.<\/p>\n<p>&nbsp;<\/p>\n<p>Autorki pomys\u0142u: Urszula Socho\u0144 (SJO PB)&nbsp; i Ewelina Jaworowska (LO PB)<\/p>\n<p>Prowadzenie zaj\u0119\u0107: Urszula Socho\u0144<\/p>\n<p>Wsp\u00f3\u0142praca organizacyjna i dydaktyczna: Ewelina Jaworowska<\/p>\n<p>Wsparcie inicjatywy: Viola Grabi\u0144ska, Micha\u0142 Citko, J\u00f3zef Klim &#8211; dyrektor LO PB<\/p>\n<p>&nbsp;<\/p>\n<p>Ci\u0105g dalszy niew\u0105tpliwie nast\u0105pi \ud83d\ude42<\/p>\n<div id='gallery-1' class='gallery galleryid-6121 gallery-columns-2 gallery-size-full'><figure class='gallery-item'>\n\t\t\t<div class='gallery-icon landscape'>\n\t\t\t\t<a href='https:\/\/pb.edu.pl\/sjo\/wp-content\/uploads\/sites\/9\/2018\/11\/LO-PB-2.jpg'><img loading=\"lazy\" decoding=\"async\" width=\"1620\" height=\"1080\" src=\"https:\/\/pb.edu.pl\/sjo\/wp-content\/uploads\/sites\/9\/2018\/11\/LO-PB-2.jpg\" class=\"attachment-full size-full\" alt=\"Wsp\u00f3\u0142praca dydaktyczna z Liceum PB\" srcset=\"https:\/\/pb.edu.pl\/sjo\/wp-content\/uploads\/sites\/9\/2018\/11\/LO-PB-2.jpg 1620w, https:\/\/pb.edu.pl\/sjo\/wp-content\/uploads\/sites\/9\/2018\/11\/LO-PB-2-300x200.jpg 300w, https:\/\/pb.edu.pl\/sjo\/wp-content\/uploads\/sites\/9\/2018\/11\/LO-PB-2-768x512.jpg 768w, https:\/\/pb.edu.pl\/sjo\/wp-content\/uploads\/sites\/9\/2018\/11\/LO-PB-2-1024x683.jpg 1024w, https:\/\/pb.edu.pl\/sjo\/wp-content\/uploads\/sites\/9\/2018\/11\/LO-PB-2-480x320.jpg 480w\" sizes=\"auto, (max-width: 1620px) 100vw, 1620px\" \/><\/a>\n\t\t\t<\/div><\/figure><figure class='gallery-item'>\n\t\t\t<div class='gallery-icon landscape'>\n\t\t\t\t<a href='https:\/\/pb.edu.pl\/sjo\/wp-content\/uploads\/sites\/9\/2018\/11\/LO-PB-3.jpg'><img loading=\"lazy\" decoding=\"async\" width=\"1620\" height=\"1080\" src=\"https:\/\/pb.edu.pl\/sjo\/wp-content\/uploads\/sites\/9\/2018\/11\/LO-PB-3.jpg\" class=\"attachment-full size-full\" alt=\"Wsp\u00f3\u0142praca dydaktyczna z Liceum PB\" srcset=\"https:\/\/pb.edu.pl\/sjo\/wp-content\/uploads\/sites\/9\/2018\/11\/LO-PB-3.jpg 1620w, https:\/\/pb.edu.pl\/sjo\/wp-content\/uploads\/sites\/9\/2018\/11\/LO-PB-3-300x200.jpg 300w, https:\/\/pb.edu.pl\/sjo\/wp-content\/uploads\/sites\/9\/2018\/11\/LO-PB-3-768x512.jpg 768w, https:\/\/pb.edu.pl\/sjo\/wp-content\/uploads\/sites\/9\/2018\/11\/LO-PB-3-1024x683.jpg 1024w, https:\/\/pb.edu.pl\/sjo\/wp-content\/uploads\/sites\/9\/2018\/11\/LO-PB-3-480x320.jpg 480w\" sizes=\"auto, (max-width: 1620px) 100vw, 1620px\" \/><\/a>\n\t\t\t<\/div><\/figure><figure class='gallery-item'>\n\t\t\t<div class='gallery-icon landscape'>\n\t\t\t\t<a href='https:\/\/pb.edu.pl\/sjo\/wp-content\/uploads\/sites\/9\/2018\/11\/LO-PB-4.jpg'><img loading=\"lazy\" decoding=\"async\" width=\"1620\" height=\"1080\" src=\"https:\/\/pb.edu.pl\/sjo\/wp-content\/uploads\/sites\/9\/2018\/11\/LO-PB-4.jpg\" class=\"attachment-full size-full\" alt=\"Wsp\u00f3\u0142praca dydaktyczna z Liceum PB\" srcset=\"https:\/\/pb.edu.pl\/sjo\/wp-content\/uploads\/sites\/9\/2018\/11\/LO-PB-4.jpg 1620w, https:\/\/pb.edu.pl\/sjo\/wp-content\/uploads\/sites\/9\/2018\/11\/LO-PB-4-300x200.jpg 300w, https:\/\/pb.edu.pl\/sjo\/wp-content\/uploads\/sites\/9\/2018\/11\/LO-PB-4-768x512.jpg 768w, https:\/\/pb.edu.pl\/sjo\/wp-content\/uploads\/sites\/9\/2018\/11\/LO-PB-4-1024x683.jpg 1024w, https:\/\/pb.edu.pl\/sjo\/wp-content\/uploads\/sites\/9\/2018\/11\/LO-PB-4-480x320.jpg 480w\" sizes=\"auto, (max-width: 1620px) 100vw, 1620px\" \/><\/a>\n\t\t\t<\/div><\/figure><figure class='gallery-item'>\n\t\t\t<div class='gallery-icon landscape'>\n\t\t\t\t<a href='https:\/\/pb.edu.pl\/sjo\/wp-content\/uploads\/sites\/9\/2018\/11\/LO-PB-5.jpg'><img loading=\"lazy\" decoding=\"async\" width=\"1620\" height=\"1080\" src=\"https:\/\/pb.edu.pl\/sjo\/wp-content\/uploads\/sites\/9\/2018\/11\/LO-PB-5.jpg\" class=\"attachment-full size-full\" alt=\"Wsp\u00f3\u0142praca dydaktyczna z Liceum PB\" srcset=\"https:\/\/pb.edu.pl\/sjo\/wp-content\/uploads\/sites\/9\/2018\/11\/LO-PB-5.jpg 1620w, https:\/\/pb.edu.pl\/sjo\/wp-content\/uploads\/sites\/9\/2018\/11\/LO-PB-5-300x200.jpg 300w, https:\/\/pb.edu.pl\/sjo\/wp-content\/uploads\/sites\/9\/2018\/11\/LO-PB-5-768x512.jpg 768w, https:\/\/pb.edu.pl\/sjo\/wp-content\/uploads\/sites\/9\/2018\/11\/LO-PB-5-1024x683.jpg 1024w, https:\/\/pb.edu.pl\/sjo\/wp-content\/uploads\/sites\/9\/2018\/11\/LO-PB-5-480x320.jpg 480w\" sizes=\"auto, (max-width: 1620px) 100vw, 1620px\" \/><\/a>\n\t\t\t<\/div><\/figure><figure class='gallery-item'>\n\t\t\t<div class='gallery-icon landscape'>\n\t\t\t\t<a href='https:\/\/pb.edu.pl\/sjo\/wp-content\/uploads\/sites\/9\/2018\/11\/LO-PB-7.jpg'><img loading=\"lazy\" decoding=\"async\" width=\"1620\" height=\"1080\" src=\"https:\/\/pb.edu.pl\/sjo\/wp-content\/uploads\/sites\/9\/2018\/11\/LO-PB-7.jpg\" class=\"attachment-full size-full\" alt=\"Wsp\u00f3\u0142praca dydaktyczna z Liceum PB\" srcset=\"https:\/\/pb.edu.pl\/sjo\/wp-content\/uploads\/sites\/9\/2018\/11\/LO-PB-7.jpg 1620w, https:\/\/pb.edu.pl\/sjo\/wp-content\/uploads\/sites\/9\/2018\/11\/LO-PB-7-300x200.jpg 300w, https:\/\/pb.edu.pl\/sjo\/wp-content\/uploads\/sites\/9\/2018\/11\/LO-PB-7-768x512.jpg 768w, https:\/\/pb.edu.pl\/sjo\/wp-content\/uploads\/sites\/9\/2018\/11\/LO-PB-7-1024x683.jpg 1024w, https:\/\/pb.edu.pl\/sjo\/wp-content\/uploads\/sites\/9\/2018\/11\/LO-PB-7-480x320.jpg 480w\" sizes=\"auto, (max-width: 1620px) 100vw, 1620px\" \/><\/a>\n\t\t\t<\/div><\/figure><figure class='gallery-item'>\n\t\t\t<div class='gallery-icon landscape'>\n\t\t\t\t<a href='https:\/\/pb.edu.pl\/sjo\/wp-content\/uploads\/sites\/9\/2018\/11\/LO-PB-8.jpg'><img loading=\"lazy\" decoding=\"async\" width=\"1620\" height=\"1080\" src=\"https:\/\/pb.edu.pl\/sjo\/wp-content\/uploads\/sites\/9\/2018\/11\/LO-PB-8.jpg\" class=\"attachment-full size-full\" alt=\"Wsp\u00f3\u0142praca dydaktyczna z Liceum PB\" srcset=\"https:\/\/pb.edu.pl\/sjo\/wp-content\/uploads\/sites\/9\/2018\/11\/LO-PB-8.jpg 1620w, https:\/\/pb.edu.pl\/sjo\/wp-content\/uploads\/sites\/9\/2018\/11\/LO-PB-8-300x200.jpg 300w, https:\/\/pb.edu.pl\/sjo\/wp-content\/uploads\/sites\/9\/2018\/11\/LO-PB-8-768x512.jpg 768w, https:\/\/pb.edu.pl\/sjo\/wp-content\/uploads\/sites\/9\/2018\/11\/LO-PB-8-1024x683.jpg 1024w, https:\/\/pb.edu.pl\/sjo\/wp-content\/uploads\/sites\/9\/2018\/11\/LO-PB-8-480x320.jpg 480w\" sizes=\"auto, (max-width: 1620px) 100vw, 1620px\" \/><\/a>\n\t\t\t<\/div><\/figure>\n\t\t<\/div>\n\n","protected":false},"excerpt":{"rendered":"<p>M\u0142odzie\u017c z klasy II odwiedzi\u0142a SJO w dniu 16 listopada 2018 r. i uczestniczy\u0142a w<\/p>\n","protected":false},"author":6,"featured_media":0,"parent":5018,"menu_order":0,"comment_status":"closed","ping_status":"closed","template":"","meta":{"_acf_changed":false,"ngg_post_thumbnail":0,"footnotes":""},"class_list":["post-6121","page","type-page","status-publish","hentry"],"acf":[],"yoast_head":"<!-- This site is optimized with the Yoast SEO plugin v27.0 - https:\/\/yoast.com\/product\/yoast-seo-wordpress\/ -->\n<title>Rozpocz\u0119li\u015bmy wsp\u00f3\u0142prac\u0119 dydaktyczn\u0105 z Liceum PB - Studium J\u0119zyk\u00f3w Obcych<\/title>\n<meta name=\"description\" content=\"M\u0142odzie\u017c z klasy II odwiedzi\u0142a SJO w dniu 16 listopada 2018 r. i uczestniczy\u0142a w specjalnie dla niej poprowadzonych zaj\u0119ciach j\u0119zyka angielskiego.\" \/>\n<meta name=\"robots\" content=\"index, follow, max-snippet:-1, max-image-preview:large, max-video-preview:-1\" \/>\n<link rel=\"canonical\" href=\"https:\/\/pb.edu.pl\/sjo\/jestem-spoza-uczelni\/wspolpraca-ze-szkolami\/rozpoczelismy-wspolprace-dydaktyczna-z-liceum-pb\/\" \/>\n<meta property=\"og:locale\" content=\"pl_PL\" \/>\n<meta property=\"og:type\" content=\"article\" \/>\n<meta property=\"og:title\" content=\"Rozpocz\u0119li\u015bmy wsp\u00f3\u0142prac\u0119 dydaktyczn\u0105 z Liceum PB - Studium J\u0119zyk\u00f3w Obcych\" \/>\n<meta property=\"og:description\" content=\"M\u0142odzie\u017c z klasy II odwiedzi\u0142a SJO w dniu 16 listopada 2018 r. i uczestniczy\u0142a w specjalnie dla niej poprowadzonych zaj\u0119ciach j\u0119zyka angielskiego.\" \/>\n<meta property=\"og:url\" content=\"https:\/\/pb.edu.pl\/sjo\/jestem-spoza-uczelni\/wspolpraca-ze-szkolami\/rozpoczelismy-wspolprace-dydaktyczna-z-liceum-pb\/\" \/>\n<meta property=\"og:site_name\" content=\"Studium J\u0119zyk\u00f3w Obcych\" \/>\n<meta property=\"article:modified_time\" content=\"2018-12-05T14:35:03+00:00\" \/>\n<meta property=\"og:image\" content=\"https:\/\/pb.edu.pl\/sjo\/wp-content\/uploads\/sites\/9\/2018\/11\/LO-PB-2.jpg\" \/>\n<meta name=\"twitter:label1\" content=\"Szacowany czas czytania\" \/>\n\t<meta name=\"twitter:data1\" content=\"1 minuta\" \/>\n<script type=\"application\/ld+json\" class=\"yoast-schema-graph\">{\"@context\":\"https:\/\/schema.org\",\"@graph\":[{\"@type\":\"WebPage\",\"@id\":\"https:\/\/pb.edu.pl\/sjo\/jestem-spoza-uczelni\/wspolpraca-ze-szkolami\/rozpoczelismy-wspolprace-dydaktyczna-z-liceum-pb\/\",\"url\":\"https:\/\/pb.edu.pl\/sjo\/jestem-spoza-uczelni\/wspolpraca-ze-szkolami\/rozpoczelismy-wspolprace-dydaktyczna-z-liceum-pb\/\",\"name\":\"Rozpocz\u0119li\u015bmy wsp\u00f3\u0142prac\u0119 dydaktyczn\u0105 z Liceum PB - Studium J\u0119zyk\u00f3w Obcych\",\"isPartOf\":{\"@id\":\"https:\/\/pb.edu.pl\/sjo\/#website\"},\"datePublished\":\"2018-11-16T21:00:20+00:00\",\"dateModified\":\"2018-12-05T14:35:03+00:00\",\"description\":\"M\u0142odzie\u017c z klasy II odwiedzi\u0142a SJO w dniu 16 listopada 2018 r. i uczestniczy\u0142a w specjalnie dla niej poprowadzonych zaj\u0119ciach j\u0119zyka angielskiego.\",\"breadcrumb\":{\"@id\":\"https:\/\/pb.edu.pl\/sjo\/jestem-spoza-uczelni\/wspolpraca-ze-szkolami\/rozpoczelismy-wspolprace-dydaktyczna-z-liceum-pb\/#breadcrumb\"},\"inLanguage\":\"pl-PL\",\"potentialAction\":[{\"@type\":\"ReadAction\",\"target\":[\"https:\/\/pb.edu.pl\/sjo\/jestem-spoza-uczelni\/wspolpraca-ze-szkolami\/rozpoczelismy-wspolprace-dydaktyczna-z-liceum-pb\/\"]}]},{\"@type\":\"BreadcrumbList\",\"@id\":\"https:\/\/pb.edu.pl\/sjo\/jestem-spoza-uczelni\/wspolpraca-ze-szkolami\/rozpoczelismy-wspolprace-dydaktyczna-z-liceum-pb\/#breadcrumb\",\"itemListElement\":[{\"@type\":\"ListItem\",\"position\":1,\"name\":\"Home\",\"item\":\"https:\/\/pb.edu.pl\/sjo\/\"},{\"@type\":\"ListItem\",\"position\":2,\"name\":\"Jestem spoza PB\",\"item\":\"https:\/\/pb.edu.pl\/sjo\/jestem-spoza-uczelni\/\"},{\"@type\":\"ListItem\",\"position\":3,\"name\":\"Wsp\u00f3\u0142praca ze szko\u0142ami\",\"item\":\"https:\/\/pb.edu.pl\/sjo\/jestem-spoza-uczelni\/wspolpraca-ze-szkolami\/\"},{\"@type\":\"ListItem\",\"position\":4,\"name\":\"Rozpocz\u0119li\u015bmy wsp\u00f3\u0142prac\u0119 dydaktyczn\u0105 z Liceum PB\"}]},{\"@type\":\"WebSite\",\"@id\":\"https:\/\/pb.edu.pl\/sjo\/#website\",\"url\":\"https:\/\/pb.edu.pl\/sjo\/\",\"name\":\"Studium J\u0119zyk\u00f3w Obcych\",\"description\":\"\",\"potentialAction\":[{\"@type\":\"SearchAction\",\"target\":{\"@type\":\"EntryPoint\",\"urlTemplate\":\"https:\/\/pb.edu.pl\/sjo\/?s={search_term_string}\"},\"query-input\":{\"@type\":\"PropertyValueSpecification\",\"valueRequired\":true,\"valueName\":\"search_term_string\"}}],\"inLanguage\":\"pl-PL\"}]}<\/script>\n<!-- \/ Yoast SEO plugin. -->","yoast_head_json":{"title":"Rozpocz\u0119li\u015bmy wsp\u00f3\u0142prac\u0119 dydaktyczn\u0105 z Liceum PB - Studium J\u0119zyk\u00f3w Obcych","description":"M\u0142odzie\u017c z klasy II odwiedzi\u0142a SJO w dniu 16 listopada 2018 r. i uczestniczy\u0142a w specjalnie dla niej poprowadzonych zaj\u0119ciach j\u0119zyka angielskiego.","robots":{"index":"index","follow":"follow","max-snippet":"max-snippet:-1","max-image-preview":"max-image-preview:large","max-video-preview":"max-video-preview:-1"},"canonical":"https:\/\/pb.edu.pl\/sjo\/jestem-spoza-uczelni\/wspolpraca-ze-szkolami\/rozpoczelismy-wspolprace-dydaktyczna-z-liceum-pb\/","og_locale":"pl_PL","og_type":"article","og_title":"Rozpocz\u0119li\u015bmy wsp\u00f3\u0142prac\u0119 dydaktyczn\u0105 z Liceum PB - Studium J\u0119zyk\u00f3w Obcych","og_description":"M\u0142odzie\u017c z klasy II odwiedzi\u0142a SJO w dniu 16 listopada 2018 r. i uczestniczy\u0142a w specjalnie dla niej poprowadzonych zaj\u0119ciach j\u0119zyka angielskiego.","og_url":"https:\/\/pb.edu.pl\/sjo\/jestem-spoza-uczelni\/wspolpraca-ze-szkolami\/rozpoczelismy-wspolprace-dydaktyczna-z-liceum-pb\/","og_site_name":"Studium J\u0119zyk\u00f3w Obcych","article_modified_time":"2018-12-05T14:35:03+00:00","og_image":[{"url":"https:\/\/pb.edu.pl\/sjo\/wp-content\/uploads\/sites\/9\/2018\/11\/LO-PB-2.jpg","type":"","width":"","height":""}],"twitter_misc":{"Szacowany czas czytania":"1 minuta"},"schema":{"@context":"https:\/\/schema.org","@graph":[{"@type":"WebPage","@id":"https:\/\/pb.edu.pl\/sjo\/jestem-spoza-uczelni\/wspolpraca-ze-szkolami\/rozpoczelismy-wspolprace-dydaktyczna-z-liceum-pb\/","url":"https:\/\/pb.edu.pl\/sjo\/jestem-spoza-uczelni\/wspolpraca-ze-szkolami\/rozpoczelismy-wspolprace-dydaktyczna-z-liceum-pb\/","name":"Rozpocz\u0119li\u015bmy wsp\u00f3\u0142prac\u0119 dydaktyczn\u0105 z Liceum PB - Studium J\u0119zyk\u00f3w Obcych","isPartOf":{"@id":"https:\/\/pb.edu.pl\/sjo\/#website"},"datePublished":"2018-11-16T21:00:20+00:00","dateModified":"2018-12-05T14:35:03+00:00","description":"M\u0142odzie\u017c z klasy II odwiedzi\u0142a SJO w dniu 16 listopada 2018 r. i uczestniczy\u0142a w specjalnie dla niej poprowadzonych zaj\u0119ciach j\u0119zyka angielskiego.","breadcrumb":{"@id":"https:\/\/pb.edu.pl\/sjo\/jestem-spoza-uczelni\/wspolpraca-ze-szkolami\/rozpoczelismy-wspolprace-dydaktyczna-z-liceum-pb\/#breadcrumb"},"inLanguage":"pl-PL","potentialAction":[{"@type":"ReadAction","target":["https:\/\/pb.edu.pl\/sjo\/jestem-spoza-uczelni\/wspolpraca-ze-szkolami\/rozpoczelismy-wspolprace-dydaktyczna-z-liceum-pb\/"]}]},{"@type":"BreadcrumbList","@id":"https:\/\/pb.edu.pl\/sjo\/jestem-spoza-uczelni\/wspolpraca-ze-szkolami\/rozpoczelismy-wspolprace-dydaktyczna-z-liceum-pb\/#breadcrumb","itemListElement":[{"@type":"ListItem","position":1,"name":"Home","item":"https:\/\/pb.edu.pl\/sjo\/"},{"@type":"ListItem","position":2,"name":"Jestem spoza PB","item":"https:\/\/pb.edu.pl\/sjo\/jestem-spoza-uczelni\/"},{"@type":"ListItem","position":3,"name":"Wsp\u00f3\u0142praca ze szko\u0142ami","item":"https:\/\/pb.edu.pl\/sjo\/jestem-spoza-uczelni\/wspolpraca-ze-szkolami\/"},{"@type":"ListItem","position":4,"name":"Rozpocz\u0119li\u015bmy wsp\u00f3\u0142prac\u0119 dydaktyczn\u0105 z Liceum PB"}]},{"@type":"WebSite","@id":"https:\/\/pb.edu.pl\/sjo\/#website","url":"https:\/\/pb.edu.pl\/sjo\/","name":"Studium J\u0119zyk\u00f3w Obcych","description":"","potentialAction":[{"@type":"SearchAction","target":{"@type":"EntryPoint","urlTemplate":"https:\/\/pb.edu.pl\/sjo\/?s={search_term_string}"},"query-input":{"@type":"PropertyValueSpecification","valueRequired":true,"valueName":"search_term_string"}}],"inLanguage":"pl-PL"}]}},"_links":{"self":[{"href":"https:\/\/pb.edu.pl\/sjo\/wp-json\/wp\/v2\/pages\/6121","targetHints":{"allow":["GET"]}}],"collection":[{"href":"https:\/\/pb.edu.pl\/sjo\/wp-json\/wp\/v2\/pages"}],"about":[{"href":"https:\/\/pb.edu.pl\/sjo\/wp-json\/wp\/v2\/types\/page"}],"author":[{"embeddable":true,"href":"https:\/\/pb.edu.pl\/sjo\/wp-json\/wp\/v2\/users\/6"}],"replies":[{"embeddable":true,"href":"https:\/\/pb.edu.pl\/sjo\/wp-json\/wp\/v2\/comments?post=6121"}],"version-history":[{"count":0,"href":"https:\/\/pb.edu.pl\/sjo\/wp-json\/wp\/v2\/pages\/6121\/revisions"}],"up":[{"embeddable":true,"href":"https:\/\/pb.edu.pl\/sjo\/wp-json\/wp\/v2\/pages\/5018"}],"wp:attachment":[{"href":"https:\/\/pb.edu.pl\/sjo\/wp-json\/wp\/v2\/media?parent=6121"}],"curies":[{"name":"wp","href":"https:\/\/api.w.org\/{rel}","templated":true}]}}