{"id":6114,"date":"2018-12-04T12:39:59","date_gmt":"2018-12-04T11:39:59","guid":{"rendered":"https:\/\/pb.edu.pl\/sjo\/?page_id=6114"},"modified":"2018-12-04T12:42:44","modified_gmt":"2018-12-04T11:42:44","slug":"podlaska-akademia-mlodego-inzyniera","status":"publish","type":"page","link":"https:\/\/pb.edu.pl\/sjo\/wydarzenia-sjo\/wydarzenia-archiwum\/podlaska-akademia-mlodego-inzyniera\/","title":{"rendered":"Podlaska Akademia M\u0142odego In\u017cyniera"},"content":{"rendered":"<p>W listopadzie Studium J\u0119zyk\u00f3w Obcych dwukrotnie go\u015bci\u0142o Podlask\u0105 Akademi\u0119 M\u0142odego In\u017cyniera. Na zaj\u0119cia pod wsp\u00f3lnym tytu\u0142em \u201eDo I want to be an engineer when I grow up?\u201d przyjechali uczniowie klas 6-8 z Bia\u0142egostoku i Siemiatycz. Zaj\u0119cia prowadzi\u0142y mgr Ma\u0142gorzata Komarewska, mgr Urszula Socho\u0144-Okruszko i mgr Monika \u015aleszy\u0144ska. Uczestnicy warsztat\u00f3w mogli zapozna\u0107 si\u0119 m.in. z tematami, jakie podczas lektoratu j\u0119zyka angielskiego omawiaj\u0105 studenci naszej uczelni, wykorzystuj\u0105c podczas projekt\u00f3w i gier edukacyjnych mo\u017cliwo\u015bci techniczne SJO \u2013 tablice multimedialne i laboratorium komputerowe. W realizacj\u0119 zaj\u0119\u0107 zaanga\u017cowali si\u0119 te\u017c wolontariusze \u2013 studenci, dla kt\u00f3rych prowadzenie zaj\u0119\u0107 w j\u0119zyku angielskim by\u0142o nowym i ciekawym do\u015bwiadczeniem. Kolejna edycja PAMI zostanie zrealizowana w marcu. Dla pracownik\u00f3w Studium b\u0119dzie to kolejna porcja do\u015bwiadcze\u0144 i inspiracji, w jakim kierunku p\u00f3j\u015b\u0107, by jak najlepiej dostosowa\u0107 ofert\u0119 edukacyjn\u0105 dla obecnych i przysz\u0142ych student\u00f3w.<\/p>\n<div id='gallery-1' class='gallery galleryid-6114 gallery-columns-2 gallery-size-full'><figure class='gallery-item'>\n\t\t\t<div class='gallery-icon landscape'>\n\t\t\t\t<a href='https:\/\/pb.edu.pl\/sjo\/wp-content\/uploads\/sites\/9\/2018\/12\/PAMI-2.jpg'><img loading=\"lazy\" decoding=\"async\" width=\"1618\" height=\"1080\" src=\"https:\/\/pb.edu.pl\/sjo\/wp-content\/uploads\/sites\/9\/2018\/12\/PAMI-2.jpg\" class=\"attachment-full size-full\" alt=\"Podlaska Akademia M\u0142odego In\u017cyniera - prowadz\u0105ca i uczestnicy\" srcset=\"https:\/\/pb.edu.pl\/sjo\/wp-content\/uploads\/sites\/9\/2018\/12\/PAMI-2.jpg 1618w, https:\/\/pb.edu.pl\/sjo\/wp-content\/uploads\/sites\/9\/2018\/12\/PAMI-2-300x200.jpg 300w, https:\/\/pb.edu.pl\/sjo\/wp-content\/uploads\/sites\/9\/2018\/12\/PAMI-2-768x513.jpg 768w, https:\/\/pb.edu.pl\/sjo\/wp-content\/uploads\/sites\/9\/2018\/12\/PAMI-2-1024x684.jpg 1024w, https:\/\/pb.edu.pl\/sjo\/wp-content\/uploads\/sites\/9\/2018\/12\/PAMI-2-480x320.jpg 480w\" sizes=\"auto, (max-width: 1618px) 100vw, 1618px\" \/><\/a>\n\t\t\t<\/div><\/figure><figure class='gallery-item'>\n\t\t\t<div class='gallery-icon landscape'>\n\t\t\t\t<a href='https:\/\/pb.edu.pl\/sjo\/wp-content\/uploads\/sites\/9\/2018\/12\/PAMI-3.jpg'><img loading=\"lazy\" decoding=\"async\" width=\"1617\" height=\"1080\" src=\"https:\/\/pb.edu.pl\/sjo\/wp-content\/uploads\/sites\/9\/2018\/12\/PAMI-3.jpg\" class=\"attachment-full size-full\" alt=\"Podlaska Akademia M\u0142odego In\u017cyniera - uczestnicy\" srcset=\"https:\/\/pb.edu.pl\/sjo\/wp-content\/uploads\/sites\/9\/2018\/12\/PAMI-3.jpg 1617w, https:\/\/pb.edu.pl\/sjo\/wp-content\/uploads\/sites\/9\/2018\/12\/PAMI-3-300x200.jpg 300w, https:\/\/pb.edu.pl\/sjo\/wp-content\/uploads\/sites\/9\/2018\/12\/PAMI-3-768x513.jpg 768w, https:\/\/pb.edu.pl\/sjo\/wp-content\/uploads\/sites\/9\/2018\/12\/PAMI-3-1024x684.jpg 1024w, https:\/\/pb.edu.pl\/sjo\/wp-content\/uploads\/sites\/9\/2018\/12\/PAMI-3-480x320.jpg 480w\" sizes=\"auto, (max-width: 1617px) 100vw, 1617px\" \/><\/a>\n\t\t\t<\/div><\/figure><figure class='gallery-item'>\n\t\t\t<div class='gallery-icon landscape'>\n\t\t\t\t<a href='https:\/\/pb.edu.pl\/sjo\/wp-content\/uploads\/sites\/9\/2018\/12\/PAMI-4.jpg'><img loading=\"lazy\" decoding=\"async\" width=\"1618\" height=\"1080\" src=\"https:\/\/pb.edu.pl\/sjo\/wp-content\/uploads\/sites\/9\/2018\/12\/PAMI-4.jpg\" class=\"attachment-full size-full\" alt=\"\" srcset=\"https:\/\/pb.edu.pl\/sjo\/wp-content\/uploads\/sites\/9\/2018\/12\/PAMI-4.jpg 1618w, https:\/\/pb.edu.pl\/sjo\/wp-content\/uploads\/sites\/9\/2018\/12\/PAMI-4-300x200.jpg 300w, https:\/\/pb.edu.pl\/sjo\/wp-content\/uploads\/sites\/9\/2018\/12\/PAMI-4-768x513.jpg 768w, https:\/\/pb.edu.pl\/sjo\/wp-content\/uploads\/sites\/9\/2018\/12\/PAMI-4-1024x684.jpg 1024w, https:\/\/pb.edu.pl\/sjo\/wp-content\/uploads\/sites\/9\/2018\/12\/PAMI-4-480x320.jpg 480w\" sizes=\"auto, (max-width: 1618px) 100vw, 1618px\" \/><\/a>\n\t\t\t<\/div><\/figure><figure class='gallery-item'>\n\t\t\t<div class='gallery-icon landscape'>\n\t\t\t\t<a href='https:\/\/pb.edu.pl\/sjo\/wp-content\/uploads\/sites\/9\/2018\/12\/PAMI-5.jpg'><img loading=\"lazy\" decoding=\"async\" width=\"1620\" height=\"1080\" src=\"https:\/\/pb.edu.pl\/sjo\/wp-content\/uploads\/sites\/9\/2018\/12\/PAMI-5.jpg\" class=\"attachment-full size-full\" alt=\"Podlaska Akademia M\u0142odego In\u017cyniera - podpisy uczestnik\u00f3w\" srcset=\"https:\/\/pb.edu.pl\/sjo\/wp-content\/uploads\/sites\/9\/2018\/12\/PAMI-5.jpg 1620w, https:\/\/pb.edu.pl\/sjo\/wp-content\/uploads\/sites\/9\/2018\/12\/PAMI-5-300x200.jpg 300w, https:\/\/pb.edu.pl\/sjo\/wp-content\/uploads\/sites\/9\/2018\/12\/PAMI-5-768x512.jpg 768w, https:\/\/pb.edu.pl\/sjo\/wp-content\/uploads\/sites\/9\/2018\/12\/PAMI-5-1024x683.jpg 1024w, https:\/\/pb.edu.pl\/sjo\/wp-content\/uploads\/sites\/9\/2018\/12\/PAMI-5-480x320.jpg 480w\" sizes=\"auto, (max-width: 1620px) 100vw, 1620px\" \/><\/a>\n\t\t\t<\/div><\/figure>\n\t\t<\/div>\n\n","protected":false},"excerpt":{"rendered":"<p>W listopadzie Studium J\u0119zyk\u00f3w Obcych dwukrotnie go\u015bci\u0142o Podlask\u0105 Akademi\u0119 M\u0142odego In\u017cyniera. Na zaj\u0119cia pod wsp\u00f3lnym<\/p>\n","protected":false},"author":6,"featured_media":0,"parent":137,"menu_order":0,"comment_status":"closed","ping_status":"closed","template":"","meta":{"_acf_changed":false,"ngg_post_thumbnail":0,"footnotes":""},"class_list":["post-6114","page","type-page","status-publish","hentry"],"acf":[],"yoast_head":"<!-- This site is optimized with the Yoast SEO plugin v27.0 - https:\/\/yoast.com\/product\/yoast-seo-wordpress\/ -->\n<title>Podlaska Akademia M\u0142odego In\u017cyniera - Studium J\u0119zyk\u00f3w Obcych<\/title>\n<meta name=\"description\" content=\"W listopadzie Studium J\u0119zyk\u00f3w Obcych dwukrotnie go\u015bci\u0142o Podlask\u0105 Akademi\u0119 M\u0142odego In\u017cyniera. Na zaj\u0119cia pod wsp\u00f3lnym tytu\u0142em \u201eDo I want to be an engineer\" \/>\n<meta name=\"robots\" content=\"index, follow, max-snippet:-1, max-image-preview:large, max-video-preview:-1\" \/>\n<link rel=\"canonical\" href=\"https:\/\/pb.edu.pl\/sjo\/wydarzenia-sjo\/wydarzenia-archiwum\/podlaska-akademia-mlodego-inzyniera\/\" \/>\n<meta property=\"og:locale\" content=\"pl_PL\" \/>\n<meta property=\"og:type\" content=\"article\" \/>\n<meta property=\"og:title\" content=\"Podlaska Akademia M\u0142odego In\u017cyniera - Studium J\u0119zyk\u00f3w Obcych\" \/>\n<meta property=\"og:description\" content=\"W listopadzie Studium J\u0119zyk\u00f3w Obcych dwukrotnie go\u015bci\u0142o Podlask\u0105 Akademi\u0119 M\u0142odego In\u017cyniera. Na zaj\u0119cia pod wsp\u00f3lnym tytu\u0142em \u201eDo I want to be an engineer\" \/>\n<meta property=\"og:url\" content=\"https:\/\/pb.edu.pl\/sjo\/wydarzenia-sjo\/wydarzenia-archiwum\/podlaska-akademia-mlodego-inzyniera\/\" \/>\n<meta property=\"og:site_name\" content=\"Studium J\u0119zyk\u00f3w Obcych\" \/>\n<meta property=\"article:modified_time\" content=\"2018-12-04T11:42:44+00:00\" \/>\n<meta property=\"og:image\" content=\"https:\/\/pb.edu.pl\/sjo\/wp-content\/uploads\/sites\/9\/2018\/12\/PAMI-2.jpg\" \/>\n<meta name=\"twitter:label1\" content=\"Szacowany czas czytania\" \/>\n\t<meta name=\"twitter:data1\" content=\"1 minuta\" \/>\n<script type=\"application\/ld+json\" class=\"yoast-schema-graph\">{\"@context\":\"https:\/\/schema.org\",\"@graph\":[{\"@type\":\"WebPage\",\"@id\":\"https:\/\/pb.edu.pl\/sjo\/wydarzenia-sjo\/wydarzenia-archiwum\/podlaska-akademia-mlodego-inzyniera\/\",\"url\":\"https:\/\/pb.edu.pl\/sjo\/wydarzenia-sjo\/wydarzenia-archiwum\/podlaska-akademia-mlodego-inzyniera\/\",\"name\":\"Podlaska Akademia M\u0142odego In\u017cyniera - Studium J\u0119zyk\u00f3w Obcych\",\"isPartOf\":{\"@id\":\"https:\/\/pb.edu.pl\/sjo\/#website\"},\"datePublished\":\"2018-12-04T11:39:59+00:00\",\"dateModified\":\"2018-12-04T11:42:44+00:00\",\"description\":\"W listopadzie Studium J\u0119zyk\u00f3w Obcych dwukrotnie go\u015bci\u0142o Podlask\u0105 Akademi\u0119 M\u0142odego In\u017cyniera. Na zaj\u0119cia pod wsp\u00f3lnym tytu\u0142em \u201eDo I want to be an engineer\",\"breadcrumb\":{\"@id\":\"https:\/\/pb.edu.pl\/sjo\/wydarzenia-sjo\/wydarzenia-archiwum\/podlaska-akademia-mlodego-inzyniera\/#breadcrumb\"},\"inLanguage\":\"pl-PL\",\"potentialAction\":[{\"@type\":\"ReadAction\",\"target\":[\"https:\/\/pb.edu.pl\/sjo\/wydarzenia-sjo\/wydarzenia-archiwum\/podlaska-akademia-mlodego-inzyniera\/\"]}]},{\"@type\":\"BreadcrumbList\",\"@id\":\"https:\/\/pb.edu.pl\/sjo\/wydarzenia-sjo\/wydarzenia-archiwum\/podlaska-akademia-mlodego-inzyniera\/#breadcrumb\",\"itemListElement\":[{\"@type\":\"ListItem\",\"position\":1,\"name\":\"Home\",\"item\":\"https:\/\/pb.edu.pl\/sjo\/\"},{\"@type\":\"ListItem\",\"position\":2,\"name\":\"Wydarzenia SJO\",\"item\":\"https:\/\/pb.edu.pl\/sjo\/wydarzenia-sjo\/\"},{\"@type\":\"ListItem\",\"position\":3,\"name\":\"Wydarzenia\",\"item\":\"https:\/\/pb.edu.pl\/sjo\/wydarzenia-sjo\/wydarzenia-archiwum\/\"},{\"@type\":\"ListItem\",\"position\":4,\"name\":\"Podlaska Akademia M\u0142odego In\u017cyniera\"}]},{\"@type\":\"WebSite\",\"@id\":\"https:\/\/pb.edu.pl\/sjo\/#website\",\"url\":\"https:\/\/pb.edu.pl\/sjo\/\",\"name\":\"Studium J\u0119zyk\u00f3w Obcych\",\"description\":\"\",\"potentialAction\":[{\"@type\":\"SearchAction\",\"target\":{\"@type\":\"EntryPoint\",\"urlTemplate\":\"https:\/\/pb.edu.pl\/sjo\/?s={search_term_string}\"},\"query-input\":{\"@type\":\"PropertyValueSpecification\",\"valueRequired\":true,\"valueName\":\"search_term_string\"}}],\"inLanguage\":\"pl-PL\"}]}<\/script>\n<!-- \/ Yoast SEO plugin. -->","yoast_head_json":{"title":"Podlaska Akademia M\u0142odego In\u017cyniera - Studium J\u0119zyk\u00f3w Obcych","description":"W listopadzie Studium J\u0119zyk\u00f3w Obcych dwukrotnie go\u015bci\u0142o Podlask\u0105 Akademi\u0119 M\u0142odego In\u017cyniera. Na zaj\u0119cia pod wsp\u00f3lnym tytu\u0142em \u201eDo I want to be an engineer","robots":{"index":"index","follow":"follow","max-snippet":"max-snippet:-1","max-image-preview":"max-image-preview:large","max-video-preview":"max-video-preview:-1"},"canonical":"https:\/\/pb.edu.pl\/sjo\/wydarzenia-sjo\/wydarzenia-archiwum\/podlaska-akademia-mlodego-inzyniera\/","og_locale":"pl_PL","og_type":"article","og_title":"Podlaska Akademia M\u0142odego In\u017cyniera - Studium J\u0119zyk\u00f3w Obcych","og_description":"W listopadzie Studium J\u0119zyk\u00f3w Obcych dwukrotnie go\u015bci\u0142o Podlask\u0105 Akademi\u0119 M\u0142odego In\u017cyniera. Na zaj\u0119cia pod wsp\u00f3lnym tytu\u0142em \u201eDo I want to be an engineer","og_url":"https:\/\/pb.edu.pl\/sjo\/wydarzenia-sjo\/wydarzenia-archiwum\/podlaska-akademia-mlodego-inzyniera\/","og_site_name":"Studium J\u0119zyk\u00f3w Obcych","article_modified_time":"2018-12-04T11:42:44+00:00","og_image":[{"url":"https:\/\/pb.edu.pl\/sjo\/wp-content\/uploads\/sites\/9\/2018\/12\/PAMI-2.jpg","type":"","width":"","height":""}],"twitter_misc":{"Szacowany czas czytania":"1 minuta"},"schema":{"@context":"https:\/\/schema.org","@graph":[{"@type":"WebPage","@id":"https:\/\/pb.edu.pl\/sjo\/wydarzenia-sjo\/wydarzenia-archiwum\/podlaska-akademia-mlodego-inzyniera\/","url":"https:\/\/pb.edu.pl\/sjo\/wydarzenia-sjo\/wydarzenia-archiwum\/podlaska-akademia-mlodego-inzyniera\/","name":"Podlaska Akademia M\u0142odego In\u017cyniera - Studium J\u0119zyk\u00f3w Obcych","isPartOf":{"@id":"https:\/\/pb.edu.pl\/sjo\/#website"},"datePublished":"2018-12-04T11:39:59+00:00","dateModified":"2018-12-04T11:42:44+00:00","description":"W listopadzie Studium J\u0119zyk\u00f3w Obcych dwukrotnie go\u015bci\u0142o Podlask\u0105 Akademi\u0119 M\u0142odego In\u017cyniera. Na zaj\u0119cia pod wsp\u00f3lnym tytu\u0142em \u201eDo I want to be an engineer","breadcrumb":{"@id":"https:\/\/pb.edu.pl\/sjo\/wydarzenia-sjo\/wydarzenia-archiwum\/podlaska-akademia-mlodego-inzyniera\/#breadcrumb"},"inLanguage":"pl-PL","potentialAction":[{"@type":"ReadAction","target":["https:\/\/pb.edu.pl\/sjo\/wydarzenia-sjo\/wydarzenia-archiwum\/podlaska-akademia-mlodego-inzyniera\/"]}]},{"@type":"BreadcrumbList","@id":"https:\/\/pb.edu.pl\/sjo\/wydarzenia-sjo\/wydarzenia-archiwum\/podlaska-akademia-mlodego-inzyniera\/#breadcrumb","itemListElement":[{"@type":"ListItem","position":1,"name":"Home","item":"https:\/\/pb.edu.pl\/sjo\/"},{"@type":"ListItem","position":2,"name":"Wydarzenia SJO","item":"https:\/\/pb.edu.pl\/sjo\/wydarzenia-sjo\/"},{"@type":"ListItem","position":3,"name":"Wydarzenia","item":"https:\/\/pb.edu.pl\/sjo\/wydarzenia-sjo\/wydarzenia-archiwum\/"},{"@type":"ListItem","position":4,"name":"Podlaska Akademia M\u0142odego In\u017cyniera"}]},{"@type":"WebSite","@id":"https:\/\/pb.edu.pl\/sjo\/#website","url":"https:\/\/pb.edu.pl\/sjo\/","name":"Studium J\u0119zyk\u00f3w Obcych","description":"","potentialAction":[{"@type":"SearchAction","target":{"@type":"EntryPoint","urlTemplate":"https:\/\/pb.edu.pl\/sjo\/?s={search_term_string}"},"query-input":{"@type":"PropertyValueSpecification","valueRequired":true,"valueName":"search_term_string"}}],"inLanguage":"pl-PL"}]}},"_links":{"self":[{"href":"https:\/\/pb.edu.pl\/sjo\/wp-json\/wp\/v2\/pages\/6114","targetHints":{"allow":["GET"]}}],"collection":[{"href":"https:\/\/pb.edu.pl\/sjo\/wp-json\/wp\/v2\/pages"}],"about":[{"href":"https:\/\/pb.edu.pl\/sjo\/wp-json\/wp\/v2\/types\/page"}],"author":[{"embeddable":true,"href":"https:\/\/pb.edu.pl\/sjo\/wp-json\/wp\/v2\/users\/6"}],"replies":[{"embeddable":true,"href":"https:\/\/pb.edu.pl\/sjo\/wp-json\/wp\/v2\/comments?post=6114"}],"version-history":[{"count":0,"href":"https:\/\/pb.edu.pl\/sjo\/wp-json\/wp\/v2\/pages\/6114\/revisions"}],"up":[{"embeddable":true,"href":"https:\/\/pb.edu.pl\/sjo\/wp-json\/wp\/v2\/pages\/137"}],"wp:attachment":[{"href":"https:\/\/pb.edu.pl\/sjo\/wp-json\/wp\/v2\/media?parent=6114"}],"curies":[{"name":"wp","href":"https:\/\/api.w.org\/{rel}","templated":true}]}}