{"id":603,"date":"2017-11-28T21:09:02","date_gmt":"2017-11-28T20:09:02","guid":{"rendered":"https:\/\/pb.edu.pl\/sjo\/?page_id=603"},"modified":"2017-11-28T21:11:01","modified_gmt":"2017-11-28T20:11:01","slug":"olimpiada-jezyka-niemieckiego","status":"publish","type":"page","link":"https:\/\/pb.edu.pl\/sjo\/dla-studenta\/ciekawe-uzyteczne\/konkursy-jezykowe\/olimpiada-jezyka-niemieckiego\/","title":{"rendered":"Olimpiada J\u0119zyka Niemieckiego"},"content":{"rendered":"<div class=\"node-content\">\n<div class=\"field field-name-body field-type-text-with-summary field-label-hidden view-mode-full\">\n<div class=\"field-items\">\n<div class=\"field-item even\">\n<p>25 listopada 2016 odby\u0142 si\u0119 I etap <strong>XII <\/strong><strong>Og\u00f3lnopolskiej Olimpiady J\u0119zyka Niemieckiego <\/strong><strong>dla Student\u00f3w Wy\u017cszych Uczelni Technicznych.<\/strong><\/p>\n<p>Mi\u0142o nam poinformowa\u0107, \u017ce w\u015br\u00f3d 30 uczestnik\u00f3w I etapu&nbsp; XII Og\u00f3lnopolskiej Olimpiady J\u0119zyka Niemieckiego dla Student\u00f3w Uczelni Technicznych, kt\u00f3rzy zdobyli&nbsp; najwy\u017csz\u0105 ilo\u015b\u0107 punkt\u00f3w i uzyskali tym samym awans do fina\u0142u Olimpiady znalaz\u0142a si\u0119 <strong>Pani Julia Sawicka<\/strong>, studentka kierunku Gospodarka Przestrzenna (studentka mgr W. Omelianiuk).<\/p>\n<p>Serdecznie gratulujemy.<\/p>\n<p>Informacje dotycz\u0105ce drugiego etapu Olimpiady znajduj\u0105 si\u0119 na <a href=\"https:\/\/www.polsl.pl\/Jednostki\/RJM1-SJO\/Strony\/Strona%20g%C5%82%C3%B3wna%20Og%C3%B3lnopolskiej%20Olimpiady%20J%C4%99zyka%20Niemieckiego.aspx\">na stronie organizator\u00f3w<\/a>.<\/p>\n<\/div>\n<\/div>\n<\/div>\n<\/div>\n","protected":false},"excerpt":{"rendered":"<p>25 listopada 2016 odby\u0142 si\u0119 I etap XII Og\u00f3lnopolskiej Olimpiady J\u0119zyka Niemieckiego dla Student\u00f3w Wy\u017cszych<\/p>\n","protected":false},"author":6,"featured_media":0,"parent":103,"menu_order":2,"comment_status":"closed","ping_status":"closed","template":"","meta":{"_acf_changed":false,"ngg_post_thumbnail":0,"footnotes":""},"class_list":["post-603","page","type-page","status-publish","hentry"],"acf":[],"yoast_head":"<!-- This site is optimized with the Yoast SEO plugin v27.0 - https:\/\/yoast.com\/product\/yoast-seo-wordpress\/ -->\n<title>Olimpiada J\u0119zyka Niemieckiego - Studium J\u0119zyk\u00f3w Obcych<\/title>\n<meta name=\"description\" content=\"25 listopada 2016 odby\u0142 si\u0119 I etap XII Og\u00f3lnopolskiej Olimpiady J\u0119zyka Niemieckiego dla Student\u00f3w Wy\u017cszych Uczelni Technicznych. Mi\u0142o nam poinformowa\u0107, \u017ce\" \/>\n<meta name=\"robots\" content=\"index, follow, max-snippet:-1, max-image-preview:large, max-video-preview:-1\" \/>\n<link rel=\"canonical\" href=\"https:\/\/pb.edu.pl\/sjo\/dla-studenta\/ciekawe-uzyteczne\/konkursy-jezykowe\/olimpiada-jezyka-niemieckiego\/\" \/>\n<meta property=\"og:locale\" content=\"pl_PL\" \/>\n<meta property=\"og:type\" content=\"article\" \/>\n<meta property=\"og:title\" content=\"Olimpiada J\u0119zyka Niemieckiego - Studium J\u0119zyk\u00f3w Obcych\" \/>\n<meta property=\"og:description\" content=\"25 listopada 2016 odby\u0142 si\u0119 I etap XII Og\u00f3lnopolskiej Olimpiady J\u0119zyka Niemieckiego dla Student\u00f3w Wy\u017cszych Uczelni Technicznych. Mi\u0142o nam poinformowa\u0107, \u017ce\" \/>\n<meta property=\"og:url\" content=\"https:\/\/pb.edu.pl\/sjo\/dla-studenta\/ciekawe-uzyteczne\/konkursy-jezykowe\/olimpiada-jezyka-niemieckiego\/\" \/>\n<meta property=\"og:site_name\" content=\"Studium J\u0119zyk\u00f3w Obcych\" \/>\n<meta property=\"article:modified_time\" content=\"2017-11-28T20:11:01+00:00\" \/>\n<script type=\"application\/ld+json\" class=\"yoast-schema-graph\">{\"@context\":\"https:\/\/schema.org\",\"@graph\":[{\"@type\":\"WebPage\",\"@id\":\"https:\/\/pb.edu.pl\/sjo\/dla-studenta\/ciekawe-uzyteczne\/konkursy-jezykowe\/olimpiada-jezyka-niemieckiego\/\",\"url\":\"https:\/\/pb.edu.pl\/sjo\/dla-studenta\/ciekawe-uzyteczne\/konkursy-jezykowe\/olimpiada-jezyka-niemieckiego\/\",\"name\":\"Olimpiada J\u0119zyka Niemieckiego - Studium J\u0119zyk\u00f3w Obcych\",\"isPartOf\":{\"@id\":\"https:\/\/pb.edu.pl\/sjo\/#website\"},\"datePublished\":\"2017-11-28T20:09:02+00:00\",\"dateModified\":\"2017-11-28T20:11:01+00:00\",\"description\":\"25 listopada 2016 odby\u0142 si\u0119 I etap XII Og\u00f3lnopolskiej Olimpiady J\u0119zyka Niemieckiego dla Student\u00f3w Wy\u017cszych Uczelni Technicznych. Mi\u0142o nam poinformowa\u0107, \u017ce\",\"breadcrumb\":{\"@id\":\"https:\/\/pb.edu.pl\/sjo\/dla-studenta\/ciekawe-uzyteczne\/konkursy-jezykowe\/olimpiada-jezyka-niemieckiego\/#breadcrumb\"},\"inLanguage\":\"pl-PL\",\"potentialAction\":[{\"@type\":\"ReadAction\",\"target\":[\"https:\/\/pb.edu.pl\/sjo\/dla-studenta\/ciekawe-uzyteczne\/konkursy-jezykowe\/olimpiada-jezyka-niemieckiego\/\"]}]},{\"@type\":\"BreadcrumbList\",\"@id\":\"https:\/\/pb.edu.pl\/sjo\/dla-studenta\/ciekawe-uzyteczne\/konkursy-jezykowe\/olimpiada-jezyka-niemieckiego\/#breadcrumb\",\"itemListElement\":[{\"@type\":\"ListItem\",\"position\":1,\"name\":\"Home\",\"item\":\"https:\/\/pb.edu.pl\/sjo\/\"},{\"@type\":\"ListItem\",\"position\":2,\"name\":\"Studiuj\u0119 w PB\",\"item\":\"https:\/\/pb.edu.pl\/sjo\/dla-studenta\/\"},{\"@type\":\"ListItem\",\"position\":3,\"name\":\"Ciekawe i u\u017cyteczne\",\"item\":\"https:\/\/pb.edu.pl\/sjo\/dla-studenta\/ciekawe-uzyteczne\/\"},{\"@type\":\"ListItem\",\"position\":4,\"name\":\"Konkursy j\u0119zykowe\",\"item\":\"https:\/\/pb.edu.pl\/sjo\/dla-studenta\/ciekawe-uzyteczne\/konkursy-jezykowe\/\"},{\"@type\":\"ListItem\",\"position\":5,\"name\":\"Olimpiada J\u0119zyka Niemieckiego\"}]},{\"@type\":\"WebSite\",\"@id\":\"https:\/\/pb.edu.pl\/sjo\/#website\",\"url\":\"https:\/\/pb.edu.pl\/sjo\/\",\"name\":\"Studium J\u0119zyk\u00f3w Obcych\",\"description\":\"\",\"potentialAction\":[{\"@type\":\"SearchAction\",\"target\":{\"@type\":\"EntryPoint\",\"urlTemplate\":\"https:\/\/pb.edu.pl\/sjo\/?s={search_term_string}\"},\"query-input\":{\"@type\":\"PropertyValueSpecification\",\"valueRequired\":true,\"valueName\":\"search_term_string\"}}],\"inLanguage\":\"pl-PL\"}]}<\/script>\n<!-- \/ Yoast SEO plugin. -->","yoast_head_json":{"title":"Olimpiada J\u0119zyka Niemieckiego - Studium J\u0119zyk\u00f3w Obcych","description":"25 listopada 2016 odby\u0142 si\u0119 I etap XII Og\u00f3lnopolskiej Olimpiady J\u0119zyka Niemieckiego dla Student\u00f3w Wy\u017cszych Uczelni Technicznych. Mi\u0142o nam poinformowa\u0107, \u017ce","robots":{"index":"index","follow":"follow","max-snippet":"max-snippet:-1","max-image-preview":"max-image-preview:large","max-video-preview":"max-video-preview:-1"},"canonical":"https:\/\/pb.edu.pl\/sjo\/dla-studenta\/ciekawe-uzyteczne\/konkursy-jezykowe\/olimpiada-jezyka-niemieckiego\/","og_locale":"pl_PL","og_type":"article","og_title":"Olimpiada J\u0119zyka Niemieckiego - Studium J\u0119zyk\u00f3w Obcych","og_description":"25 listopada 2016 odby\u0142 si\u0119 I etap XII Og\u00f3lnopolskiej Olimpiady J\u0119zyka Niemieckiego dla Student\u00f3w Wy\u017cszych Uczelni Technicznych. Mi\u0142o nam poinformowa\u0107, \u017ce","og_url":"https:\/\/pb.edu.pl\/sjo\/dla-studenta\/ciekawe-uzyteczne\/konkursy-jezykowe\/olimpiada-jezyka-niemieckiego\/","og_site_name":"Studium J\u0119zyk\u00f3w Obcych","article_modified_time":"2017-11-28T20:11:01+00:00","schema":{"@context":"https:\/\/schema.org","@graph":[{"@type":"WebPage","@id":"https:\/\/pb.edu.pl\/sjo\/dla-studenta\/ciekawe-uzyteczne\/konkursy-jezykowe\/olimpiada-jezyka-niemieckiego\/","url":"https:\/\/pb.edu.pl\/sjo\/dla-studenta\/ciekawe-uzyteczne\/konkursy-jezykowe\/olimpiada-jezyka-niemieckiego\/","name":"Olimpiada J\u0119zyka Niemieckiego - Studium J\u0119zyk\u00f3w Obcych","isPartOf":{"@id":"https:\/\/pb.edu.pl\/sjo\/#website"},"datePublished":"2017-11-28T20:09:02+00:00","dateModified":"2017-11-28T20:11:01+00:00","description":"25 listopada 2016 odby\u0142 si\u0119 I etap XII Og\u00f3lnopolskiej Olimpiady J\u0119zyka Niemieckiego dla Student\u00f3w Wy\u017cszych Uczelni Technicznych. Mi\u0142o nam poinformowa\u0107, \u017ce","breadcrumb":{"@id":"https:\/\/pb.edu.pl\/sjo\/dla-studenta\/ciekawe-uzyteczne\/konkursy-jezykowe\/olimpiada-jezyka-niemieckiego\/#breadcrumb"},"inLanguage":"pl-PL","potentialAction":[{"@type":"ReadAction","target":["https:\/\/pb.edu.pl\/sjo\/dla-studenta\/ciekawe-uzyteczne\/konkursy-jezykowe\/olimpiada-jezyka-niemieckiego\/"]}]},{"@type":"BreadcrumbList","@id":"https:\/\/pb.edu.pl\/sjo\/dla-studenta\/ciekawe-uzyteczne\/konkursy-jezykowe\/olimpiada-jezyka-niemieckiego\/#breadcrumb","itemListElement":[{"@type":"ListItem","position":1,"name":"Home","item":"https:\/\/pb.edu.pl\/sjo\/"},{"@type":"ListItem","position":2,"name":"Studiuj\u0119 w PB","item":"https:\/\/pb.edu.pl\/sjo\/dla-studenta\/"},{"@type":"ListItem","position":3,"name":"Ciekawe i u\u017cyteczne","item":"https:\/\/pb.edu.pl\/sjo\/dla-studenta\/ciekawe-uzyteczne\/"},{"@type":"ListItem","position":4,"name":"Konkursy j\u0119zykowe","item":"https:\/\/pb.edu.pl\/sjo\/dla-studenta\/ciekawe-uzyteczne\/konkursy-jezykowe\/"},{"@type":"ListItem","position":5,"name":"Olimpiada J\u0119zyka Niemieckiego"}]},{"@type":"WebSite","@id":"https:\/\/pb.edu.pl\/sjo\/#website","url":"https:\/\/pb.edu.pl\/sjo\/","name":"Studium J\u0119zyk\u00f3w Obcych","description":"","potentialAction":[{"@type":"SearchAction","target":{"@type":"EntryPoint","urlTemplate":"https:\/\/pb.edu.pl\/sjo\/?s={search_term_string}"},"query-input":{"@type":"PropertyValueSpecification","valueRequired":true,"valueName":"search_term_string"}}],"inLanguage":"pl-PL"}]}},"_links":{"self":[{"href":"https:\/\/pb.edu.pl\/sjo\/wp-json\/wp\/v2\/pages\/603","targetHints":{"allow":["GET"]}}],"collection":[{"href":"https:\/\/pb.edu.pl\/sjo\/wp-json\/wp\/v2\/pages"}],"about":[{"href":"https:\/\/pb.edu.pl\/sjo\/wp-json\/wp\/v2\/types\/page"}],"author":[{"embeddable":true,"href":"https:\/\/pb.edu.pl\/sjo\/wp-json\/wp\/v2\/users\/6"}],"replies":[{"embeddable":true,"href":"https:\/\/pb.edu.pl\/sjo\/wp-json\/wp\/v2\/comments?post=603"}],"version-history":[{"count":0,"href":"https:\/\/pb.edu.pl\/sjo\/wp-json\/wp\/v2\/pages\/603\/revisions"}],"up":[{"embeddable":true,"href":"https:\/\/pb.edu.pl\/sjo\/wp-json\/wp\/v2\/pages\/103"}],"wp:attachment":[{"href":"https:\/\/pb.edu.pl\/sjo\/wp-json\/wp\/v2\/media?parent=603"}],"curies":[{"name":"wp","href":"https:\/\/api.w.org\/{rel}","templated":true}]}}