{"id":587,"date":"2017-11-28T20:58:05","date_gmt":"2017-11-28T19:58:05","guid":{"rendered":"https:\/\/pb.edu.pl\/sjo\/?page_id=587"},"modified":"2023-11-28T10:20:48","modified_gmt":"2023-11-28T09:20:48","slug":"konkurs-piosenki-obcojezycznej-2016","status":"publish","type":"page","link":"https:\/\/pb.edu.pl\/sjo\/dla-studenta\/ciekawe-uzyteczne\/konkursy-jezykowe\/konkurs-piosenki-obcojezycznej-2016\/","title":{"rendered":"Konkurs piosenki obcoj\u0119zycznej 2016"},"content":{"rendered":"<p><img loading=\"lazy\" decoding=\"async\" class=\"alignnone size-full wp-image-588\" src=\"https:\/\/pb.edu.pl\/sjo\/wp-content\/uploads\/sites\/9\/2017\/11\/konkurs_piosenki_2016.png\" alt=\"banner - konkurs piosenki\" width=\"653\" height=\"217\" srcset=\"https:\/\/pb.edu.pl\/sjo\/wp-content\/uploads\/sites\/9\/2017\/11\/konkurs_piosenki_2016.png 653w, https:\/\/pb.edu.pl\/sjo\/wp-content\/uploads\/sites\/9\/2017\/11\/konkurs_piosenki_2016-300x100.png 300w\" sizes=\"auto, (max-width: 653px) 100vw, 653px\" \/><\/p>\n<p>&nbsp;<\/p>\n<p>Konkurs Piosenki Obcoj\u0119zycznej A.D. 2016 za nami &#8211; pragn\u0119 z\u0142o\u017cy\u0107 podzi\u0119kowania \u015bwietnemu zespo\u0142owi organizatorek tego wydarzenia. Nauczycielki j\u0119zyka angielskiego: mgr Liliana Sienkiewicz i mgr Dorota \u015aleszy\u0144ska oraz nauczycielki j\u0119zyka rosyjskiego: mgr Dorota Szuper-Jakubiuk i mgr Irena Kami\u0144ska by\u0142y filarami przygotowa\u0144, jak r\u00f3wnie\u017c w trakcie koncertu fina\u0142owego w dniu 17 maja br. w Klubie Studenckim Gwint.<\/p>\n<p>Jury w sk\u0142adzie: mgr \u0141ucja Carpenter, mgr Benigna Chaniewska, mgr Micha\u0142 Citko, pod moim skromnym przewodnictwem, dokona\u0142o wyboru najlepszych tego wieczoru wykona\u0144 utwor\u00f3w w j\u0119zykach angielskim i rosyjskim.<\/p>\n<div><strong>ZWYCI\u0118ZCY KONKURSU PIOSENKI OBCOJ\u0118ZYCZNEJ W 2016 ROKU<\/strong><\/div>\n<div><strong>1 MIEJSCE<\/strong> zaj\u0119\u0142a <strong>Pani Magda Matwiejczyk<\/strong>, studentka kierunku Biotechnologii 2 roku<\/div>\n<div><strong>2 MIEJSCE<\/strong> zaj\u0119\u0142a <strong>Pani Magdalena Brzozowska<\/strong>, studentka kierunku Architektury Wn\u0119trz 2 roku<\/div>\n<div><strong>3 MIEJSCE<\/strong> zaj\u0119\u0142a <strong>Pani Izabela Olton<\/strong>, studentka kierunku Gospodarki Przestrzennej 2 roku<\/div>\n<div>&nbsp;<\/div>\n<div><strong>NAGRODA ORGANIZATOR\u00d3W ZA WYKONANIE PIOSENKI W J\u0118ZYKU ANGIELSKIM<\/strong> zosta\u0142a przyznana <strong>Pani Adzie Jakubiak<\/strong>, studentce kierunku Ekoin\u017cynierii 2 roku<\/div>\n<div>&nbsp;<\/div>\n<div><strong>NAGRODA ORGANIZATOR\u00d3W ZA WYKONANIE PIOSENKI W J\u0118ZYKU ROSYJSKIM<\/strong> &nbsp;zosta\u0142a przyznana <strong>Pani Daiwie Janczulewicz<\/strong>, studentce kierunku In\u017cynierii \u015arodowiska 2 stopnia<\/div>\n<div>&nbsp;<\/div>\n<div><strong>WYR\u00d3\u017bNIENIE ZA WYKONANIE PIOSENKI W J\u0118ZYKU ANGIELSKIM<\/strong> otrzymaIi studenci kierunku Informatyka 2 rok: <strong>Pan Safiejko Marcin, Pan \u0141ukasz Bukowski, Pan Jakub Kalista, Pani Izabela Saniewska<\/strong><\/div>\n<div>&nbsp;<\/div>\n<div><strong>WYR\u00d3\u017bNIENIE ZA WYKONANIE PIOSENKI W J\u0118ZYKU ROSYJSKIM<\/strong> otrzyma\u0142a studentka kierunku Logistyka 2 rok: <strong>Pani Marta \u0141obodzi\u0144ska<\/strong><\/div>\n<p>&nbsp;<\/p>\n<p><strong>Zwyci\u0119\u017cczyniom oraz wszystkim wyr\u00f3\u017cnionym serdecznie gratulujemy, a gor\u0105ce podzi\u0119kowania kierujemy r\u00f3wnie\u017c na r\u0119ce naszych sponsor\u00f3w:<\/strong><\/p>\n<div><strong>Szko\u0142a Estradowa im. Anny German w Bia\u0142ymstoku<\/strong> \u2013 weekend dla dw\u00f3ch os\u00f3b w Domu Pracy Tw\u00f3rczej \u2013 Villa Hellena<\/div>\n<div><strong>Szko\u0142a Estradowa im. Anny German w Bia\u0142ymstoku<\/strong> \u2013 dwie indywidualne lekcje \u015bpiewu<\/div>\n<div><strong>Cukiernia Sowa<\/strong> \u2013 tort dla zwyci\u0119zcy, 3 zestawy s\u0142odyczy o warto\u015bci 50 z\u0142. ka\u017cdy, s\u0142odycze dla uczestnik\u00f3w<\/div>\n<div><strong>Centrum Filmowe Helios<\/strong> \u2013 5 karnet\u00f3w do kina oraz trzy zestawy upominkowe<\/div>\n<div><strong>Escape Room Team Escape<\/strong> \u2013 trzy vouchery upominkowe<\/div>\n<div><strong>Pizzeria Quattro<\/strong> \u2013 dwa vochery o warto\u015bci 50 z\u0142. ka\u017cdy<\/div>\n<div><strong>\u015acianka Wspinaczkowa Okapik Alfa<\/strong> \u2013 trzy karnety wst\u0119pu<\/div>\n<div><strong>Ksi\u0119garnia Bookland<\/strong> &#8211; s\u0142owniki wydawnictwa Pearson<\/div>\n<div><strong>Ksi\u0119garnie i Hurtownie Edukacyjno-J\u0119zykowe Polanglo<\/strong>&nbsp; &#8211; s\u0142owniki<\/div>\n<div><strong>Salon fryzjerski Szalone No\u017cyczki<\/strong> \u2013 vouchery na us\u0142ugi fryzjerskie<\/div>\n<div><strong>Kwiaciarnia Kwiaty Agaty<\/strong> \u2013 kwiaty dla uczestnik\u00f3w konkursu<\/div>\n<div><strong>Nagrody organizator\u00f3w<\/strong> \u2013 obraz olejny i bi\u017cuteria<\/div>\n<div><strong>Politechnika Bia\u0142ostocka<\/strong> &#8211; upominki<\/div>\n<p>&nbsp;<img loading=\"lazy\" decoding=\"async\" class=\"alignnone size-full wp-image-589\" src=\"https:\/\/pb.edu.pl\/sjo\/wp-content\/uploads\/sites\/9\/2017\/11\/loga_sponsorzy_2015.png\" alt=\"loga sponsor\u00f3w konkursu\" width=\"924\" height=\"294\" srcset=\"https:\/\/pb.edu.pl\/sjo\/wp-content\/uploads\/sites\/9\/2017\/11\/loga_sponsorzy_2015.png 924w, https:\/\/pb.edu.pl\/sjo\/wp-content\/uploads\/sites\/9\/2017\/11\/loga_sponsorzy_2015-300x95.png 300w, https:\/\/pb.edu.pl\/sjo\/wp-content\/uploads\/sites\/9\/2017\/11\/loga_sponsorzy_2015-768x244.png 768w\" sizes=\"auto, (max-width: 924px) 100vw, 924px\" \/><\/p>\n<p>&nbsp;<\/p>\n<p>Do zobaczenia za dwa lata \ud83d\ude42<\/p>\n<p>mgr Wioletta Omelianiuk<br \/>\nkierownik SJO<br \/>\nngg_shortcode_0_placeholder\n","protected":false},"excerpt":{"rendered":"<p>&nbsp; Konkurs Piosenki Obcoj\u0119zycznej A.D. 2016 za nami &#8211; pragn\u0119 z\u0142o\u017cy\u0107 podzi\u0119kowania \u015bwietnemu zespo\u0142owi organizatorek<\/p>\n","protected":false},"author":6,"featured_media":0,"parent":103,"menu_order":0,"comment_status":"closed","ping_status":"closed","template":"","meta":{"_acf_changed":false,"ngg_post_thumbnail":0,"footnotes":""},"class_list":["post-587","page","type-page","status-publish","hentry"],"acf":[],"yoast_head":"<!-- This site is optimized with the Yoast SEO plugin v27.0 - https:\/\/yoast.com\/product\/yoast-seo-wordpress\/ -->\n<title>Konkurs piosenki obcoj\u0119zycznej 2016 - Studium J\u0119zyk\u00f3w Obcych<\/title>\n<meta name=\"description\" content=\"&nbsp; Konkurs Piosenki Obcoj\u0119zycznej A.D. 2016 za nami - pragn\u0119 z\u0142o\u017cy\u0107 podzi\u0119kowania \u015bwietnemu zespo\u0142owi organizatorek tego wydarzenia. Nauczycielki\" \/>\n<meta name=\"robots\" content=\"index, follow, max-snippet:-1, max-image-preview:large, max-video-preview:-1\" \/>\n<link rel=\"canonical\" href=\"https:\/\/pb.edu.pl\/sjo\/dla-studenta\/ciekawe-uzyteczne\/konkursy-jezykowe\/konkurs-piosenki-obcojezycznej-2016\/\" \/>\n<meta property=\"og:locale\" content=\"pl_PL\" \/>\n<meta property=\"og:type\" content=\"article\" \/>\n<meta property=\"og:title\" content=\"Konkurs piosenki obcoj\u0119zycznej 2016 - Studium J\u0119zyk\u00f3w Obcych\" \/>\n<meta property=\"og:description\" content=\"&nbsp; Konkurs Piosenki Obcoj\u0119zycznej A.D. 2016 za nami - pragn\u0119 z\u0142o\u017cy\u0107 podzi\u0119kowania \u015bwietnemu zespo\u0142owi organizatorek tego wydarzenia. Nauczycielki\" \/>\n<meta property=\"og:url\" content=\"https:\/\/pb.edu.pl\/sjo\/dla-studenta\/ciekawe-uzyteczne\/konkursy-jezykowe\/konkurs-piosenki-obcojezycznej-2016\/\" \/>\n<meta property=\"og:site_name\" content=\"Studium J\u0119zyk\u00f3w Obcych\" \/>\n<meta property=\"article:modified_time\" content=\"2023-11-28T09:20:48+00:00\" \/>\n<meta property=\"og:image\" content=\"https:\/\/pb.edu.pl\/sjo\/wp-content\/uploads\/sites\/9\/2017\/11\/konkurs_piosenki_2016.png\" \/>\n<meta name=\"twitter:label1\" content=\"Szacowany czas czytania\" \/>\n\t<meta name=\"twitter:data1\" content=\"3 minuty\" \/>\n<script type=\"application\/ld+json\" class=\"yoast-schema-graph\">{\"@context\":\"https:\/\/schema.org\",\"@graph\":[{\"@type\":\"WebPage\",\"@id\":\"https:\/\/pb.edu.pl\/sjo\/dla-studenta\/ciekawe-uzyteczne\/konkursy-jezykowe\/konkurs-piosenki-obcojezycznej-2016\/\",\"url\":\"https:\/\/pb.edu.pl\/sjo\/dla-studenta\/ciekawe-uzyteczne\/konkursy-jezykowe\/konkurs-piosenki-obcojezycznej-2016\/\",\"name\":\"Konkurs piosenki obcoj\u0119zycznej 2016 - Studium J\u0119zyk\u00f3w Obcych\",\"isPartOf\":{\"@id\":\"https:\/\/pb.edu.pl\/sjo\/#website\"},\"primaryImageOfPage\":{\"@id\":\"https:\/\/pb.edu.pl\/sjo\/dla-studenta\/ciekawe-uzyteczne\/konkursy-jezykowe\/konkurs-piosenki-obcojezycznej-2016\/#primaryimage\"},\"image\":{\"@id\":\"https:\/\/pb.edu.pl\/sjo\/dla-studenta\/ciekawe-uzyteczne\/konkursy-jezykowe\/konkurs-piosenki-obcojezycznej-2016\/#primaryimage\"},\"thumbnailUrl\":\"https:\/\/pb.edu.pl\/sjo\/wp-content\/uploads\/sites\/9\/2017\/11\/konkurs_piosenki_2016.png\",\"datePublished\":\"2017-11-28T19:58:05+00:00\",\"dateModified\":\"2023-11-28T09:20:48+00:00\",\"description\":\"&nbsp; Konkurs Piosenki Obcoj\u0119zycznej A.D. 2016 za nami - pragn\u0119 z\u0142o\u017cy\u0107 podzi\u0119kowania \u015bwietnemu zespo\u0142owi organizatorek tego wydarzenia. Nauczycielki\",\"breadcrumb\":{\"@id\":\"https:\/\/pb.edu.pl\/sjo\/dla-studenta\/ciekawe-uzyteczne\/konkursy-jezykowe\/konkurs-piosenki-obcojezycznej-2016\/#breadcrumb\"},\"inLanguage\":\"pl-PL\",\"potentialAction\":[{\"@type\":\"ReadAction\",\"target\":[\"https:\/\/pb.edu.pl\/sjo\/dla-studenta\/ciekawe-uzyteczne\/konkursy-jezykowe\/konkurs-piosenki-obcojezycznej-2016\/\"]}]},{\"@type\":\"ImageObject\",\"inLanguage\":\"pl-PL\",\"@id\":\"https:\/\/pb.edu.pl\/sjo\/dla-studenta\/ciekawe-uzyteczne\/konkursy-jezykowe\/konkurs-piosenki-obcojezycznej-2016\/#primaryimage\",\"url\":\"https:\/\/pb.edu.pl\/sjo\/wp-content\/uploads\/sites\/9\/2017\/11\/konkurs_piosenki_2016.png\",\"contentUrl\":\"https:\/\/pb.edu.pl\/sjo\/wp-content\/uploads\/sites\/9\/2017\/11\/konkurs_piosenki_2016.png\",\"width\":653,\"height\":217,\"caption\":\"banner - konkurs piosenki\"},{\"@type\":\"BreadcrumbList\",\"@id\":\"https:\/\/pb.edu.pl\/sjo\/dla-studenta\/ciekawe-uzyteczne\/konkursy-jezykowe\/konkurs-piosenki-obcojezycznej-2016\/#breadcrumb\",\"itemListElement\":[{\"@type\":\"ListItem\",\"position\":1,\"name\":\"Home\",\"item\":\"https:\/\/pb.edu.pl\/sjo\/\"},{\"@type\":\"ListItem\",\"position\":2,\"name\":\"Studiuj\u0119 w PB\",\"item\":\"https:\/\/pb.edu.pl\/sjo\/dla-studenta\/\"},{\"@type\":\"ListItem\",\"position\":3,\"name\":\"Ciekawe i u\u017cyteczne\",\"item\":\"https:\/\/pb.edu.pl\/sjo\/dla-studenta\/ciekawe-uzyteczne\/\"},{\"@type\":\"ListItem\",\"position\":4,\"name\":\"Konkursy j\u0119zykowe\",\"item\":\"https:\/\/pb.edu.pl\/sjo\/dla-studenta\/ciekawe-uzyteczne\/konkursy-jezykowe\/\"},{\"@type\":\"ListItem\",\"position\":5,\"name\":\"Konkurs piosenki obcoj\u0119zycznej 2016\"}]},{\"@type\":\"WebSite\",\"@id\":\"https:\/\/pb.edu.pl\/sjo\/#website\",\"url\":\"https:\/\/pb.edu.pl\/sjo\/\",\"name\":\"Studium J\u0119zyk\u00f3w Obcych\",\"description\":\"\",\"potentialAction\":[{\"@type\":\"SearchAction\",\"target\":{\"@type\":\"EntryPoint\",\"urlTemplate\":\"https:\/\/pb.edu.pl\/sjo\/?s={search_term_string}\"},\"query-input\":{\"@type\":\"PropertyValueSpecification\",\"valueRequired\":true,\"valueName\":\"search_term_string\"}}],\"inLanguage\":\"pl-PL\"}]}<\/script>\n<!-- \/ Yoast SEO plugin. -->","yoast_head_json":{"title":"Konkurs piosenki obcoj\u0119zycznej 2016 - Studium J\u0119zyk\u00f3w Obcych","description":"&nbsp; Konkurs Piosenki Obcoj\u0119zycznej A.D. 2016 za nami - pragn\u0119 z\u0142o\u017cy\u0107 podzi\u0119kowania \u015bwietnemu zespo\u0142owi organizatorek tego wydarzenia. Nauczycielki","robots":{"index":"index","follow":"follow","max-snippet":"max-snippet:-1","max-image-preview":"max-image-preview:large","max-video-preview":"max-video-preview:-1"},"canonical":"https:\/\/pb.edu.pl\/sjo\/dla-studenta\/ciekawe-uzyteczne\/konkursy-jezykowe\/konkurs-piosenki-obcojezycznej-2016\/","og_locale":"pl_PL","og_type":"article","og_title":"Konkurs piosenki obcoj\u0119zycznej 2016 - Studium J\u0119zyk\u00f3w Obcych","og_description":"&nbsp; Konkurs Piosenki Obcoj\u0119zycznej A.D. 2016 za nami - pragn\u0119 z\u0142o\u017cy\u0107 podzi\u0119kowania \u015bwietnemu zespo\u0142owi organizatorek tego wydarzenia. Nauczycielki","og_url":"https:\/\/pb.edu.pl\/sjo\/dla-studenta\/ciekawe-uzyteczne\/konkursy-jezykowe\/konkurs-piosenki-obcojezycznej-2016\/","og_site_name":"Studium J\u0119zyk\u00f3w Obcych","article_modified_time":"2023-11-28T09:20:48+00:00","og_image":[{"url":"https:\/\/pb.edu.pl\/sjo\/wp-content\/uploads\/sites\/9\/2017\/11\/konkurs_piosenki_2016.png","type":"","width":"","height":""}],"twitter_misc":{"Szacowany czas czytania":"3 minuty"},"schema":{"@context":"https:\/\/schema.org","@graph":[{"@type":"WebPage","@id":"https:\/\/pb.edu.pl\/sjo\/dla-studenta\/ciekawe-uzyteczne\/konkursy-jezykowe\/konkurs-piosenki-obcojezycznej-2016\/","url":"https:\/\/pb.edu.pl\/sjo\/dla-studenta\/ciekawe-uzyteczne\/konkursy-jezykowe\/konkurs-piosenki-obcojezycznej-2016\/","name":"Konkurs piosenki obcoj\u0119zycznej 2016 - Studium J\u0119zyk\u00f3w Obcych","isPartOf":{"@id":"https:\/\/pb.edu.pl\/sjo\/#website"},"primaryImageOfPage":{"@id":"https:\/\/pb.edu.pl\/sjo\/dla-studenta\/ciekawe-uzyteczne\/konkursy-jezykowe\/konkurs-piosenki-obcojezycznej-2016\/#primaryimage"},"image":{"@id":"https:\/\/pb.edu.pl\/sjo\/dla-studenta\/ciekawe-uzyteczne\/konkursy-jezykowe\/konkurs-piosenki-obcojezycznej-2016\/#primaryimage"},"thumbnailUrl":"https:\/\/pb.edu.pl\/sjo\/wp-content\/uploads\/sites\/9\/2017\/11\/konkurs_piosenki_2016.png","datePublished":"2017-11-28T19:58:05+00:00","dateModified":"2023-11-28T09:20:48+00:00","description":"&nbsp; Konkurs Piosenki Obcoj\u0119zycznej A.D. 2016 za nami - pragn\u0119 z\u0142o\u017cy\u0107 podzi\u0119kowania \u015bwietnemu zespo\u0142owi organizatorek tego wydarzenia. Nauczycielki","breadcrumb":{"@id":"https:\/\/pb.edu.pl\/sjo\/dla-studenta\/ciekawe-uzyteczne\/konkursy-jezykowe\/konkurs-piosenki-obcojezycznej-2016\/#breadcrumb"},"inLanguage":"pl-PL","potentialAction":[{"@type":"ReadAction","target":["https:\/\/pb.edu.pl\/sjo\/dla-studenta\/ciekawe-uzyteczne\/konkursy-jezykowe\/konkurs-piosenki-obcojezycznej-2016\/"]}]},{"@type":"ImageObject","inLanguage":"pl-PL","@id":"https:\/\/pb.edu.pl\/sjo\/dla-studenta\/ciekawe-uzyteczne\/konkursy-jezykowe\/konkurs-piosenki-obcojezycznej-2016\/#primaryimage","url":"https:\/\/pb.edu.pl\/sjo\/wp-content\/uploads\/sites\/9\/2017\/11\/konkurs_piosenki_2016.png","contentUrl":"https:\/\/pb.edu.pl\/sjo\/wp-content\/uploads\/sites\/9\/2017\/11\/konkurs_piosenki_2016.png","width":653,"height":217,"caption":"banner - konkurs piosenki"},{"@type":"BreadcrumbList","@id":"https:\/\/pb.edu.pl\/sjo\/dla-studenta\/ciekawe-uzyteczne\/konkursy-jezykowe\/konkurs-piosenki-obcojezycznej-2016\/#breadcrumb","itemListElement":[{"@type":"ListItem","position":1,"name":"Home","item":"https:\/\/pb.edu.pl\/sjo\/"},{"@type":"ListItem","position":2,"name":"Studiuj\u0119 w PB","item":"https:\/\/pb.edu.pl\/sjo\/dla-studenta\/"},{"@type":"ListItem","position":3,"name":"Ciekawe i u\u017cyteczne","item":"https:\/\/pb.edu.pl\/sjo\/dla-studenta\/ciekawe-uzyteczne\/"},{"@type":"ListItem","position":4,"name":"Konkursy j\u0119zykowe","item":"https:\/\/pb.edu.pl\/sjo\/dla-studenta\/ciekawe-uzyteczne\/konkursy-jezykowe\/"},{"@type":"ListItem","position":5,"name":"Konkurs piosenki obcoj\u0119zycznej 2016"}]},{"@type":"WebSite","@id":"https:\/\/pb.edu.pl\/sjo\/#website","url":"https:\/\/pb.edu.pl\/sjo\/","name":"Studium J\u0119zyk\u00f3w Obcych","description":"","potentialAction":[{"@type":"SearchAction","target":{"@type":"EntryPoint","urlTemplate":"https:\/\/pb.edu.pl\/sjo\/?s={search_term_string}"},"query-input":{"@type":"PropertyValueSpecification","valueRequired":true,"valueName":"search_term_string"}}],"inLanguage":"pl-PL"}]}},"_links":{"self":[{"href":"https:\/\/pb.edu.pl\/sjo\/wp-json\/wp\/v2\/pages\/587","targetHints":{"allow":["GET"]}}],"collection":[{"href":"https:\/\/pb.edu.pl\/sjo\/wp-json\/wp\/v2\/pages"}],"about":[{"href":"https:\/\/pb.edu.pl\/sjo\/wp-json\/wp\/v2\/types\/page"}],"author":[{"embeddable":true,"href":"https:\/\/pb.edu.pl\/sjo\/wp-json\/wp\/v2\/users\/6"}],"replies":[{"embeddable":true,"href":"https:\/\/pb.edu.pl\/sjo\/wp-json\/wp\/v2\/comments?post=587"}],"version-history":[{"count":0,"href":"https:\/\/pb.edu.pl\/sjo\/wp-json\/wp\/v2\/pages\/587\/revisions"}],"up":[{"embeddable":true,"href":"https:\/\/pb.edu.pl\/sjo\/wp-json\/wp\/v2\/pages\/103"}],"wp:attachment":[{"href":"https:\/\/pb.edu.pl\/sjo\/wp-json\/wp\/v2\/media?parent=587"}],"curies":[{"name":"wp","href":"https:\/\/api.w.org\/{rel}","templated":true}]}}