{"id":5674,"date":"2018-10-01T23:20:26","date_gmt":"2018-10-01T21:20:26","guid":{"rendered":"https:\/\/pb.edu.pl\/sjo\/?page_id=5674"},"modified":"2018-10-04T00:35:50","modified_gmt":"2018-10-03T22:35:50","slug":"lektor-high-tech","status":"publish","type":"page","link":"https:\/\/pb.edu.pl\/sjo\/wydarzenia-sjo\/wydarzenia-archiwum\/lektor-high-tech\/","title":{"rendered":"Lektor High-Tech"},"content":{"rendered":"<p><strong>LEKTOR HIGH-TECH<\/strong><\/p>\n<p><strong>Og\u00f3lnopolska konferencja dla nauczycieli i metodyk\u00f3w nauczania j\u0119zyk\u00f3w obcych, \u0141\u00f3d\u017a, 21-22 wrze\u015bnia 2018<\/strong><\/p>\n<p>&nbsp;<\/p>\n<p>W dniach 21 &#8211; 22 wrze\u015bnia 2018 uczestniczyli\u015bmy w I edycji konferencji LEKTOR HIGH-TECH po\u0142\u0105czonej z praktycznymi warsztatami z u\u017cyciem nowoczesnych technologii, zorganizowanej przez CENTRUM J\u0118ZYKOWE i CENTRUM E-LEARNINGU Politechniki \u0141\u00f3dzkiej.<\/p>\n<p>Jeszcze przed przyjazdem do \u0141odzi wszyscy uczestnicy mogli pozna\u0107 si\u0119 nawzajem na forach 4-dniowego kursu e-learningowego, przygotowanego specjalnie w celu wprowadzenia w tematyk\u0119 konferencji oraz szkolenia e-learningowego firmy CLICKMEETING. Program konferencji by\u0142 bardzo bogaty, sporym wyzwaniem by\u0142o podj\u0119cie decyzji o udziale w zaj\u0119ciach konkretnej sesji.<\/p>\n<p>Naszym zainteresowaniem cieszy\u0142y si\u0119 zar\u00f3wno webinaria, jak r\u00f3wnie\u017c prezentacje oraz praktyczne \u0107wiczenia warsztatowe. Mogli\u015bmy pozna\u0107 konkretne przyk\u0142ady materia\u0142\u00f3w i narz\u0119dzi on-line, \u015bwietne pomys\u0142y dydaktyczne z zastosowaniem platformy MOODLE, dowiedzieli\u015bmy si\u0119, gdzie szuka\u0107 niekonwencjonalnych i prostych aplikacji, kt\u00f3re z powodzeniem mo\u017cna wykorzysta\u0107 w codziennej pracy dydaktyka.<\/p>\n<p>Kampus Politechniki \u0141\u00f3dzkiej r\u00f3wnie\u017c dostarczy\u0142 nam mn\u00f3stwa wra\u017ce\u0144 natury\u2026 fotograficznej, wiele budynk\u00f3w to zrewitalizowane budynki fabryczne. Polecamy przy wizycie w \u0141odzi ruszy\u0107 szlakiem wielkich fabrykant\u00f3w: Pozna\u0144skiego, Scheiblera czy Grohmana. \u0141\u00f3d\u017a jest bardzo interesuj\u0105cym miastem, kt\u00f3rego oblicze zmienia si\u0119 z roku na rok.<\/p>\n<p>Do domu wr\u00f3cili\u015bmy nie tylko z certyfikatem, lecz tak\u017ce z prze\u015bwiadczeniem, \u017ce wiek to rzecz wzgl\u0119dna i\u2026 jeste\u015bmy bli\u017cej cyfrowego tubylca ni\u017c cyfrowego imigranta.<\/p>\n<p>&nbsp;<\/p>\n<p><em>Wioletta Omelianiuk, wyk\u0142adowca j\u0119zyka niemieckiego<\/em><\/p>\n<p><em>Maciej \u015aleszy\u0144ski, wyk\u0142adowca j\u0119zyka angielskiego<\/em><\/p>\n<div id='gallery-1' class='gallery galleryid-5674 gallery-columns-2 gallery-size-full'><figure class='gallery-item'>\n\t\t\t<div class='gallery-icon landscape'>\n\t\t\t\t<a href='https:\/\/pb.edu.pl\/sjo\/wp-content\/uploads\/sites\/9\/2018\/10\/\u0141\u00f3d\u017a-2018-1.jpg'><img loading=\"lazy\" decoding=\"async\" width=\"1160\" height=\"768\" src=\"https:\/\/pb.edu.pl\/sjo\/wp-content\/uploads\/sites\/9\/2018\/10\/\u0141\u00f3d\u017a-2018-1.jpg\" class=\"attachment-full size-full\" alt=\"Lektor High-Tech\" srcset=\"https:\/\/pb.edu.pl\/sjo\/wp-content\/uploads\/sites\/9\/2018\/10\/\u0141\u00f3d\u017a-2018-1.jpg 1160w, https:\/\/pb.edu.pl\/sjo\/wp-content\/uploads\/sites\/9\/2018\/10\/\u0141\u00f3d\u017a-2018-1-300x199.jpg 300w, https:\/\/pb.edu.pl\/sjo\/wp-content\/uploads\/sites\/9\/2018\/10\/\u0141\u00f3d\u017a-2018-1-768x508.jpg 768w, https:\/\/pb.edu.pl\/sjo\/wp-content\/uploads\/sites\/9\/2018\/10\/\u0141\u00f3d\u017a-2018-1-1024x678.jpg 1024w\" sizes=\"auto, (max-width: 1160px) 100vw, 1160px\" \/><\/a>\n\t\t\t<\/div><\/figure><figure class='gallery-item'>\n\t\t\t<div class='gallery-icon landscape'>\n\t\t\t\t<a href='https:\/\/pb.edu.pl\/sjo\/wp-content\/uploads\/sites\/9\/2018\/10\/\u0141\u00f3d\u017a-2018-2.jpg'><img loading=\"lazy\" decoding=\"async\" width=\"1159\" height=\"768\" src=\"https:\/\/pb.edu.pl\/sjo\/wp-content\/uploads\/sites\/9\/2018\/10\/\u0141\u00f3d\u017a-2018-2.jpg\" class=\"attachment-full size-full\" alt=\"Lektor High-Tech\" srcset=\"https:\/\/pb.edu.pl\/sjo\/wp-content\/uploads\/sites\/9\/2018\/10\/\u0141\u00f3d\u017a-2018-2.jpg 1159w, https:\/\/pb.edu.pl\/sjo\/wp-content\/uploads\/sites\/9\/2018\/10\/\u0141\u00f3d\u017a-2018-2-300x199.jpg 300w, https:\/\/pb.edu.pl\/sjo\/wp-content\/uploads\/sites\/9\/2018\/10\/\u0141\u00f3d\u017a-2018-2-768x509.jpg 768w, https:\/\/pb.edu.pl\/sjo\/wp-content\/uploads\/sites\/9\/2018\/10\/\u0141\u00f3d\u017a-2018-2-1024x679.jpg 1024w\" sizes=\"auto, (max-width: 1159px) 100vw, 1159px\" \/><\/a>\n\t\t\t<\/div><\/figure><figure class='gallery-item'>\n\t\t\t<div class='gallery-icon landscape'>\n\t\t\t\t<a href='https:\/\/pb.edu.pl\/sjo\/wp-content\/uploads\/sites\/9\/2018\/10\/\u0141\u00f3d\u017a-2018-3.jpg'><img loading=\"lazy\" decoding=\"async\" width=\"1159\" height=\"768\" src=\"https:\/\/pb.edu.pl\/sjo\/wp-content\/uploads\/sites\/9\/2018\/10\/\u0141\u00f3d\u017a-2018-3.jpg\" class=\"attachment-full size-full\" alt=\"Lektor High-Tech\" srcset=\"https:\/\/pb.edu.pl\/sjo\/wp-content\/uploads\/sites\/9\/2018\/10\/\u0141\u00f3d\u017a-2018-3.jpg 1159w, https:\/\/pb.edu.pl\/sjo\/wp-content\/uploads\/sites\/9\/2018\/10\/\u0141\u00f3d\u017a-2018-3-300x199.jpg 300w, https:\/\/pb.edu.pl\/sjo\/wp-content\/uploads\/sites\/9\/2018\/10\/\u0141\u00f3d\u017a-2018-3-768x509.jpg 768w, https:\/\/pb.edu.pl\/sjo\/wp-content\/uploads\/sites\/9\/2018\/10\/\u0141\u00f3d\u017a-2018-3-1024x679.jpg 1024w\" sizes=\"auto, (max-width: 1159px) 100vw, 1159px\" \/><\/a>\n\t\t\t<\/div><\/figure><figure class='gallery-item'>\n\t\t\t<div class='gallery-icon landscape'>\n\t\t\t\t<a href='https:\/\/pb.edu.pl\/sjo\/wp-content\/uploads\/sites\/9\/2018\/10\/\u0141\u00f3d\u017a-2018-4.jpg'><img loading=\"lazy\" decoding=\"async\" width=\"1159\" height=\"768\" src=\"https:\/\/pb.edu.pl\/sjo\/wp-content\/uploads\/sites\/9\/2018\/10\/\u0141\u00f3d\u017a-2018-4.jpg\" class=\"attachment-full size-full\" alt=\"Lektor High-Tech\" srcset=\"https:\/\/pb.edu.pl\/sjo\/wp-content\/uploads\/sites\/9\/2018\/10\/\u0141\u00f3d\u017a-2018-4.jpg 1159w, https:\/\/pb.edu.pl\/sjo\/wp-content\/uploads\/sites\/9\/2018\/10\/\u0141\u00f3d\u017a-2018-4-300x199.jpg 300w, https:\/\/pb.edu.pl\/sjo\/wp-content\/uploads\/sites\/9\/2018\/10\/\u0141\u00f3d\u017a-2018-4-768x509.jpg 768w, https:\/\/pb.edu.pl\/sjo\/wp-content\/uploads\/sites\/9\/2018\/10\/\u0141\u00f3d\u017a-2018-4-1024x679.jpg 1024w\" sizes=\"auto, (max-width: 1159px) 100vw, 1159px\" \/><\/a>\n\t\t\t<\/div><\/figure><figure class='gallery-item'>\n\t\t\t<div class='gallery-icon landscape'>\n\t\t\t\t<a href='https:\/\/pb.edu.pl\/sjo\/wp-content\/uploads\/sites\/9\/2018\/10\/\u0141\u00f3d\u017a-2018-5.jpg'><img loading=\"lazy\" decoding=\"async\" width=\"1159\" height=\"768\" src=\"https:\/\/pb.edu.pl\/sjo\/wp-content\/uploads\/sites\/9\/2018\/10\/\u0141\u00f3d\u017a-2018-5.jpg\" class=\"attachment-full size-full\" alt=\"Lektor High-Tech\" srcset=\"https:\/\/pb.edu.pl\/sjo\/wp-content\/uploads\/sites\/9\/2018\/10\/\u0141\u00f3d\u017a-2018-5.jpg 1159w, https:\/\/pb.edu.pl\/sjo\/wp-content\/uploads\/sites\/9\/2018\/10\/\u0141\u00f3d\u017a-2018-5-300x199.jpg 300w, https:\/\/pb.edu.pl\/sjo\/wp-content\/uploads\/sites\/9\/2018\/10\/\u0141\u00f3d\u017a-2018-5-768x509.jpg 768w, https:\/\/pb.edu.pl\/sjo\/wp-content\/uploads\/sites\/9\/2018\/10\/\u0141\u00f3d\u017a-2018-5-1024x679.jpg 1024w\" sizes=\"auto, (max-width: 1159px) 100vw, 1159px\" \/><\/a>\n\t\t\t<\/div><\/figure><figure class='gallery-item'>\n\t\t\t<div class='gallery-icon landscape'>\n\t\t\t\t<a href='https:\/\/pb.edu.pl\/sjo\/wp-content\/uploads\/sites\/9\/2018\/10\/\u0141\u00f3d\u017a-2018-6.jpg'><img loading=\"lazy\" decoding=\"async\" width=\"1160\" height=\"768\" src=\"https:\/\/pb.edu.pl\/sjo\/wp-content\/uploads\/sites\/9\/2018\/10\/\u0141\u00f3d\u017a-2018-6.jpg\" class=\"attachment-full size-full\" alt=\"Lektor High-Tech\" srcset=\"https:\/\/pb.edu.pl\/sjo\/wp-content\/uploads\/sites\/9\/2018\/10\/\u0141\u00f3d\u017a-2018-6.jpg 1160w, https:\/\/pb.edu.pl\/sjo\/wp-content\/uploads\/sites\/9\/2018\/10\/\u0141\u00f3d\u017a-2018-6-300x199.jpg 300w, https:\/\/pb.edu.pl\/sjo\/wp-content\/uploads\/sites\/9\/2018\/10\/\u0141\u00f3d\u017a-2018-6-768x508.jpg 768w, https:\/\/pb.edu.pl\/sjo\/wp-content\/uploads\/sites\/9\/2018\/10\/\u0141\u00f3d\u017a-2018-6-1024x678.jpg 1024w\" sizes=\"auto, (max-width: 1160px) 100vw, 1160px\" \/><\/a>\n\t\t\t<\/div><\/figure><figure class='gallery-item'>\n\t\t\t<div class='gallery-icon landscape'>\n\t\t\t\t<a href='https:\/\/pb.edu.pl\/sjo\/wp-content\/uploads\/sites\/9\/2018\/10\/\u0141\u00f3d\u017a-7.jpg'><img loading=\"lazy\" decoding=\"async\" width=\"1746\" height=\"1080\" src=\"https:\/\/pb.edu.pl\/sjo\/wp-content\/uploads\/sites\/9\/2018\/10\/\u0141\u00f3d\u017a-7.jpg\" class=\"attachment-full size-full\" alt=\"Lektor High-Tech\" srcset=\"https:\/\/pb.edu.pl\/sjo\/wp-content\/uploads\/sites\/9\/2018\/10\/\u0141\u00f3d\u017a-7.jpg 1746w, https:\/\/pb.edu.pl\/sjo\/wp-content\/uploads\/sites\/9\/2018\/10\/\u0141\u00f3d\u017a-7-300x186.jpg 300w, https:\/\/pb.edu.pl\/sjo\/wp-content\/uploads\/sites\/9\/2018\/10\/\u0141\u00f3d\u017a-7-768x475.jpg 768w, https:\/\/pb.edu.pl\/sjo\/wp-content\/uploads\/sites\/9\/2018\/10\/\u0141\u00f3d\u017a-7-1024x633.jpg 1024w\" sizes=\"auto, (max-width: 1746px) 100vw, 1746px\" \/><\/a>\n\t\t\t<\/div><\/figure><figure class='gallery-item'>\n\t\t\t<div class='gallery-icon landscape'>\n\t\t\t\t<a href='https:\/\/pb.edu.pl\/sjo\/wp-content\/uploads\/sites\/9\/2018\/10\/\u0141\u00f3d\u017a-8.jpg'><img loading=\"lazy\" decoding=\"async\" width=\"1653\" height=\"1080\" src=\"https:\/\/pb.edu.pl\/sjo\/wp-content\/uploads\/sites\/9\/2018\/10\/\u0141\u00f3d\u017a-8.jpg\" class=\"attachment-full size-full\" alt=\"Lektor High-Tech\" srcset=\"https:\/\/pb.edu.pl\/sjo\/wp-content\/uploads\/sites\/9\/2018\/10\/\u0141\u00f3d\u017a-8.jpg 1653w, https:\/\/pb.edu.pl\/sjo\/wp-content\/uploads\/sites\/9\/2018\/10\/\u0141\u00f3d\u017a-8-300x196.jpg 300w, https:\/\/pb.edu.pl\/sjo\/wp-content\/uploads\/sites\/9\/2018\/10\/\u0141\u00f3d\u017a-8-768x502.jpg 768w, https:\/\/pb.edu.pl\/sjo\/wp-content\/uploads\/sites\/9\/2018\/10\/\u0141\u00f3d\u017a-8-1024x669.jpg 1024w\" sizes=\"auto, (max-width: 1653px) 100vw, 1653px\" \/><\/a>\n\t\t\t<\/div><\/figure><figure class='gallery-item'>\n\t\t\t<div class='gallery-icon portrait'>\n\t\t\t\t<a href='https:\/\/pb.edu.pl\/sjo\/wp-content\/uploads\/sites\/9\/2018\/10\/\u0141\u00f3d\u017a-9.jpg'><img loading=\"lazy\" decoding=\"async\" width=\"1067\" height=\"1600\" src=\"https:\/\/pb.edu.pl\/sjo\/wp-content\/uploads\/sites\/9\/2018\/10\/\u0141\u00f3d\u017a-9.jpg\" class=\"attachment-full size-full\" alt=\"Lektor High-Tech\" srcset=\"https:\/\/pb.edu.pl\/sjo\/wp-content\/uploads\/sites\/9\/2018\/10\/\u0141\u00f3d\u017a-9.jpg 1067w, https:\/\/pb.edu.pl\/sjo\/wp-content\/uploads\/sites\/9\/2018\/10\/\u0141\u00f3d\u017a-9-200x300.jpg 200w, https:\/\/pb.edu.pl\/sjo\/wp-content\/uploads\/sites\/9\/2018\/10\/\u0141\u00f3d\u017a-9-768x1152.jpg 768w, https:\/\/pb.edu.pl\/sjo\/wp-content\/uploads\/sites\/9\/2018\/10\/\u0141\u00f3d\u017a-9-683x1024.jpg 683w\" sizes=\"auto, (max-width: 1067px) 100vw, 1067px\" \/><\/a>\n\t\t\t<\/div><\/figure><figure class='gallery-item'>\n\t\t\t<div class='gallery-icon portrait'>\n\t\t\t\t<a href='https:\/\/pb.edu.pl\/sjo\/wp-content\/uploads\/sites\/9\/2018\/10\/\u0141\u00f3d\u017a-10.jpg'><img loading=\"lazy\" decoding=\"async\" width=\"1080\" height=\"1631\" src=\"https:\/\/pb.edu.pl\/sjo\/wp-content\/uploads\/sites\/9\/2018\/10\/\u0141\u00f3d\u017a-10.jpg\" class=\"attachment-full size-full\" alt=\"Lektor High-Tech\" srcset=\"https:\/\/pb.edu.pl\/sjo\/wp-content\/uploads\/sites\/9\/2018\/10\/\u0141\u00f3d\u017a-10.jpg 1080w, https:\/\/pb.edu.pl\/sjo\/wp-content\/uploads\/sites\/9\/2018\/10\/\u0141\u00f3d\u017a-10-199x300.jpg 199w, https:\/\/pb.edu.pl\/sjo\/wp-content\/uploads\/sites\/9\/2018\/10\/\u0141\u00f3d\u017a-10-768x1160.jpg 768w, https:\/\/pb.edu.pl\/sjo\/wp-content\/uploads\/sites\/9\/2018\/10\/\u0141\u00f3d\u017a-10-678x1024.jpg 678w\" sizes=\"auto, (max-width: 1080px) 100vw, 1080px\" \/><\/a>\n\t\t\t<\/div><\/figure>\n\t\t<\/div>\n\n<p>&nbsp;<\/p>\n<p>&nbsp;<\/p>\n","protected":false},"excerpt":{"rendered":"<p>LEKTOR HIGH-TECH Og\u00f3lnopolska konferencja dla nauczycieli i metodyk\u00f3w nauczania j\u0119zyk\u00f3w obcych, \u0141\u00f3d\u017a, 21-22 wrze\u015bnia 2018<\/p>\n","protected":false},"author":6,"featured_media":0,"parent":137,"menu_order":0,"comment_status":"closed","ping_status":"closed","template":"","meta":{"_acf_changed":false,"ngg_post_thumbnail":0,"footnotes":""},"class_list":["post-5674","page","type-page","status-publish","hentry"],"acf":[],"yoast_head":"<!-- This site is optimized with the Yoast SEO plugin v27.0 - https:\/\/yoast.com\/product\/yoast-seo-wordpress\/ -->\n<title>Lektor High-Tech - Studium J\u0119zyk\u00f3w Obcych<\/title>\n<meta name=\"description\" content=\"LEKTOR HIGH-TECH Og\u00f3lnopolska konferencja dla nauczycieli i metodyk\u00f3w nauczania j\u0119zyk\u00f3w obcych, \u0141\u00f3d\u017a, 21-22 wrze\u015bnia 2018 &nbsp; W dniach 21 - 22 wrze\u015bnia\" \/>\n<meta name=\"robots\" content=\"index, follow, max-snippet:-1, max-image-preview:large, max-video-preview:-1\" \/>\n<link rel=\"canonical\" href=\"https:\/\/pb.edu.pl\/sjo\/wydarzenia-sjo\/wydarzenia-archiwum\/lektor-high-tech\/\" \/>\n<meta property=\"og:locale\" content=\"pl_PL\" \/>\n<meta property=\"og:type\" content=\"article\" \/>\n<meta property=\"og:title\" content=\"Lektor High-Tech - Studium J\u0119zyk\u00f3w Obcych\" \/>\n<meta property=\"og:description\" content=\"LEKTOR HIGH-TECH Og\u00f3lnopolska konferencja dla nauczycieli i metodyk\u00f3w nauczania j\u0119zyk\u00f3w obcych, \u0141\u00f3d\u017a, 21-22 wrze\u015bnia 2018 &nbsp; W dniach 21 - 22 wrze\u015bnia\" \/>\n<meta property=\"og:url\" content=\"https:\/\/pb.edu.pl\/sjo\/wydarzenia-sjo\/wydarzenia-archiwum\/lektor-high-tech\/\" \/>\n<meta property=\"og:site_name\" content=\"Studium J\u0119zyk\u00f3w Obcych\" \/>\n<meta property=\"article:modified_time\" content=\"2018-10-03T22:35:50+00:00\" \/>\n<meta property=\"og:image\" content=\"https:\/\/pb.edu.pl\/sjo\/wp-content\/uploads\/sites\/9\/2018\/10\/\u0141\u00f3d\u017a-2018-1.jpg\" \/>\n<meta name=\"twitter:label1\" content=\"Szacowany czas czytania\" \/>\n\t<meta name=\"twitter:data1\" content=\"1 minuta\" \/>\n<script type=\"application\/ld+json\" class=\"yoast-schema-graph\">{\"@context\":\"https:\/\/schema.org\",\"@graph\":[{\"@type\":\"WebPage\",\"@id\":\"https:\/\/pb.edu.pl\/sjo\/wydarzenia-sjo\/wydarzenia-archiwum\/lektor-high-tech\/\",\"url\":\"https:\/\/pb.edu.pl\/sjo\/wydarzenia-sjo\/wydarzenia-archiwum\/lektor-high-tech\/\",\"name\":\"Lektor High-Tech - Studium J\u0119zyk\u00f3w Obcych\",\"isPartOf\":{\"@id\":\"https:\/\/pb.edu.pl\/sjo\/#website\"},\"datePublished\":\"2018-10-01T21:20:26+00:00\",\"dateModified\":\"2018-10-03T22:35:50+00:00\",\"description\":\"LEKTOR HIGH-TECH Og\u00f3lnopolska konferencja dla nauczycieli i metodyk\u00f3w nauczania j\u0119zyk\u00f3w obcych, \u0141\u00f3d\u017a, 21-22 wrze\u015bnia 2018 &nbsp; W dniach 21 - 22 wrze\u015bnia\",\"breadcrumb\":{\"@id\":\"https:\/\/pb.edu.pl\/sjo\/wydarzenia-sjo\/wydarzenia-archiwum\/lektor-high-tech\/#breadcrumb\"},\"inLanguage\":\"pl-PL\",\"potentialAction\":[{\"@type\":\"ReadAction\",\"target\":[\"https:\/\/pb.edu.pl\/sjo\/wydarzenia-sjo\/wydarzenia-archiwum\/lektor-high-tech\/\"]}]},{\"@type\":\"BreadcrumbList\",\"@id\":\"https:\/\/pb.edu.pl\/sjo\/wydarzenia-sjo\/wydarzenia-archiwum\/lektor-high-tech\/#breadcrumb\",\"itemListElement\":[{\"@type\":\"ListItem\",\"position\":1,\"name\":\"Home\",\"item\":\"https:\/\/pb.edu.pl\/sjo\/\"},{\"@type\":\"ListItem\",\"position\":2,\"name\":\"Wydarzenia SJO\",\"item\":\"https:\/\/pb.edu.pl\/sjo\/wydarzenia-sjo\/\"},{\"@type\":\"ListItem\",\"position\":3,\"name\":\"Wydarzenia\",\"item\":\"https:\/\/pb.edu.pl\/sjo\/wydarzenia-sjo\/wydarzenia-archiwum\/\"},{\"@type\":\"ListItem\",\"position\":4,\"name\":\"Lektor High-Tech\"}]},{\"@type\":\"WebSite\",\"@id\":\"https:\/\/pb.edu.pl\/sjo\/#website\",\"url\":\"https:\/\/pb.edu.pl\/sjo\/\",\"name\":\"Studium J\u0119zyk\u00f3w Obcych\",\"description\":\"\",\"potentialAction\":[{\"@type\":\"SearchAction\",\"target\":{\"@type\":\"EntryPoint\",\"urlTemplate\":\"https:\/\/pb.edu.pl\/sjo\/?s={search_term_string}\"},\"query-input\":{\"@type\":\"PropertyValueSpecification\",\"valueRequired\":true,\"valueName\":\"search_term_string\"}}],\"inLanguage\":\"pl-PL\"}]}<\/script>\n<!-- \/ Yoast SEO plugin. -->","yoast_head_json":{"title":"Lektor High-Tech - Studium J\u0119zyk\u00f3w Obcych","description":"LEKTOR HIGH-TECH Og\u00f3lnopolska konferencja dla nauczycieli i metodyk\u00f3w nauczania j\u0119zyk\u00f3w obcych, \u0141\u00f3d\u017a, 21-22 wrze\u015bnia 2018 &nbsp; W dniach 21 - 22 wrze\u015bnia","robots":{"index":"index","follow":"follow","max-snippet":"max-snippet:-1","max-image-preview":"max-image-preview:large","max-video-preview":"max-video-preview:-1"},"canonical":"https:\/\/pb.edu.pl\/sjo\/wydarzenia-sjo\/wydarzenia-archiwum\/lektor-high-tech\/","og_locale":"pl_PL","og_type":"article","og_title":"Lektor High-Tech - Studium J\u0119zyk\u00f3w Obcych","og_description":"LEKTOR HIGH-TECH Og\u00f3lnopolska konferencja dla nauczycieli i metodyk\u00f3w nauczania j\u0119zyk\u00f3w obcych, \u0141\u00f3d\u017a, 21-22 wrze\u015bnia 2018 &nbsp; W dniach 21 - 22 wrze\u015bnia","og_url":"https:\/\/pb.edu.pl\/sjo\/wydarzenia-sjo\/wydarzenia-archiwum\/lektor-high-tech\/","og_site_name":"Studium J\u0119zyk\u00f3w Obcych","article_modified_time":"2018-10-03T22:35:50+00:00","og_image":[{"url":"https:\/\/pb.edu.pl\/sjo\/wp-content\/uploads\/sites\/9\/2018\/10\/\u0141\u00f3d\u017a-2018-1.jpg","type":"","width":"","height":""}],"twitter_misc":{"Szacowany czas czytania":"1 minuta"},"schema":{"@context":"https:\/\/schema.org","@graph":[{"@type":"WebPage","@id":"https:\/\/pb.edu.pl\/sjo\/wydarzenia-sjo\/wydarzenia-archiwum\/lektor-high-tech\/","url":"https:\/\/pb.edu.pl\/sjo\/wydarzenia-sjo\/wydarzenia-archiwum\/lektor-high-tech\/","name":"Lektor High-Tech - Studium J\u0119zyk\u00f3w Obcych","isPartOf":{"@id":"https:\/\/pb.edu.pl\/sjo\/#website"},"datePublished":"2018-10-01T21:20:26+00:00","dateModified":"2018-10-03T22:35:50+00:00","description":"LEKTOR HIGH-TECH Og\u00f3lnopolska konferencja dla nauczycieli i metodyk\u00f3w nauczania j\u0119zyk\u00f3w obcych, \u0141\u00f3d\u017a, 21-22 wrze\u015bnia 2018 &nbsp; W dniach 21 - 22 wrze\u015bnia","breadcrumb":{"@id":"https:\/\/pb.edu.pl\/sjo\/wydarzenia-sjo\/wydarzenia-archiwum\/lektor-high-tech\/#breadcrumb"},"inLanguage":"pl-PL","potentialAction":[{"@type":"ReadAction","target":["https:\/\/pb.edu.pl\/sjo\/wydarzenia-sjo\/wydarzenia-archiwum\/lektor-high-tech\/"]}]},{"@type":"BreadcrumbList","@id":"https:\/\/pb.edu.pl\/sjo\/wydarzenia-sjo\/wydarzenia-archiwum\/lektor-high-tech\/#breadcrumb","itemListElement":[{"@type":"ListItem","position":1,"name":"Home","item":"https:\/\/pb.edu.pl\/sjo\/"},{"@type":"ListItem","position":2,"name":"Wydarzenia SJO","item":"https:\/\/pb.edu.pl\/sjo\/wydarzenia-sjo\/"},{"@type":"ListItem","position":3,"name":"Wydarzenia","item":"https:\/\/pb.edu.pl\/sjo\/wydarzenia-sjo\/wydarzenia-archiwum\/"},{"@type":"ListItem","position":4,"name":"Lektor High-Tech"}]},{"@type":"WebSite","@id":"https:\/\/pb.edu.pl\/sjo\/#website","url":"https:\/\/pb.edu.pl\/sjo\/","name":"Studium J\u0119zyk\u00f3w Obcych","description":"","potentialAction":[{"@type":"SearchAction","target":{"@type":"EntryPoint","urlTemplate":"https:\/\/pb.edu.pl\/sjo\/?s={search_term_string}"},"query-input":{"@type":"PropertyValueSpecification","valueRequired":true,"valueName":"search_term_string"}}],"inLanguage":"pl-PL"}]}},"_links":{"self":[{"href":"https:\/\/pb.edu.pl\/sjo\/wp-json\/wp\/v2\/pages\/5674","targetHints":{"allow":["GET"]}}],"collection":[{"href":"https:\/\/pb.edu.pl\/sjo\/wp-json\/wp\/v2\/pages"}],"about":[{"href":"https:\/\/pb.edu.pl\/sjo\/wp-json\/wp\/v2\/types\/page"}],"author":[{"embeddable":true,"href":"https:\/\/pb.edu.pl\/sjo\/wp-json\/wp\/v2\/users\/6"}],"replies":[{"embeddable":true,"href":"https:\/\/pb.edu.pl\/sjo\/wp-json\/wp\/v2\/comments?post=5674"}],"version-history":[{"count":0,"href":"https:\/\/pb.edu.pl\/sjo\/wp-json\/wp\/v2\/pages\/5674\/revisions"}],"up":[{"embeddable":true,"href":"https:\/\/pb.edu.pl\/sjo\/wp-json\/wp\/v2\/pages\/137"}],"wp:attachment":[{"href":"https:\/\/pb.edu.pl\/sjo\/wp-json\/wp\/v2\/media?parent=5674"}],"curies":[{"name":"wp","href":"https:\/\/api.w.org\/{rel}","templated":true}]}}