{"id":5596,"date":"2018-09-17T10:08:32","date_gmt":"2018-09-17T08:08:32","guid":{"rendered":"https:\/\/pb.edu.pl\/sjo\/?page_id=5596"},"modified":"2018-10-01T15:31:46","modified_gmt":"2018-10-01T13:31:46","slug":"universitat-politecnica-de-valencia","status":"publish","type":"page","link":"https:\/\/pb.edu.pl\/sjo\/dla-pracownika\/wspolpraca-z-zagranica\/universitat-politecnica-de-valencia\/","title":{"rendered":"Universitat Politecnica de Valencia"},"content":{"rendered":"<p>W dniach <strong>10-13 wrze\u015bnia<\/strong> odby\u0142y\u015bmy wizyt\u0119 w ramach programu Erasmus+ na <strong>Universitat Politecnica de Valencia<\/strong>, w ramach kt\u00f3rej prowadzi\u0142y\u015bmy zaj\u0119cia ze studentami informatyki. Mgr<strong> Halina Bramska<\/strong> przedstawi\u0142a ofert\u0119 edukacyjn\u0105 Politechniki Bia\u0142ostockiej oraz przybli\u017cy\u0142a kultur\u0119 i histori\u0119 naszego kraju i regionu w ramach interaktywnych \u0107wicze\u0144. Mgr <strong>Monika \u015aleszy\u0144ska<\/strong> skupi\u0142a si\u0119 na j\u0119zyku angielskim akademickim &#8211; wyja\u015bni\u0142a, w jaki spos\u00f3b nale\u017cy pisa\u0107 abstrakty, by przedstawiane w nich tre\u015bci by\u0142y sp\u00f3jne i poprawne. Obie prezentacje, powtarzane w kilku grupach \u0107wiczeniowych, spotka\u0142y si\u0119 z bardzo pozytywnym przyj\u0119ciem student\u00f3w i pracownik\u00f3w naukowych. Na Wydziale Informatyki Universitat Politecnica de Valencia j\u0119zyk angielski jest przedmiotem kierunkowym, a wi\u0119c obowi\u0105zkowym. Zaj\u0119cia dotycz\u0105 j\u0119zyka og\u00f3lnego i technicznego. Pracownicy to wy\u0142\u0105cznie angli\u015bci ze stopniem naukowym doktora, prowadz\u0105cy w\u0142asne&nbsp; badania, publikuj\u0105cy artyku\u0142y i ksi\u0105\u017cki.<\/p>\n<p>Rok akademicki rozpoczyna si\u0119 na pocz\u0105tku wrze\u015bnia, ko\u0144czy si\u0119 za\u015b w maju, w czerwcu odbywa si\u0119 jedynie sesja poprawkowa.<\/p>\n<p>Universitat Politecnica de Valencia kszta\u0142ci oko\u0142o 30 tysi\u0119cy student\u00f3w. Studenci maj\u0105 do dyspozycji liczne kafeterie i sto\u0142\u00f3wki, a lunch sk\u0142adaj\u0105cy si\u0119 z 2 da\u0144, napoju i deseru kosztuje poni\u017cej 5 euro. W rozleg\u0142ym kampusie znajduj\u0105 si\u0119 wszystkie wydzia\u0142y uczelni, a teren jest dobrze zagospodarowany. Uwag\u0119&nbsp; przykuwaj\u0105 nowoczesne rze\u017aby, miejsca wypoczynku i funkcjonalnie zaprojektowane budynki o interesuj\u0105cej architekturze. Studenci mog\u0105 czu\u0107 si\u0119 bezpiecznie, poniewa\u017c ochrona nieustannie patroluje teren kampusu na motocyklach i skuterach. Spo\u0142eczno\u015b\u0107 studencka to tak\u017ce np. Niemcy, Polacy i Chi\u0144czycy.<\/p>\n<p>Na Wydziale Informatyki cz\u0119\u015b\u0107 grup jest tylko angloj\u0119zyczna, tzn. wszystkie zaj\u0119cia prowadzone s\u0105 w j\u0119zyku angielskim. Studiowa\u0107 mo\u017cna oczywi\u015bcie r\u00f3wnie\u017c po hiszpa\u0144sku i walencku.<\/p>\n<p>Studenci chwal\u0105 \u0142atwo\u015b\u0107 parkowania na terenie kampusu, a tak\u017ce dost\u0119pno\u015b\u0107 biblioteki &#8211; nawet do godziny pierwszej w nocy podczas sesji egzaminacyjnej. Zauwa\u017cy\u0142y\u015bmy te\u017c, \u017ce portiernie wyposa\u017cone s\u0105 nie tylko w komputery, ale tak\u017ce w drukarki, a ich pracownicy, podobnie jak pracownicy dzia\u0142u technicznego, znaj\u0105 j\u0119zyk angielski w stopniu pozwalaj\u0105cym na komunikacj\u0119. Na terenie uczelni znajduje si\u0119 te\u017c punkt informacyjny dla student\u00f3w, z kt\u00f3rego korzystaj\u0105 studenci pierwszego roku czy te\u017c nowo przybyli &#8211; na pewno jest to pomys\u0142 wart na\u015bladowania.<\/p>\n<p>Studia w Hiszpanii nie s\u0105 tanie: kosztuj\u0105 1500 euro rocznie. Koszt mieszkania to przeci\u0119tnie 250 euro za pok\u00f3j we wsp\u00f3lnie wynajmowanym lokalu (akademiki s\u0105 dro\u017csze), pozosta\u0142e wydatki studenci szacuj\u0105 na oko\u0142o 450 euro miesi\u0119cznie.<\/p>\n<p>Nasz\u0105 wizyt\u0119 uwa\u017camy za owocn\u0105, mamy nadziej\u0119, \u017ce przyniesie w przysz\u0142o\u015bci dalsz\u0105 wymian\u0119 do\u015bwiadcze\u0144 z nauczycielami Universitat Politecnica de Valencia.<\/p>\n<div id='gallery-1' class='gallery galleryid-5596 gallery-columns-2 gallery-size-full'><figure class='gallery-item'>\n\t\t\t<div class='gallery-icon landscape'>\n\t\t\t\t<a href='https:\/\/pb.edu.pl\/sjo\/wp-content\/uploads\/sites\/9\/2018\/10\/Valencia-1.jpg'><img loading=\"lazy\" decoding=\"async\" width=\"1152\" height=\"768\" src=\"https:\/\/pb.edu.pl\/sjo\/wp-content\/uploads\/sites\/9\/2018\/10\/Valencia-1.jpg\" class=\"attachment-full size-full\" alt=\"\" srcset=\"https:\/\/pb.edu.pl\/sjo\/wp-content\/uploads\/sites\/9\/2018\/10\/Valencia-1.jpg 1152w, https:\/\/pb.edu.pl\/sjo\/wp-content\/uploads\/sites\/9\/2018\/10\/Valencia-1-300x200.jpg 300w, https:\/\/pb.edu.pl\/sjo\/wp-content\/uploads\/sites\/9\/2018\/10\/Valencia-1-768x512.jpg 768w, https:\/\/pb.edu.pl\/sjo\/wp-content\/uploads\/sites\/9\/2018\/10\/Valencia-1-1024x683.jpg 1024w, https:\/\/pb.edu.pl\/sjo\/wp-content\/uploads\/sites\/9\/2018\/10\/Valencia-1-480x320.jpg 480w\" sizes=\"auto, (max-width: 1152px) 100vw, 1152px\" \/><\/a>\n\t\t\t<\/div><\/figure><figure class='gallery-item'>\n\t\t\t<div class='gallery-icon landscape'>\n\t\t\t\t<a href='https:\/\/pb.edu.pl\/sjo\/wp-content\/uploads\/sites\/9\/2018\/10\/Valencia-2.jpg'><img loading=\"lazy\" decoding=\"async\" width=\"1152\" height=\"768\" src=\"https:\/\/pb.edu.pl\/sjo\/wp-content\/uploads\/sites\/9\/2018\/10\/Valencia-2.jpg\" class=\"attachment-full size-full\" alt=\"\" srcset=\"https:\/\/pb.edu.pl\/sjo\/wp-content\/uploads\/sites\/9\/2018\/10\/Valencia-2.jpg 1152w, https:\/\/pb.edu.pl\/sjo\/wp-content\/uploads\/sites\/9\/2018\/10\/Valencia-2-300x200.jpg 300w, https:\/\/pb.edu.pl\/sjo\/wp-content\/uploads\/sites\/9\/2018\/10\/Valencia-2-768x512.jpg 768w, https:\/\/pb.edu.pl\/sjo\/wp-content\/uploads\/sites\/9\/2018\/10\/Valencia-2-1024x683.jpg 1024w, https:\/\/pb.edu.pl\/sjo\/wp-content\/uploads\/sites\/9\/2018\/10\/Valencia-2-480x320.jpg 480w\" sizes=\"auto, (max-width: 1152px) 100vw, 1152px\" \/><\/a>\n\t\t\t<\/div><\/figure><figure class='gallery-item'>\n\t\t\t<div class='gallery-icon landscape'>\n\t\t\t\t<a href='https:\/\/pb.edu.pl\/sjo\/wp-content\/uploads\/sites\/9\/2018\/10\/Valencia-3.jpg'><img loading=\"lazy\" decoding=\"async\" width=\"1152\" height=\"768\" src=\"https:\/\/pb.edu.pl\/sjo\/wp-content\/uploads\/sites\/9\/2018\/10\/Valencia-3.jpg\" class=\"attachment-full size-full\" alt=\"\" srcset=\"https:\/\/pb.edu.pl\/sjo\/wp-content\/uploads\/sites\/9\/2018\/10\/Valencia-3.jpg 1152w, https:\/\/pb.edu.pl\/sjo\/wp-content\/uploads\/sites\/9\/2018\/10\/Valencia-3-300x200.jpg 300w, https:\/\/pb.edu.pl\/sjo\/wp-content\/uploads\/sites\/9\/2018\/10\/Valencia-3-768x512.jpg 768w, https:\/\/pb.edu.pl\/sjo\/wp-content\/uploads\/sites\/9\/2018\/10\/Valencia-3-1024x683.jpg 1024w, https:\/\/pb.edu.pl\/sjo\/wp-content\/uploads\/sites\/9\/2018\/10\/Valencia-3-480x320.jpg 480w\" sizes=\"auto, (max-width: 1152px) 100vw, 1152px\" \/><\/a>\n\t\t\t<\/div><\/figure><figure class='gallery-item'>\n\t\t\t<div class='gallery-icon landscape'>\n\t\t\t\t<a href='https:\/\/pb.edu.pl\/sjo\/wp-content\/uploads\/sites\/9\/2018\/10\/Valencia-4.jpg'><img loading=\"lazy\" decoding=\"async\" width=\"1267\" height=\"768\" src=\"https:\/\/pb.edu.pl\/sjo\/wp-content\/uploads\/sites\/9\/2018\/10\/Valencia-4.jpg\" class=\"attachment-full size-full\" alt=\"\" srcset=\"https:\/\/pb.edu.pl\/sjo\/wp-content\/uploads\/sites\/9\/2018\/10\/Valencia-4.jpg 1267w, https:\/\/pb.edu.pl\/sjo\/wp-content\/uploads\/sites\/9\/2018\/10\/Valencia-4-300x182.jpg 300w, https:\/\/pb.edu.pl\/sjo\/wp-content\/uploads\/sites\/9\/2018\/10\/Valencia-4-768x466.jpg 768w, https:\/\/pb.edu.pl\/sjo\/wp-content\/uploads\/sites\/9\/2018\/10\/Valencia-4-1024x621.jpg 1024w\" sizes=\"auto, (max-width: 1267px) 100vw, 1267px\" \/><\/a>\n\t\t\t<\/div><\/figure>\n\t\t<\/div>\n\n","protected":false},"excerpt":{"rendered":"<p>W dniach 10-13 wrze\u015bnia odby\u0142y\u015bmy wizyt\u0119 w ramach programu Erasmus+ na Universitat Politecnica de Valencia,<\/p>\n","protected":false},"author":6,"featured_media":0,"parent":5020,"menu_order":0,"comment_status":"closed","ping_status":"closed","template":"","meta":{"_acf_changed":false,"ngg_post_thumbnail":0,"footnotes":""},"class_list":["post-5596","page","type-page","status-publish","hentry"],"acf":[],"yoast_head":"<!-- This site is optimized with the Yoast SEO plugin v27.0 - https:\/\/yoast.com\/product\/yoast-seo-wordpress\/ -->\n<title>Universitat Politecnica de Valencia - Studium J\u0119zyk\u00f3w Obcych<\/title>\n<meta name=\"description\" content=\"W dniach 10-13 wrze\u015bnia odby\u0142y\u015bmy wizyt\u0119 w ramach programu Erasmus+ na Universitat Politecnica de Valencia, w ramach kt\u00f3rej prowadzi\u0142y\u015bmy zaj\u0119cia ze\" \/>\n<meta name=\"robots\" content=\"index, follow, max-snippet:-1, max-image-preview:large, max-video-preview:-1\" \/>\n<link rel=\"canonical\" href=\"https:\/\/pb.edu.pl\/sjo\/dla-pracownika\/wspolpraca-z-zagranica\/universitat-politecnica-de-valencia\/\" \/>\n<meta property=\"og:locale\" content=\"pl_PL\" \/>\n<meta property=\"og:type\" content=\"article\" \/>\n<meta property=\"og:title\" content=\"Universitat Politecnica de Valencia - Studium J\u0119zyk\u00f3w Obcych\" \/>\n<meta property=\"og:description\" content=\"W dniach 10-13 wrze\u015bnia odby\u0142y\u015bmy wizyt\u0119 w ramach programu Erasmus+ na Universitat Politecnica de Valencia, w ramach kt\u00f3rej prowadzi\u0142y\u015bmy zaj\u0119cia ze\" \/>\n<meta property=\"og:url\" content=\"https:\/\/pb.edu.pl\/sjo\/dla-pracownika\/wspolpraca-z-zagranica\/universitat-politecnica-de-valencia\/\" \/>\n<meta property=\"og:site_name\" content=\"Studium J\u0119zyk\u00f3w Obcych\" \/>\n<meta property=\"article:modified_time\" content=\"2018-10-01T13:31:46+00:00\" \/>\n<meta property=\"og:image\" content=\"https:\/\/pb.edu.pl\/sjo\/wp-content\/uploads\/sites\/9\/2018\/10\/Valencia-1.jpg\" \/>\n<meta name=\"twitter:label1\" content=\"Szacowany czas czytania\" \/>\n\t<meta name=\"twitter:data1\" content=\"2 minuty\" \/>\n<script type=\"application\/ld+json\" class=\"yoast-schema-graph\">{\"@context\":\"https:\/\/schema.org\",\"@graph\":[{\"@type\":\"WebPage\",\"@id\":\"https:\/\/pb.edu.pl\/sjo\/dla-pracownika\/wspolpraca-z-zagranica\/universitat-politecnica-de-valencia\/\",\"url\":\"https:\/\/pb.edu.pl\/sjo\/dla-pracownika\/wspolpraca-z-zagranica\/universitat-politecnica-de-valencia\/\",\"name\":\"Universitat Politecnica de Valencia - Studium J\u0119zyk\u00f3w Obcych\",\"isPartOf\":{\"@id\":\"https:\/\/pb.edu.pl\/sjo\/#website\"},\"datePublished\":\"2018-09-17T08:08:32+00:00\",\"dateModified\":\"2018-10-01T13:31:46+00:00\",\"description\":\"W dniach 10-13 wrze\u015bnia odby\u0142y\u015bmy wizyt\u0119 w ramach programu Erasmus+ na Universitat Politecnica de Valencia, w ramach kt\u00f3rej prowadzi\u0142y\u015bmy zaj\u0119cia ze\",\"breadcrumb\":{\"@id\":\"https:\/\/pb.edu.pl\/sjo\/dla-pracownika\/wspolpraca-z-zagranica\/universitat-politecnica-de-valencia\/#breadcrumb\"},\"inLanguage\":\"pl-PL\",\"potentialAction\":[{\"@type\":\"ReadAction\",\"target\":[\"https:\/\/pb.edu.pl\/sjo\/dla-pracownika\/wspolpraca-z-zagranica\/universitat-politecnica-de-valencia\/\"]}]},{\"@type\":\"BreadcrumbList\",\"@id\":\"https:\/\/pb.edu.pl\/sjo\/dla-pracownika\/wspolpraca-z-zagranica\/universitat-politecnica-de-valencia\/#breadcrumb\",\"itemListElement\":[{\"@type\":\"ListItem\",\"position\":1,\"name\":\"Home\",\"item\":\"https:\/\/pb.edu.pl\/sjo\/\"},{\"@type\":\"ListItem\",\"position\":2,\"name\":\"Pracuj\u0119 w PB\",\"item\":\"https:\/\/pb.edu.pl\/sjo\/dla-pracownika\/\"},{\"@type\":\"ListItem\",\"position\":3,\"name\":\"Wsp\u00f3\u0142praca z zagranic\u0105\",\"item\":\"https:\/\/pb.edu.pl\/sjo\/dla-pracownika\/wspolpraca-z-zagranica\/\"},{\"@type\":\"ListItem\",\"position\":4,\"name\":\"Universitat Politecnica de Valencia\"}]},{\"@type\":\"WebSite\",\"@id\":\"https:\/\/pb.edu.pl\/sjo\/#website\",\"url\":\"https:\/\/pb.edu.pl\/sjo\/\",\"name\":\"Studium J\u0119zyk\u00f3w Obcych\",\"description\":\"\",\"potentialAction\":[{\"@type\":\"SearchAction\",\"target\":{\"@type\":\"EntryPoint\",\"urlTemplate\":\"https:\/\/pb.edu.pl\/sjo\/?s={search_term_string}\"},\"query-input\":{\"@type\":\"PropertyValueSpecification\",\"valueRequired\":true,\"valueName\":\"search_term_string\"}}],\"inLanguage\":\"pl-PL\"}]}<\/script>\n<!-- \/ Yoast SEO plugin. -->","yoast_head_json":{"title":"Universitat Politecnica de Valencia - Studium J\u0119zyk\u00f3w Obcych","description":"W dniach 10-13 wrze\u015bnia odby\u0142y\u015bmy wizyt\u0119 w ramach programu Erasmus+ na Universitat Politecnica de Valencia, w ramach kt\u00f3rej prowadzi\u0142y\u015bmy zaj\u0119cia ze","robots":{"index":"index","follow":"follow","max-snippet":"max-snippet:-1","max-image-preview":"max-image-preview:large","max-video-preview":"max-video-preview:-1"},"canonical":"https:\/\/pb.edu.pl\/sjo\/dla-pracownika\/wspolpraca-z-zagranica\/universitat-politecnica-de-valencia\/","og_locale":"pl_PL","og_type":"article","og_title":"Universitat Politecnica de Valencia - Studium J\u0119zyk\u00f3w Obcych","og_description":"W dniach 10-13 wrze\u015bnia odby\u0142y\u015bmy wizyt\u0119 w ramach programu Erasmus+ na Universitat Politecnica de Valencia, w ramach kt\u00f3rej prowadzi\u0142y\u015bmy zaj\u0119cia ze","og_url":"https:\/\/pb.edu.pl\/sjo\/dla-pracownika\/wspolpraca-z-zagranica\/universitat-politecnica-de-valencia\/","og_site_name":"Studium J\u0119zyk\u00f3w Obcych","article_modified_time":"2018-10-01T13:31:46+00:00","og_image":[{"url":"https:\/\/pb.edu.pl\/sjo\/wp-content\/uploads\/sites\/9\/2018\/10\/Valencia-1.jpg","type":"","width":"","height":""}],"twitter_misc":{"Szacowany czas czytania":"2 minuty"},"schema":{"@context":"https:\/\/schema.org","@graph":[{"@type":"WebPage","@id":"https:\/\/pb.edu.pl\/sjo\/dla-pracownika\/wspolpraca-z-zagranica\/universitat-politecnica-de-valencia\/","url":"https:\/\/pb.edu.pl\/sjo\/dla-pracownika\/wspolpraca-z-zagranica\/universitat-politecnica-de-valencia\/","name":"Universitat Politecnica de Valencia - Studium J\u0119zyk\u00f3w Obcych","isPartOf":{"@id":"https:\/\/pb.edu.pl\/sjo\/#website"},"datePublished":"2018-09-17T08:08:32+00:00","dateModified":"2018-10-01T13:31:46+00:00","description":"W dniach 10-13 wrze\u015bnia odby\u0142y\u015bmy wizyt\u0119 w ramach programu Erasmus+ na Universitat Politecnica de Valencia, w ramach kt\u00f3rej prowadzi\u0142y\u015bmy zaj\u0119cia ze","breadcrumb":{"@id":"https:\/\/pb.edu.pl\/sjo\/dla-pracownika\/wspolpraca-z-zagranica\/universitat-politecnica-de-valencia\/#breadcrumb"},"inLanguage":"pl-PL","potentialAction":[{"@type":"ReadAction","target":["https:\/\/pb.edu.pl\/sjo\/dla-pracownika\/wspolpraca-z-zagranica\/universitat-politecnica-de-valencia\/"]}]},{"@type":"BreadcrumbList","@id":"https:\/\/pb.edu.pl\/sjo\/dla-pracownika\/wspolpraca-z-zagranica\/universitat-politecnica-de-valencia\/#breadcrumb","itemListElement":[{"@type":"ListItem","position":1,"name":"Home","item":"https:\/\/pb.edu.pl\/sjo\/"},{"@type":"ListItem","position":2,"name":"Pracuj\u0119 w PB","item":"https:\/\/pb.edu.pl\/sjo\/dla-pracownika\/"},{"@type":"ListItem","position":3,"name":"Wsp\u00f3\u0142praca z zagranic\u0105","item":"https:\/\/pb.edu.pl\/sjo\/dla-pracownika\/wspolpraca-z-zagranica\/"},{"@type":"ListItem","position":4,"name":"Universitat Politecnica de Valencia"}]},{"@type":"WebSite","@id":"https:\/\/pb.edu.pl\/sjo\/#website","url":"https:\/\/pb.edu.pl\/sjo\/","name":"Studium J\u0119zyk\u00f3w Obcych","description":"","potentialAction":[{"@type":"SearchAction","target":{"@type":"EntryPoint","urlTemplate":"https:\/\/pb.edu.pl\/sjo\/?s={search_term_string}"},"query-input":{"@type":"PropertyValueSpecification","valueRequired":true,"valueName":"search_term_string"}}],"inLanguage":"pl-PL"}]}},"_links":{"self":[{"href":"https:\/\/pb.edu.pl\/sjo\/wp-json\/wp\/v2\/pages\/5596","targetHints":{"allow":["GET"]}}],"collection":[{"href":"https:\/\/pb.edu.pl\/sjo\/wp-json\/wp\/v2\/pages"}],"about":[{"href":"https:\/\/pb.edu.pl\/sjo\/wp-json\/wp\/v2\/types\/page"}],"author":[{"embeddable":true,"href":"https:\/\/pb.edu.pl\/sjo\/wp-json\/wp\/v2\/users\/6"}],"replies":[{"embeddable":true,"href":"https:\/\/pb.edu.pl\/sjo\/wp-json\/wp\/v2\/comments?post=5596"}],"version-history":[{"count":0,"href":"https:\/\/pb.edu.pl\/sjo\/wp-json\/wp\/v2\/pages\/5596\/revisions"}],"up":[{"embeddable":true,"href":"https:\/\/pb.edu.pl\/sjo\/wp-json\/wp\/v2\/pages\/5020"}],"wp:attachment":[{"href":"https:\/\/pb.edu.pl\/sjo\/wp-json\/wp\/v2\/media?parent=5596"}],"curies":[{"name":"wp","href":"https:\/\/api.w.org\/{rel}","templated":true}]}}