{"id":5572,"date":"2018-09-10T19:28:07","date_gmt":"2018-09-10T17:28:07","guid":{"rendered":"https:\/\/pb.edu.pl\/sjo\/?page_id=5572"},"modified":"2018-09-11T11:49:16","modified_gmt":"2018-09-11T09:49:16","slug":"instituto-politechnico-de-setubal","status":"publish","type":"page","link":"https:\/\/pb.edu.pl\/sjo\/dla-pracownika\/wspolpraca-z-zagranica\/instituto-politechnico-de-setubal\/","title":{"rendered":"Instituto Politechnico de Setubal"},"content":{"rendered":"<p><strong>Instituto Politechnico de Setubal, Setubal, Portugalia, 11-15 kwietnia 2016<\/strong><\/p>\n<p>&nbsp;<\/p>\n<p>W dniach <strong>11-15 kwietnia 2016<\/strong> przebywa\u0142y\u015bmy w <strong>Instituto Politechnico de Setubal<\/strong>, w Portugalii, w ramach programu Erasmus+. Zgodnie z porozumieniem o programie zaj\u0119\u0107, Teaching Agreement, przeprowadzi\u0142y\u015bmy zaj\u0119cia dla student\u00f3w studi\u00f3w pierwszego i drugiego stopnia kierunk\u00f3w technicznych, g\u0142\u00f3wnie mechaniki i in\u017cynierii produkcji. Tematem zaj\u0119\u0107 by\u0142o pisanie sprawozda\u0144 z przeprowadzonych test\u00f3w i bada\u0144 specjalistycznych, z naciskiem na u\u017cycie poprawnego j\u0119zyka technicznego oraz zachowania formy sprawozdania oraz budowanie zespo\u0142u projektowego.<\/p>\n<p>Ponadto wzi\u0119\u0142y\u015bmy udzia\u0142 w 9th International Week, podczas kt\u00f3rego przedstawi\u0142y\u015bmy dwie prezentacje. Pierwsza z nich mia\u0142a charakter promocyjno-informacyjny i dotyczy\u0142a Politechniki Bia\u0142ostockiej, jej wydzia\u0142\u00f3w i Studium J\u0119zyk\u00f3w Obcych. Druga, obszerna prezentacja, zatytu\u0142owana \u201eInternationalization of the educational offer of Foreign Language Centre in Bialystok University of Technology (BUT) \u201d, nawi\u0105zywa\u0142a do tematu przewodniego mi\u0119dzynarodowego tygodnia i by\u0142a przedmiotem szczeg\u00f3lnego zainteresowania w\u0142adz uczelni. Nasza prezentacja omawia\u0142a r\u00f3\u017cne aspekty internacjonalizacji w odniesieniu do oferty edukacyjnej PB. Zaprezentowa\u0142y\u015bmy w jaki spos\u00f3b SJO wzbogaca programy studi\u00f3w na PB o tre\u015bci interkulturowe i wnosi wk\u0142ad w integracj\u0119 r\u00f3\u017cnorodnych kulturowo grup student\u00f3w. Przedstawi\u0142y\u015bmy ofert\u0119 zaj\u0119\u0107 z j\u0119zyk\u00f3w obcych i j\u0119zyka polskiego prowadzonych w Studium dla student\u00f3w krajowych i zagranicznych oraz szereg aktywno\u015bci maj\u0105cych na celu zapoznanie student\u00f3w zagranicznych z kultur\u0105 i obyczajami naszego kraju i regionu, np. warsztaty muzyczne, kulinarne, taneczne i r\u0119kodzie\u0142a, gry j\u0119zykowe, miejskie, wycieczki do ciekawych zak\u0105tk\u00f3w Podlasia, itp.<\/p>\n<p>Celem przeprowadzonych zaj\u0119\u0107 i prezentacji by\u0142o, poza realizacj\u0105 porozumienia, zach\u0119cenie student\u00f3w do skorzystania z szerokiej oferty edukacyjnej PB. Studenci portugalscy i mi\u0119dzynarodowi, kt\u00f3rzy uczestniczyli w zaj\u0119ciach, do\u015b\u0107 dobrze m\u00f3wili i pisali po angielsku oraz wykazywali du\u017ce zainteresowanie przedstawion\u0105 im ofert\u0105.<br \/>\nUczestniczy\u0142y\u015bmy r\u00f3wnie\u017c, jako obserwatorki, w kilku godzinach zaj\u0119\u0107, podczas kt\u00f3rych mia\u0142y\u015bmy okazj\u0119 zapozna\u0107 si\u0119 ze specyfik\u0105 nauczania j\u0119zyka angielskiego oraz przedmiot\u00f3w specjalistycznych w uczelni partnerskiej. Odby\u0142y\u015bmy te\u017c spotkania indywidualne z kilkoma wyk\u0142adowcami maj\u0105ce na uwadze por\u00f3wnanie cel\u00f3w i metodyki nauczania na poszczeg\u00f3lnych poziomach.<\/p>\n<p>Zaprezentowane przez nas informacje oraz wymiana do\u015bwiadcze\u0144 spowodowa\u0142y zainteresowanie naszych partner\u00f3w wsp\u00f3\u0142prac\u0105, zw\u0142aszcza w dziedzinie nauczania j\u0119zyka polskiego jako obcego, jak r\u00f3wnie\u017c wypracowanej przez nas formu\u0142y nauczania j\u0119zyk\u00f3w obcych w grupach mi\u0119dzynarodowych.<\/p>\n<p>Wielu uczestnik\u00f3w i organizator\u00f3w wykaza\u0142o ch\u0119ci wsp\u00f3\u0142pracy mi\u0119dzyuczelnianej, m.in. Dziekan Barreiro School of Technology, Pedro Salvado Ferreira, kt\u00f3ry osobi\u015bcie poprosi\u0142 o umo\u017cliwienie kontaktu z przedstawicielami Wydzia\u0142u Budownictwa PB.&nbsp;<br \/>\nPodsumowuj\u0105c, zosta\u0142y zrealizowane wszystkie cele mobilno\u015bci, kt\u00f3re za\u0142o\u017cy\u0142am w Mobility Agreement.<\/p>\n<p><strong>mgr Ma\u0142gorzata Komarewska i mgr Alina Jab\u0142o\u0144ska Domurat<\/strong><\/p>\n<div id='gallery-1' class='gallery galleryid-5572 gallery-columns-2 gallery-size-full'><figure class='gallery-item'>\n\t\t\t<div class='gallery-icon landscape'>\n\t\t\t\t<a href='https:\/\/pb.edu.pl\/sjo\/wp-content\/uploads\/sites\/9\/2018\/09\/30.jpg'><img loading=\"lazy\" decoding=\"async\" width=\"1159\" height=\"768\" src=\"https:\/\/pb.edu.pl\/sjo\/wp-content\/uploads\/sites\/9\/2018\/09\/30.jpg\" class=\"attachment-full size-full\" alt=\"pracownicy SJO w Instituto Politechnico de Setubal\" srcset=\"https:\/\/pb.edu.pl\/sjo\/wp-content\/uploads\/sites\/9\/2018\/09\/30.jpg 1159w, https:\/\/pb.edu.pl\/sjo\/wp-content\/uploads\/sites\/9\/2018\/09\/30-300x199.jpg 300w, https:\/\/pb.edu.pl\/sjo\/wp-content\/uploads\/sites\/9\/2018\/09\/30-768x509.jpg 768w, https:\/\/pb.edu.pl\/sjo\/wp-content\/uploads\/sites\/9\/2018\/09\/30-1024x679.jpg 1024w\" sizes=\"auto, (max-width: 1159px) 100vw, 1159px\" \/><\/a>\n\t\t\t<\/div><\/figure><figure class='gallery-item'>\n\t\t\t<div class='gallery-icon landscape'>\n\t\t\t\t<a href='https:\/\/pb.edu.pl\/sjo\/wp-content\/uploads\/sites\/9\/2018\/09\/31.jpg'><img loading=\"lazy\" decoding=\"async\" width=\"1159\" height=\"768\" src=\"https:\/\/pb.edu.pl\/sjo\/wp-content\/uploads\/sites\/9\/2018\/09\/31.jpg\" class=\"attachment-full size-full\" alt=\"pracownicy SJO w Instituto Politechnico de Setubal\" srcset=\"https:\/\/pb.edu.pl\/sjo\/wp-content\/uploads\/sites\/9\/2018\/09\/31.jpg 1159w, https:\/\/pb.edu.pl\/sjo\/wp-content\/uploads\/sites\/9\/2018\/09\/31-300x199.jpg 300w, https:\/\/pb.edu.pl\/sjo\/wp-content\/uploads\/sites\/9\/2018\/09\/31-768x509.jpg 768w, https:\/\/pb.edu.pl\/sjo\/wp-content\/uploads\/sites\/9\/2018\/09\/31-1024x679.jpg 1024w\" sizes=\"auto, (max-width: 1159px) 100vw, 1159px\" \/><\/a>\n\t\t\t<\/div><\/figure><figure class='gallery-item'>\n\t\t\t<div class='gallery-icon landscape'>\n\t\t\t\t<a href='https:\/\/pb.edu.pl\/sjo\/wp-content\/uploads\/sites\/9\/2018\/09\/32.jpg'><img loading=\"lazy\" decoding=\"async\" width=\"1159\" height=\"768\" src=\"https:\/\/pb.edu.pl\/sjo\/wp-content\/uploads\/sites\/9\/2018\/09\/32.jpg\" class=\"attachment-full size-full\" alt=\"pracownicy SJO w Instituto Politechnico de Setubal\" srcset=\"https:\/\/pb.edu.pl\/sjo\/wp-content\/uploads\/sites\/9\/2018\/09\/32.jpg 1159w, https:\/\/pb.edu.pl\/sjo\/wp-content\/uploads\/sites\/9\/2018\/09\/32-300x199.jpg 300w, https:\/\/pb.edu.pl\/sjo\/wp-content\/uploads\/sites\/9\/2018\/09\/32-768x509.jpg 768w, https:\/\/pb.edu.pl\/sjo\/wp-content\/uploads\/sites\/9\/2018\/09\/32-1024x679.jpg 1024w\" sizes=\"auto, (max-width: 1159px) 100vw, 1159px\" \/><\/a>\n\t\t\t<\/div><\/figure><figure class='gallery-item'>\n\t\t\t<div class='gallery-icon landscape'>\n\t\t\t\t<a href='https:\/\/pb.edu.pl\/sjo\/wp-content\/uploads\/sites\/9\/2018\/09\/33.jpg'><img loading=\"lazy\" decoding=\"async\" width=\"1159\" height=\"768\" src=\"https:\/\/pb.edu.pl\/sjo\/wp-content\/uploads\/sites\/9\/2018\/09\/33.jpg\" class=\"attachment-full size-full\" alt=\"pracownicy SJO w Instituto Politechnico de Setubal\" srcset=\"https:\/\/pb.edu.pl\/sjo\/wp-content\/uploads\/sites\/9\/2018\/09\/33.jpg 1159w, https:\/\/pb.edu.pl\/sjo\/wp-content\/uploads\/sites\/9\/2018\/09\/33-300x199.jpg 300w, https:\/\/pb.edu.pl\/sjo\/wp-content\/uploads\/sites\/9\/2018\/09\/33-768x509.jpg 768w, https:\/\/pb.edu.pl\/sjo\/wp-content\/uploads\/sites\/9\/2018\/09\/33-1024x679.jpg 1024w\" sizes=\"auto, (max-width: 1159px) 100vw, 1159px\" \/><\/a>\n\t\t\t<\/div><\/figure><figure class='gallery-item'>\n\t\t\t<div class='gallery-icon landscape'>\n\t\t\t\t<a href='https:\/\/pb.edu.pl\/sjo\/wp-content\/uploads\/sites\/9\/2018\/09\/34.jpg'><img loading=\"lazy\" decoding=\"async\" width=\"1160\" height=\"768\" src=\"https:\/\/pb.edu.pl\/sjo\/wp-content\/uploads\/sites\/9\/2018\/09\/34.jpg\" class=\"attachment-full size-full\" alt=\"pracownicy SJO w Instituto Politechnico de Setubal\" srcset=\"https:\/\/pb.edu.pl\/sjo\/wp-content\/uploads\/sites\/9\/2018\/09\/34.jpg 1160w, https:\/\/pb.edu.pl\/sjo\/wp-content\/uploads\/sites\/9\/2018\/09\/34-300x199.jpg 300w, https:\/\/pb.edu.pl\/sjo\/wp-content\/uploads\/sites\/9\/2018\/09\/34-768x508.jpg 768w, https:\/\/pb.edu.pl\/sjo\/wp-content\/uploads\/sites\/9\/2018\/09\/34-1024x678.jpg 1024w\" sizes=\"auto, (max-width: 1160px) 100vw, 1160px\" \/><\/a>\n\t\t\t<\/div><\/figure><figure class='gallery-item'>\n\t\t\t<div class='gallery-icon landscape'>\n\t\t\t\t<a href='https:\/\/pb.edu.pl\/sjo\/wp-content\/uploads\/sites\/9\/2018\/09\/36.jpg'><img loading=\"lazy\" decoding=\"async\" width=\"1160\" height=\"768\" src=\"https:\/\/pb.edu.pl\/sjo\/wp-content\/uploads\/sites\/9\/2018\/09\/36.jpg\" class=\"attachment-full size-full\" alt=\"pracownicy SJO w Instituto Politechnico de Setubal\" srcset=\"https:\/\/pb.edu.pl\/sjo\/wp-content\/uploads\/sites\/9\/2018\/09\/36.jpg 1160w, https:\/\/pb.edu.pl\/sjo\/wp-content\/uploads\/sites\/9\/2018\/09\/36-300x199.jpg 300w, https:\/\/pb.edu.pl\/sjo\/wp-content\/uploads\/sites\/9\/2018\/09\/36-768x508.jpg 768w, https:\/\/pb.edu.pl\/sjo\/wp-content\/uploads\/sites\/9\/2018\/09\/36-1024x678.jpg 1024w\" sizes=\"auto, (max-width: 1160px) 100vw, 1160px\" \/><\/a>\n\t\t\t<\/div><\/figure>\n\t\t<\/div>\n\n<p><strong>&nbsp;&nbsp;&nbsp;&nbsp;&nbsp;&nbsp;&nbsp;&nbsp;&nbsp;&nbsp;&nbsp;&nbsp;&nbsp;&nbsp;&nbsp;&nbsp;&nbsp;&nbsp;&nbsp;&nbsp;&nbsp;&nbsp;&nbsp;&nbsp;&nbsp;&nbsp;&nbsp;&nbsp;&nbsp;&nbsp;&nbsp;&nbsp;&nbsp;&nbsp;&nbsp;&nbsp;&nbsp;&nbsp;&nbsp;&nbsp;&nbsp;&nbsp;&nbsp;&nbsp;&nbsp;&nbsp;&nbsp;&nbsp;&nbsp;&nbsp;&nbsp;&nbsp;&nbsp;&nbsp;&nbsp;&nbsp;&nbsp;&nbsp;&nbsp;&nbsp;&nbsp;&nbsp;&nbsp;&nbsp;&nbsp;&nbsp;&nbsp;&nbsp;&nbsp;&nbsp;&nbsp;&nbsp;&nbsp;&nbsp;&nbsp;&nbsp;&nbsp;&nbsp;&nbsp;&nbsp;&nbsp;&nbsp;&nbsp;&nbsp;&nbsp;&nbsp; &nbsp;&nbsp;&nbsp;&nbsp;<br \/>\n<\/strong><\/p>\n","protected":false},"excerpt":{"rendered":"<p>Instituto Politechnico de Setubal, Setubal, Portugalia, 11-15 kwietnia 2016 &nbsp; W dniach 11-15 kwietnia 2016<\/p>\n","protected":false},"author":6,"featured_media":0,"parent":5020,"menu_order":0,"comment_status":"closed","ping_status":"closed","template":"","meta":{"_acf_changed":false,"ngg_post_thumbnail":0,"footnotes":""},"class_list":["post-5572","page","type-page","status-publish","hentry"],"acf":[],"yoast_head":"<!-- This site is optimized with the Yoast SEO plugin v27.0 - https:\/\/yoast.com\/product\/yoast-seo-wordpress\/ -->\n<title>Instituto Politechnico de Setubal - Studium J\u0119zyk\u00f3w Obcych<\/title>\n<meta name=\"description\" content=\"Instituto Politechnico de Setubal, Setubal, Portugalia, 11-15 kwietnia 2016 &nbsp; W dniach 11-15 kwietnia 2016 przebywa\u0142y\u015bmy w Instituto Politechnico de\" \/>\n<meta name=\"robots\" content=\"index, follow, max-snippet:-1, max-image-preview:large, max-video-preview:-1\" \/>\n<link rel=\"canonical\" href=\"https:\/\/pb.edu.pl\/sjo\/dla-pracownika\/wspolpraca-z-zagranica\/instituto-politechnico-de-setubal\/\" \/>\n<meta property=\"og:locale\" content=\"pl_PL\" \/>\n<meta property=\"og:type\" content=\"article\" \/>\n<meta property=\"og:title\" content=\"Instituto Politechnico de Setubal - Studium J\u0119zyk\u00f3w Obcych\" \/>\n<meta property=\"og:description\" content=\"Instituto Politechnico de Setubal, Setubal, Portugalia, 11-15 kwietnia 2016 &nbsp; W dniach 11-15 kwietnia 2016 przebywa\u0142y\u015bmy w Instituto Politechnico de\" \/>\n<meta property=\"og:url\" content=\"https:\/\/pb.edu.pl\/sjo\/dla-pracownika\/wspolpraca-z-zagranica\/instituto-politechnico-de-setubal\/\" \/>\n<meta property=\"og:site_name\" content=\"Studium J\u0119zyk\u00f3w Obcych\" \/>\n<meta property=\"article:modified_time\" content=\"2018-09-11T09:49:16+00:00\" \/>\n<meta property=\"og:image\" content=\"https:\/\/pb.edu.pl\/sjo\/wp-content\/uploads\/sites\/9\/2018\/09\/30.jpg\" \/>\n<meta name=\"twitter:label1\" content=\"Szacowany czas czytania\" \/>\n\t<meta name=\"twitter:data1\" content=\"3 minuty\" \/>\n<script type=\"application\/ld+json\" class=\"yoast-schema-graph\">{\"@context\":\"https:\/\/schema.org\",\"@graph\":[{\"@type\":\"WebPage\",\"@id\":\"https:\/\/pb.edu.pl\/sjo\/dla-pracownika\/wspolpraca-z-zagranica\/instituto-politechnico-de-setubal\/\",\"url\":\"https:\/\/pb.edu.pl\/sjo\/dla-pracownika\/wspolpraca-z-zagranica\/instituto-politechnico-de-setubal\/\",\"name\":\"Instituto Politechnico de Setubal - Studium J\u0119zyk\u00f3w Obcych\",\"isPartOf\":{\"@id\":\"https:\/\/pb.edu.pl\/sjo\/#website\"},\"datePublished\":\"2018-09-10T17:28:07+00:00\",\"dateModified\":\"2018-09-11T09:49:16+00:00\",\"description\":\"Instituto Politechnico de Setubal, Setubal, Portugalia, 11-15 kwietnia 2016 &nbsp; W dniach 11-15 kwietnia 2016 przebywa\u0142y\u015bmy w Instituto Politechnico de\",\"breadcrumb\":{\"@id\":\"https:\/\/pb.edu.pl\/sjo\/dla-pracownika\/wspolpraca-z-zagranica\/instituto-politechnico-de-setubal\/#breadcrumb\"},\"inLanguage\":\"pl-PL\",\"potentialAction\":[{\"@type\":\"ReadAction\",\"target\":[\"https:\/\/pb.edu.pl\/sjo\/dla-pracownika\/wspolpraca-z-zagranica\/instituto-politechnico-de-setubal\/\"]}]},{\"@type\":\"BreadcrumbList\",\"@id\":\"https:\/\/pb.edu.pl\/sjo\/dla-pracownika\/wspolpraca-z-zagranica\/instituto-politechnico-de-setubal\/#breadcrumb\",\"itemListElement\":[{\"@type\":\"ListItem\",\"position\":1,\"name\":\"Home\",\"item\":\"https:\/\/pb.edu.pl\/sjo\/\"},{\"@type\":\"ListItem\",\"position\":2,\"name\":\"Pracuj\u0119 w PB\",\"item\":\"https:\/\/pb.edu.pl\/sjo\/dla-pracownika\/\"},{\"@type\":\"ListItem\",\"position\":3,\"name\":\"Wsp\u00f3\u0142praca z zagranic\u0105\",\"item\":\"https:\/\/pb.edu.pl\/sjo\/dla-pracownika\/wspolpraca-z-zagranica\/\"},{\"@type\":\"ListItem\",\"position\":4,\"name\":\"Instituto Politechnico de Setubal\"}]},{\"@type\":\"WebSite\",\"@id\":\"https:\/\/pb.edu.pl\/sjo\/#website\",\"url\":\"https:\/\/pb.edu.pl\/sjo\/\",\"name\":\"Studium J\u0119zyk\u00f3w Obcych\",\"description\":\"\",\"potentialAction\":[{\"@type\":\"SearchAction\",\"target\":{\"@type\":\"EntryPoint\",\"urlTemplate\":\"https:\/\/pb.edu.pl\/sjo\/?s={search_term_string}\"},\"query-input\":{\"@type\":\"PropertyValueSpecification\",\"valueRequired\":true,\"valueName\":\"search_term_string\"}}],\"inLanguage\":\"pl-PL\"}]}<\/script>\n<!-- \/ Yoast SEO plugin. -->","yoast_head_json":{"title":"Instituto Politechnico de Setubal - Studium J\u0119zyk\u00f3w Obcych","description":"Instituto Politechnico de Setubal, Setubal, Portugalia, 11-15 kwietnia 2016 &nbsp; W dniach 11-15 kwietnia 2016 przebywa\u0142y\u015bmy w Instituto Politechnico de","robots":{"index":"index","follow":"follow","max-snippet":"max-snippet:-1","max-image-preview":"max-image-preview:large","max-video-preview":"max-video-preview:-1"},"canonical":"https:\/\/pb.edu.pl\/sjo\/dla-pracownika\/wspolpraca-z-zagranica\/instituto-politechnico-de-setubal\/","og_locale":"pl_PL","og_type":"article","og_title":"Instituto Politechnico de Setubal - Studium J\u0119zyk\u00f3w Obcych","og_description":"Instituto Politechnico de Setubal, Setubal, Portugalia, 11-15 kwietnia 2016 &nbsp; W dniach 11-15 kwietnia 2016 przebywa\u0142y\u015bmy w Instituto Politechnico de","og_url":"https:\/\/pb.edu.pl\/sjo\/dla-pracownika\/wspolpraca-z-zagranica\/instituto-politechnico-de-setubal\/","og_site_name":"Studium J\u0119zyk\u00f3w Obcych","article_modified_time":"2018-09-11T09:49:16+00:00","og_image":[{"url":"https:\/\/pb.edu.pl\/sjo\/wp-content\/uploads\/sites\/9\/2018\/09\/30.jpg","type":"","width":"","height":""}],"twitter_misc":{"Szacowany czas czytania":"3 minuty"},"schema":{"@context":"https:\/\/schema.org","@graph":[{"@type":"WebPage","@id":"https:\/\/pb.edu.pl\/sjo\/dla-pracownika\/wspolpraca-z-zagranica\/instituto-politechnico-de-setubal\/","url":"https:\/\/pb.edu.pl\/sjo\/dla-pracownika\/wspolpraca-z-zagranica\/instituto-politechnico-de-setubal\/","name":"Instituto Politechnico de Setubal - Studium J\u0119zyk\u00f3w Obcych","isPartOf":{"@id":"https:\/\/pb.edu.pl\/sjo\/#website"},"datePublished":"2018-09-10T17:28:07+00:00","dateModified":"2018-09-11T09:49:16+00:00","description":"Instituto Politechnico de Setubal, Setubal, Portugalia, 11-15 kwietnia 2016 &nbsp; W dniach 11-15 kwietnia 2016 przebywa\u0142y\u015bmy w Instituto Politechnico de","breadcrumb":{"@id":"https:\/\/pb.edu.pl\/sjo\/dla-pracownika\/wspolpraca-z-zagranica\/instituto-politechnico-de-setubal\/#breadcrumb"},"inLanguage":"pl-PL","potentialAction":[{"@type":"ReadAction","target":["https:\/\/pb.edu.pl\/sjo\/dla-pracownika\/wspolpraca-z-zagranica\/instituto-politechnico-de-setubal\/"]}]},{"@type":"BreadcrumbList","@id":"https:\/\/pb.edu.pl\/sjo\/dla-pracownika\/wspolpraca-z-zagranica\/instituto-politechnico-de-setubal\/#breadcrumb","itemListElement":[{"@type":"ListItem","position":1,"name":"Home","item":"https:\/\/pb.edu.pl\/sjo\/"},{"@type":"ListItem","position":2,"name":"Pracuj\u0119 w PB","item":"https:\/\/pb.edu.pl\/sjo\/dla-pracownika\/"},{"@type":"ListItem","position":3,"name":"Wsp\u00f3\u0142praca z zagranic\u0105","item":"https:\/\/pb.edu.pl\/sjo\/dla-pracownika\/wspolpraca-z-zagranica\/"},{"@type":"ListItem","position":4,"name":"Instituto Politechnico de Setubal"}]},{"@type":"WebSite","@id":"https:\/\/pb.edu.pl\/sjo\/#website","url":"https:\/\/pb.edu.pl\/sjo\/","name":"Studium J\u0119zyk\u00f3w Obcych","description":"","potentialAction":[{"@type":"SearchAction","target":{"@type":"EntryPoint","urlTemplate":"https:\/\/pb.edu.pl\/sjo\/?s={search_term_string}"},"query-input":{"@type":"PropertyValueSpecification","valueRequired":true,"valueName":"search_term_string"}}],"inLanguage":"pl-PL"}]}},"_links":{"self":[{"href":"https:\/\/pb.edu.pl\/sjo\/wp-json\/wp\/v2\/pages\/5572","targetHints":{"allow":["GET"]}}],"collection":[{"href":"https:\/\/pb.edu.pl\/sjo\/wp-json\/wp\/v2\/pages"}],"about":[{"href":"https:\/\/pb.edu.pl\/sjo\/wp-json\/wp\/v2\/types\/page"}],"author":[{"embeddable":true,"href":"https:\/\/pb.edu.pl\/sjo\/wp-json\/wp\/v2\/users\/6"}],"replies":[{"embeddable":true,"href":"https:\/\/pb.edu.pl\/sjo\/wp-json\/wp\/v2\/comments?post=5572"}],"version-history":[{"count":0,"href":"https:\/\/pb.edu.pl\/sjo\/wp-json\/wp\/v2\/pages\/5572\/revisions"}],"up":[{"embeddable":true,"href":"https:\/\/pb.edu.pl\/sjo\/wp-json\/wp\/v2\/pages\/5020"}],"wp:attachment":[{"href":"https:\/\/pb.edu.pl\/sjo\/wp-json\/wp\/v2\/media?parent=5572"}],"curies":[{"name":"wp","href":"https:\/\/api.w.org\/{rel}","templated":true}]}}