{"id":5566,"date":"2018-09-10T19:20:48","date_gmt":"2018-09-10T17:20:48","guid":{"rendered":"https:\/\/pb.edu.pl\/sjo\/?page_id=5566"},"modified":"2018-09-11T11:42:02","modified_gmt":"2018-09-11T09:42:02","slug":"cyprus-university-of-technology","status":"publish","type":"page","link":"https:\/\/pb.edu.pl\/sjo\/dla-pracownika\/wspolpraca-z-zagranica\/cyprus-university-of-technology\/","title":{"rendered":"Cyprus University of Technology"},"content":{"rendered":"<p><strong>Cyprus University of Technology, Limassol, Cypr, 21-28 wrze\u015bnia 2014<\/strong><\/p>\n<p>&nbsp;<\/p>\n<p>W dniach <strong>21-28.09.2014<\/strong> przebywa\u0142y\u015bmy z wizyt\u0105 w <strong>Language Centre<\/strong> na uczelni <strong>Cyprus University of Technology<\/strong> w Limassol na Cyprze w ramach programu Erasmus. Zgodnie z programem przeprowadzi\u0142y\u015bmy zaj\u0119cia dla student\u00f3w studi\u00f3w pierwszego stopnia kierunk\u00f3w technicznych. Tematem zaj\u0119\u0107 by\u0142y w\u0142a\u015bciwo\u015bci materia\u0142\u00f3w oraz budowanie zespo\u0142u projektowego. Zaj\u0119cia zosta\u0142y przeprowadzone z uwzgl\u0119dnieniem doskonalenia umiej\u0119tno\u015bci czytania, s\u0142uchania i prowadzenia dyskusji w j\u0119zyku angielskim. Ponadto przedstawi\u0142y\u015bmy prezentacj\u0119 na temat Politechniki Bia\u0142ostockiej, jej wydzia\u0142\u00f3w i Studium J\u0119zyk\u00f3w Obcych, jak r\u00f3wnie\u017c walor\u00f3w regionu Podlasie. Celem przeprowadzonych zaj\u0119\u0107 i prezentacji by\u0142o zach\u0119cenie student\u00f3w do skorzystania z szerokiej oferty edukacyjnej PB. Studenci cypryjscy ch\u0119tnie uczestniczyli w zaj\u0119ciach i interesowali si\u0119 przedstawion\u0105 im ofert\u0105. Nasz\u0105 uwag\u0119 zwr\u00f3ci\u0142 fakt, \u017ce Cypryjczycy na og\u00f3\u0142 m\u00f3wi\u0105 do\u015b\u0107 dobrze po angielsku, co bardzo u\u0142atwia komunikacj\u0119.<\/p>\n<p>Uczestniczy\u0142y\u015bmy r\u00f3wnie\u017c, jako obserwatorki, w kilku godzinach zaj\u0119\u0107, podczas kt\u00f3rych mia\u0142y\u015bmy okazj\u0119 zapozna\u0107 si\u0119 ze specyfik\u0105 nauczania j\u0119zyka angielskiego na uczelni partnerskiej. Odby\u0142y\u015bmy te\u017c spotkania indywidualne z kilkoma wyk\u0142adowczyniami j\u0119zyka angielskiego specjalistycznego maj\u0105ce na uwadze por\u00f3wnanie cel\u00f3w i metodyki nauczania na poszczeg\u00f3lnych poziomach. Podczas zebrania z pracownikami centrum j\u0119zykowego przedstawi\u0142y\u015bmy specjalnie na t\u0119 okazj\u0119 przygotowan\u0105 prezentacj\u0119 na temat systemu edukacyjnego w Polsce oraz oferty edukacyjnej Politechniki Bia\u0142ostockiej, w tym Studium J\u0119zyk\u00f3w Obcych. Zaprezentowane przez nas informacje oraz wymiana do\u015bwiadcze\u0144 spowodowa\u0142y du\u017ce zainteresowanie naszych partner\u00f3w wsp\u00f3\u0142prac\u0105, zw\u0142aszcza w dziedzinie wykorzystania technologii informatycznych w nauczaniu j\u0119zyka angielskiego specjalistycznego.<\/p>\n<p>Ogromne wra\u017cenie wywar\u0142 na nas program realizowany ze studentami wydzia\u0142u rehabilitacji oparty na \u015bcis\u0142ej wsp\u00f3\u0142pracy z pracownikami naukowymi wydzia\u0142u i wykorzystaniu najnowszej technologii komputerowej. Naszym zdaniem ogromnie korzystne dla student\u00f3w jest dostarczenie im informacji specjalistycznej przez pracownika naukowego w j\u0119zyku angielskim w formie wyk\u0142adu, a nast\u0119pnie zg\u0142\u0119bienie jej i prze\u0107wiczenie przez nauczycieli j\u0119zyka angielskiego przy wykorzystaniu aplikacji Google Hangouts On Air. To innowacyjne podej\u015bcie do nauczania i uczenia si\u0119 jest bardzo motywuj\u0105ce dla student\u00f3w, daj\u0105c im jednocze\u015bnie mo\u017cliwo\u015b\u0107 zarz\u0105dzania swoim czasem przy wykonywaniu zada\u0144. Bardzo chcia\u0142yby\u015bmy, aby podobny system zosta\u0142 wprowadzony w Studium J\u0119zyk\u00f3w Obcych, licz\u0105c na wsp\u00f3\u0142prac\u0119 z nami pracownik\u00f3w naukowych poszczeg\u00f3lnych wydzia\u0142\u00f3w. Nale\u017cy r\u00f3wnie\u017c wspomnie\u0107 o wykorzystywaniu na szerok\u0105 skal\u0119 w centrum j\u0119zykowym platform e-learningowych Moodle oraz School Shape, z kt\u00f3rych ostatnia by\u0142a nam do tej pory nieznana, a jej u\u017cycie mog\u0142oby si\u0119 okaza\u0107 niezwykle przydatne.<\/p>\n<p><strong>mgr Ma\u0142gorzata Komarewska i mgr Alina Jab\u0142o\u0144ska Domurat<\/strong><\/p>\n<div id='gallery-1' class='gallery galleryid-5566 gallery-columns-2 gallery-size-full'><figure class='gallery-item'>\n\t\t\t<div class='gallery-icon landscape'>\n\t\t\t\t<a href='https:\/\/pb.edu.pl\/sjo\/wp-content\/uploads\/sites\/9\/2018\/09\/1.jpg'><img loading=\"lazy\" decoding=\"async\" width=\"1160\" height=\"768\" src=\"https:\/\/pb.edu.pl\/sjo\/wp-content\/uploads\/sites\/9\/2018\/09\/1.jpg\" class=\"attachment-full size-full\" alt=\"pracownicy SJO w Cyprus University of Technology\" srcset=\"https:\/\/pb.edu.pl\/sjo\/wp-content\/uploads\/sites\/9\/2018\/09\/1.jpg 1160w, https:\/\/pb.edu.pl\/sjo\/wp-content\/uploads\/sites\/9\/2018\/09\/1-300x199.jpg 300w, https:\/\/pb.edu.pl\/sjo\/wp-content\/uploads\/sites\/9\/2018\/09\/1-768x508.jpg 768w, https:\/\/pb.edu.pl\/sjo\/wp-content\/uploads\/sites\/9\/2018\/09\/1-1024x678.jpg 1024w\" sizes=\"auto, (max-width: 1160px) 100vw, 1160px\" \/><\/a>\n\t\t\t<\/div><\/figure><figure class='gallery-item'>\n\t\t\t<div class='gallery-icon landscape'>\n\t\t\t\t<a href='https:\/\/pb.edu.pl\/sjo\/wp-content\/uploads\/sites\/9\/2018\/09\/2.jpg'><img loading=\"lazy\" decoding=\"async\" width=\"1160\" height=\"768\" src=\"https:\/\/pb.edu.pl\/sjo\/wp-content\/uploads\/sites\/9\/2018\/09\/2.jpg\" class=\"attachment-full size-full\" alt=\"pracownicy SJO w Cyprus University of Technology\" srcset=\"https:\/\/pb.edu.pl\/sjo\/wp-content\/uploads\/sites\/9\/2018\/09\/2.jpg 1160w, https:\/\/pb.edu.pl\/sjo\/wp-content\/uploads\/sites\/9\/2018\/09\/2-300x199.jpg 300w, https:\/\/pb.edu.pl\/sjo\/wp-content\/uploads\/sites\/9\/2018\/09\/2-768x508.jpg 768w, https:\/\/pb.edu.pl\/sjo\/wp-content\/uploads\/sites\/9\/2018\/09\/2-1024x678.jpg 1024w\" sizes=\"auto, (max-width: 1160px) 100vw, 1160px\" \/><\/a>\n\t\t\t<\/div><\/figure><figure class='gallery-item'>\n\t\t\t<div class='gallery-icon landscape'>\n\t\t\t\t<a href='https:\/\/pb.edu.pl\/sjo\/wp-content\/uploads\/sites\/9\/2018\/09\/3.jpg'><img loading=\"lazy\" decoding=\"async\" width=\"1159\" height=\"768\" src=\"https:\/\/pb.edu.pl\/sjo\/wp-content\/uploads\/sites\/9\/2018\/09\/3.jpg\" class=\"attachment-full size-full\" alt=\"pracownicy SJO w Cyprus University of Technology\" srcset=\"https:\/\/pb.edu.pl\/sjo\/wp-content\/uploads\/sites\/9\/2018\/09\/3.jpg 1159w, https:\/\/pb.edu.pl\/sjo\/wp-content\/uploads\/sites\/9\/2018\/09\/3-300x199.jpg 300w, https:\/\/pb.edu.pl\/sjo\/wp-content\/uploads\/sites\/9\/2018\/09\/3-768x509.jpg 768w, https:\/\/pb.edu.pl\/sjo\/wp-content\/uploads\/sites\/9\/2018\/09\/3-1024x679.jpg 1024w\" sizes=\"auto, (max-width: 1159px) 100vw, 1159px\" \/><\/a>\n\t\t\t<\/div><\/figure><figure class='gallery-item'>\n\t\t\t<div class='gallery-icon landscape'>\n\t\t\t\t<a href='https:\/\/pb.edu.pl\/sjo\/wp-content\/uploads\/sites\/9\/2018\/09\/4.jpg'><img loading=\"lazy\" decoding=\"async\" width=\"1159\" height=\"768\" src=\"https:\/\/pb.edu.pl\/sjo\/wp-content\/uploads\/sites\/9\/2018\/09\/4.jpg\" class=\"attachment-full size-full\" alt=\"pracownicy SJO w Cyprus University of Technology\" srcset=\"https:\/\/pb.edu.pl\/sjo\/wp-content\/uploads\/sites\/9\/2018\/09\/4.jpg 1159w, https:\/\/pb.edu.pl\/sjo\/wp-content\/uploads\/sites\/9\/2018\/09\/4-300x199.jpg 300w, https:\/\/pb.edu.pl\/sjo\/wp-content\/uploads\/sites\/9\/2018\/09\/4-768x509.jpg 768w, https:\/\/pb.edu.pl\/sjo\/wp-content\/uploads\/sites\/9\/2018\/09\/4-1024x679.jpg 1024w\" sizes=\"auto, (max-width: 1159px) 100vw, 1159px\" \/><\/a>\n\t\t\t<\/div><\/figure>\n\t\t<\/div>\n\n","protected":false},"excerpt":{"rendered":"<p>Cyprus University of Technology, Limassol, Cypr, 21-28 wrze\u015bnia 2014 &nbsp; W dniach 21-28.09.2014 przebywa\u0142y\u015bmy z<\/p>\n","protected":false},"author":6,"featured_media":0,"parent":5020,"menu_order":0,"comment_status":"closed","ping_status":"closed","template":"","meta":{"_acf_changed":false,"ngg_post_thumbnail":0,"footnotes":""},"class_list":["post-5566","page","type-page","status-publish","hentry"],"acf":[],"yoast_head":"<!-- This site is optimized with the Yoast SEO plugin v27.0 - https:\/\/yoast.com\/product\/yoast-seo-wordpress\/ -->\n<title>Cyprus University of Technology - Studium J\u0119zyk\u00f3w Obcych<\/title>\n<meta name=\"description\" content=\"Cyprus University of Technology, Limassol, Cypr, 21-28 wrze\u015bnia 2014 &nbsp; W dniach 21-28.09.2014 przebywa\u0142y\u015bmy z wizyt\u0105 w Language Centre na uczelni\" \/>\n<meta name=\"robots\" content=\"index, follow, max-snippet:-1, max-image-preview:large, max-video-preview:-1\" \/>\n<link rel=\"canonical\" href=\"https:\/\/pb.edu.pl\/sjo\/dla-pracownika\/wspolpraca-z-zagranica\/cyprus-university-of-technology\/\" \/>\n<meta property=\"og:locale\" content=\"pl_PL\" \/>\n<meta property=\"og:type\" content=\"article\" \/>\n<meta property=\"og:title\" content=\"Cyprus University of Technology - Studium J\u0119zyk\u00f3w Obcych\" \/>\n<meta property=\"og:description\" content=\"Cyprus University of Technology, Limassol, Cypr, 21-28 wrze\u015bnia 2014 &nbsp; W dniach 21-28.09.2014 przebywa\u0142y\u015bmy z wizyt\u0105 w Language Centre na uczelni\" \/>\n<meta property=\"og:url\" content=\"https:\/\/pb.edu.pl\/sjo\/dla-pracownika\/wspolpraca-z-zagranica\/cyprus-university-of-technology\/\" \/>\n<meta property=\"og:site_name\" content=\"Studium J\u0119zyk\u00f3w Obcych\" \/>\n<meta property=\"article:modified_time\" content=\"2018-09-11T09:42:02+00:00\" \/>\n<meta property=\"og:image\" content=\"https:\/\/pb.edu.pl\/sjo\/wp-content\/uploads\/sites\/9\/2018\/09\/1.jpg\" \/>\n<meta name=\"twitter:label1\" content=\"Szacowany czas czytania\" \/>\n\t<meta name=\"twitter:data1\" content=\"2 minuty\" \/>\n<script type=\"application\/ld+json\" class=\"yoast-schema-graph\">{\"@context\":\"https:\/\/schema.org\",\"@graph\":[{\"@type\":\"WebPage\",\"@id\":\"https:\/\/pb.edu.pl\/sjo\/dla-pracownika\/wspolpraca-z-zagranica\/cyprus-university-of-technology\/\",\"url\":\"https:\/\/pb.edu.pl\/sjo\/dla-pracownika\/wspolpraca-z-zagranica\/cyprus-university-of-technology\/\",\"name\":\"Cyprus University of Technology - Studium J\u0119zyk\u00f3w Obcych\",\"isPartOf\":{\"@id\":\"https:\/\/pb.edu.pl\/sjo\/#website\"},\"datePublished\":\"2018-09-10T17:20:48+00:00\",\"dateModified\":\"2018-09-11T09:42:02+00:00\",\"description\":\"Cyprus University of Technology, Limassol, Cypr, 21-28 wrze\u015bnia 2014 &nbsp; W dniach 21-28.09.2014 przebywa\u0142y\u015bmy z wizyt\u0105 w Language Centre na uczelni\",\"breadcrumb\":{\"@id\":\"https:\/\/pb.edu.pl\/sjo\/dla-pracownika\/wspolpraca-z-zagranica\/cyprus-university-of-technology\/#breadcrumb\"},\"inLanguage\":\"pl-PL\",\"potentialAction\":[{\"@type\":\"ReadAction\",\"target\":[\"https:\/\/pb.edu.pl\/sjo\/dla-pracownika\/wspolpraca-z-zagranica\/cyprus-university-of-technology\/\"]}]},{\"@type\":\"BreadcrumbList\",\"@id\":\"https:\/\/pb.edu.pl\/sjo\/dla-pracownika\/wspolpraca-z-zagranica\/cyprus-university-of-technology\/#breadcrumb\",\"itemListElement\":[{\"@type\":\"ListItem\",\"position\":1,\"name\":\"Home\",\"item\":\"https:\/\/pb.edu.pl\/sjo\/\"},{\"@type\":\"ListItem\",\"position\":2,\"name\":\"Pracuj\u0119 w PB\",\"item\":\"https:\/\/pb.edu.pl\/sjo\/dla-pracownika\/\"},{\"@type\":\"ListItem\",\"position\":3,\"name\":\"Wsp\u00f3\u0142praca z zagranic\u0105\",\"item\":\"https:\/\/pb.edu.pl\/sjo\/dla-pracownika\/wspolpraca-z-zagranica\/\"},{\"@type\":\"ListItem\",\"position\":4,\"name\":\"Cyprus University of Technology\"}]},{\"@type\":\"WebSite\",\"@id\":\"https:\/\/pb.edu.pl\/sjo\/#website\",\"url\":\"https:\/\/pb.edu.pl\/sjo\/\",\"name\":\"Studium J\u0119zyk\u00f3w Obcych\",\"description\":\"\",\"potentialAction\":[{\"@type\":\"SearchAction\",\"target\":{\"@type\":\"EntryPoint\",\"urlTemplate\":\"https:\/\/pb.edu.pl\/sjo\/?s={search_term_string}\"},\"query-input\":{\"@type\":\"PropertyValueSpecification\",\"valueRequired\":true,\"valueName\":\"search_term_string\"}}],\"inLanguage\":\"pl-PL\"}]}<\/script>\n<!-- \/ Yoast SEO plugin. -->","yoast_head_json":{"title":"Cyprus University of Technology - Studium J\u0119zyk\u00f3w Obcych","description":"Cyprus University of Technology, Limassol, Cypr, 21-28 wrze\u015bnia 2014 &nbsp; W dniach 21-28.09.2014 przebywa\u0142y\u015bmy z wizyt\u0105 w Language Centre na uczelni","robots":{"index":"index","follow":"follow","max-snippet":"max-snippet:-1","max-image-preview":"max-image-preview:large","max-video-preview":"max-video-preview:-1"},"canonical":"https:\/\/pb.edu.pl\/sjo\/dla-pracownika\/wspolpraca-z-zagranica\/cyprus-university-of-technology\/","og_locale":"pl_PL","og_type":"article","og_title":"Cyprus University of Technology - Studium J\u0119zyk\u00f3w Obcych","og_description":"Cyprus University of Technology, Limassol, Cypr, 21-28 wrze\u015bnia 2014 &nbsp; W dniach 21-28.09.2014 przebywa\u0142y\u015bmy z wizyt\u0105 w Language Centre na uczelni","og_url":"https:\/\/pb.edu.pl\/sjo\/dla-pracownika\/wspolpraca-z-zagranica\/cyprus-university-of-technology\/","og_site_name":"Studium J\u0119zyk\u00f3w Obcych","article_modified_time":"2018-09-11T09:42:02+00:00","og_image":[{"url":"https:\/\/pb.edu.pl\/sjo\/wp-content\/uploads\/sites\/9\/2018\/09\/1.jpg","type":"","width":"","height":""}],"twitter_misc":{"Szacowany czas czytania":"2 minuty"},"schema":{"@context":"https:\/\/schema.org","@graph":[{"@type":"WebPage","@id":"https:\/\/pb.edu.pl\/sjo\/dla-pracownika\/wspolpraca-z-zagranica\/cyprus-university-of-technology\/","url":"https:\/\/pb.edu.pl\/sjo\/dla-pracownika\/wspolpraca-z-zagranica\/cyprus-university-of-technology\/","name":"Cyprus University of Technology - Studium J\u0119zyk\u00f3w Obcych","isPartOf":{"@id":"https:\/\/pb.edu.pl\/sjo\/#website"},"datePublished":"2018-09-10T17:20:48+00:00","dateModified":"2018-09-11T09:42:02+00:00","description":"Cyprus University of Technology, Limassol, Cypr, 21-28 wrze\u015bnia 2014 &nbsp; W dniach 21-28.09.2014 przebywa\u0142y\u015bmy z wizyt\u0105 w Language Centre na uczelni","breadcrumb":{"@id":"https:\/\/pb.edu.pl\/sjo\/dla-pracownika\/wspolpraca-z-zagranica\/cyprus-university-of-technology\/#breadcrumb"},"inLanguage":"pl-PL","potentialAction":[{"@type":"ReadAction","target":["https:\/\/pb.edu.pl\/sjo\/dla-pracownika\/wspolpraca-z-zagranica\/cyprus-university-of-technology\/"]}]},{"@type":"BreadcrumbList","@id":"https:\/\/pb.edu.pl\/sjo\/dla-pracownika\/wspolpraca-z-zagranica\/cyprus-university-of-technology\/#breadcrumb","itemListElement":[{"@type":"ListItem","position":1,"name":"Home","item":"https:\/\/pb.edu.pl\/sjo\/"},{"@type":"ListItem","position":2,"name":"Pracuj\u0119 w PB","item":"https:\/\/pb.edu.pl\/sjo\/dla-pracownika\/"},{"@type":"ListItem","position":3,"name":"Wsp\u00f3\u0142praca z zagranic\u0105","item":"https:\/\/pb.edu.pl\/sjo\/dla-pracownika\/wspolpraca-z-zagranica\/"},{"@type":"ListItem","position":4,"name":"Cyprus University of Technology"}]},{"@type":"WebSite","@id":"https:\/\/pb.edu.pl\/sjo\/#website","url":"https:\/\/pb.edu.pl\/sjo\/","name":"Studium J\u0119zyk\u00f3w Obcych","description":"","potentialAction":[{"@type":"SearchAction","target":{"@type":"EntryPoint","urlTemplate":"https:\/\/pb.edu.pl\/sjo\/?s={search_term_string}"},"query-input":{"@type":"PropertyValueSpecification","valueRequired":true,"valueName":"search_term_string"}}],"inLanguage":"pl-PL"}]}},"_links":{"self":[{"href":"https:\/\/pb.edu.pl\/sjo\/wp-json\/wp\/v2\/pages\/5566","targetHints":{"allow":["GET"]}}],"collection":[{"href":"https:\/\/pb.edu.pl\/sjo\/wp-json\/wp\/v2\/pages"}],"about":[{"href":"https:\/\/pb.edu.pl\/sjo\/wp-json\/wp\/v2\/types\/page"}],"author":[{"embeddable":true,"href":"https:\/\/pb.edu.pl\/sjo\/wp-json\/wp\/v2\/users\/6"}],"replies":[{"embeddable":true,"href":"https:\/\/pb.edu.pl\/sjo\/wp-json\/wp\/v2\/comments?post=5566"}],"version-history":[{"count":0,"href":"https:\/\/pb.edu.pl\/sjo\/wp-json\/wp\/v2\/pages\/5566\/revisions"}],"up":[{"embeddable":true,"href":"https:\/\/pb.edu.pl\/sjo\/wp-json\/wp\/v2\/pages\/5020"}],"wp:attachment":[{"href":"https:\/\/pb.edu.pl\/sjo\/wp-json\/wp\/v2\/media?parent=5566"}],"curies":[{"name":"wp","href":"https:\/\/api.w.org\/{rel}","templated":true}]}}