{"id":552,"date":"2017-11-28T20:06:51","date_gmt":"2017-11-28T19:06:51","guid":{"rendered":"https:\/\/pb.edu.pl\/sjo\/?page_id=552"},"modified":"2017-11-28T20:12:14","modified_gmt":"2017-11-28T19:12:14","slug":"festiwal-nauki-sztuki-2015","status":"publish","type":"page","link":"https:\/\/pb.edu.pl\/sjo\/wydarzenia-sjo\/wydarzenia-archiwum\/festiwal-nauki-sztuki-2015\/","title":{"rendered":"Festiwal Nauki i Sztuki 2015"},"content":{"rendered":"<div><strong>XIII Festiwal Nauki i Sztuki w Studium J\u0119zyk\u00f3w Obcych<\/strong><\/div>\n<div>&nbsp;<\/div>\n<div>Imprezy odby\u0142y si\u0119 28 maja 2015 w budynku CNK. SJO PB przygotowa\u0142o dla uczestnik\u00f3w dwie propozycje: Quiz filmowy oraz otwarty turniej Scrabble w j\u0119zyku angielskim.<\/div>\n<div>&nbsp;<\/div>\n<div><img loading=\"lazy\" decoding=\"async\" class=\"alignnone size-full wp-image-555\" src=\"https:\/\/pb.edu.pl\/sjo\/wp-content\/uploads\/sites\/9\/2017\/11\/film_quiz_2015.jpg\" alt=\"banner - Film Quiz\" width=\"750\" height=\"250\" srcset=\"https:\/\/pb.edu.pl\/sjo\/wp-content\/uploads\/sites\/9\/2017\/11\/film_quiz_2015.jpg 750w, https:\/\/pb.edu.pl\/sjo\/wp-content\/uploads\/sites\/9\/2017\/11\/film_quiz_2015-300x100.jpg 300w\" sizes=\"auto, (max-width: 750px) 100vw, 750px\" \/>&nbsp;&nbsp;&nbsp;<\/div>\n<div>&nbsp;<\/div>\n<div>Quiz filmowy przeprowadzono w wersji online, obejmowa\u0142 pytania zwi\u0105zane z histori\u0105 kina i najnowszymi produkcjami filmowymi, a tak\u017ce serialami telewizyjnymi takimi jak \u2018Gra o tron\u2019 czy \u2018Sherlock\u2019. Uczestnicy musieli wykaza\u0107 si\u0119 wiedz\u0105 na temat re\u017cyser\u00f3w, aktor\u00f3w, kompozytor\u00f3w muzyki filmowej oraz fabu\u0142y niekt\u00f3rych tytu\u0142\u00f3w.<\/div>\n<div>&nbsp;<\/div>\n<div><img loading=\"lazy\" decoding=\"async\" class=\"alignnone size-full wp-image-557\" src=\"https:\/\/pb.edu.pl\/sjo\/wp-content\/uploads\/sites\/9\/2017\/11\/zdjecie_film_quiz_2015.jpg\" alt=\"uczestnicy quizu filmowego\" width=\"600\" height=\"337\" srcset=\"https:\/\/pb.edu.pl\/sjo\/wp-content\/uploads\/sites\/9\/2017\/11\/zdjecie_film_quiz_2015.jpg 600w, https:\/\/pb.edu.pl\/sjo\/wp-content\/uploads\/sites\/9\/2017\/11\/zdjecie_film_quiz_2015-300x169.jpg 300w\" sizes=\"auto, (max-width: 600px) 100vw, 600px\" \/><\/div>\n<div>&nbsp;<\/div>\n<div>\n<div>Oto laureaci konkursu:<\/div>\n<div>1 miejsce &nbsp;&nbsp;&nbsp;&nbsp;&nbsp;Rafa\u0142 Doli\u0144ski&nbsp;&nbsp;&nbsp;&nbsp;&nbsp;&nbsp;&nbsp;&nbsp;&nbsp;&nbsp;&nbsp;&nbsp;&nbsp;&nbsp;&nbsp;&nbsp;&nbsp;&nbsp;&nbsp;&nbsp;&nbsp;&nbsp;&nbsp; 92% (46\/50)<\/div>\n<div>2 miejsce&nbsp;&nbsp; &nbsp;&nbsp;&nbsp;Szymon Piszczatowski&nbsp;&nbsp;&nbsp;&nbsp;&nbsp;&nbsp;&nbsp; 88% (44\/50)<\/div>\n<div>3 miejsce &nbsp;&nbsp;&nbsp;&nbsp;&nbsp;Maciej Sasinowski&nbsp;&nbsp;&nbsp;&nbsp;&nbsp; &nbsp;&nbsp;&nbsp;&nbsp;&nbsp;&nbsp;&nbsp;&nbsp; &nbsp; 86% (43\/50)<\/div>\n<div>4 miejsce &nbsp;&nbsp;&nbsp;&nbsp;&nbsp;Joanna Dyszkiewicz&nbsp;&nbsp; &nbsp;&nbsp;&nbsp;&nbsp;&nbsp;&nbsp;&nbsp;&nbsp;&nbsp; 76% (38\/50)<\/div>\n<div>5 miejsce &nbsp;&nbsp;&nbsp;&nbsp;&nbsp;Adrian Kami\u0144ski&nbsp;&nbsp;&nbsp;&nbsp;&nbsp;&nbsp;&nbsp; &nbsp;&nbsp;&nbsp;&nbsp;&nbsp;&nbsp;&nbsp;&nbsp;&nbsp;&nbsp;&nbsp; 74% (37\/50)<\/div>\n<div>&nbsp;<\/div>\n<div>Laureaci otrzymali specjalne nagrody ufundowane przez SJO.<\/div>\n<\/div>\n<div>&nbsp;<\/div>\n<div><img loading=\"lazy\" decoding=\"async\" class=\"alignnone size-full wp-image-556\" src=\"https:\/\/pb.edu.pl\/sjo\/wp-content\/uploads\/sites\/9\/2017\/11\/scrabble_2015.jpg\" alt=\"banner - turniej scrabble\" width=\"750\" height=\"250\" srcset=\"https:\/\/pb.edu.pl\/sjo\/wp-content\/uploads\/sites\/9\/2017\/11\/scrabble_2015.jpg 750w, https:\/\/pb.edu.pl\/sjo\/wp-content\/uploads\/sites\/9\/2017\/11\/scrabble_2015-300x100.jpg 300w\" sizes=\"auto, (max-width: 750px) 100vw, 750px\" \/><\/div>\n<div>&nbsp;<\/div>\n<div>Turniej Scrabble w j\u0119zyku angielskim by\u0142 pierwsz\u0105 tego typu imprez\u0105 organizowan\u0105 przez SJO. Udzia\u0142 w grach turniejowych by\u0142 znakomit\u0105 okazj\u0105 dla uczestnik\u00f3w aby wykorzysta\u0107 swoj\u0105 znajomo\u015b\u0107 s\u0142ownictwa w j\u0119zyku angielskim, jednocze\u015bnie gracze mogli si\u0119 wykaza\u0107 swoimi umiej\u0119tno\u015bciami taktycznymi i strategicznymi. SJO planuje kontynuacj\u0119 turnieju w kolejnych latach.<\/div>\n<div>&nbsp;<\/div>\n<div><img loading=\"lazy\" decoding=\"async\" class=\"alignnone size-full wp-image-558\" src=\"https:\/\/pb.edu.pl\/sjo\/wp-content\/uploads\/sites\/9\/2017\/11\/zdjecie_scrabble_2015.jpg\" alt=\"uczestnicy turnieju scrabble\" width=\"600\" height=\"520\" srcset=\"https:\/\/pb.edu.pl\/sjo\/wp-content\/uploads\/sites\/9\/2017\/11\/zdjecie_scrabble_2015.jpg 600w, https:\/\/pb.edu.pl\/sjo\/wp-content\/uploads\/sites\/9\/2017\/11\/zdjecie_scrabble_2015-300x260.jpg 300w\" sizes=\"auto, (max-width: 600px) 100vw, 600px\" \/><\/div>\n<div>&nbsp;<\/div>\n","protected":false},"excerpt":{"rendered":"<p>XIII Festiwal Nauki i Sztuki w Studium J\u0119zyk\u00f3w Obcych &nbsp; Imprezy odby\u0142y si\u0119 28 maja<\/p>\n","protected":false},"author":6,"featured_media":0,"parent":137,"menu_order":0,"comment_status":"closed","ping_status":"closed","template":"","meta":{"_acf_changed":false,"ngg_post_thumbnail":0,"footnotes":""},"class_list":["post-552","page","type-page","status-publish","hentry"],"acf":[],"yoast_head":"<!-- This site is optimized with the Yoast SEO plugin v27.0 - https:\/\/yoast.com\/product\/yoast-seo-wordpress\/ -->\n<title>Festiwal Nauki i Sztuki 2015 - Studium J\u0119zyk\u00f3w Obcych<\/title>\n<meta name=\"description\" content=\"XIII Festiwal Nauki i Sztuki w Studium J\u0119zyk\u00f3w Obcych &nbsp; Imprezy odby\u0142y si\u0119 28 maja 2015 w budynku CNK. SJO PB przygotowa\u0142o dla uczestnik\u00f3w dwie\" \/>\n<meta name=\"robots\" content=\"index, follow, max-snippet:-1, max-image-preview:large, max-video-preview:-1\" \/>\n<link rel=\"canonical\" href=\"https:\/\/pb.edu.pl\/sjo\/wydarzenia-sjo\/wydarzenia-archiwum\/festiwal-nauki-sztuki-2015\/\" \/>\n<meta property=\"og:locale\" content=\"pl_PL\" \/>\n<meta property=\"og:type\" content=\"article\" \/>\n<meta property=\"og:title\" content=\"Festiwal Nauki i Sztuki 2015 - Studium J\u0119zyk\u00f3w Obcych\" \/>\n<meta property=\"og:description\" content=\"XIII Festiwal Nauki i Sztuki w Studium J\u0119zyk\u00f3w Obcych &nbsp; Imprezy odby\u0142y si\u0119 28 maja 2015 w budynku CNK. SJO PB przygotowa\u0142o dla uczestnik\u00f3w dwie\" \/>\n<meta property=\"og:url\" content=\"https:\/\/pb.edu.pl\/sjo\/wydarzenia-sjo\/wydarzenia-archiwum\/festiwal-nauki-sztuki-2015\/\" \/>\n<meta property=\"og:site_name\" content=\"Studium J\u0119zyk\u00f3w Obcych\" \/>\n<meta property=\"article:modified_time\" content=\"2017-11-28T19:12:14+00:00\" \/>\n<meta property=\"og:image\" content=\"https:\/\/pb.edu.pl\/sjo\/wp-content\/uploads\/sites\/9\/2017\/11\/film_quiz_2015.jpg\" \/>\n\t<meta property=\"og:image:width\" content=\"750\" \/>\n\t<meta property=\"og:image:height\" content=\"250\" \/>\n\t<meta property=\"og:image:type\" content=\"image\/jpeg\" \/>\n<meta name=\"twitter:label1\" content=\"Szacowany czas czytania\" \/>\n\t<meta name=\"twitter:data1\" content=\"1 minuta\" \/>\n<script type=\"application\/ld+json\" class=\"yoast-schema-graph\">{\"@context\":\"https:\/\/schema.org\",\"@graph\":[{\"@type\":\"WebPage\",\"@id\":\"https:\/\/pb.edu.pl\/sjo\/wydarzenia-sjo\/wydarzenia-archiwum\/festiwal-nauki-sztuki-2015\/\",\"url\":\"https:\/\/pb.edu.pl\/sjo\/wydarzenia-sjo\/wydarzenia-archiwum\/festiwal-nauki-sztuki-2015\/\",\"name\":\"Festiwal Nauki i Sztuki 2015 - Studium J\u0119zyk\u00f3w Obcych\",\"isPartOf\":{\"@id\":\"https:\/\/pb.edu.pl\/sjo\/#website\"},\"primaryImageOfPage\":{\"@id\":\"https:\/\/pb.edu.pl\/sjo\/wydarzenia-sjo\/wydarzenia-archiwum\/festiwal-nauki-sztuki-2015\/#primaryimage\"},\"image\":{\"@id\":\"https:\/\/pb.edu.pl\/sjo\/wydarzenia-sjo\/wydarzenia-archiwum\/festiwal-nauki-sztuki-2015\/#primaryimage\"},\"thumbnailUrl\":\"https:\/\/pb.edu.pl\/sjo\/wp-content\/uploads\/sites\/9\/2017\/11\/film_quiz_2015.jpg\",\"datePublished\":\"2017-11-28T19:06:51+00:00\",\"dateModified\":\"2017-11-28T19:12:14+00:00\",\"description\":\"XIII Festiwal Nauki i Sztuki w Studium J\u0119zyk\u00f3w Obcych &nbsp; Imprezy odby\u0142y si\u0119 28 maja 2015 w budynku CNK. SJO PB przygotowa\u0142o dla uczestnik\u00f3w dwie\",\"breadcrumb\":{\"@id\":\"https:\/\/pb.edu.pl\/sjo\/wydarzenia-sjo\/wydarzenia-archiwum\/festiwal-nauki-sztuki-2015\/#breadcrumb\"},\"inLanguage\":\"pl-PL\",\"potentialAction\":[{\"@type\":\"ReadAction\",\"target\":[\"https:\/\/pb.edu.pl\/sjo\/wydarzenia-sjo\/wydarzenia-archiwum\/festiwal-nauki-sztuki-2015\/\"]}]},{\"@type\":\"ImageObject\",\"inLanguage\":\"pl-PL\",\"@id\":\"https:\/\/pb.edu.pl\/sjo\/wydarzenia-sjo\/wydarzenia-archiwum\/festiwal-nauki-sztuki-2015\/#primaryimage\",\"url\":\"https:\/\/pb.edu.pl\/sjo\/wp-content\/uploads\/sites\/9\/2017\/11\/film_quiz_2015.jpg\",\"contentUrl\":\"https:\/\/pb.edu.pl\/sjo\/wp-content\/uploads\/sites\/9\/2017\/11\/film_quiz_2015.jpg\",\"width\":750,\"height\":250,\"caption\":\"banner - Film Quiz\"},{\"@type\":\"BreadcrumbList\",\"@id\":\"https:\/\/pb.edu.pl\/sjo\/wydarzenia-sjo\/wydarzenia-archiwum\/festiwal-nauki-sztuki-2015\/#breadcrumb\",\"itemListElement\":[{\"@type\":\"ListItem\",\"position\":1,\"name\":\"Home\",\"item\":\"https:\/\/pb.edu.pl\/sjo\/\"},{\"@type\":\"ListItem\",\"position\":2,\"name\":\"Wydarzenia SJO\",\"item\":\"https:\/\/pb.edu.pl\/sjo\/wydarzenia-sjo\/\"},{\"@type\":\"ListItem\",\"position\":3,\"name\":\"Wydarzenia\",\"item\":\"https:\/\/pb.edu.pl\/sjo\/wydarzenia-sjo\/wydarzenia-archiwum\/\"},{\"@type\":\"ListItem\",\"position\":4,\"name\":\"Festiwal Nauki i Sztuki 2015\"}]},{\"@type\":\"WebSite\",\"@id\":\"https:\/\/pb.edu.pl\/sjo\/#website\",\"url\":\"https:\/\/pb.edu.pl\/sjo\/\",\"name\":\"Studium J\u0119zyk\u00f3w Obcych\",\"description\":\"\",\"potentialAction\":[{\"@type\":\"SearchAction\",\"target\":{\"@type\":\"EntryPoint\",\"urlTemplate\":\"https:\/\/pb.edu.pl\/sjo\/?s={search_term_string}\"},\"query-input\":{\"@type\":\"PropertyValueSpecification\",\"valueRequired\":true,\"valueName\":\"search_term_string\"}}],\"inLanguage\":\"pl-PL\"}]}<\/script>\n<!-- \/ Yoast SEO plugin. -->","yoast_head_json":{"title":"Festiwal Nauki i Sztuki 2015 - Studium J\u0119zyk\u00f3w Obcych","description":"XIII Festiwal Nauki i Sztuki w Studium J\u0119zyk\u00f3w Obcych &nbsp; Imprezy odby\u0142y si\u0119 28 maja 2015 w budynku CNK. SJO PB przygotowa\u0142o dla uczestnik\u00f3w dwie","robots":{"index":"index","follow":"follow","max-snippet":"max-snippet:-1","max-image-preview":"max-image-preview:large","max-video-preview":"max-video-preview:-1"},"canonical":"https:\/\/pb.edu.pl\/sjo\/wydarzenia-sjo\/wydarzenia-archiwum\/festiwal-nauki-sztuki-2015\/","og_locale":"pl_PL","og_type":"article","og_title":"Festiwal Nauki i Sztuki 2015 - Studium J\u0119zyk\u00f3w Obcych","og_description":"XIII Festiwal Nauki i Sztuki w Studium J\u0119zyk\u00f3w Obcych &nbsp; Imprezy odby\u0142y si\u0119 28 maja 2015 w budynku CNK. SJO PB przygotowa\u0142o dla uczestnik\u00f3w dwie","og_url":"https:\/\/pb.edu.pl\/sjo\/wydarzenia-sjo\/wydarzenia-archiwum\/festiwal-nauki-sztuki-2015\/","og_site_name":"Studium J\u0119zyk\u00f3w Obcych","article_modified_time":"2017-11-28T19:12:14+00:00","og_image":[{"width":750,"height":250,"url":"https:\/\/pb.edu.pl\/sjo\/wp-content\/uploads\/sites\/9\/2017\/11\/film_quiz_2015.jpg","type":"image\/jpeg"}],"twitter_misc":{"Szacowany czas czytania":"1 minuta"},"schema":{"@context":"https:\/\/schema.org","@graph":[{"@type":"WebPage","@id":"https:\/\/pb.edu.pl\/sjo\/wydarzenia-sjo\/wydarzenia-archiwum\/festiwal-nauki-sztuki-2015\/","url":"https:\/\/pb.edu.pl\/sjo\/wydarzenia-sjo\/wydarzenia-archiwum\/festiwal-nauki-sztuki-2015\/","name":"Festiwal Nauki i Sztuki 2015 - Studium J\u0119zyk\u00f3w Obcych","isPartOf":{"@id":"https:\/\/pb.edu.pl\/sjo\/#website"},"primaryImageOfPage":{"@id":"https:\/\/pb.edu.pl\/sjo\/wydarzenia-sjo\/wydarzenia-archiwum\/festiwal-nauki-sztuki-2015\/#primaryimage"},"image":{"@id":"https:\/\/pb.edu.pl\/sjo\/wydarzenia-sjo\/wydarzenia-archiwum\/festiwal-nauki-sztuki-2015\/#primaryimage"},"thumbnailUrl":"https:\/\/pb.edu.pl\/sjo\/wp-content\/uploads\/sites\/9\/2017\/11\/film_quiz_2015.jpg","datePublished":"2017-11-28T19:06:51+00:00","dateModified":"2017-11-28T19:12:14+00:00","description":"XIII Festiwal Nauki i Sztuki w Studium J\u0119zyk\u00f3w Obcych &nbsp; Imprezy odby\u0142y si\u0119 28 maja 2015 w budynku CNK. SJO PB przygotowa\u0142o dla uczestnik\u00f3w dwie","breadcrumb":{"@id":"https:\/\/pb.edu.pl\/sjo\/wydarzenia-sjo\/wydarzenia-archiwum\/festiwal-nauki-sztuki-2015\/#breadcrumb"},"inLanguage":"pl-PL","potentialAction":[{"@type":"ReadAction","target":["https:\/\/pb.edu.pl\/sjo\/wydarzenia-sjo\/wydarzenia-archiwum\/festiwal-nauki-sztuki-2015\/"]}]},{"@type":"ImageObject","inLanguage":"pl-PL","@id":"https:\/\/pb.edu.pl\/sjo\/wydarzenia-sjo\/wydarzenia-archiwum\/festiwal-nauki-sztuki-2015\/#primaryimage","url":"https:\/\/pb.edu.pl\/sjo\/wp-content\/uploads\/sites\/9\/2017\/11\/film_quiz_2015.jpg","contentUrl":"https:\/\/pb.edu.pl\/sjo\/wp-content\/uploads\/sites\/9\/2017\/11\/film_quiz_2015.jpg","width":750,"height":250,"caption":"banner - Film Quiz"},{"@type":"BreadcrumbList","@id":"https:\/\/pb.edu.pl\/sjo\/wydarzenia-sjo\/wydarzenia-archiwum\/festiwal-nauki-sztuki-2015\/#breadcrumb","itemListElement":[{"@type":"ListItem","position":1,"name":"Home","item":"https:\/\/pb.edu.pl\/sjo\/"},{"@type":"ListItem","position":2,"name":"Wydarzenia SJO","item":"https:\/\/pb.edu.pl\/sjo\/wydarzenia-sjo\/"},{"@type":"ListItem","position":3,"name":"Wydarzenia","item":"https:\/\/pb.edu.pl\/sjo\/wydarzenia-sjo\/wydarzenia-archiwum\/"},{"@type":"ListItem","position":4,"name":"Festiwal Nauki i Sztuki 2015"}]},{"@type":"WebSite","@id":"https:\/\/pb.edu.pl\/sjo\/#website","url":"https:\/\/pb.edu.pl\/sjo\/","name":"Studium J\u0119zyk\u00f3w Obcych","description":"","potentialAction":[{"@type":"SearchAction","target":{"@type":"EntryPoint","urlTemplate":"https:\/\/pb.edu.pl\/sjo\/?s={search_term_string}"},"query-input":{"@type":"PropertyValueSpecification","valueRequired":true,"valueName":"search_term_string"}}],"inLanguage":"pl-PL"}]}},"_links":{"self":[{"href":"https:\/\/pb.edu.pl\/sjo\/wp-json\/wp\/v2\/pages\/552","targetHints":{"allow":["GET"]}}],"collection":[{"href":"https:\/\/pb.edu.pl\/sjo\/wp-json\/wp\/v2\/pages"}],"about":[{"href":"https:\/\/pb.edu.pl\/sjo\/wp-json\/wp\/v2\/types\/page"}],"author":[{"embeddable":true,"href":"https:\/\/pb.edu.pl\/sjo\/wp-json\/wp\/v2\/users\/6"}],"replies":[{"embeddable":true,"href":"https:\/\/pb.edu.pl\/sjo\/wp-json\/wp\/v2\/comments?post=552"}],"version-history":[{"count":0,"href":"https:\/\/pb.edu.pl\/sjo\/wp-json\/wp\/v2\/pages\/552\/revisions"}],"up":[{"embeddable":true,"href":"https:\/\/pb.edu.pl\/sjo\/wp-json\/wp\/v2\/pages\/137"}],"wp:attachment":[{"href":"https:\/\/pb.edu.pl\/sjo\/wp-json\/wp\/v2\/media?parent=552"}],"curies":[{"name":"wp","href":"https:\/\/api.w.org\/{rel}","templated":true}]}}