{"id":547,"date":"2017-11-28T17:42:13","date_gmt":"2017-11-28T16:42:13","guid":{"rendered":"https:\/\/pb.edu.pl\/sjo\/?page_id=547"},"modified":"2023-11-28T10:42:43","modified_gmt":"2023-11-28T09:42:43","slug":"50-lecie-studium-jezykow-obcych","status":"publish","type":"page","link":"https:\/\/pb.edu.pl\/sjo\/wydarzenia-sjo\/wydarzenia-archiwum\/50-lecie-studium-jezykow-obcych\/","title":{"rendered":"50-lecie Studium J\u0119zyk\u00f3w Obcych"},"content":{"rendered":"<div class=\"node-content\">\n<div class=\"field field-name-body field-type-text-with-summary field-label-hidden view-mode-full\">\n<div class=\"field-items\">\n<div class=\"field-item even\">\n<div>\n<div class=\"node-content\">\n<div class=\"field field-name-body field-type-text-with-summary field-label-hidden view-mode-teaser\">\n<div class=\"field-items\">\n<div class=\"field-item even\">\n<p><strong>Szanowni Pa\u0144stwo<\/strong><\/p>\n<div>&nbsp;<\/div>\n<div><strong>Za nami uroczysto\u015b\u0107 zamykaj\u0105ca obchody Jubileuszu 50-lecia SJO PB. Pragn\u0119 serdecznie podzi\u0119kowa\u0107 wszystkim osobom, kt\u00f3re by\u0142y z nami w tym dniu. Dzi\u0119kuj\u0119 moim Kole\u017cankom i Kolegom ze Studium za pomoc i zaanga\u017cowanie w przygotowanie i przeprowadzenie wszystkich imprez w roku jubileuszowym. Odnosz\u0105c si\u0119 do s\u0142\u00f3w JM Rektora Politechniki Bia\u0142ostockiej, \u017cycz\u0119 nam dalszych r\u00f3wnie wspania\u0142ych lat i kolejnych \u201esetnych\u201d jubileuszy.&nbsp; <\/strong><\/div>\n<div style=\"text-align: right\"><strong>Wioletta Omelianiuk<\/strong><\/div>\n<\/div>\n<\/div>\n<\/div>\n<\/div>\n<\/div>\n<div>&nbsp;<\/div>\n<div>\n<hr>\n<\/div>\n<div><strong>15 grudnia 2014 odby\u0142y si\u0119 uroczyste obchody 50-lecia Studium J\u0119zyk\u00f3w Obcych Politechniki Bia\u0142ostockiej.<\/strong><\/div>\n<div>&nbsp;<\/div>\nngg_shortcode_0_placeholder\nngg_shortcode_1_placeholder\n<div>&nbsp;<\/div>\n<div><u><strong>Program obchod\u00f3w 50-lecia Studium J\u0119zyk\u00f3w Obcych<\/strong>:<\/u><\/div>\n<div>12.15-13.45 &#8211; blok lekcji otwartych dla student\u00f3w &#8211; zaj\u0119cia w formie gier, quiz\u00f3w, zabaw odbywa\u0107 si\u0119 b\u0119d\u0105 we wszystkich salach dydaktycznych SJO (na poziomie P1 i P2) \u2013 wst\u0119p wolny<\/div>\n<div>&nbsp;<\/div>\n<div>Nauka ta\u0144ca Afrolatin Jam Studio Ta\u0144ca Bia\u0142ystok dla student\u00f3w oraz innych os\u00f3b zainteresowanych<\/div>\n<div>&nbsp;<\/div>\n<div>Pokaz ta\u0144ca Afrolatin Jam Studio Ta\u0144ca Bia\u0142ystok<\/div>\n<div>&nbsp;<\/div>\n<div><strong>14.15-15.00<\/strong> \u2013 oficjalne obchody 50-lecia SJO z&nbsp; udzia\u0142em&nbsp; w\u0142adz naszej Uczelni, zaproszonych go\u015bci a tak\u017ce obecnych i emerytowanych pracownik\u00f3w Studium J\u0119zyk\u00f3w Obcych \u2013 Aula 33&nbsp; w budynku CNK<\/div>\n<div>&nbsp;<\/div>\n<div>Wyst\u0119p wokalny laureata Konkursu Piosenki Obcoj\u0119zycznej (hol budynku CNK)<\/div>\n<div>&nbsp;<\/div>\n<div>Wyst\u0105pienie JM Rektora z gratulacjami<\/div>\n<div>&nbsp;<\/div>\n<div>Zaproszenie na tort i szampana (hol budynku CNK)<\/div>\n<div>&nbsp;<\/div>\n<div>Wyst\u0119p wokalny laureata Konkursu Piosenki Obcoj\u0119zycznej (hol budynku CNK)<\/div>\n<div>&nbsp;<\/div>\n<div>Zaproszenie na wystaw\u0119 i recital muzyczny (studenci Uniwersytetu Muzycznego)<\/div>\n<\/div>\n<\/div>\n<\/div>\n<\/div>\n","protected":false},"excerpt":{"rendered":"<p>Szanowni Pa\u0144stwo &nbsp; Za nami uroczysto\u015b\u0107 zamykaj\u0105ca obchody Jubileuszu 50-lecia SJO PB. Pragn\u0119 serdecznie podzi\u0119kowa\u0107<\/p>\n","protected":false},"author":6,"featured_media":0,"parent":137,"menu_order":0,"comment_status":"closed","ping_status":"closed","template":"","meta":{"_acf_changed":false,"ngg_post_thumbnail":0,"footnotes":""},"class_list":["post-547","page","type-page","status-publish","hentry"],"acf":[],"yoast_head":"<!-- This site is optimized with the Yoast SEO plugin v27.0 - https:\/\/yoast.com\/product\/yoast-seo-wordpress\/ -->\n<title>50-lecie Studium J\u0119zyk\u00f3w Obcych - Studium J\u0119zyk\u00f3w Obcych<\/title>\n<meta name=\"description\" content=\"Szanowni Pa\u0144stwo &nbsp; Za nami uroczysto\u015b\u0107 zamykaj\u0105ca obchody Jubileuszu 50-lecia SJO PB. Pragn\u0119 serdecznie podzi\u0119kowa\u0107 wszystkim osobom, kt\u00f3re by\u0142y z\" \/>\n<meta name=\"robots\" content=\"index, follow, max-snippet:-1, max-image-preview:large, max-video-preview:-1\" \/>\n<link rel=\"canonical\" href=\"https:\/\/pb.edu.pl\/sjo\/wydarzenia-sjo\/wydarzenia-archiwum\/50-lecie-studium-jezykow-obcych\/\" \/>\n<meta property=\"og:locale\" content=\"pl_PL\" \/>\n<meta property=\"og:type\" content=\"article\" \/>\n<meta property=\"og:title\" content=\"50-lecie Studium J\u0119zyk\u00f3w Obcych - Studium J\u0119zyk\u00f3w Obcych\" \/>\n<meta property=\"og:description\" content=\"Szanowni Pa\u0144stwo &nbsp; Za nami uroczysto\u015b\u0107 zamykaj\u0105ca obchody Jubileuszu 50-lecia SJO PB. Pragn\u0119 serdecznie podzi\u0119kowa\u0107 wszystkim osobom, kt\u00f3re by\u0142y z\" \/>\n<meta property=\"og:url\" content=\"https:\/\/pb.edu.pl\/sjo\/wydarzenia-sjo\/wydarzenia-archiwum\/50-lecie-studium-jezykow-obcych\/\" \/>\n<meta property=\"og:site_name\" content=\"Studium J\u0119zyk\u00f3w Obcych\" \/>\n<meta property=\"article:modified_time\" content=\"2023-11-28T09:42:43+00:00\" \/>\n<meta name=\"twitter:label1\" content=\"Szacowany czas czytania\" \/>\n\t<meta name=\"twitter:data1\" content=\"2 minuty\" \/>\n<script type=\"application\/ld+json\" class=\"yoast-schema-graph\">{\"@context\":\"https:\/\/schema.org\",\"@graph\":[{\"@type\":\"WebPage\",\"@id\":\"https:\/\/pb.edu.pl\/sjo\/wydarzenia-sjo\/wydarzenia-archiwum\/50-lecie-studium-jezykow-obcych\/\",\"url\":\"https:\/\/pb.edu.pl\/sjo\/wydarzenia-sjo\/wydarzenia-archiwum\/50-lecie-studium-jezykow-obcych\/\",\"name\":\"50-lecie Studium J\u0119zyk\u00f3w Obcych - Studium J\u0119zyk\u00f3w Obcych\",\"isPartOf\":{\"@id\":\"https:\/\/pb.edu.pl\/sjo\/#website\"},\"datePublished\":\"2017-11-28T16:42:13+00:00\",\"dateModified\":\"2023-11-28T09:42:43+00:00\",\"description\":\"Szanowni Pa\u0144stwo &nbsp; Za nami uroczysto\u015b\u0107 zamykaj\u0105ca obchody Jubileuszu 50-lecia SJO PB. Pragn\u0119 serdecznie podzi\u0119kowa\u0107 wszystkim osobom, kt\u00f3re by\u0142y z\",\"breadcrumb\":{\"@id\":\"https:\/\/pb.edu.pl\/sjo\/wydarzenia-sjo\/wydarzenia-archiwum\/50-lecie-studium-jezykow-obcych\/#breadcrumb\"},\"inLanguage\":\"pl-PL\",\"potentialAction\":[{\"@type\":\"ReadAction\",\"target\":[\"https:\/\/pb.edu.pl\/sjo\/wydarzenia-sjo\/wydarzenia-archiwum\/50-lecie-studium-jezykow-obcych\/\"]}]},{\"@type\":\"BreadcrumbList\",\"@id\":\"https:\/\/pb.edu.pl\/sjo\/wydarzenia-sjo\/wydarzenia-archiwum\/50-lecie-studium-jezykow-obcych\/#breadcrumb\",\"itemListElement\":[{\"@type\":\"ListItem\",\"position\":1,\"name\":\"Home\",\"item\":\"https:\/\/pb.edu.pl\/sjo\/\"},{\"@type\":\"ListItem\",\"position\":2,\"name\":\"Wydarzenia SJO\",\"item\":\"https:\/\/pb.edu.pl\/sjo\/wydarzenia-sjo\/\"},{\"@type\":\"ListItem\",\"position\":3,\"name\":\"Wydarzenia\",\"item\":\"https:\/\/pb.edu.pl\/sjo\/wydarzenia-sjo\/wydarzenia-archiwum\/\"},{\"@type\":\"ListItem\",\"position\":4,\"name\":\"50-lecie Studium J\u0119zyk\u00f3w Obcych\"}]},{\"@type\":\"WebSite\",\"@id\":\"https:\/\/pb.edu.pl\/sjo\/#website\",\"url\":\"https:\/\/pb.edu.pl\/sjo\/\",\"name\":\"Studium J\u0119zyk\u00f3w Obcych\",\"description\":\"\",\"potentialAction\":[{\"@type\":\"SearchAction\",\"target\":{\"@type\":\"EntryPoint\",\"urlTemplate\":\"https:\/\/pb.edu.pl\/sjo\/?s={search_term_string}\"},\"query-input\":{\"@type\":\"PropertyValueSpecification\",\"valueRequired\":true,\"valueName\":\"search_term_string\"}}],\"inLanguage\":\"pl-PL\"}]}<\/script>\n<!-- \/ Yoast SEO plugin. -->","yoast_head_json":{"title":"50-lecie Studium J\u0119zyk\u00f3w Obcych - Studium J\u0119zyk\u00f3w Obcych","description":"Szanowni Pa\u0144stwo &nbsp; Za nami uroczysto\u015b\u0107 zamykaj\u0105ca obchody Jubileuszu 50-lecia SJO PB. Pragn\u0119 serdecznie podzi\u0119kowa\u0107 wszystkim osobom, kt\u00f3re by\u0142y z","robots":{"index":"index","follow":"follow","max-snippet":"max-snippet:-1","max-image-preview":"max-image-preview:large","max-video-preview":"max-video-preview:-1"},"canonical":"https:\/\/pb.edu.pl\/sjo\/wydarzenia-sjo\/wydarzenia-archiwum\/50-lecie-studium-jezykow-obcych\/","og_locale":"pl_PL","og_type":"article","og_title":"50-lecie Studium J\u0119zyk\u00f3w Obcych - Studium J\u0119zyk\u00f3w Obcych","og_description":"Szanowni Pa\u0144stwo &nbsp; Za nami uroczysto\u015b\u0107 zamykaj\u0105ca obchody Jubileuszu 50-lecia SJO PB. Pragn\u0119 serdecznie podzi\u0119kowa\u0107 wszystkim osobom, kt\u00f3re by\u0142y z","og_url":"https:\/\/pb.edu.pl\/sjo\/wydarzenia-sjo\/wydarzenia-archiwum\/50-lecie-studium-jezykow-obcych\/","og_site_name":"Studium J\u0119zyk\u00f3w Obcych","article_modified_time":"2023-11-28T09:42:43+00:00","twitter_misc":{"Szacowany czas czytania":"2 minuty"},"schema":{"@context":"https:\/\/schema.org","@graph":[{"@type":"WebPage","@id":"https:\/\/pb.edu.pl\/sjo\/wydarzenia-sjo\/wydarzenia-archiwum\/50-lecie-studium-jezykow-obcych\/","url":"https:\/\/pb.edu.pl\/sjo\/wydarzenia-sjo\/wydarzenia-archiwum\/50-lecie-studium-jezykow-obcych\/","name":"50-lecie Studium J\u0119zyk\u00f3w Obcych - Studium J\u0119zyk\u00f3w Obcych","isPartOf":{"@id":"https:\/\/pb.edu.pl\/sjo\/#website"},"datePublished":"2017-11-28T16:42:13+00:00","dateModified":"2023-11-28T09:42:43+00:00","description":"Szanowni Pa\u0144stwo &nbsp; Za nami uroczysto\u015b\u0107 zamykaj\u0105ca obchody Jubileuszu 50-lecia SJO PB. Pragn\u0119 serdecznie podzi\u0119kowa\u0107 wszystkim osobom, kt\u00f3re by\u0142y z","breadcrumb":{"@id":"https:\/\/pb.edu.pl\/sjo\/wydarzenia-sjo\/wydarzenia-archiwum\/50-lecie-studium-jezykow-obcych\/#breadcrumb"},"inLanguage":"pl-PL","potentialAction":[{"@type":"ReadAction","target":["https:\/\/pb.edu.pl\/sjo\/wydarzenia-sjo\/wydarzenia-archiwum\/50-lecie-studium-jezykow-obcych\/"]}]},{"@type":"BreadcrumbList","@id":"https:\/\/pb.edu.pl\/sjo\/wydarzenia-sjo\/wydarzenia-archiwum\/50-lecie-studium-jezykow-obcych\/#breadcrumb","itemListElement":[{"@type":"ListItem","position":1,"name":"Home","item":"https:\/\/pb.edu.pl\/sjo\/"},{"@type":"ListItem","position":2,"name":"Wydarzenia SJO","item":"https:\/\/pb.edu.pl\/sjo\/wydarzenia-sjo\/"},{"@type":"ListItem","position":3,"name":"Wydarzenia","item":"https:\/\/pb.edu.pl\/sjo\/wydarzenia-sjo\/wydarzenia-archiwum\/"},{"@type":"ListItem","position":4,"name":"50-lecie Studium J\u0119zyk\u00f3w Obcych"}]},{"@type":"WebSite","@id":"https:\/\/pb.edu.pl\/sjo\/#website","url":"https:\/\/pb.edu.pl\/sjo\/","name":"Studium J\u0119zyk\u00f3w Obcych","description":"","potentialAction":[{"@type":"SearchAction","target":{"@type":"EntryPoint","urlTemplate":"https:\/\/pb.edu.pl\/sjo\/?s={search_term_string}"},"query-input":{"@type":"PropertyValueSpecification","valueRequired":true,"valueName":"search_term_string"}}],"inLanguage":"pl-PL"}]}},"_links":{"self":[{"href":"https:\/\/pb.edu.pl\/sjo\/wp-json\/wp\/v2\/pages\/547","targetHints":{"allow":["GET"]}}],"collection":[{"href":"https:\/\/pb.edu.pl\/sjo\/wp-json\/wp\/v2\/pages"}],"about":[{"href":"https:\/\/pb.edu.pl\/sjo\/wp-json\/wp\/v2\/types\/page"}],"author":[{"embeddable":true,"href":"https:\/\/pb.edu.pl\/sjo\/wp-json\/wp\/v2\/users\/6"}],"replies":[{"embeddable":true,"href":"https:\/\/pb.edu.pl\/sjo\/wp-json\/wp\/v2\/comments?post=547"}],"version-history":[{"count":0,"href":"https:\/\/pb.edu.pl\/sjo\/wp-json\/wp\/v2\/pages\/547\/revisions"}],"up":[{"embeddable":true,"href":"https:\/\/pb.edu.pl\/sjo\/wp-json\/wp\/v2\/pages\/137"}],"wp:attachment":[{"href":"https:\/\/pb.edu.pl\/sjo\/wp-json\/wp\/v2\/media?parent=547"}],"curies":[{"name":"wp","href":"https:\/\/api.w.org\/{rel}","templated":true}]}}