{"id":5439,"date":"2018-06-08T12:54:11","date_gmt":"2018-06-08T10:54:11","guid":{"rendered":"https:\/\/pb.edu.pl\/sjo\/?page_id=5439"},"modified":"2018-06-08T19:04:46","modified_gmt":"2018-06-08T17:04:46","slug":"bordeaux","status":"publish","type":"page","link":"https:\/\/pb.edu.pl\/sjo\/dla-pracownika\/wspolpraca-z-zagranica\/bordeaux\/","title":{"rendered":"Wizyta na Uniwersytecie w Bordeaux"},"content":{"rendered":"<p><span style=\"font-size: 12pt\">W dniach <strong>23-27 marca 2015<\/strong> go\u015bci\u0142am <strong>w Departement de Langues, Lettres et Communication Uniwersytetu w Bordeaux<\/strong>.&nbsp; Centrum J\u0119zykowe s\u0142u\u017cy studentom i pracownikom Uczelni \u2013 prowadzi lektoraty j\u0119zyk\u00f3w obcych na studiach pierwszego i drugiego stopnia oraz zaj\u0119cia konwersacyjne dla wyk\u0142adowc\u00f3w. Zatrudnia oko\u0142o 30 nauczycieli na sta\u0142ych umowach i r\u00f3wnie\u017c oko\u0142o 30 na umow\u0119 zlecenie. Cz\u0119\u015b\u0107 nauczycieli cieszy si\u0119 statusem urz\u0119dnika pa\u0144stwowego, co \u015bwiadczy o wysokich kwalifikacjach kadry dydaktycznej.<\/span><\/p>\n<p><span style=\"font-size: 12pt\">Na pocz\u0105tku wizyty \u2013 w poniedzia\u0142ek, 23 marca &nbsp;\u2013 pozna\u0142am dyrektora Centrum &#8211; Catherine Poutiers-Peytureau. Obejrza\u0142am te\u017c budynek oraz sale \u0107wiczeniowe. Tego dnia przeprowadzi\u0142am r\u00f3wnie\u017c pierwsze z o\u015bmiu zaj\u0119\u0107 ze studentami. Wszystkie moje zaj\u0119cia \u0142\u0105czy\u0142y elementy wiedzy j\u0119zykowej \u2013 s\u0142ownictwo, wyra\u017cenia idiomatyczne \u2013 z wiedz\u0105 o Polsce, Bia\u0142ymstoku i Podlasiu oraz relacjach polsko-francuskich.<\/span><\/p>\n<p><span style=\"font-size: 12pt\">W nast\u0119pnych dniach prowadzi\u0142am po kilka zaj\u0119\u0107 dziennie. Najciekawsze z mojego punktu widzenia by\u0142o spotkanie z wyk\u0142adowcami Uczelni w ramach zaj\u0119\u0107 konwersacyjnych. Mia\u0142am mo\u017cliwo\u015b\u0107 nie tylko opowiedzenia o Podlasiu i naszej Politechnice, ale r\u00f3wnie\u017c dowiedzenia si\u0119 wi\u0119cej o pracy na Uniwersytecie w Bordeaux. Bardzo mi\u0142e okaza\u0142o si\u0119 spotkanie z profesorem \u2013 specjalist\u0105 in\u017cynierii biomedycznej &#8211; kt\u00f3ry dwa lata temu odwiedzi\u0142 nasz\u0105 Uczelni\u0119 i niezwykle interesuj\u0105co opowiada\u0142 o konferencji, w kt\u00f3rej bra\u0142 udzia\u0142, i towarzysz\u0105cej jej kolacji.<\/span><\/p>\n<p><span style=\"font-size: 12pt\">Oczywi\u015bcie po zaj\u0119ciach znalaz\u0142o si\u0119 nieco czasu na zwiedzanie. Bordeaux jest od do\u015b\u0107 niedawna na li\u015bcie UNESCO. To miasto o niezwykle eleganckiej, g\u0142\u00f3wnie osiemnastowiecznej zabudowie, po\u0142o\u017cone nad Garonn\u0105, s\u0142ynie z produkcji win. Winnice zobaczy\u0107 mo\u017cna wsz\u0119dzie wok\u00f3\u0142, niemal w granicach miasta. Bardzo nowoczesne s\u0105 linie tramwajowe nap\u0119dzane poprzez szyny.<\/span><\/p>\n<p><span style=\"font-size: 12pt\">Podczas mojego pobytu stara\u0142am si\u0119 zach\u0119ci\u0107 wyk\u0142adowc\u00f3w i student\u00f3w do wizyty w Bia\u0142ymstoku w ramach programu Erasmus. Ka\u017cda wizyta w uczelni zagranicznej czy odwiedziny pracownik\u00f3w innych uczelni s\u0105 dla nas w SJO bardzo cenne, pomagaj\u0105 rozwija\u0107 w\u0142asny warsztat pracy, inspiruj\u0105, pozwalaj\u0105 wzbogaci\u0107 wiedz\u0119 o j\u0119zyku i o \u015bwiecie.<\/span><\/p>\n<p><span style=\"font-size: 12pt\"><strong>Halina Bramska<\/strong><\/span><\/p>\n<div id='gallery-1' class='gallery galleryid-5439 gallery-columns-2 gallery-size-full'><figure class='gallery-item'>\n\t\t\t<div class='gallery-icon landscape'>\n\t\t\t\t<a href='https:\/\/pb.edu.pl\/sjo\/wp-content\/uploads\/sites\/9\/2018\/06\/Bordeaux_1.jpg'><img loading=\"lazy\" decoding=\"async\" width=\"1200\" height=\"797\" src=\"https:\/\/pb.edu.pl\/sjo\/wp-content\/uploads\/sites\/9\/2018\/06\/Bordeaux_1.jpg\" class=\"attachment-full size-full\" alt=\"Bordeaux\" srcset=\"https:\/\/pb.edu.pl\/sjo\/wp-content\/uploads\/sites\/9\/2018\/06\/Bordeaux_1.jpg 1200w, https:\/\/pb.edu.pl\/sjo\/wp-content\/uploads\/sites\/9\/2018\/06\/Bordeaux_1-300x199.jpg 300w, https:\/\/pb.edu.pl\/sjo\/wp-content\/uploads\/sites\/9\/2018\/06\/Bordeaux_1-768x510.jpg 768w, https:\/\/pb.edu.pl\/sjo\/wp-content\/uploads\/sites\/9\/2018\/06\/Bordeaux_1-1024x680.jpg 1024w, https:\/\/pb.edu.pl\/sjo\/wp-content\/uploads\/sites\/9\/2018\/06\/Bordeaux_1-480x320.jpg 480w\" sizes=\"auto, (max-width: 1200px) 100vw, 1200px\" \/><\/a>\n\t\t\t<\/div><\/figure><figure class='gallery-item'>\n\t\t\t<div class='gallery-icon landscape'>\n\t\t\t\t<a href='https:\/\/pb.edu.pl\/sjo\/wp-content\/uploads\/sites\/9\/2018\/06\/Bordeaux_2.jpg'><img loading=\"lazy\" decoding=\"async\" width=\"1200\" height=\"797\" src=\"https:\/\/pb.edu.pl\/sjo\/wp-content\/uploads\/sites\/9\/2018\/06\/Bordeaux_2.jpg\" class=\"attachment-full size-full\" alt=\"Bordeaux\" srcset=\"https:\/\/pb.edu.pl\/sjo\/wp-content\/uploads\/sites\/9\/2018\/06\/Bordeaux_2.jpg 1200w, https:\/\/pb.edu.pl\/sjo\/wp-content\/uploads\/sites\/9\/2018\/06\/Bordeaux_2-300x199.jpg 300w, https:\/\/pb.edu.pl\/sjo\/wp-content\/uploads\/sites\/9\/2018\/06\/Bordeaux_2-768x510.jpg 768w, https:\/\/pb.edu.pl\/sjo\/wp-content\/uploads\/sites\/9\/2018\/06\/Bordeaux_2-1024x680.jpg 1024w, https:\/\/pb.edu.pl\/sjo\/wp-content\/uploads\/sites\/9\/2018\/06\/Bordeaux_2-480x320.jpg 480w\" sizes=\"auto, (max-width: 1200px) 100vw, 1200px\" \/><\/a>\n\t\t\t<\/div><\/figure><figure class='gallery-item'>\n\t\t\t<div class='gallery-icon landscape'>\n\t\t\t\t<a href='https:\/\/pb.edu.pl\/sjo\/wp-content\/uploads\/sites\/9\/2018\/06\/Bordeaux_3.jpg'><img loading=\"lazy\" decoding=\"async\" width=\"1200\" height=\"797\" src=\"https:\/\/pb.edu.pl\/sjo\/wp-content\/uploads\/sites\/9\/2018\/06\/Bordeaux_3.jpg\" class=\"attachment-full size-full\" alt=\"Bordeaux\" srcset=\"https:\/\/pb.edu.pl\/sjo\/wp-content\/uploads\/sites\/9\/2018\/06\/Bordeaux_3.jpg 1200w, https:\/\/pb.edu.pl\/sjo\/wp-content\/uploads\/sites\/9\/2018\/06\/Bordeaux_3-300x199.jpg 300w, https:\/\/pb.edu.pl\/sjo\/wp-content\/uploads\/sites\/9\/2018\/06\/Bordeaux_3-768x510.jpg 768w, https:\/\/pb.edu.pl\/sjo\/wp-content\/uploads\/sites\/9\/2018\/06\/Bordeaux_3-1024x680.jpg 1024w, https:\/\/pb.edu.pl\/sjo\/wp-content\/uploads\/sites\/9\/2018\/06\/Bordeaux_3-480x320.jpg 480w\" sizes=\"auto, (max-width: 1200px) 100vw, 1200px\" \/><\/a>\n\t\t\t<\/div><\/figure><figure class='gallery-item'>\n\t\t\t<div class='gallery-icon landscape'>\n\t\t\t\t<a href='https:\/\/pb.edu.pl\/sjo\/wp-content\/uploads\/sites\/9\/2018\/06\/Bordeaux_4.jpg'><img loading=\"lazy\" decoding=\"async\" width=\"1200\" height=\"797\" src=\"https:\/\/pb.edu.pl\/sjo\/wp-content\/uploads\/sites\/9\/2018\/06\/Bordeaux_4.jpg\" class=\"attachment-full size-full\" alt=\"Bordeaux\" srcset=\"https:\/\/pb.edu.pl\/sjo\/wp-content\/uploads\/sites\/9\/2018\/06\/Bordeaux_4.jpg 1200w, https:\/\/pb.edu.pl\/sjo\/wp-content\/uploads\/sites\/9\/2018\/06\/Bordeaux_4-300x199.jpg 300w, https:\/\/pb.edu.pl\/sjo\/wp-content\/uploads\/sites\/9\/2018\/06\/Bordeaux_4-768x510.jpg 768w, https:\/\/pb.edu.pl\/sjo\/wp-content\/uploads\/sites\/9\/2018\/06\/Bordeaux_4-1024x680.jpg 1024w, https:\/\/pb.edu.pl\/sjo\/wp-content\/uploads\/sites\/9\/2018\/06\/Bordeaux_4-480x320.jpg 480w\" sizes=\"auto, (max-width: 1200px) 100vw, 1200px\" \/><\/a>\n\t\t\t<\/div><\/figure>\n\t\t<\/div>\n\n","protected":false},"excerpt":{"rendered":"<p>W dniach 23-27 marca 2015 go\u015bci\u0142am w Departement de Langues, Lettres et Communication Uniwersytetu w<\/p>\n","protected":false},"author":6,"featured_media":0,"parent":5020,"menu_order":0,"comment_status":"closed","ping_status":"closed","template":"","meta":{"_acf_changed":false,"ngg_post_thumbnail":0,"footnotes":""},"class_list":["post-5439","page","type-page","status-publish","hentry"],"acf":[],"yoast_head":"<!-- This site is optimized with the Yoast SEO plugin v27.0 - https:\/\/yoast.com\/product\/yoast-seo-wordpress\/ -->\n<title>Wizyta na Uniwersytecie w Bordeaux - Studium J\u0119zyk\u00f3w Obcych<\/title>\n<meta name=\"description\" content=\"W dniach 23-27 marca 2015 go\u015bci\u0142am w Departement de Langues, Lettres et Communication Uniwersytetu w Bordeaux.&nbsp; Centrum J\u0119zykowe s\u0142u\u017cy studentom i\" \/>\n<meta name=\"robots\" content=\"index, follow, max-snippet:-1, max-image-preview:large, max-video-preview:-1\" \/>\n<link rel=\"canonical\" href=\"https:\/\/pb.edu.pl\/sjo\/dla-pracownika\/wspolpraca-z-zagranica\/bordeaux\/\" \/>\n<meta property=\"og:locale\" content=\"pl_PL\" \/>\n<meta property=\"og:type\" content=\"article\" \/>\n<meta property=\"og:title\" content=\"Wizyta na Uniwersytecie w Bordeaux - Studium J\u0119zyk\u00f3w Obcych\" \/>\n<meta property=\"og:description\" content=\"W dniach 23-27 marca 2015 go\u015bci\u0142am w Departement de Langues, Lettres et Communication Uniwersytetu w Bordeaux.&nbsp; Centrum J\u0119zykowe s\u0142u\u017cy studentom i\" \/>\n<meta property=\"og:url\" content=\"https:\/\/pb.edu.pl\/sjo\/dla-pracownika\/wspolpraca-z-zagranica\/bordeaux\/\" \/>\n<meta property=\"og:site_name\" content=\"Studium J\u0119zyk\u00f3w Obcych\" \/>\n<meta property=\"article:modified_time\" content=\"2018-06-08T17:04:46+00:00\" \/>\n<meta property=\"og:image\" content=\"https:\/\/pb.edu.pl\/sjo\/wp-content\/uploads\/sites\/9\/2018\/06\/Bordeaux_1.jpg\" \/>\n<meta name=\"twitter:label1\" content=\"Szacowany czas czytania\" \/>\n\t<meta name=\"twitter:data1\" content=\"2 minuty\" \/>\n<script type=\"application\/ld+json\" class=\"yoast-schema-graph\">{\"@context\":\"https:\/\/schema.org\",\"@graph\":[{\"@type\":\"WebPage\",\"@id\":\"https:\/\/pb.edu.pl\/sjo\/dla-pracownika\/wspolpraca-z-zagranica\/bordeaux\/\",\"url\":\"https:\/\/pb.edu.pl\/sjo\/dla-pracownika\/wspolpraca-z-zagranica\/bordeaux\/\",\"name\":\"Wizyta na Uniwersytecie w Bordeaux - Studium J\u0119zyk\u00f3w Obcych\",\"isPartOf\":{\"@id\":\"https:\/\/pb.edu.pl\/sjo\/#website\"},\"datePublished\":\"2018-06-08T10:54:11+00:00\",\"dateModified\":\"2018-06-08T17:04:46+00:00\",\"description\":\"W dniach 23-27 marca 2015 go\u015bci\u0142am w Departement de Langues, Lettres et Communication Uniwersytetu w Bordeaux.&nbsp; Centrum J\u0119zykowe s\u0142u\u017cy studentom i\",\"breadcrumb\":{\"@id\":\"https:\/\/pb.edu.pl\/sjo\/dla-pracownika\/wspolpraca-z-zagranica\/bordeaux\/#breadcrumb\"},\"inLanguage\":\"pl-PL\",\"potentialAction\":[{\"@type\":\"ReadAction\",\"target\":[\"https:\/\/pb.edu.pl\/sjo\/dla-pracownika\/wspolpraca-z-zagranica\/bordeaux\/\"]}]},{\"@type\":\"BreadcrumbList\",\"@id\":\"https:\/\/pb.edu.pl\/sjo\/dla-pracownika\/wspolpraca-z-zagranica\/bordeaux\/#breadcrumb\",\"itemListElement\":[{\"@type\":\"ListItem\",\"position\":1,\"name\":\"Home\",\"item\":\"https:\/\/pb.edu.pl\/sjo\/\"},{\"@type\":\"ListItem\",\"position\":2,\"name\":\"Pracuj\u0119 w PB\",\"item\":\"https:\/\/pb.edu.pl\/sjo\/dla-pracownika\/\"},{\"@type\":\"ListItem\",\"position\":3,\"name\":\"Wsp\u00f3\u0142praca z zagranic\u0105\",\"item\":\"https:\/\/pb.edu.pl\/sjo\/dla-pracownika\/wspolpraca-z-zagranica\/\"},{\"@type\":\"ListItem\",\"position\":4,\"name\":\"Wizyta na Uniwersytecie w Bordeaux\"}]},{\"@type\":\"WebSite\",\"@id\":\"https:\/\/pb.edu.pl\/sjo\/#website\",\"url\":\"https:\/\/pb.edu.pl\/sjo\/\",\"name\":\"Studium J\u0119zyk\u00f3w Obcych\",\"description\":\"\",\"potentialAction\":[{\"@type\":\"SearchAction\",\"target\":{\"@type\":\"EntryPoint\",\"urlTemplate\":\"https:\/\/pb.edu.pl\/sjo\/?s={search_term_string}\"},\"query-input\":{\"@type\":\"PropertyValueSpecification\",\"valueRequired\":true,\"valueName\":\"search_term_string\"}}],\"inLanguage\":\"pl-PL\"}]}<\/script>\n<!-- \/ Yoast SEO plugin. -->","yoast_head_json":{"title":"Wizyta na Uniwersytecie w Bordeaux - Studium J\u0119zyk\u00f3w Obcych","description":"W dniach 23-27 marca 2015 go\u015bci\u0142am w Departement de Langues, Lettres et Communication Uniwersytetu w Bordeaux.&nbsp; Centrum J\u0119zykowe s\u0142u\u017cy studentom i","robots":{"index":"index","follow":"follow","max-snippet":"max-snippet:-1","max-image-preview":"max-image-preview:large","max-video-preview":"max-video-preview:-1"},"canonical":"https:\/\/pb.edu.pl\/sjo\/dla-pracownika\/wspolpraca-z-zagranica\/bordeaux\/","og_locale":"pl_PL","og_type":"article","og_title":"Wizyta na Uniwersytecie w Bordeaux - Studium J\u0119zyk\u00f3w Obcych","og_description":"W dniach 23-27 marca 2015 go\u015bci\u0142am w Departement de Langues, Lettres et Communication Uniwersytetu w Bordeaux.&nbsp; Centrum J\u0119zykowe s\u0142u\u017cy studentom i","og_url":"https:\/\/pb.edu.pl\/sjo\/dla-pracownika\/wspolpraca-z-zagranica\/bordeaux\/","og_site_name":"Studium J\u0119zyk\u00f3w Obcych","article_modified_time":"2018-06-08T17:04:46+00:00","og_image":[{"url":"https:\/\/pb.edu.pl\/sjo\/wp-content\/uploads\/sites\/9\/2018\/06\/Bordeaux_1.jpg","type":"","width":"","height":""}],"twitter_misc":{"Szacowany czas czytania":"2 minuty"},"schema":{"@context":"https:\/\/schema.org","@graph":[{"@type":"WebPage","@id":"https:\/\/pb.edu.pl\/sjo\/dla-pracownika\/wspolpraca-z-zagranica\/bordeaux\/","url":"https:\/\/pb.edu.pl\/sjo\/dla-pracownika\/wspolpraca-z-zagranica\/bordeaux\/","name":"Wizyta na Uniwersytecie w Bordeaux - Studium J\u0119zyk\u00f3w Obcych","isPartOf":{"@id":"https:\/\/pb.edu.pl\/sjo\/#website"},"datePublished":"2018-06-08T10:54:11+00:00","dateModified":"2018-06-08T17:04:46+00:00","description":"W dniach 23-27 marca 2015 go\u015bci\u0142am w Departement de Langues, Lettres et Communication Uniwersytetu w Bordeaux.&nbsp; Centrum J\u0119zykowe s\u0142u\u017cy studentom i","breadcrumb":{"@id":"https:\/\/pb.edu.pl\/sjo\/dla-pracownika\/wspolpraca-z-zagranica\/bordeaux\/#breadcrumb"},"inLanguage":"pl-PL","potentialAction":[{"@type":"ReadAction","target":["https:\/\/pb.edu.pl\/sjo\/dla-pracownika\/wspolpraca-z-zagranica\/bordeaux\/"]}]},{"@type":"BreadcrumbList","@id":"https:\/\/pb.edu.pl\/sjo\/dla-pracownika\/wspolpraca-z-zagranica\/bordeaux\/#breadcrumb","itemListElement":[{"@type":"ListItem","position":1,"name":"Home","item":"https:\/\/pb.edu.pl\/sjo\/"},{"@type":"ListItem","position":2,"name":"Pracuj\u0119 w PB","item":"https:\/\/pb.edu.pl\/sjo\/dla-pracownika\/"},{"@type":"ListItem","position":3,"name":"Wsp\u00f3\u0142praca z zagranic\u0105","item":"https:\/\/pb.edu.pl\/sjo\/dla-pracownika\/wspolpraca-z-zagranica\/"},{"@type":"ListItem","position":4,"name":"Wizyta na Uniwersytecie w Bordeaux"}]},{"@type":"WebSite","@id":"https:\/\/pb.edu.pl\/sjo\/#website","url":"https:\/\/pb.edu.pl\/sjo\/","name":"Studium J\u0119zyk\u00f3w Obcych","description":"","potentialAction":[{"@type":"SearchAction","target":{"@type":"EntryPoint","urlTemplate":"https:\/\/pb.edu.pl\/sjo\/?s={search_term_string}"},"query-input":{"@type":"PropertyValueSpecification","valueRequired":true,"valueName":"search_term_string"}}],"inLanguage":"pl-PL"}]}},"_links":{"self":[{"href":"https:\/\/pb.edu.pl\/sjo\/wp-json\/wp\/v2\/pages\/5439","targetHints":{"allow":["GET"]}}],"collection":[{"href":"https:\/\/pb.edu.pl\/sjo\/wp-json\/wp\/v2\/pages"}],"about":[{"href":"https:\/\/pb.edu.pl\/sjo\/wp-json\/wp\/v2\/types\/page"}],"author":[{"embeddable":true,"href":"https:\/\/pb.edu.pl\/sjo\/wp-json\/wp\/v2\/users\/6"}],"replies":[{"embeddable":true,"href":"https:\/\/pb.edu.pl\/sjo\/wp-json\/wp\/v2\/comments?post=5439"}],"version-history":[{"count":0,"href":"https:\/\/pb.edu.pl\/sjo\/wp-json\/wp\/v2\/pages\/5439\/revisions"}],"up":[{"embeddable":true,"href":"https:\/\/pb.edu.pl\/sjo\/wp-json\/wp\/v2\/pages\/5020"}],"wp:attachment":[{"href":"https:\/\/pb.edu.pl\/sjo\/wp-json\/wp\/v2\/media?parent=5439"}],"curies":[{"name":"wp","href":"https:\/\/api.w.org\/{rel}","templated":true}]}}