{"id":5428,"date":"2018-06-08T12:45:50","date_gmt":"2018-06-08T10:45:50","guid":{"rendered":"https:\/\/pb.edu.pl\/sjo\/?page_id=5428"},"modified":"2018-06-08T19:06:49","modified_gmt":"2018-06-08T17:06:49","slug":"pori","status":"publish","type":"page","link":"https:\/\/pb.edu.pl\/sjo\/dla-pracownika\/wspolpraca-z-zagranica\/pori\/","title":{"rendered":"Pori"},"content":{"rendered":"<p><span style=\"font-size: 12pt\"><strong>Sprawozdanie z pobytu w Pori, Finlandia w ramach programu Erasmus Plus<\/strong><\/span><\/p>\n<p><span style=\"font-size: 12pt\"><strong>7\u201311 marca 2016<\/strong><\/span><\/p>\n<p><span style=\"font-size: 12pt\">Nasz pobyt w Pori na zaproszenie Satakunta University of Applied Sciences rozpocz\u0105\u0142 si\u0119 w poniedzia\u0142ek 7 marca. Obydwie prowadzi\u0142y\u015bmy w tym dniu zaj\u0119cia ze studentami:<\/span><\/p>\n<p><span style=\"font-size: 12pt\"><strong>mgr Halina Bramska<\/strong> \u2013 zaj\u0119cia na kampusie Tiilim\u00e4ki w grupach student\u00f3w kierunku <em>social services;<\/em><\/span><\/p>\n<p><span style=\"font-size: 12pt\"><strong>mgr Violetta Grabi\u0144ska<\/strong> \u2013 zaj\u0119cia na kampusie Tiedepuisto ze studentami turystyki.<\/span><\/p>\n<p><span style=\"font-size: 12pt\">Nasze zaj\u0119cia by\u0142y bardzo udane, studenci fi\u0144scy \u017cywo interesowali si\u0119 kultur\u0105 polsk\u0105, my r\u00f3wnie\u017c sporo dowiedzia\u0142y\u015bmy si\u0119 od nich o Finlandii i kulturze fi\u0144skiej.<\/span><\/p>\n<p><span style=\"font-size: 12pt\">Pozosta\u0142e zaj\u0119cia odby\u0142y\u015bmy we wtorek (mgr Bramska w Tiilim\u00e4ki, mgr Grabi\u0144ska w Tiedepuisto) oraz we \u015brod\u0119 \u2013 mgr Grabi\u0144ska.<\/span><\/p>\n<p><span style=\"font-size: 12pt\">Praca i kontakt ze studentami sprawi\u0142y nam wiele satysfakcji, podobnie jak spotkania z pracownikami biura mi\u0119dzynarodowego. Stara\u0142y\u015bmy si\u0119 jak najwi\u0119cej dowiedzie\u0107 o specyfice pracy na tamtejszej uczelni \u2013 nauczanie j\u0119zyka jest tam podzielone na liczne kursy o r\u00f3\u017cnej d\u0142ugo\u015bci, studenci, podobnie jak u nas, ucz\u0105 si\u0119 j\u0119zyka specjalistycznego.<\/span><\/p>\n<p><span style=\"font-size: 12pt\">Poniewa\u017c otrzyma\u0142y\u015bmy r\u00f3wnie\u017c zaproszenie, by wzi\u0105\u0107 udzia\u0142 w odbywaj\u0105cym si\u0119 w tym samym tygodniu International Week, stara\u0142y\u015bmy si\u0119 uczestniczy\u0107 w spotkaniach konferencyjnych, je\u015bli nie kolidowa\u0142y z naszym rozk\u0142adem zaj\u0119\u0107.<\/span><\/p>\n<p><span style=\"font-size: 12pt\">Spotkania rozpocz\u0119\u0142y si\u0119 w poniedzia\u0142ek wieczorem nieformalnym powitaniem, na kt\u00f3rym mia\u0142y\u015bmy okazj\u0119 pozna\u0107 innych uczestnik\u00f3w. Od wtorku trwa\u0142y wyk\u0142ady i spotkania w grupach \u2013 my bra\u0142y\u015bmy udzia\u0142 w spotkaniach grupy zainteresowanej nauczaniem j\u0119zyk\u00f3w, ale przede wszystkim mobilno\u015bci\u0105 pracownik\u00f3w. Wiele uwagi zwracano na zapewnienie jako\u015bci nauczania w mobilno\u015bci student\u00f3w i&nbsp; konieczno\u015bci rozwoju kadry nauczycielskiej, gdzie mobilno\u015b\u0107 wci\u0105\u017c jest zbyt ma\u0142a.<\/span><\/p>\n<p><span style=\"font-size: 12pt\">Nasze zaj\u0119cia i ca\u0142y pobyt uwa\u017camy za bardzo udane i liczymy, i\u017c nawi\u0105zane kontakty zaowocuj\u0105 w przysz\u0142o\u015bci wsp\u00f3\u0142prac\u0105 i przyczyni\u0105 si\u0119 do naszego rozwoju zawodowego.<\/span><\/p>\n<div id='gallery-1' class='gallery galleryid-5428 gallery-columns-1 gallery-size-full'><figure class='gallery-item'>\n\t\t\t<div class='gallery-icon landscape'>\n\t\t\t\t<img loading=\"lazy\" decoding=\"async\" width=\"1200\" height=\"661\" src=\"https:\/\/pb.edu.pl\/sjo\/wp-content\/uploads\/sites\/9\/2018\/06\/Pori_1.jpg\" class=\"attachment-full size-full\" alt=\"Pori\" srcset=\"https:\/\/pb.edu.pl\/sjo\/wp-content\/uploads\/sites\/9\/2018\/06\/Pori_1.jpg 1200w, https:\/\/pb.edu.pl\/sjo\/wp-content\/uploads\/sites\/9\/2018\/06\/Pori_1-300x165.jpg 300w, https:\/\/pb.edu.pl\/sjo\/wp-content\/uploads\/sites\/9\/2018\/06\/Pori_1-768x423.jpg 768w, https:\/\/pb.edu.pl\/sjo\/wp-content\/uploads\/sites\/9\/2018\/06\/Pori_1-1024x564.jpg 1024w\" sizes=\"auto, (max-width: 1200px) 100vw, 1200px\" \/>\n\t\t\t<\/div><\/figure><figure class='gallery-item'>\n\t\t\t<div class='gallery-icon landscape'>\n\t\t\t\t<img loading=\"lazy\" decoding=\"async\" width=\"1200\" height=\"663\" src=\"https:\/\/pb.edu.pl\/sjo\/wp-content\/uploads\/sites\/9\/2018\/06\/Pori_2.jpg\" class=\"attachment-full size-full\" alt=\"Pori\" srcset=\"https:\/\/pb.edu.pl\/sjo\/wp-content\/uploads\/sites\/9\/2018\/06\/Pori_2.jpg 1200w, https:\/\/pb.edu.pl\/sjo\/wp-content\/uploads\/sites\/9\/2018\/06\/Pori_2-300x166.jpg 300w, https:\/\/pb.edu.pl\/sjo\/wp-content\/uploads\/sites\/9\/2018\/06\/Pori_2-768x424.jpg 768w, https:\/\/pb.edu.pl\/sjo\/wp-content\/uploads\/sites\/9\/2018\/06\/Pori_2-1024x566.jpg 1024w\" sizes=\"auto, (max-width: 1200px) 100vw, 1200px\" \/>\n\t\t\t<\/div><\/figure><figure class='gallery-item'>\n\t\t\t<div class='gallery-icon landscape'>\n\t\t\t\t<img loading=\"lazy\" decoding=\"async\" width=\"1197\" height=\"800\" src=\"https:\/\/pb.edu.pl\/sjo\/wp-content\/uploads\/sites\/9\/2018\/06\/Pori_3.jpg\" class=\"attachment-full size-full\" alt=\"Pori\" srcset=\"https:\/\/pb.edu.pl\/sjo\/wp-content\/uploads\/sites\/9\/2018\/06\/Pori_3.jpg 1197w, https:\/\/pb.edu.pl\/sjo\/wp-content\/uploads\/sites\/9\/2018\/06\/Pori_3-300x201.jpg 300w, https:\/\/pb.edu.pl\/sjo\/wp-content\/uploads\/sites\/9\/2018\/06\/Pori_3-768x513.jpg 768w, https:\/\/pb.edu.pl\/sjo\/wp-content\/uploads\/sites\/9\/2018\/06\/Pori_3-1024x684.jpg 1024w, https:\/\/pb.edu.pl\/sjo\/wp-content\/uploads\/sites\/9\/2018\/06\/Pori_3-480x320.jpg 480w\" sizes=\"auto, (max-width: 1197px) 100vw, 1197px\" \/>\n\t\t\t<\/div><\/figure>\n\t\t<\/div>\n\n","protected":false},"excerpt":{"rendered":"<p>Sprawozdanie z pobytu w Pori, Finlandia w ramach programu Erasmus Plus 7\u201311 marca 2016 Nasz<\/p>\n","protected":false},"author":6,"featured_media":0,"parent":5020,"menu_order":0,"comment_status":"closed","ping_status":"closed","template":"","meta":{"_acf_changed":false,"ngg_post_thumbnail":0,"footnotes":""},"class_list":["post-5428","page","type-page","status-publish","hentry"],"acf":[],"yoast_head":"<!-- This site is optimized with the Yoast SEO plugin v27.0 - https:\/\/yoast.com\/product\/yoast-seo-wordpress\/ -->\n<title>Pori - Studium J\u0119zyk\u00f3w Obcych<\/title>\n<meta name=\"description\" content=\"Sprawozdanie z pobytu w Pori, Finlandia w ramach programu Erasmus Plus 7\u201311 marca 2016 Nasz pobyt w Pori na zaproszenie Satakunta University of Applied\" \/>\n<meta name=\"robots\" content=\"index, follow, max-snippet:-1, max-image-preview:large, max-video-preview:-1\" \/>\n<link rel=\"canonical\" href=\"https:\/\/pb.edu.pl\/sjo\/dla-pracownika\/wspolpraca-z-zagranica\/pori\/\" \/>\n<meta property=\"og:locale\" content=\"pl_PL\" \/>\n<meta property=\"og:type\" content=\"article\" \/>\n<meta property=\"og:title\" content=\"Pori - Studium J\u0119zyk\u00f3w Obcych\" \/>\n<meta property=\"og:description\" content=\"Sprawozdanie z pobytu w Pori, Finlandia w ramach programu Erasmus Plus 7\u201311 marca 2016 Nasz pobyt w Pori na zaproszenie Satakunta University of Applied\" \/>\n<meta property=\"og:url\" content=\"https:\/\/pb.edu.pl\/sjo\/dla-pracownika\/wspolpraca-z-zagranica\/pori\/\" \/>\n<meta property=\"og:site_name\" content=\"Studium J\u0119zyk\u00f3w Obcych\" \/>\n<meta property=\"article:modified_time\" content=\"2018-06-08T17:06:49+00:00\" \/>\n<meta property=\"og:image\" content=\"https:\/\/pb.edu.pl\/sjo\/wp-content\/uploads\/sites\/9\/2018\/06\/Pori_1.jpg\" \/>\n<meta name=\"twitter:label1\" content=\"Szacowany czas czytania\" \/>\n\t<meta name=\"twitter:data1\" content=\"2 minuty\" \/>\n<script type=\"application\/ld+json\" class=\"yoast-schema-graph\">{\"@context\":\"https:\/\/schema.org\",\"@graph\":[{\"@type\":\"WebPage\",\"@id\":\"https:\/\/pb.edu.pl\/sjo\/dla-pracownika\/wspolpraca-z-zagranica\/pori\/\",\"url\":\"https:\/\/pb.edu.pl\/sjo\/dla-pracownika\/wspolpraca-z-zagranica\/pori\/\",\"name\":\"Pori - Studium J\u0119zyk\u00f3w Obcych\",\"isPartOf\":{\"@id\":\"https:\/\/pb.edu.pl\/sjo\/#website\"},\"datePublished\":\"2018-06-08T10:45:50+00:00\",\"dateModified\":\"2018-06-08T17:06:49+00:00\",\"description\":\"Sprawozdanie z pobytu w Pori, Finlandia w ramach programu Erasmus Plus 7\u201311 marca 2016 Nasz pobyt w Pori na zaproszenie Satakunta University of Applied\",\"breadcrumb\":{\"@id\":\"https:\/\/pb.edu.pl\/sjo\/dla-pracownika\/wspolpraca-z-zagranica\/pori\/#breadcrumb\"},\"inLanguage\":\"pl-PL\",\"potentialAction\":[{\"@type\":\"ReadAction\",\"target\":[\"https:\/\/pb.edu.pl\/sjo\/dla-pracownika\/wspolpraca-z-zagranica\/pori\/\"]}]},{\"@type\":\"BreadcrumbList\",\"@id\":\"https:\/\/pb.edu.pl\/sjo\/dla-pracownika\/wspolpraca-z-zagranica\/pori\/#breadcrumb\",\"itemListElement\":[{\"@type\":\"ListItem\",\"position\":1,\"name\":\"Home\",\"item\":\"https:\/\/pb.edu.pl\/sjo\/\"},{\"@type\":\"ListItem\",\"position\":2,\"name\":\"Pracuj\u0119 w PB\",\"item\":\"https:\/\/pb.edu.pl\/sjo\/dla-pracownika\/\"},{\"@type\":\"ListItem\",\"position\":3,\"name\":\"Wsp\u00f3\u0142praca z zagranic\u0105\",\"item\":\"https:\/\/pb.edu.pl\/sjo\/dla-pracownika\/wspolpraca-z-zagranica\/\"},{\"@type\":\"ListItem\",\"position\":4,\"name\":\"Pori\"}]},{\"@type\":\"WebSite\",\"@id\":\"https:\/\/pb.edu.pl\/sjo\/#website\",\"url\":\"https:\/\/pb.edu.pl\/sjo\/\",\"name\":\"Studium J\u0119zyk\u00f3w Obcych\",\"description\":\"\",\"potentialAction\":[{\"@type\":\"SearchAction\",\"target\":{\"@type\":\"EntryPoint\",\"urlTemplate\":\"https:\/\/pb.edu.pl\/sjo\/?s={search_term_string}\"},\"query-input\":{\"@type\":\"PropertyValueSpecification\",\"valueRequired\":true,\"valueName\":\"search_term_string\"}}],\"inLanguage\":\"pl-PL\"}]}<\/script>\n<!-- \/ Yoast SEO plugin. -->","yoast_head_json":{"title":"Pori - Studium J\u0119zyk\u00f3w Obcych","description":"Sprawozdanie z pobytu w Pori, Finlandia w ramach programu Erasmus Plus 7\u201311 marca 2016 Nasz pobyt w Pori na zaproszenie Satakunta University of Applied","robots":{"index":"index","follow":"follow","max-snippet":"max-snippet:-1","max-image-preview":"max-image-preview:large","max-video-preview":"max-video-preview:-1"},"canonical":"https:\/\/pb.edu.pl\/sjo\/dla-pracownika\/wspolpraca-z-zagranica\/pori\/","og_locale":"pl_PL","og_type":"article","og_title":"Pori - Studium J\u0119zyk\u00f3w Obcych","og_description":"Sprawozdanie z pobytu w Pori, Finlandia w ramach programu Erasmus Plus 7\u201311 marca 2016 Nasz pobyt w Pori na zaproszenie Satakunta University of Applied","og_url":"https:\/\/pb.edu.pl\/sjo\/dla-pracownika\/wspolpraca-z-zagranica\/pori\/","og_site_name":"Studium J\u0119zyk\u00f3w Obcych","article_modified_time":"2018-06-08T17:06:49+00:00","og_image":[{"url":"https:\/\/pb.edu.pl\/sjo\/wp-content\/uploads\/sites\/9\/2018\/06\/Pori_1.jpg","type":"","width":"","height":""}],"twitter_misc":{"Szacowany czas czytania":"2 minuty"},"schema":{"@context":"https:\/\/schema.org","@graph":[{"@type":"WebPage","@id":"https:\/\/pb.edu.pl\/sjo\/dla-pracownika\/wspolpraca-z-zagranica\/pori\/","url":"https:\/\/pb.edu.pl\/sjo\/dla-pracownika\/wspolpraca-z-zagranica\/pori\/","name":"Pori - Studium J\u0119zyk\u00f3w Obcych","isPartOf":{"@id":"https:\/\/pb.edu.pl\/sjo\/#website"},"datePublished":"2018-06-08T10:45:50+00:00","dateModified":"2018-06-08T17:06:49+00:00","description":"Sprawozdanie z pobytu w Pori, Finlandia w ramach programu Erasmus Plus 7\u201311 marca 2016 Nasz pobyt w Pori na zaproszenie Satakunta University of Applied","breadcrumb":{"@id":"https:\/\/pb.edu.pl\/sjo\/dla-pracownika\/wspolpraca-z-zagranica\/pori\/#breadcrumb"},"inLanguage":"pl-PL","potentialAction":[{"@type":"ReadAction","target":["https:\/\/pb.edu.pl\/sjo\/dla-pracownika\/wspolpraca-z-zagranica\/pori\/"]}]},{"@type":"BreadcrumbList","@id":"https:\/\/pb.edu.pl\/sjo\/dla-pracownika\/wspolpraca-z-zagranica\/pori\/#breadcrumb","itemListElement":[{"@type":"ListItem","position":1,"name":"Home","item":"https:\/\/pb.edu.pl\/sjo\/"},{"@type":"ListItem","position":2,"name":"Pracuj\u0119 w PB","item":"https:\/\/pb.edu.pl\/sjo\/dla-pracownika\/"},{"@type":"ListItem","position":3,"name":"Wsp\u00f3\u0142praca z zagranic\u0105","item":"https:\/\/pb.edu.pl\/sjo\/dla-pracownika\/wspolpraca-z-zagranica\/"},{"@type":"ListItem","position":4,"name":"Pori"}]},{"@type":"WebSite","@id":"https:\/\/pb.edu.pl\/sjo\/#website","url":"https:\/\/pb.edu.pl\/sjo\/","name":"Studium J\u0119zyk\u00f3w Obcych","description":"","potentialAction":[{"@type":"SearchAction","target":{"@type":"EntryPoint","urlTemplate":"https:\/\/pb.edu.pl\/sjo\/?s={search_term_string}"},"query-input":{"@type":"PropertyValueSpecification","valueRequired":true,"valueName":"search_term_string"}}],"inLanguage":"pl-PL"}]}},"_links":{"self":[{"href":"https:\/\/pb.edu.pl\/sjo\/wp-json\/wp\/v2\/pages\/5428","targetHints":{"allow":["GET"]}}],"collection":[{"href":"https:\/\/pb.edu.pl\/sjo\/wp-json\/wp\/v2\/pages"}],"about":[{"href":"https:\/\/pb.edu.pl\/sjo\/wp-json\/wp\/v2\/types\/page"}],"author":[{"embeddable":true,"href":"https:\/\/pb.edu.pl\/sjo\/wp-json\/wp\/v2\/users\/6"}],"replies":[{"embeddable":true,"href":"https:\/\/pb.edu.pl\/sjo\/wp-json\/wp\/v2\/comments?post=5428"}],"version-history":[{"count":0,"href":"https:\/\/pb.edu.pl\/sjo\/wp-json\/wp\/v2\/pages\/5428\/revisions"}],"up":[{"embeddable":true,"href":"https:\/\/pb.edu.pl\/sjo\/wp-json\/wp\/v2\/pages\/5020"}],"wp:attachment":[{"href":"https:\/\/pb.edu.pl\/sjo\/wp-json\/wp\/v2\/media?parent=5428"}],"curies":[{"name":"wp","href":"https:\/\/api.w.org\/{rel}","templated":true}]}}