{"id":5406,"date":"2018-06-07T20:28:52","date_gmt":"2018-06-07T18:28:52","guid":{"rendered":"https:\/\/pb.edu.pl\/sjo\/?page_id=5406"},"modified":"2018-06-07T22:23:43","modified_gmt":"2018-06-07T20:23:43","slug":"instanbul-technical-university","status":"publish","type":"page","link":"https:\/\/pb.edu.pl\/sjo\/dla-pracownika\/wspolpraca-z-zagranica\/instanbul-technical-university\/","title":{"rendered":"Instanbul Technical University, Turcja, 10-15 maja 2012"},"content":{"rendered":"<p>W dniach <strong>10-15 maja 2012<\/strong> przebywa\u0142em na <strong>Uniwersytecie Technicznym<\/strong> (Istanbul Technical University)<strong> w Stambule<\/strong>. Jest to najwi\u0119ksza uczelnia w Turcji. Wizyta zosta\u0142a zorganizowania w ramach programu Erasmus+ dla pracownik\u00f3w akademickich. Pobyt na uczelni by\u0142 znakomit\u0105 okazj\u0105, aby zapozna\u0107 si\u0119 z metodami pracy na zaj\u0119ciach j\u0119zyka obcego w Turcji i do wymiany do\u015bwiadcze\u0144. W trakcie pobytu mia\u0142em przyjemno\u015b\u0107 uczestniczy\u0107 w zaj\u0119ciach w roli obserwatora i prowadzi\u0107 zaj\u0119cia ze miejscowymi studentami. Bra\u0142em r\u00f3wnie\u017c udzia\u0142 w pracach zespo\u0142u przygotowuj\u0105cego arkusze egzaminacyjne z j\u0119zyka angielskiego na poziomie B2. Dodatkowo, wymieni\u0142em si\u0119 swoimi do\u015bwiadczeniami dotycz\u0105cymi materia\u0142\u00f3w dydaktycznych u\u017cywanych w Politechnice Bia\u0142ostockiej. Uda\u0142o mi si\u0119 nawi\u0105za\u0107 bli\u017csz\u0105 wsp\u00f3\u0142prac\u0119 z zespo\u0142em dydaktycznym j\u0119zyka angielskiego ITU. Dzi\u0119ki temu w maju 2013 Politechnik\u0119 Bia\u0142ostock\u0105 odwiedzi\u0142y Sivil Hacer oraz Yilknur Karhan z tej uczelni, aby zapozna\u0107 si\u0119 z ofert\u0105 i metodami pracy w Studium J\u0119zyk\u00f3w Obcych PB.<\/p>\n<p><strong>Ryszard Czarnopy\u015b<\/strong><\/p>\n<div id='gallery-1' class='gallery galleryid-5406 gallery-columns-2 gallery-size-full'><figure class='gallery-item'>\n\t\t\t<div class='gallery-icon landscape'>\n\t\t\t\t<a href='https:\/\/pb.edu.pl\/sjo\/wp-content\/uploads\/sites\/9\/2018\/06\/Istanbul_Technical_University_01-1.jpg'><img loading=\"lazy\" decoding=\"async\" width=\"1064\" height=\"709\" src=\"https:\/\/pb.edu.pl\/sjo\/wp-content\/uploads\/sites\/9\/2018\/06\/Istanbul_Technical_University_01-1.jpg\" class=\"attachment-full size-full\" alt=\"Istanbul Technical University\" srcset=\"https:\/\/pb.edu.pl\/sjo\/wp-content\/uploads\/sites\/9\/2018\/06\/Istanbul_Technical_University_01-1.jpg 1064w, https:\/\/pb.edu.pl\/sjo\/wp-content\/uploads\/sites\/9\/2018\/06\/Istanbul_Technical_University_01-1-300x200.jpg 300w, https:\/\/pb.edu.pl\/sjo\/wp-content\/uploads\/sites\/9\/2018\/06\/Istanbul_Technical_University_01-1-768x512.jpg 768w, https:\/\/pb.edu.pl\/sjo\/wp-content\/uploads\/sites\/9\/2018\/06\/Istanbul_Technical_University_01-1-1024x682.jpg 1024w, https:\/\/pb.edu.pl\/sjo\/wp-content\/uploads\/sites\/9\/2018\/06\/Istanbul_Technical_University_01-1-480x320.jpg 480w\" sizes=\"auto, (max-width: 1064px) 100vw, 1064px\" \/><\/a>\n\t\t\t<\/div><\/figure><figure class='gallery-item'>\n\t\t\t<div class='gallery-icon landscape'>\n\t\t\t\t<a href='https:\/\/pb.edu.pl\/sjo\/wp-content\/uploads\/sites\/9\/2018\/06\/Istanbul_Technical_University_02-1.jpg'><img loading=\"lazy\" decoding=\"async\" width=\"1152\" height=\"768\" src=\"https:\/\/pb.edu.pl\/sjo\/wp-content\/uploads\/sites\/9\/2018\/06\/Istanbul_Technical_University_02-1.jpg\" class=\"attachment-full size-full\" alt=\"Istanbul Technical University\" srcset=\"https:\/\/pb.edu.pl\/sjo\/wp-content\/uploads\/sites\/9\/2018\/06\/Istanbul_Technical_University_02-1.jpg 1152w, https:\/\/pb.edu.pl\/sjo\/wp-content\/uploads\/sites\/9\/2018\/06\/Istanbul_Technical_University_02-1-300x200.jpg 300w, https:\/\/pb.edu.pl\/sjo\/wp-content\/uploads\/sites\/9\/2018\/06\/Istanbul_Technical_University_02-1-768x512.jpg 768w, https:\/\/pb.edu.pl\/sjo\/wp-content\/uploads\/sites\/9\/2018\/06\/Istanbul_Technical_University_02-1-1024x683.jpg 1024w, https:\/\/pb.edu.pl\/sjo\/wp-content\/uploads\/sites\/9\/2018\/06\/Istanbul_Technical_University_02-1-480x320.jpg 480w\" sizes=\"auto, (max-width: 1152px) 100vw, 1152px\" \/><\/a>\n\t\t\t<\/div><\/figure><figure class='gallery-item'>\n\t\t\t<div class='gallery-icon landscape'>\n\t\t\t\t<a href='https:\/\/pb.edu.pl\/sjo\/wp-content\/uploads\/sites\/9\/2018\/06\/Istanbul_Technical_University_03-1.jpg'><img loading=\"lazy\" decoding=\"async\" width=\"1152\" height=\"768\" src=\"https:\/\/pb.edu.pl\/sjo\/wp-content\/uploads\/sites\/9\/2018\/06\/Istanbul_Technical_University_03-1.jpg\" class=\"attachment-full size-full\" alt=\"Istanbul Technical University\" srcset=\"https:\/\/pb.edu.pl\/sjo\/wp-content\/uploads\/sites\/9\/2018\/06\/Istanbul_Technical_University_03-1.jpg 1152w, https:\/\/pb.edu.pl\/sjo\/wp-content\/uploads\/sites\/9\/2018\/06\/Istanbul_Technical_University_03-1-300x200.jpg 300w, https:\/\/pb.edu.pl\/sjo\/wp-content\/uploads\/sites\/9\/2018\/06\/Istanbul_Technical_University_03-1-768x512.jpg 768w, https:\/\/pb.edu.pl\/sjo\/wp-content\/uploads\/sites\/9\/2018\/06\/Istanbul_Technical_University_03-1-1024x683.jpg 1024w, https:\/\/pb.edu.pl\/sjo\/wp-content\/uploads\/sites\/9\/2018\/06\/Istanbul_Technical_University_03-1-480x320.jpg 480w\" sizes=\"auto, (max-width: 1152px) 100vw, 1152px\" \/><\/a>\n\t\t\t<\/div><\/figure><figure class='gallery-item'>\n\t\t\t<div class='gallery-icon landscape'>\n\t\t\t\t<a href='https:\/\/pb.edu.pl\/sjo\/wp-content\/uploads\/sites\/9\/2018\/06\/Istanbul_Technical_University_04-1.jpg'><img loading=\"lazy\" decoding=\"async\" width=\"1071\" height=\"714\" src=\"https:\/\/pb.edu.pl\/sjo\/wp-content\/uploads\/sites\/9\/2018\/06\/Istanbul_Technical_University_04-1.jpg\" class=\"attachment-full size-full\" alt=\"Istanbul Technical University\" srcset=\"https:\/\/pb.edu.pl\/sjo\/wp-content\/uploads\/sites\/9\/2018\/06\/Istanbul_Technical_University_04-1.jpg 1071w, https:\/\/pb.edu.pl\/sjo\/wp-content\/uploads\/sites\/9\/2018\/06\/Istanbul_Technical_University_04-1-300x200.jpg 300w, https:\/\/pb.edu.pl\/sjo\/wp-content\/uploads\/sites\/9\/2018\/06\/Istanbul_Technical_University_04-1-768x512.jpg 768w, https:\/\/pb.edu.pl\/sjo\/wp-content\/uploads\/sites\/9\/2018\/06\/Istanbul_Technical_University_04-1-1024x683.jpg 1024w, https:\/\/pb.edu.pl\/sjo\/wp-content\/uploads\/sites\/9\/2018\/06\/Istanbul_Technical_University_04-1-480x320.jpg 480w\" sizes=\"auto, (max-width: 1071px) 100vw, 1071px\" \/><\/a>\n\t\t\t<\/div><\/figure><figure class='gallery-item'>\n\t\t\t<div class='gallery-icon portrait'>\n\t\t\t\t<a href='https:\/\/pb.edu.pl\/sjo\/wp-content\/uploads\/sites\/9\/2018\/06\/Istanbul_Technical_University_08.jpg'><img loading=\"lazy\" decoding=\"async\" width=\"600\" height=\"900\" src=\"https:\/\/pb.edu.pl\/sjo\/wp-content\/uploads\/sites\/9\/2018\/06\/Istanbul_Technical_University_08.jpg\" class=\"attachment-full size-full\" alt=\"Istanbul Technical University\" srcset=\"https:\/\/pb.edu.pl\/sjo\/wp-content\/uploads\/sites\/9\/2018\/06\/Istanbul_Technical_University_08.jpg 600w, https:\/\/pb.edu.pl\/sjo\/wp-content\/uploads\/sites\/9\/2018\/06\/Istanbul_Technical_University_08-200x300.jpg 200w\" sizes=\"auto, (max-width: 600px) 100vw, 600px\" \/><\/a>\n\t\t\t<\/div><\/figure><figure class='gallery-item'>\n\t\t\t<div class='gallery-icon portrait'>\n\t\t\t\t<a href='https:\/\/pb.edu.pl\/sjo\/wp-content\/uploads\/sites\/9\/2018\/06\/Istanbul_Technical_University_09.jpg'><img loading=\"lazy\" decoding=\"async\" width=\"600\" height=\"899\" src=\"https:\/\/pb.edu.pl\/sjo\/wp-content\/uploads\/sites\/9\/2018\/06\/Istanbul_Technical_University_09.jpg\" class=\"attachment-full size-full\" alt=\"Istanbul Technical University\" srcset=\"https:\/\/pb.edu.pl\/sjo\/wp-content\/uploads\/sites\/9\/2018\/06\/Istanbul_Technical_University_09.jpg 600w, https:\/\/pb.edu.pl\/sjo\/wp-content\/uploads\/sites\/9\/2018\/06\/Istanbul_Technical_University_09-200x300.jpg 200w\" sizes=\"auto, (max-width: 600px) 100vw, 600px\" \/><\/a>\n\t\t\t<\/div><\/figure>\n\t\t<\/div>\n\n","protected":false},"excerpt":{"rendered":"<p>W dniach 10-15 maja 2012 przebywa\u0142em na Uniwersytecie Technicznym (Istanbul Technical University) w Stambule. Jest<\/p>\n","protected":false},"author":6,"featured_media":0,"parent":5020,"menu_order":0,"comment_status":"closed","ping_status":"closed","template":"","meta":{"_acf_changed":false,"ngg_post_thumbnail":0,"footnotes":""},"class_list":["post-5406","page","type-page","status-publish","hentry"],"acf":[],"yoast_head":"<!-- This site is optimized with the Yoast SEO plugin v27.0 - https:\/\/yoast.com\/product\/yoast-seo-wordpress\/ -->\n<title>Instanbul Technical University, Turcja, 10-15 maja 2012 - Studium J\u0119zyk\u00f3w Obcych<\/title>\n<meta name=\"description\" content=\"W dniach 10-15 maja 2012 przebywa\u0142em na Uniwersytecie Technicznym (Istanbul Technical University) w Stambule. Jest to najwi\u0119ksza uczelnia w Turcji. Wizyta\" \/>\n<meta name=\"robots\" content=\"index, follow, max-snippet:-1, max-image-preview:large, max-video-preview:-1\" \/>\n<link rel=\"canonical\" href=\"https:\/\/pb.edu.pl\/sjo\/dla-pracownika\/wspolpraca-z-zagranica\/instanbul-technical-university\/\" \/>\n<meta property=\"og:locale\" content=\"pl_PL\" \/>\n<meta property=\"og:type\" content=\"article\" \/>\n<meta property=\"og:title\" content=\"Instanbul Technical University, Turcja, 10-15 maja 2012 - Studium J\u0119zyk\u00f3w Obcych\" \/>\n<meta property=\"og:description\" content=\"W dniach 10-15 maja 2012 przebywa\u0142em na Uniwersytecie Technicznym (Istanbul Technical University) w Stambule. Jest to najwi\u0119ksza uczelnia w Turcji. Wizyta\" \/>\n<meta property=\"og:url\" content=\"https:\/\/pb.edu.pl\/sjo\/dla-pracownika\/wspolpraca-z-zagranica\/instanbul-technical-university\/\" \/>\n<meta property=\"og:site_name\" content=\"Studium J\u0119zyk\u00f3w Obcych\" \/>\n<meta property=\"article:modified_time\" content=\"2018-06-07T20:23:43+00:00\" \/>\n<meta property=\"og:image\" content=\"https:\/\/pb.edu.pl\/sjo\/wp-content\/uploads\/sites\/9\/2018\/06\/Istanbul_Technical_University_01-1.jpg\" \/>\n<meta name=\"twitter:label1\" content=\"Szacowany czas czytania\" \/>\n\t<meta name=\"twitter:data1\" content=\"1 minuta\" \/>\n<script type=\"application\/ld+json\" class=\"yoast-schema-graph\">{\"@context\":\"https:\/\/schema.org\",\"@graph\":[{\"@type\":\"WebPage\",\"@id\":\"https:\/\/pb.edu.pl\/sjo\/dla-pracownika\/wspolpraca-z-zagranica\/instanbul-technical-university\/\",\"url\":\"https:\/\/pb.edu.pl\/sjo\/dla-pracownika\/wspolpraca-z-zagranica\/instanbul-technical-university\/\",\"name\":\"Instanbul Technical University, Turcja, 10-15 maja 2012 - Studium J\u0119zyk\u00f3w Obcych\",\"isPartOf\":{\"@id\":\"https:\/\/pb.edu.pl\/sjo\/#website\"},\"datePublished\":\"2018-06-07T18:28:52+00:00\",\"dateModified\":\"2018-06-07T20:23:43+00:00\",\"description\":\"W dniach 10-15 maja 2012 przebywa\u0142em na Uniwersytecie Technicznym (Istanbul Technical University) w Stambule. Jest to najwi\u0119ksza uczelnia w Turcji. Wizyta\",\"breadcrumb\":{\"@id\":\"https:\/\/pb.edu.pl\/sjo\/dla-pracownika\/wspolpraca-z-zagranica\/instanbul-technical-university\/#breadcrumb\"},\"inLanguage\":\"pl-PL\",\"potentialAction\":[{\"@type\":\"ReadAction\",\"target\":[\"https:\/\/pb.edu.pl\/sjo\/dla-pracownika\/wspolpraca-z-zagranica\/instanbul-technical-university\/\"]}]},{\"@type\":\"BreadcrumbList\",\"@id\":\"https:\/\/pb.edu.pl\/sjo\/dla-pracownika\/wspolpraca-z-zagranica\/instanbul-technical-university\/#breadcrumb\",\"itemListElement\":[{\"@type\":\"ListItem\",\"position\":1,\"name\":\"Home\",\"item\":\"https:\/\/pb.edu.pl\/sjo\/\"},{\"@type\":\"ListItem\",\"position\":2,\"name\":\"Pracuj\u0119 w PB\",\"item\":\"https:\/\/pb.edu.pl\/sjo\/dla-pracownika\/\"},{\"@type\":\"ListItem\",\"position\":3,\"name\":\"Wsp\u00f3\u0142praca z zagranic\u0105\",\"item\":\"https:\/\/pb.edu.pl\/sjo\/dla-pracownika\/wspolpraca-z-zagranica\/\"},{\"@type\":\"ListItem\",\"position\":4,\"name\":\"Instanbul Technical University, Turcja, 10-15 maja 2012\"}]},{\"@type\":\"WebSite\",\"@id\":\"https:\/\/pb.edu.pl\/sjo\/#website\",\"url\":\"https:\/\/pb.edu.pl\/sjo\/\",\"name\":\"Studium J\u0119zyk\u00f3w Obcych\",\"description\":\"\",\"potentialAction\":[{\"@type\":\"SearchAction\",\"target\":{\"@type\":\"EntryPoint\",\"urlTemplate\":\"https:\/\/pb.edu.pl\/sjo\/?s={search_term_string}\"},\"query-input\":{\"@type\":\"PropertyValueSpecification\",\"valueRequired\":true,\"valueName\":\"search_term_string\"}}],\"inLanguage\":\"pl-PL\"}]}<\/script>\n<!-- \/ Yoast SEO plugin. -->","yoast_head_json":{"title":"Instanbul Technical University, Turcja, 10-15 maja 2012 - Studium J\u0119zyk\u00f3w Obcych","description":"W dniach 10-15 maja 2012 przebywa\u0142em na Uniwersytecie Technicznym (Istanbul Technical University) w Stambule. Jest to najwi\u0119ksza uczelnia w Turcji. Wizyta","robots":{"index":"index","follow":"follow","max-snippet":"max-snippet:-1","max-image-preview":"max-image-preview:large","max-video-preview":"max-video-preview:-1"},"canonical":"https:\/\/pb.edu.pl\/sjo\/dla-pracownika\/wspolpraca-z-zagranica\/instanbul-technical-university\/","og_locale":"pl_PL","og_type":"article","og_title":"Instanbul Technical University, Turcja, 10-15 maja 2012 - Studium J\u0119zyk\u00f3w Obcych","og_description":"W dniach 10-15 maja 2012 przebywa\u0142em na Uniwersytecie Technicznym (Istanbul Technical University) w Stambule. Jest to najwi\u0119ksza uczelnia w Turcji. Wizyta","og_url":"https:\/\/pb.edu.pl\/sjo\/dla-pracownika\/wspolpraca-z-zagranica\/instanbul-technical-university\/","og_site_name":"Studium J\u0119zyk\u00f3w Obcych","article_modified_time":"2018-06-07T20:23:43+00:00","og_image":[{"url":"https:\/\/pb.edu.pl\/sjo\/wp-content\/uploads\/sites\/9\/2018\/06\/Istanbul_Technical_University_01-1.jpg","type":"","width":"","height":""}],"twitter_misc":{"Szacowany czas czytania":"1 minuta"},"schema":{"@context":"https:\/\/schema.org","@graph":[{"@type":"WebPage","@id":"https:\/\/pb.edu.pl\/sjo\/dla-pracownika\/wspolpraca-z-zagranica\/instanbul-technical-university\/","url":"https:\/\/pb.edu.pl\/sjo\/dla-pracownika\/wspolpraca-z-zagranica\/instanbul-technical-university\/","name":"Instanbul Technical University, Turcja, 10-15 maja 2012 - Studium J\u0119zyk\u00f3w Obcych","isPartOf":{"@id":"https:\/\/pb.edu.pl\/sjo\/#website"},"datePublished":"2018-06-07T18:28:52+00:00","dateModified":"2018-06-07T20:23:43+00:00","description":"W dniach 10-15 maja 2012 przebywa\u0142em na Uniwersytecie Technicznym (Istanbul Technical University) w Stambule. Jest to najwi\u0119ksza uczelnia w Turcji. Wizyta","breadcrumb":{"@id":"https:\/\/pb.edu.pl\/sjo\/dla-pracownika\/wspolpraca-z-zagranica\/instanbul-technical-university\/#breadcrumb"},"inLanguage":"pl-PL","potentialAction":[{"@type":"ReadAction","target":["https:\/\/pb.edu.pl\/sjo\/dla-pracownika\/wspolpraca-z-zagranica\/instanbul-technical-university\/"]}]},{"@type":"BreadcrumbList","@id":"https:\/\/pb.edu.pl\/sjo\/dla-pracownika\/wspolpraca-z-zagranica\/instanbul-technical-university\/#breadcrumb","itemListElement":[{"@type":"ListItem","position":1,"name":"Home","item":"https:\/\/pb.edu.pl\/sjo\/"},{"@type":"ListItem","position":2,"name":"Pracuj\u0119 w PB","item":"https:\/\/pb.edu.pl\/sjo\/dla-pracownika\/"},{"@type":"ListItem","position":3,"name":"Wsp\u00f3\u0142praca z zagranic\u0105","item":"https:\/\/pb.edu.pl\/sjo\/dla-pracownika\/wspolpraca-z-zagranica\/"},{"@type":"ListItem","position":4,"name":"Instanbul Technical University, Turcja, 10-15 maja 2012"}]},{"@type":"WebSite","@id":"https:\/\/pb.edu.pl\/sjo\/#website","url":"https:\/\/pb.edu.pl\/sjo\/","name":"Studium J\u0119zyk\u00f3w Obcych","description":"","potentialAction":[{"@type":"SearchAction","target":{"@type":"EntryPoint","urlTemplate":"https:\/\/pb.edu.pl\/sjo\/?s={search_term_string}"},"query-input":{"@type":"PropertyValueSpecification","valueRequired":true,"valueName":"search_term_string"}}],"inLanguage":"pl-PL"}]}},"_links":{"self":[{"href":"https:\/\/pb.edu.pl\/sjo\/wp-json\/wp\/v2\/pages\/5406","targetHints":{"allow":["GET"]}}],"collection":[{"href":"https:\/\/pb.edu.pl\/sjo\/wp-json\/wp\/v2\/pages"}],"about":[{"href":"https:\/\/pb.edu.pl\/sjo\/wp-json\/wp\/v2\/types\/page"}],"author":[{"embeddable":true,"href":"https:\/\/pb.edu.pl\/sjo\/wp-json\/wp\/v2\/users\/6"}],"replies":[{"embeddable":true,"href":"https:\/\/pb.edu.pl\/sjo\/wp-json\/wp\/v2\/comments?post=5406"}],"version-history":[{"count":0,"href":"https:\/\/pb.edu.pl\/sjo\/wp-json\/wp\/v2\/pages\/5406\/revisions"}],"up":[{"embeddable":true,"href":"https:\/\/pb.edu.pl\/sjo\/wp-json\/wp\/v2\/pages\/5020"}],"wp:attachment":[{"href":"https:\/\/pb.edu.pl\/sjo\/wp-json\/wp\/v2\/media?parent=5406"}],"curies":[{"name":"wp","href":"https:\/\/api.w.org\/{rel}","templated":true}]}}