{"id":537,"date":"2017-11-28T17:36:28","date_gmt":"2017-11-28T16:36:28","guid":{"rendered":"https:\/\/pb.edu.pl\/sjo\/?page_id=537"},"modified":"2023-11-28T10:46:31","modified_gmt":"2023-11-28T09:46:31","slug":"konkurs-piosenki-obcojezycznej-2014","status":"publish","type":"page","link":"https:\/\/pb.edu.pl\/sjo\/wydarzenia-sjo\/wydarzenia-archiwum\/konkurs-piosenki-obcojezycznej-2014\/","title":{"rendered":"Konkurs piosenki obcoj\u0119zycznej 2014"},"content":{"rendered":"<p><img loading=\"lazy\" decoding=\"async\" class=\"alignnone wp-image-541 aligncenter\" src=\"https:\/\/pb.edu.pl\/sjo\/wp-content\/uploads\/sites\/9\/2017\/11\/wyniki_konkursu_piosenki.png\" alt=\"\" width=\"630\" height=\"295\" srcset=\"https:\/\/pb.edu.pl\/sjo\/wp-content\/uploads\/sites\/9\/2017\/11\/wyniki_konkursu_piosenki.png 828w, https:\/\/pb.edu.pl\/sjo\/wp-content\/uploads\/sites\/9\/2017\/11\/wyniki_konkursu_piosenki-300x141.png 300w, https:\/\/pb.edu.pl\/sjo\/wp-content\/uploads\/sites\/9\/2017\/11\/wyniki_konkursu_piosenki-768x360.png 768w\" sizes=\"auto, (max-width: 630px) 100vw, 630px\" \/><\/p>\n<p>&nbsp;<\/p>\n<div>6 maja 2014<\/div>\n<div><strong>WERDYKT JURY KONKURSU PIOSENKI OBCOJ\u0118ZYCZNEJ 2014<\/strong><\/div>\n<div>Jury w sk\u0142adzie: mgr Wioletta Omelianiuk, mgr Benigna Chaniewska, mgr \u0141ucja Carpenter, mgr Micha\u0142 Citko przyzna\u0142o nast\u0119puj\u0105ce nagrody i wyr\u00f3\u017cnienia:<\/div>\n<div>&nbsp;<\/div>\n<div><strong>Wyr\u00f3\u017cnienia<\/strong><\/div>\n<div><strong>Piosenka w j\u0119zyku rosyjskim<\/strong>: Ewa Supranowicz, Politologia 4 sem.<\/div>\n<div><strong>Piosenka w j\u0119zyku angielskim<\/strong>:<\/div>\n<div>&#8211; Marta Piskurewicz, Budownictwo 4 sem.<\/div>\n<div>&#8211; Emilia Prymaka, Budownictwo 6 sem.<\/div>\n<div>&#8211; Igor Tarasewicz, Dariusz Moroz, Marek Lisowski, Zarz\u0105dzanie 6 sem.<\/div>\n<div>&#8211; Agata Bancerek, In\u017cynieria biomedyczna 2 sem.<\/div>\n<div>&#8211; Liwia Narewska, Zarz\u0105dzania i in\u017cynieria produkcji 2 sem.<\/div>\n<div>&nbsp;<\/div>\n<div><strong>Nagrody<\/strong><\/div>\n<div><strong>I&nbsp;&nbsp; <\/strong>Edyta Bagan, Budownictwo 2 st. (piosenka rosyjska), Agnieszka Pyzi\u0144ska, In\u017cynieria \u015brodowiska 2 st. (piosenka angielska), Kacper Kad\u0142ubicki, Informatyka 2 st. (piosenka niemiecka)<\/div>\n<div><strong>II&nbsp;&nbsp; <\/strong>Julita Dzik, Gabriel Jarmocewicz, Grzegorz Sidorczuk, In\u017cynieria biomedyczna 2 sem. (piosenka rosyjska), Tina Kaczy\u0144ska, Architektura 6 sem. (piosenka angielska)<\/div>\n<div><strong>III&nbsp;&nbsp; <\/strong>Piotr Werner, Zarz\u0105dzanie 2 st. (piosenka rosyjska), Aleksandra Podczaska, Grafika 4 sem. (piosenka angielska)<\/div>\n<div>&nbsp;<\/div>\n<div><strong>Nagrody organizator\u00f3w<\/strong><\/div>\n<div><strong>I&nbsp; &nbsp;<\/strong>Paulina Czechowska, Turystyka i rekreacja 2 sem. (piosenka angielska)<\/div>\n<div><strong>II &nbsp;&nbsp;<\/strong>Daiwa Janczulewicz, In\u017cynieria \u015brodowiska 4 sem. (piosenka rosyjska)<\/div>\n<div>&nbsp;<\/div>\n<div><strong>Wyr\u00f3\u017cnienie specjalne&nbsp; <\/strong>&nbsp;Zina Ga\u0142aniuk , Architektura 2 sem. (piosenka rosyjska)<\/div>\n<div>&nbsp;<\/div>\n<div><strong>NAGRODY:<\/strong><\/div>\n<div>&#8211; weekend dla 2 os\u00f3b w Domu Pracy Tw\u00f3rczej &#8211; gospodarstwie agroturystycznym w urokliwej wsi na Szlaku R\u0119kodzie\u0142a Ludowego w\u015br\u00f3d las\u00f3w Puszczy Knyszy\u0144skiej<\/div>\n<div>&#8211; profesjonalna lekcja \u015bpiewu w szkole estradowej<\/div>\n<div>&#8211; bilety na musical wystawiany przez bia\u0142ostock\u0105 szko\u0142\u0119 estradow\u0105<\/div>\n<div>&#8211; bilety do kina<\/div>\n<div>&#8211; filmy DVD<\/div>\n<div>&#8211; voucher na kolacj\u0119 w restauracji<\/div>\n<div>&#8211; ksi\u0105\u017cki, skrypty pracownik\u00f3w SJO<\/div>\n<div>&#8211; ksi\u0105\u017cki angielskie \u2013 klasyka literatury angielskiej z p\u0142ytami CD<\/div>\n<div>&#8211; profesjonalna metamorfoza wizerunku fryzura + makija\u017c<\/div>\n<div>&#8211; vouchery na dowoln\u0105 us\u0142ug\u0119 fryzjersk\u0105 \u2013 fryzjerstwo mobilne<\/div>\n<div>&#8211; ekskluzywny masa\u017c relaksuj\u0105cy<\/div>\n<div>&#8211; jazda luksusowym autem wyposa\u017conym w wysokiej jako\u015bci system audio firmy Burmester. W trakcie jazdy wys\u0142uchanie swoich ulubionych utwor\u00f3w \u2013 niezapomniane wra\u017cenia zagwarantowane!<\/div>\n<div>&#8211; otwarta us\u0142uga kosmetyczna w salonie kosmetycznym<\/div>\n<div>&#8211; obraz olejny \u201eStary Bia\u0142ystok\u201d<\/div>\n<div>&#8211; albumy o malarstwie Podlasia i ziemi sejne\u0144skiej<\/div>\n<div>&#8211; pakiet-niespodzianka bia\u0142ostockiej rozg\u0142o\u015bni radiowej<\/div>\n<div>&#8211; trzy miesi\u0119czne karnety na zaj\u0119cia taneczne w parach w studio ta\u0144ca<\/div>\n<div>&nbsp;<\/div>\n<div>ngg_shortcode_0_placeholder<\/div>\n<div>&nbsp;<\/div>\n<div><a class=\"doc\" href=\"https:\/\/pb.edu.pl\/sjo\/wp-content\/uploads\/sites\/9\/2017\/11\/Regulamin-konkursu-piosenki-rosyjskiej.doc\" target=\"_blank\" rel=\"noopener\">Regulamin konkursu piosenki rosyjskiej (31 KB)<\/a><\/div>\n<div><a class=\"doc\" href=\"https:\/\/pb.edu.pl\/sjo\/wp-content\/uploads\/sites\/9\/2017\/11\/Plakat.doc\" target=\"_blank\" rel=\"noopener\">Plakat (613 KB)<\/a><\/div>\n","protected":false},"excerpt":{"rendered":"<p>&nbsp; 6 maja 2014 WERDYKT JURY KONKURSU PIOSENKI OBCOJ\u0118ZYCZNEJ 2014 Jury w sk\u0142adzie: mgr Wioletta<\/p>\n","protected":false},"author":6,"featured_media":0,"parent":137,"menu_order":0,"comment_status":"closed","ping_status":"closed","template":"","meta":{"_acf_changed":false,"ngg_post_thumbnail":0,"footnotes":""},"class_list":["post-537","page","type-page","status-publish","hentry"],"acf":[],"yoast_head":"<!-- This site is optimized with the Yoast SEO plugin v27.0 - https:\/\/yoast.com\/product\/yoast-seo-wordpress\/ -->\n<title>Konkurs piosenki obcoj\u0119zycznej 2014 - Studium J\u0119zyk\u00f3w Obcych<\/title>\n<meta name=\"description\" content=\"&nbsp; 6 maja 2014 WERDYKT JURY KONKURSU PIOSENKI OBCOJ\u0118ZYCZNEJ 2014 Jury w sk\u0142adzie: mgr Wioletta Omelianiuk, mgr Benigna Chaniewska, mgr \u0141ucja\" \/>\n<meta name=\"robots\" content=\"index, follow, max-snippet:-1, max-image-preview:large, max-video-preview:-1\" \/>\n<link rel=\"canonical\" href=\"https:\/\/pb.edu.pl\/sjo\/wydarzenia-sjo\/wydarzenia-archiwum\/konkurs-piosenki-obcojezycznej-2014\/\" \/>\n<meta property=\"og:locale\" content=\"pl_PL\" \/>\n<meta property=\"og:type\" content=\"article\" \/>\n<meta property=\"og:title\" content=\"Konkurs piosenki obcoj\u0119zycznej 2014 - Studium J\u0119zyk\u00f3w Obcych\" \/>\n<meta property=\"og:description\" content=\"&nbsp; 6 maja 2014 WERDYKT JURY KONKURSU PIOSENKI OBCOJ\u0118ZYCZNEJ 2014 Jury w sk\u0142adzie: mgr Wioletta Omelianiuk, mgr Benigna Chaniewska, mgr \u0141ucja\" \/>\n<meta property=\"og:url\" content=\"https:\/\/pb.edu.pl\/sjo\/wydarzenia-sjo\/wydarzenia-archiwum\/konkurs-piosenki-obcojezycznej-2014\/\" \/>\n<meta property=\"og:site_name\" content=\"Studium J\u0119zyk\u00f3w Obcych\" \/>\n<meta property=\"article:modified_time\" content=\"2023-11-28T09:46:31+00:00\" \/>\n<meta property=\"og:image\" content=\"https:\/\/pb.edu.pl\/sjo\/wp-content\/uploads\/sites\/9\/2017\/11\/wyniki_konkursu_piosenki.png\" \/>\n<meta name=\"twitter:label1\" content=\"Szacowany czas czytania\" \/>\n\t<meta name=\"twitter:data1\" content=\"3 minuty\" \/>\n<script type=\"application\/ld+json\" class=\"yoast-schema-graph\">{\"@context\":\"https:\/\/schema.org\",\"@graph\":[{\"@type\":\"WebPage\",\"@id\":\"https:\/\/pb.edu.pl\/sjo\/wydarzenia-sjo\/wydarzenia-archiwum\/konkurs-piosenki-obcojezycznej-2014\/\",\"url\":\"https:\/\/pb.edu.pl\/sjo\/wydarzenia-sjo\/wydarzenia-archiwum\/konkurs-piosenki-obcojezycznej-2014\/\",\"name\":\"Konkurs piosenki obcoj\u0119zycznej 2014 - Studium J\u0119zyk\u00f3w Obcych\",\"isPartOf\":{\"@id\":\"https:\/\/pb.edu.pl\/sjo\/#website\"},\"primaryImageOfPage\":{\"@id\":\"https:\/\/pb.edu.pl\/sjo\/wydarzenia-sjo\/wydarzenia-archiwum\/konkurs-piosenki-obcojezycznej-2014\/#primaryimage\"},\"image\":{\"@id\":\"https:\/\/pb.edu.pl\/sjo\/wydarzenia-sjo\/wydarzenia-archiwum\/konkurs-piosenki-obcojezycznej-2014\/#primaryimage\"},\"thumbnailUrl\":\"https:\/\/pb.edu.pl\/sjo\/wp-content\/uploads\/sites\/9\/2017\/11\/wyniki_konkursu_piosenki.png\",\"datePublished\":\"2017-11-28T16:36:28+00:00\",\"dateModified\":\"2023-11-28T09:46:31+00:00\",\"description\":\"&nbsp; 6 maja 2014 WERDYKT JURY KONKURSU PIOSENKI OBCOJ\u0118ZYCZNEJ 2014 Jury w sk\u0142adzie: mgr Wioletta Omelianiuk, mgr Benigna Chaniewska, mgr \u0141ucja\",\"breadcrumb\":{\"@id\":\"https:\/\/pb.edu.pl\/sjo\/wydarzenia-sjo\/wydarzenia-archiwum\/konkurs-piosenki-obcojezycznej-2014\/#breadcrumb\"},\"inLanguage\":\"pl-PL\",\"potentialAction\":[{\"@type\":\"ReadAction\",\"target\":[\"https:\/\/pb.edu.pl\/sjo\/wydarzenia-sjo\/wydarzenia-archiwum\/konkurs-piosenki-obcojezycznej-2014\/\"]}]},{\"@type\":\"ImageObject\",\"inLanguage\":\"pl-PL\",\"@id\":\"https:\/\/pb.edu.pl\/sjo\/wydarzenia-sjo\/wydarzenia-archiwum\/konkurs-piosenki-obcojezycznej-2014\/#primaryimage\",\"url\":\"https:\/\/pb.edu.pl\/sjo\/wp-content\/uploads\/sites\/9\/2017\/11\/wyniki_konkursu_piosenki.png\",\"contentUrl\":\"https:\/\/pb.edu.pl\/sjo\/wp-content\/uploads\/sites\/9\/2017\/11\/wyniki_konkursu_piosenki.png\",\"width\":828,\"height\":388},{\"@type\":\"BreadcrumbList\",\"@id\":\"https:\/\/pb.edu.pl\/sjo\/wydarzenia-sjo\/wydarzenia-archiwum\/konkurs-piosenki-obcojezycznej-2014\/#breadcrumb\",\"itemListElement\":[{\"@type\":\"ListItem\",\"position\":1,\"name\":\"Home\",\"item\":\"https:\/\/pb.edu.pl\/sjo\/\"},{\"@type\":\"ListItem\",\"position\":2,\"name\":\"Wydarzenia SJO\",\"item\":\"https:\/\/pb.edu.pl\/sjo\/wydarzenia-sjo\/\"},{\"@type\":\"ListItem\",\"position\":3,\"name\":\"Wydarzenia\",\"item\":\"https:\/\/pb.edu.pl\/sjo\/wydarzenia-sjo\/wydarzenia-archiwum\/\"},{\"@type\":\"ListItem\",\"position\":4,\"name\":\"Konkurs piosenki obcoj\u0119zycznej 2014\"}]},{\"@type\":\"WebSite\",\"@id\":\"https:\/\/pb.edu.pl\/sjo\/#website\",\"url\":\"https:\/\/pb.edu.pl\/sjo\/\",\"name\":\"Studium J\u0119zyk\u00f3w Obcych\",\"description\":\"\",\"potentialAction\":[{\"@type\":\"SearchAction\",\"target\":{\"@type\":\"EntryPoint\",\"urlTemplate\":\"https:\/\/pb.edu.pl\/sjo\/?s={search_term_string}\"},\"query-input\":{\"@type\":\"PropertyValueSpecification\",\"valueRequired\":true,\"valueName\":\"search_term_string\"}}],\"inLanguage\":\"pl-PL\"}]}<\/script>\n<!-- \/ Yoast SEO plugin. -->","yoast_head_json":{"title":"Konkurs piosenki obcoj\u0119zycznej 2014 - Studium J\u0119zyk\u00f3w Obcych","description":"&nbsp; 6 maja 2014 WERDYKT JURY KONKURSU PIOSENKI OBCOJ\u0118ZYCZNEJ 2014 Jury w sk\u0142adzie: mgr Wioletta Omelianiuk, mgr Benigna Chaniewska, mgr \u0141ucja","robots":{"index":"index","follow":"follow","max-snippet":"max-snippet:-1","max-image-preview":"max-image-preview:large","max-video-preview":"max-video-preview:-1"},"canonical":"https:\/\/pb.edu.pl\/sjo\/wydarzenia-sjo\/wydarzenia-archiwum\/konkurs-piosenki-obcojezycznej-2014\/","og_locale":"pl_PL","og_type":"article","og_title":"Konkurs piosenki obcoj\u0119zycznej 2014 - Studium J\u0119zyk\u00f3w Obcych","og_description":"&nbsp; 6 maja 2014 WERDYKT JURY KONKURSU PIOSENKI OBCOJ\u0118ZYCZNEJ 2014 Jury w sk\u0142adzie: mgr Wioletta Omelianiuk, mgr Benigna Chaniewska, mgr \u0141ucja","og_url":"https:\/\/pb.edu.pl\/sjo\/wydarzenia-sjo\/wydarzenia-archiwum\/konkurs-piosenki-obcojezycznej-2014\/","og_site_name":"Studium J\u0119zyk\u00f3w Obcych","article_modified_time":"2023-11-28T09:46:31+00:00","og_image":[{"url":"https:\/\/pb.edu.pl\/sjo\/wp-content\/uploads\/sites\/9\/2017\/11\/wyniki_konkursu_piosenki.png","type":"","width":"","height":""}],"twitter_misc":{"Szacowany czas czytania":"3 minuty"},"schema":{"@context":"https:\/\/schema.org","@graph":[{"@type":"WebPage","@id":"https:\/\/pb.edu.pl\/sjo\/wydarzenia-sjo\/wydarzenia-archiwum\/konkurs-piosenki-obcojezycznej-2014\/","url":"https:\/\/pb.edu.pl\/sjo\/wydarzenia-sjo\/wydarzenia-archiwum\/konkurs-piosenki-obcojezycznej-2014\/","name":"Konkurs piosenki obcoj\u0119zycznej 2014 - Studium J\u0119zyk\u00f3w Obcych","isPartOf":{"@id":"https:\/\/pb.edu.pl\/sjo\/#website"},"primaryImageOfPage":{"@id":"https:\/\/pb.edu.pl\/sjo\/wydarzenia-sjo\/wydarzenia-archiwum\/konkurs-piosenki-obcojezycznej-2014\/#primaryimage"},"image":{"@id":"https:\/\/pb.edu.pl\/sjo\/wydarzenia-sjo\/wydarzenia-archiwum\/konkurs-piosenki-obcojezycznej-2014\/#primaryimage"},"thumbnailUrl":"https:\/\/pb.edu.pl\/sjo\/wp-content\/uploads\/sites\/9\/2017\/11\/wyniki_konkursu_piosenki.png","datePublished":"2017-11-28T16:36:28+00:00","dateModified":"2023-11-28T09:46:31+00:00","description":"&nbsp; 6 maja 2014 WERDYKT JURY KONKURSU PIOSENKI OBCOJ\u0118ZYCZNEJ 2014 Jury w sk\u0142adzie: mgr Wioletta Omelianiuk, mgr Benigna Chaniewska, mgr \u0141ucja","breadcrumb":{"@id":"https:\/\/pb.edu.pl\/sjo\/wydarzenia-sjo\/wydarzenia-archiwum\/konkurs-piosenki-obcojezycznej-2014\/#breadcrumb"},"inLanguage":"pl-PL","potentialAction":[{"@type":"ReadAction","target":["https:\/\/pb.edu.pl\/sjo\/wydarzenia-sjo\/wydarzenia-archiwum\/konkurs-piosenki-obcojezycznej-2014\/"]}]},{"@type":"ImageObject","inLanguage":"pl-PL","@id":"https:\/\/pb.edu.pl\/sjo\/wydarzenia-sjo\/wydarzenia-archiwum\/konkurs-piosenki-obcojezycznej-2014\/#primaryimage","url":"https:\/\/pb.edu.pl\/sjo\/wp-content\/uploads\/sites\/9\/2017\/11\/wyniki_konkursu_piosenki.png","contentUrl":"https:\/\/pb.edu.pl\/sjo\/wp-content\/uploads\/sites\/9\/2017\/11\/wyniki_konkursu_piosenki.png","width":828,"height":388},{"@type":"BreadcrumbList","@id":"https:\/\/pb.edu.pl\/sjo\/wydarzenia-sjo\/wydarzenia-archiwum\/konkurs-piosenki-obcojezycznej-2014\/#breadcrumb","itemListElement":[{"@type":"ListItem","position":1,"name":"Home","item":"https:\/\/pb.edu.pl\/sjo\/"},{"@type":"ListItem","position":2,"name":"Wydarzenia SJO","item":"https:\/\/pb.edu.pl\/sjo\/wydarzenia-sjo\/"},{"@type":"ListItem","position":3,"name":"Wydarzenia","item":"https:\/\/pb.edu.pl\/sjo\/wydarzenia-sjo\/wydarzenia-archiwum\/"},{"@type":"ListItem","position":4,"name":"Konkurs piosenki obcoj\u0119zycznej 2014"}]},{"@type":"WebSite","@id":"https:\/\/pb.edu.pl\/sjo\/#website","url":"https:\/\/pb.edu.pl\/sjo\/","name":"Studium J\u0119zyk\u00f3w Obcych","description":"","potentialAction":[{"@type":"SearchAction","target":{"@type":"EntryPoint","urlTemplate":"https:\/\/pb.edu.pl\/sjo\/?s={search_term_string}"},"query-input":{"@type":"PropertyValueSpecification","valueRequired":true,"valueName":"search_term_string"}}],"inLanguage":"pl-PL"}]}},"_links":{"self":[{"href":"https:\/\/pb.edu.pl\/sjo\/wp-json\/wp\/v2\/pages\/537","targetHints":{"allow":["GET"]}}],"collection":[{"href":"https:\/\/pb.edu.pl\/sjo\/wp-json\/wp\/v2\/pages"}],"about":[{"href":"https:\/\/pb.edu.pl\/sjo\/wp-json\/wp\/v2\/types\/page"}],"author":[{"embeddable":true,"href":"https:\/\/pb.edu.pl\/sjo\/wp-json\/wp\/v2\/users\/6"}],"replies":[{"embeddable":true,"href":"https:\/\/pb.edu.pl\/sjo\/wp-json\/wp\/v2\/comments?post=537"}],"version-history":[{"count":0,"href":"https:\/\/pb.edu.pl\/sjo\/wp-json\/wp\/v2\/pages\/537\/revisions"}],"up":[{"embeddable":true,"href":"https:\/\/pb.edu.pl\/sjo\/wp-json\/wp\/v2\/pages\/137"}],"wp:attachment":[{"href":"https:\/\/pb.edu.pl\/sjo\/wp-json\/wp\/v2\/media?parent=537"}],"curies":[{"name":"wp","href":"https:\/\/api.w.org\/{rel}","templated":true}]}}