{"id":5334,"date":"2018-06-05T10:39:21","date_gmt":"2018-06-05T08:39:21","guid":{"rendered":"https:\/\/pb.edu.pl\/sjo\/?page_id=5334"},"modified":"2018-06-05T23:53:58","modified_gmt":"2018-06-05T21:53:58","slug":"politecnico-di-torino","status":"publish","type":"page","link":"https:\/\/pb.edu.pl\/sjo\/dla-pracownika\/wspolpraca-z-zagranica\/politecnico-di-torino\/","title":{"rendered":"Politecnico di Torino"},"content":{"rendered":"<p><span style=\"font-size: 12pt\"><strong>Politecnico di Torino, W\u0142ochy, 3-9 czerwca 2012<\/strong><\/span><\/p>\n<p><span style=\"font-size: 12pt\">Wizyta <strong>mgr Haliny Bramskiej<\/strong> i <strong>mgr Moniki \u015aleszy\u0144skiej<\/strong> na Politechnice Tury\u0144skiej rozpocz\u0119\u0142a si\u0119 kr\u00f3tkim spotkaniem z Chiar\u0105 Rubiano z Dzia\u0142u Wsp\u00f3\u0142pracy z Zagranic\u0105, po kt\u00f3rym wyk\u0142adowczynie uda\u0142y si\u0119 do Centrum J\u0119zyk\u00f3w Obcych (CLA). Koordynatorem pobytu by\u0142a Margaret Pate. Pierwsze zaj\u0119cia polega\u0142y na korekcie artyku\u0142u naukowego z dziedziny mechaniki. Nauczyciel j\u0119zyka angielskiego (native speaker) pe\u0142ni\u0142 rol\u0119 konsultanta j\u0119zykowego i wsp\u00f3lnie z autorem dokonywa\u0142 poprawek tekstu. Inne obserwowane zaj\u0119cia prowadzone by\u0142y w grupie student\u00f3w przygotowuj\u0105cych si\u0119 do ustnego egzaminu IELTS na poziomie B1. Na spotkaniu z pracownikami CLA mgr Bramska i mgr \u015aleszy\u0144ska przedstawi\u0142y prezentacj\u0119 dotycz\u0105c\u0105 nauczania j\u0119zyka technicznego, materia\u0142\u00f3w specjalistycznych tworzonych w SJO PB, organizacji roku akademickiego, zaj\u0119\u0107, systemu oceniania i zalicze\u0144. Kolejnym punktem programu by\u0142o om\u00f3wienie zasad przeprowadzania egzamin\u00f3w certyfikowanych (o profilu og\u00f3lnym, biznesowym i technicznym) na poziomie B2. Pracownicy CLA opowiedzieli o swoim programie nauczania, kursach przygotowuj\u0105cych do egzaminu IELTS i zakresie swoich obowi\u0105zk\u00f3w.<\/span><\/p>\n<p><span style=\"font-size: 12pt\">7 czerwca 2012 rozpocz\u0119\u0142y si\u0119 przygotowania do International Erasmus Fair. Inspiruj\u0105ce by\u0142o np. spotkanie z Prorektorem ds. bada\u0144 naukowych i wsp\u00f3\u0142pracy z zagranic\u0105 Politechniki Tury\u0144skiej, na kt\u00f3rym zaprezentowano wszystkie wydzia\u0142y i inne jednostki uczelni (Politechnika Tury\u0144ska plasuje si\u0119 na pierwszym miejscu w rankingu w\u0142oskich uczelni technicznych, za\u015b na 7-12 w Europie).<\/span><\/p>\n<p><span style=\"font-size: 12pt\">8 czerwca 2012 rozpocz\u0119\u0142y si\u0119 targi, na kt\u00f3rych mgr Bramska i mgr \u015aleszy\u0144ska prezentowa\u0142y Studium J\u0119zyk\u00f3w Obcych oraz ofert\u0119 edukacyjn\u0105 PB. Odwiedzaj\u0105cy stoisko interesowali si\u0119 g\u0142\u00f3wnie mo\u017cliwo\u015bci\u0105 przyjazdu do Bia\u0142egostoku w ramach wymiany studenckiej, najwi\u0119cej by\u0142o student\u00f3w architektury oraz wydzia\u0142\u00f3w mechanicznego i elektrycznego.<\/span><\/p>\n<p><span style=\"font-size: 12pt\">Wizyta w Turynie wzbogaci\u0142a nasz\u0105 wiedz\u0119 na temat funkcjonowania podobnych jednostek na uczelniach w\u0142oskich oraz przyczyni\u0142a si\u0119 do wymiany cennych do\u015bwiadcze\u0144.<\/span><\/p>\n<blockquote><p><span style=\"font-size: 12pt\">\u201eOd kilku lat prowadz\u0119 autorskie kursy j\u0119zyka angielskiego dla pracownik\u00f3w naukowo-dydaktycznych oraz \u0107wiczenia w ramach lektoratu j\u0119zyka obcego dla doktorant\u00f3w naszej uczelni. Umi\u0119dzynarodowienie Politechniki Bia\u0142ostockiej i wi\u0119ksza mobilno\u015b\u0107 naukowa pracownik\u00f3w wymagaj\u0105 dostosowania oferty j\u0119zykowej do potrzeb s\u0142uchaczy. Prowadzone przeze mnie zaj\u0119cia maj\u0105 na celu rozwijanie kompetencji j\u0119zykowych w zakresie Academic English, by sprawnie przygotowa\u0107 prezentacj\u0119 ustn\u0105 i napisa\u0107 artyku\u0142 naukowy w j\u0119zyku angielskim. Jestem przekonana, \u017ce moje dzia\u0142ania dydaktyczne w du\u017cej mierze zainspirowane zosta\u0142y zaj\u0119ciami, w kt\u00f3rych uczestniczy\u0142am na Politechnice Tury\u0144skiej.\u201d<\/span><\/p><\/blockquote>\n<p style=\"text-align: right\"><span style=\"font-size: 12pt\">mgr Monika \u015aleszy\u0144ska<\/span><\/p>\n<div id='gallery-1' class='gallery galleryid-5334 gallery-columns-2 gallery-size-full'><figure class='gallery-item'>\n\t\t\t<div class='gallery-icon landscape'>\n\t\t\t\t<a href='https:\/\/pb.edu.pl\/sjo\/wp-content\/uploads\/sites\/9\/2018\/06\/Politecnico_di_-Torino_01.jpg'><img loading=\"lazy\" decoding=\"async\" width=\"1200\" height=\"800\" src=\"https:\/\/pb.edu.pl\/sjo\/wp-content\/uploads\/sites\/9\/2018\/06\/Politecnico_di_-Torino_01.jpg\" class=\"attachment-full size-full\" alt=\"Politecnico di Torino\" srcset=\"https:\/\/pb.edu.pl\/sjo\/wp-content\/uploads\/sites\/9\/2018\/06\/Politecnico_di_-Torino_01.jpg 1200w, https:\/\/pb.edu.pl\/sjo\/wp-content\/uploads\/sites\/9\/2018\/06\/Politecnico_di_-Torino_01-300x200.jpg 300w, https:\/\/pb.edu.pl\/sjo\/wp-content\/uploads\/sites\/9\/2018\/06\/Politecnico_di_-Torino_01-768x512.jpg 768w, https:\/\/pb.edu.pl\/sjo\/wp-content\/uploads\/sites\/9\/2018\/06\/Politecnico_di_-Torino_01-1024x683.jpg 1024w, https:\/\/pb.edu.pl\/sjo\/wp-content\/uploads\/sites\/9\/2018\/06\/Politecnico_di_-Torino_01-480x320.jpg 480w\" sizes=\"auto, (max-width: 1200px) 100vw, 1200px\" \/><\/a>\n\t\t\t<\/div><\/figure><figure class='gallery-item'>\n\t\t\t<div class='gallery-icon landscape'>\n\t\t\t\t<a href='https:\/\/pb.edu.pl\/sjo\/wp-content\/uploads\/sites\/9\/2018\/06\/Politecnico_di_-Torino_02.jpg'><img loading=\"lazy\" decoding=\"async\" width=\"1200\" height=\"800\" src=\"https:\/\/pb.edu.pl\/sjo\/wp-content\/uploads\/sites\/9\/2018\/06\/Politecnico_di_-Torino_02.jpg\" class=\"attachment-full size-full\" alt=\"Politecnico di Torino\" srcset=\"https:\/\/pb.edu.pl\/sjo\/wp-content\/uploads\/sites\/9\/2018\/06\/Politecnico_di_-Torino_02.jpg 1200w, https:\/\/pb.edu.pl\/sjo\/wp-content\/uploads\/sites\/9\/2018\/06\/Politecnico_di_-Torino_02-300x200.jpg 300w, https:\/\/pb.edu.pl\/sjo\/wp-content\/uploads\/sites\/9\/2018\/06\/Politecnico_di_-Torino_02-768x512.jpg 768w, https:\/\/pb.edu.pl\/sjo\/wp-content\/uploads\/sites\/9\/2018\/06\/Politecnico_di_-Torino_02-1024x683.jpg 1024w, https:\/\/pb.edu.pl\/sjo\/wp-content\/uploads\/sites\/9\/2018\/06\/Politecnico_di_-Torino_02-480x320.jpg 480w\" sizes=\"auto, (max-width: 1200px) 100vw, 1200px\" \/><\/a>\n\t\t\t<\/div><\/figure><figure class='gallery-item'>\n\t\t\t<div class='gallery-icon landscape'>\n\t\t\t\t<a href='https:\/\/pb.edu.pl\/sjo\/wp-content\/uploads\/sites\/9\/2018\/06\/Politecnico_di_-Torino_03.jpg'><img loading=\"lazy\" decoding=\"async\" width=\"1200\" height=\"800\" src=\"https:\/\/pb.edu.pl\/sjo\/wp-content\/uploads\/sites\/9\/2018\/06\/Politecnico_di_-Torino_03.jpg\" class=\"attachment-full size-full\" alt=\"Politecnico di Torino\" srcset=\"https:\/\/pb.edu.pl\/sjo\/wp-content\/uploads\/sites\/9\/2018\/06\/Politecnico_di_-Torino_03.jpg 1200w, https:\/\/pb.edu.pl\/sjo\/wp-content\/uploads\/sites\/9\/2018\/06\/Politecnico_di_-Torino_03-300x200.jpg 300w, https:\/\/pb.edu.pl\/sjo\/wp-content\/uploads\/sites\/9\/2018\/06\/Politecnico_di_-Torino_03-768x512.jpg 768w, https:\/\/pb.edu.pl\/sjo\/wp-content\/uploads\/sites\/9\/2018\/06\/Politecnico_di_-Torino_03-1024x683.jpg 1024w, https:\/\/pb.edu.pl\/sjo\/wp-content\/uploads\/sites\/9\/2018\/06\/Politecnico_di_-Torino_03-480x320.jpg 480w\" sizes=\"auto, (max-width: 1200px) 100vw, 1200px\" \/><\/a>\n\t\t\t<\/div><\/figure><figure class='gallery-item'>\n\t\t\t<div class='gallery-icon landscape'>\n\t\t\t\t<a href='https:\/\/pb.edu.pl\/sjo\/wp-content\/uploads\/sites\/9\/2018\/06\/Politecnico_di_-Torino_04.jpg'><img loading=\"lazy\" decoding=\"async\" width=\"1200\" height=\"800\" src=\"https:\/\/pb.edu.pl\/sjo\/wp-content\/uploads\/sites\/9\/2018\/06\/Politecnico_di_-Torino_04.jpg\" class=\"attachment-full size-full\" alt=\"Politecnico di Torino\" srcset=\"https:\/\/pb.edu.pl\/sjo\/wp-content\/uploads\/sites\/9\/2018\/06\/Politecnico_di_-Torino_04.jpg 1200w, https:\/\/pb.edu.pl\/sjo\/wp-content\/uploads\/sites\/9\/2018\/06\/Politecnico_di_-Torino_04-300x200.jpg 300w, https:\/\/pb.edu.pl\/sjo\/wp-content\/uploads\/sites\/9\/2018\/06\/Politecnico_di_-Torino_04-768x512.jpg 768w, https:\/\/pb.edu.pl\/sjo\/wp-content\/uploads\/sites\/9\/2018\/06\/Politecnico_di_-Torino_04-1024x683.jpg 1024w, https:\/\/pb.edu.pl\/sjo\/wp-content\/uploads\/sites\/9\/2018\/06\/Politecnico_di_-Torino_04-480x320.jpg 480w\" sizes=\"auto, (max-width: 1200px) 100vw, 1200px\" \/><\/a>\n\t\t\t<\/div><\/figure><figure class='gallery-item'>\n\t\t\t<div class='gallery-icon landscape'>\n\t\t\t\t<a href='https:\/\/pb.edu.pl\/sjo\/wp-content\/uploads\/sites\/9\/2018\/06\/Politecnico_di_-Torino_05.jpg'><img loading=\"lazy\" decoding=\"async\" width=\"1200\" height=\"800\" src=\"https:\/\/pb.edu.pl\/sjo\/wp-content\/uploads\/sites\/9\/2018\/06\/Politecnico_di_-Torino_05.jpg\" class=\"attachment-full size-full\" alt=\"Politecnico di Torino\" srcset=\"https:\/\/pb.edu.pl\/sjo\/wp-content\/uploads\/sites\/9\/2018\/06\/Politecnico_di_-Torino_05.jpg 1200w, https:\/\/pb.edu.pl\/sjo\/wp-content\/uploads\/sites\/9\/2018\/06\/Politecnico_di_-Torino_05-300x200.jpg 300w, https:\/\/pb.edu.pl\/sjo\/wp-content\/uploads\/sites\/9\/2018\/06\/Politecnico_di_-Torino_05-768x512.jpg 768w, https:\/\/pb.edu.pl\/sjo\/wp-content\/uploads\/sites\/9\/2018\/06\/Politecnico_di_-Torino_05-1024x683.jpg 1024w, https:\/\/pb.edu.pl\/sjo\/wp-content\/uploads\/sites\/9\/2018\/06\/Politecnico_di_-Torino_05-480x320.jpg 480w\" sizes=\"auto, (max-width: 1200px) 100vw, 1200px\" \/><\/a>\n\t\t\t<\/div><\/figure><figure class='gallery-item'>\n\t\t\t<div class='gallery-icon landscape'>\n\t\t\t\t<a href='https:\/\/pb.edu.pl\/sjo\/wp-content\/uploads\/sites\/9\/2018\/06\/Politecnico_di_-Torino_06.jpg'><img loading=\"lazy\" decoding=\"async\" width=\"1200\" height=\"800\" src=\"https:\/\/pb.edu.pl\/sjo\/wp-content\/uploads\/sites\/9\/2018\/06\/Politecnico_di_-Torino_06.jpg\" class=\"attachment-full size-full\" alt=\"Politecnico di Torino\" srcset=\"https:\/\/pb.edu.pl\/sjo\/wp-content\/uploads\/sites\/9\/2018\/06\/Politecnico_di_-Torino_06.jpg 1200w, https:\/\/pb.edu.pl\/sjo\/wp-content\/uploads\/sites\/9\/2018\/06\/Politecnico_di_-Torino_06-300x200.jpg 300w, https:\/\/pb.edu.pl\/sjo\/wp-content\/uploads\/sites\/9\/2018\/06\/Politecnico_di_-Torino_06-768x512.jpg 768w, https:\/\/pb.edu.pl\/sjo\/wp-content\/uploads\/sites\/9\/2018\/06\/Politecnico_di_-Torino_06-1024x683.jpg 1024w, https:\/\/pb.edu.pl\/sjo\/wp-content\/uploads\/sites\/9\/2018\/06\/Politecnico_di_-Torino_06-480x320.jpg 480w\" sizes=\"auto, (max-width: 1200px) 100vw, 1200px\" \/><\/a>\n\t\t\t<\/div><\/figure>\n\t\t<\/div>\n\n","protected":false},"excerpt":{"rendered":"<p>Politecnico di Torino, W\u0142ochy, 3-9 czerwca 2012 Wizyta mgr Haliny Bramskiej i mgr Moniki \u015aleszy\u0144skiej<\/p>\n","protected":false},"author":6,"featured_media":0,"parent":5020,"menu_order":0,"comment_status":"closed","ping_status":"closed","template":"","meta":{"_acf_changed":false,"ngg_post_thumbnail":0,"footnotes":""},"class_list":["post-5334","page","type-page","status-publish","hentry"],"acf":[],"yoast_head":"<!-- This site is optimized with the Yoast SEO plugin v27.0 - https:\/\/yoast.com\/product\/yoast-seo-wordpress\/ -->\n<title>Politecnico di Torino - Studium J\u0119zyk\u00f3w Obcych<\/title>\n<meta name=\"description\" content=\"Politecnico di Torino, W\u0142ochy, 3-9 czerwca 2012 Wizyta mgr Haliny Bramskiej i mgr Moniki \u015aleszy\u0144skiej na Politechnice Tury\u0144skiej rozpocz\u0119\u0142a si\u0119 kr\u00f3tkim\" \/>\n<meta name=\"robots\" content=\"index, follow, max-snippet:-1, max-image-preview:large, max-video-preview:-1\" \/>\n<link rel=\"canonical\" href=\"https:\/\/pb.edu.pl\/sjo\/dla-pracownika\/wspolpraca-z-zagranica\/politecnico-di-torino\/\" \/>\n<meta property=\"og:locale\" content=\"pl_PL\" \/>\n<meta property=\"og:type\" content=\"article\" \/>\n<meta property=\"og:title\" content=\"Politecnico di Torino - Studium J\u0119zyk\u00f3w Obcych\" \/>\n<meta property=\"og:description\" content=\"Politecnico di Torino, W\u0142ochy, 3-9 czerwca 2012 Wizyta mgr Haliny Bramskiej i mgr Moniki \u015aleszy\u0144skiej na Politechnice Tury\u0144skiej rozpocz\u0119\u0142a si\u0119 kr\u00f3tkim\" \/>\n<meta property=\"og:url\" content=\"https:\/\/pb.edu.pl\/sjo\/dla-pracownika\/wspolpraca-z-zagranica\/politecnico-di-torino\/\" \/>\n<meta property=\"og:site_name\" content=\"Studium J\u0119zyk\u00f3w Obcych\" \/>\n<meta property=\"article:modified_time\" content=\"2018-06-05T21:53:58+00:00\" \/>\n<meta property=\"og:image\" content=\"https:\/\/pb.edu.pl\/sjo\/wp-content\/uploads\/sites\/9\/2018\/06\/Politecnico_di_-Torino_01.jpg\" \/>\n<meta name=\"twitter:label1\" content=\"Szacowany czas czytania\" \/>\n\t<meta name=\"twitter:data1\" content=\"2 minuty\" \/>\n<script type=\"application\/ld+json\" class=\"yoast-schema-graph\">{\"@context\":\"https:\/\/schema.org\",\"@graph\":[{\"@type\":\"WebPage\",\"@id\":\"https:\/\/pb.edu.pl\/sjo\/dla-pracownika\/wspolpraca-z-zagranica\/politecnico-di-torino\/\",\"url\":\"https:\/\/pb.edu.pl\/sjo\/dla-pracownika\/wspolpraca-z-zagranica\/politecnico-di-torino\/\",\"name\":\"Politecnico di Torino - Studium J\u0119zyk\u00f3w Obcych\",\"isPartOf\":{\"@id\":\"https:\/\/pb.edu.pl\/sjo\/#website\"},\"datePublished\":\"2018-06-05T08:39:21+00:00\",\"dateModified\":\"2018-06-05T21:53:58+00:00\",\"description\":\"Politecnico di Torino, W\u0142ochy, 3-9 czerwca 2012 Wizyta mgr Haliny Bramskiej i mgr Moniki \u015aleszy\u0144skiej na Politechnice Tury\u0144skiej rozpocz\u0119\u0142a si\u0119 kr\u00f3tkim\",\"breadcrumb\":{\"@id\":\"https:\/\/pb.edu.pl\/sjo\/dla-pracownika\/wspolpraca-z-zagranica\/politecnico-di-torino\/#breadcrumb\"},\"inLanguage\":\"pl-PL\",\"potentialAction\":[{\"@type\":\"ReadAction\",\"target\":[\"https:\/\/pb.edu.pl\/sjo\/dla-pracownika\/wspolpraca-z-zagranica\/politecnico-di-torino\/\"]}]},{\"@type\":\"BreadcrumbList\",\"@id\":\"https:\/\/pb.edu.pl\/sjo\/dla-pracownika\/wspolpraca-z-zagranica\/politecnico-di-torino\/#breadcrumb\",\"itemListElement\":[{\"@type\":\"ListItem\",\"position\":1,\"name\":\"Home\",\"item\":\"https:\/\/pb.edu.pl\/sjo\/\"},{\"@type\":\"ListItem\",\"position\":2,\"name\":\"Pracuj\u0119 w PB\",\"item\":\"https:\/\/pb.edu.pl\/sjo\/dla-pracownika\/\"},{\"@type\":\"ListItem\",\"position\":3,\"name\":\"Wsp\u00f3\u0142praca z zagranic\u0105\",\"item\":\"https:\/\/pb.edu.pl\/sjo\/dla-pracownika\/wspolpraca-z-zagranica\/\"},{\"@type\":\"ListItem\",\"position\":4,\"name\":\"Politecnico di Torino\"}]},{\"@type\":\"WebSite\",\"@id\":\"https:\/\/pb.edu.pl\/sjo\/#website\",\"url\":\"https:\/\/pb.edu.pl\/sjo\/\",\"name\":\"Studium J\u0119zyk\u00f3w Obcych\",\"description\":\"\",\"potentialAction\":[{\"@type\":\"SearchAction\",\"target\":{\"@type\":\"EntryPoint\",\"urlTemplate\":\"https:\/\/pb.edu.pl\/sjo\/?s={search_term_string}\"},\"query-input\":{\"@type\":\"PropertyValueSpecification\",\"valueRequired\":true,\"valueName\":\"search_term_string\"}}],\"inLanguage\":\"pl-PL\"}]}<\/script>\n<!-- \/ Yoast SEO plugin. -->","yoast_head_json":{"title":"Politecnico di Torino - Studium J\u0119zyk\u00f3w Obcych","description":"Politecnico di Torino, W\u0142ochy, 3-9 czerwca 2012 Wizyta mgr Haliny Bramskiej i mgr Moniki \u015aleszy\u0144skiej na Politechnice Tury\u0144skiej rozpocz\u0119\u0142a si\u0119 kr\u00f3tkim","robots":{"index":"index","follow":"follow","max-snippet":"max-snippet:-1","max-image-preview":"max-image-preview:large","max-video-preview":"max-video-preview:-1"},"canonical":"https:\/\/pb.edu.pl\/sjo\/dla-pracownika\/wspolpraca-z-zagranica\/politecnico-di-torino\/","og_locale":"pl_PL","og_type":"article","og_title":"Politecnico di Torino - Studium J\u0119zyk\u00f3w Obcych","og_description":"Politecnico di Torino, W\u0142ochy, 3-9 czerwca 2012 Wizyta mgr Haliny Bramskiej i mgr Moniki \u015aleszy\u0144skiej na Politechnice Tury\u0144skiej rozpocz\u0119\u0142a si\u0119 kr\u00f3tkim","og_url":"https:\/\/pb.edu.pl\/sjo\/dla-pracownika\/wspolpraca-z-zagranica\/politecnico-di-torino\/","og_site_name":"Studium J\u0119zyk\u00f3w Obcych","article_modified_time":"2018-06-05T21:53:58+00:00","og_image":[{"url":"https:\/\/pb.edu.pl\/sjo\/wp-content\/uploads\/sites\/9\/2018\/06\/Politecnico_di_-Torino_01.jpg","type":"","width":"","height":""}],"twitter_misc":{"Szacowany czas czytania":"2 minuty"},"schema":{"@context":"https:\/\/schema.org","@graph":[{"@type":"WebPage","@id":"https:\/\/pb.edu.pl\/sjo\/dla-pracownika\/wspolpraca-z-zagranica\/politecnico-di-torino\/","url":"https:\/\/pb.edu.pl\/sjo\/dla-pracownika\/wspolpraca-z-zagranica\/politecnico-di-torino\/","name":"Politecnico di Torino - Studium J\u0119zyk\u00f3w Obcych","isPartOf":{"@id":"https:\/\/pb.edu.pl\/sjo\/#website"},"datePublished":"2018-06-05T08:39:21+00:00","dateModified":"2018-06-05T21:53:58+00:00","description":"Politecnico di Torino, W\u0142ochy, 3-9 czerwca 2012 Wizyta mgr Haliny Bramskiej i mgr Moniki \u015aleszy\u0144skiej na Politechnice Tury\u0144skiej rozpocz\u0119\u0142a si\u0119 kr\u00f3tkim","breadcrumb":{"@id":"https:\/\/pb.edu.pl\/sjo\/dla-pracownika\/wspolpraca-z-zagranica\/politecnico-di-torino\/#breadcrumb"},"inLanguage":"pl-PL","potentialAction":[{"@type":"ReadAction","target":["https:\/\/pb.edu.pl\/sjo\/dla-pracownika\/wspolpraca-z-zagranica\/politecnico-di-torino\/"]}]},{"@type":"BreadcrumbList","@id":"https:\/\/pb.edu.pl\/sjo\/dla-pracownika\/wspolpraca-z-zagranica\/politecnico-di-torino\/#breadcrumb","itemListElement":[{"@type":"ListItem","position":1,"name":"Home","item":"https:\/\/pb.edu.pl\/sjo\/"},{"@type":"ListItem","position":2,"name":"Pracuj\u0119 w PB","item":"https:\/\/pb.edu.pl\/sjo\/dla-pracownika\/"},{"@type":"ListItem","position":3,"name":"Wsp\u00f3\u0142praca z zagranic\u0105","item":"https:\/\/pb.edu.pl\/sjo\/dla-pracownika\/wspolpraca-z-zagranica\/"},{"@type":"ListItem","position":4,"name":"Politecnico di Torino"}]},{"@type":"WebSite","@id":"https:\/\/pb.edu.pl\/sjo\/#website","url":"https:\/\/pb.edu.pl\/sjo\/","name":"Studium J\u0119zyk\u00f3w Obcych","description":"","potentialAction":[{"@type":"SearchAction","target":{"@type":"EntryPoint","urlTemplate":"https:\/\/pb.edu.pl\/sjo\/?s={search_term_string}"},"query-input":{"@type":"PropertyValueSpecification","valueRequired":true,"valueName":"search_term_string"}}],"inLanguage":"pl-PL"}]}},"_links":{"self":[{"href":"https:\/\/pb.edu.pl\/sjo\/wp-json\/wp\/v2\/pages\/5334","targetHints":{"allow":["GET"]}}],"collection":[{"href":"https:\/\/pb.edu.pl\/sjo\/wp-json\/wp\/v2\/pages"}],"about":[{"href":"https:\/\/pb.edu.pl\/sjo\/wp-json\/wp\/v2\/types\/page"}],"author":[{"embeddable":true,"href":"https:\/\/pb.edu.pl\/sjo\/wp-json\/wp\/v2\/users\/6"}],"replies":[{"embeddable":true,"href":"https:\/\/pb.edu.pl\/sjo\/wp-json\/wp\/v2\/comments?post=5334"}],"version-history":[{"count":0,"href":"https:\/\/pb.edu.pl\/sjo\/wp-json\/wp\/v2\/pages\/5334\/revisions"}],"up":[{"embeddable":true,"href":"https:\/\/pb.edu.pl\/sjo\/wp-json\/wp\/v2\/pages\/5020"}],"wp:attachment":[{"href":"https:\/\/pb.edu.pl\/sjo\/wp-json\/wp\/v2\/media?parent=5334"}],"curies":[{"name":"wp","href":"https:\/\/api.w.org\/{rel}","templated":true}]}}