{"id":5331,"date":"2018-06-05T10:36:57","date_gmt":"2018-06-05T08:36:57","guid":{"rendered":"https:\/\/pb.edu.pl\/sjo\/?page_id=5331"},"modified":"2018-06-05T14:30:37","modified_gmt":"2018-06-05T12:30:37","slug":"patras","status":"publish","type":"page","link":"https:\/\/pb.edu.pl\/sjo\/dla-pracownika\/wspolpraca-z-zagranica\/patras\/","title":{"rendered":"Patras"},"content":{"rendered":"<p><span style=\"font-size: 12pt\">W dniach <strong>28 pa\u017adziernika \u2013 3 listopada 2012<\/strong> <strong>mgr Monika \u015aleszy\u0144ska<\/strong> i <strong>mgr Wojciech Rogalski<\/strong> przebywali na <strong>Uniwersytecie w Patras<\/strong> (Grecja), zaproszeni przez koordynatora programu Erasmus w studium j\u0119zyk\u00f3w obcych \u2013 Alexandr\u0119 Lotsari-Groumpou. Pierwsze zaj\u0119cia z grup\u0105 student\u00f3w z wydzia\u0142u przyrodniczego (kierunek \u2013 geologia) przeprowadzi\u0142 mgr W. Rogalski. Dotyczy\u0142y one eksploracji kosmosu w poszukiwaniu planet podobnych do Ziemi oraz narodzin geologii. Dzi\u0119ki wykorzystaniu nowoczesnych technologii mo\u017cliwe by\u0142o przedstawienie tego zagadnienia w spos\u00f3b atrakcyjny dla student\u00f3w. We wtorek zaj\u0119cia z grup\u0105 student\u00f3w z wydzia\u0142u in\u017cynierii (kierunek \u2013 in\u017cynieria chemiczna) przeprowadzi\u0142a mgr M. \u015aleszy\u0144ska. Tematyka spotkania zwi\u0105zana by\u0142a z uzdatnianiem wody i oczyszczaniem \u015bciek\u00f3w. Opr\u00f3cz wykonania \u0107wicze\u0144 sprawdzaj\u0105cych rozumienie tekstu czytanego i s\u0142uchanego, studenci obejrzeli dwa kr\u00f3tkie filmy, przedstawiaj\u0105ce poszczeg\u00f3lne etapy tych proces\u00f3w. Nast\u0119pnie wykonali kilka \u0107wicze\u0144 leksykalnych i sprawdzali swoje wiadomo\u015bci pracuj\u0105c w parach. Kolejna cz\u0119\u015b\u0107 3-godzinnych zaj\u0119\u0107 przebieg\u0142a w lu\u017aniejszej atmosferze, przedstawiona zosta\u0142a bowiem kr\u00f3tka prezentacja o naszej uczelni (struktur\u0119, dzia\u0142alno\u015b\u0107 Studium J\u0119zyk\u00f3w Obcych oraz ofert\u0119 politechniki zwi\u0105zan\u0105 z programem Erasmus). Dodatkowo studenci zobaczyli materia\u0142y filmowe promuj\u0105ce Podlasie i rozwi\u0105zali quiz sprawdzaj\u0105cy wiedz\u0119 o regionie i kraju. Zwyci\u0119zcy otrzymali nagrody. Cieszy fakt, i\u017c przyjazd naszych wyk\u0142adowc\u00f3w wzbudzi\u0142 du\u017ce zainteresowanie student\u00f3w r\u00f3wnie\u017c z innych wydzia\u0142\u00f3w, a kilka os\u00f3b zainteresowa\u0142o si\u0119 mo\u017cliwo\u015bci\u0105 studiowania w Polsce.<\/span><\/p>\n<p><span style=\"font-size: 12pt\">Wyk\u0142adowcy SJO PB spotkali si\u0119 tak\u017ce z greckimi nauczycielami j\u0119zyka angielskiego, by opowiedzie\u0107 o swojej pracy i wymieni\u0107 do\u015bwiadczenia dydaktyczne oraz publikacje dotycz\u0105ce nauczania j\u0119zyka technicznego wykorzystywane na zaj\u0119ciach. Mamy nadziej\u0119, \u017ce wsp\u00f3\u0142praca, kt\u00f3r\u0105 nawi\u0105zano rozwinie si\u0119, poniewa\u017c obie strony wydawa\u0142y si\u0119 by\u0107 ni\u0105 usatysfakcjonowane.<\/span><\/p>\n<div id='gallery-1' class='gallery galleryid-5331 gallery-columns-2 gallery-size-full'><figure class='gallery-item'>\n\t\t\t<div class='gallery-icon landscape'>\n\t\t\t\t<a href='https:\/\/pb.edu.pl\/sjo\/wp-content\/uploads\/sites\/9\/2018\/06\/University_of_Patras_01-Pracownicy-SJO.jpg'><img loading=\"lazy\" decoding=\"async\" width=\"1200\" height=\"803\" src=\"https:\/\/pb.edu.pl\/sjo\/wp-content\/uploads\/sites\/9\/2018\/06\/University_of_Patras_01-Pracownicy-SJO.jpg\" class=\"attachment-full size-full\" alt=\"University of Patras\" srcset=\"https:\/\/pb.edu.pl\/sjo\/wp-content\/uploads\/sites\/9\/2018\/06\/University_of_Patras_01-Pracownicy-SJO.jpg 1200w, https:\/\/pb.edu.pl\/sjo\/wp-content\/uploads\/sites\/9\/2018\/06\/University_of_Patras_01-Pracownicy-SJO-300x201.jpg 300w, https:\/\/pb.edu.pl\/sjo\/wp-content\/uploads\/sites\/9\/2018\/06\/University_of_Patras_01-Pracownicy-SJO-768x514.jpg 768w, https:\/\/pb.edu.pl\/sjo\/wp-content\/uploads\/sites\/9\/2018\/06\/University_of_Patras_01-Pracownicy-SJO-1024x685.jpg 1024w, https:\/\/pb.edu.pl\/sjo\/wp-content\/uploads\/sites\/9\/2018\/06\/University_of_Patras_01-Pracownicy-SJO-480x320.jpg 480w\" sizes=\"auto, (max-width: 1200px) 100vw, 1200px\" \/><\/a>\n\t\t\t<\/div><\/figure><figure class='gallery-item'>\n\t\t\t<div class='gallery-icon landscape'>\n\t\t\t\t<a href='https:\/\/pb.edu.pl\/sjo\/wp-content\/uploads\/sites\/9\/2018\/06\/University_of_Patras_02.jpg'><img loading=\"lazy\" decoding=\"async\" width=\"1200\" height=\"800\" src=\"https:\/\/pb.edu.pl\/sjo\/wp-content\/uploads\/sites\/9\/2018\/06\/University_of_Patras_02.jpg\" class=\"attachment-full size-full\" alt=\"University of Patras\" srcset=\"https:\/\/pb.edu.pl\/sjo\/wp-content\/uploads\/sites\/9\/2018\/06\/University_of_Patras_02.jpg 1200w, https:\/\/pb.edu.pl\/sjo\/wp-content\/uploads\/sites\/9\/2018\/06\/University_of_Patras_02-300x200.jpg 300w, https:\/\/pb.edu.pl\/sjo\/wp-content\/uploads\/sites\/9\/2018\/06\/University_of_Patras_02-768x512.jpg 768w, https:\/\/pb.edu.pl\/sjo\/wp-content\/uploads\/sites\/9\/2018\/06\/University_of_Patras_02-1024x683.jpg 1024w, https:\/\/pb.edu.pl\/sjo\/wp-content\/uploads\/sites\/9\/2018\/06\/University_of_Patras_02-480x320.jpg 480w\" sizes=\"auto, (max-width: 1200px) 100vw, 1200px\" \/><\/a>\n\t\t\t<\/div><\/figure><figure class='gallery-item'>\n\t\t\t<div class='gallery-icon landscape'>\n\t\t\t\t<a href='https:\/\/pb.edu.pl\/sjo\/wp-content\/uploads\/sites\/9\/2018\/06\/University_of_Patras_03.jpg'><img loading=\"lazy\" decoding=\"async\" width=\"1200\" height=\"800\" src=\"https:\/\/pb.edu.pl\/sjo\/wp-content\/uploads\/sites\/9\/2018\/06\/University_of_Patras_03.jpg\" class=\"attachment-full size-full\" alt=\"University of Patras\" srcset=\"https:\/\/pb.edu.pl\/sjo\/wp-content\/uploads\/sites\/9\/2018\/06\/University_of_Patras_03.jpg 1200w, https:\/\/pb.edu.pl\/sjo\/wp-content\/uploads\/sites\/9\/2018\/06\/University_of_Patras_03-300x200.jpg 300w, https:\/\/pb.edu.pl\/sjo\/wp-content\/uploads\/sites\/9\/2018\/06\/University_of_Patras_03-768x512.jpg 768w, https:\/\/pb.edu.pl\/sjo\/wp-content\/uploads\/sites\/9\/2018\/06\/University_of_Patras_03-1024x683.jpg 1024w, https:\/\/pb.edu.pl\/sjo\/wp-content\/uploads\/sites\/9\/2018\/06\/University_of_Patras_03-480x320.jpg 480w\" sizes=\"auto, (max-width: 1200px) 100vw, 1200px\" \/><\/a>\n\t\t\t<\/div><\/figure><figure class='gallery-item'>\n\t\t\t<div class='gallery-icon landscape'>\n\t\t\t\t<a href='https:\/\/pb.edu.pl\/sjo\/wp-content\/uploads\/sites\/9\/2018\/06\/University_of_Patras_04.jpg'><img loading=\"lazy\" decoding=\"async\" width=\"1147\" height=\"765\" src=\"https:\/\/pb.edu.pl\/sjo\/wp-content\/uploads\/sites\/9\/2018\/06\/University_of_Patras_04.jpg\" class=\"attachment-full size-full\" alt=\"University of Patras\" srcset=\"https:\/\/pb.edu.pl\/sjo\/wp-content\/uploads\/sites\/9\/2018\/06\/University_of_Patras_04.jpg 1147w, https:\/\/pb.edu.pl\/sjo\/wp-content\/uploads\/sites\/9\/2018\/06\/University_of_Patras_04-300x200.jpg 300w, https:\/\/pb.edu.pl\/sjo\/wp-content\/uploads\/sites\/9\/2018\/06\/University_of_Patras_04-768x512.jpg 768w, https:\/\/pb.edu.pl\/sjo\/wp-content\/uploads\/sites\/9\/2018\/06\/University_of_Patras_04-1024x683.jpg 1024w, https:\/\/pb.edu.pl\/sjo\/wp-content\/uploads\/sites\/9\/2018\/06\/University_of_Patras_04-480x320.jpg 480w\" sizes=\"auto, (max-width: 1147px) 100vw, 1147px\" \/><\/a>\n\t\t\t<\/div><\/figure><figure class='gallery-item'>\n\t\t\t<div class='gallery-icon landscape'>\n\t\t\t\t<a href='https:\/\/pb.edu.pl\/sjo\/wp-content\/uploads\/sites\/9\/2018\/06\/University_of_Patras_08.jpg'><img loading=\"lazy\" decoding=\"async\" width=\"1200\" height=\"803\" src=\"https:\/\/pb.edu.pl\/sjo\/wp-content\/uploads\/sites\/9\/2018\/06\/University_of_Patras_08.jpg\" class=\"attachment-full size-full\" alt=\"University of Patras\" srcset=\"https:\/\/pb.edu.pl\/sjo\/wp-content\/uploads\/sites\/9\/2018\/06\/University_of_Patras_08.jpg 1200w, https:\/\/pb.edu.pl\/sjo\/wp-content\/uploads\/sites\/9\/2018\/06\/University_of_Patras_08-300x201.jpg 300w, https:\/\/pb.edu.pl\/sjo\/wp-content\/uploads\/sites\/9\/2018\/06\/University_of_Patras_08-768x514.jpg 768w, https:\/\/pb.edu.pl\/sjo\/wp-content\/uploads\/sites\/9\/2018\/06\/University_of_Patras_08-1024x685.jpg 1024w, https:\/\/pb.edu.pl\/sjo\/wp-content\/uploads\/sites\/9\/2018\/06\/University_of_Patras_08-480x320.jpg 480w\" sizes=\"auto, (max-width: 1200px) 100vw, 1200px\" \/><\/a>\n\t\t\t<\/div><\/figure><figure class='gallery-item'>\n\t\t\t<div class='gallery-icon landscape'>\n\t\t\t\t<a href='https:\/\/pb.edu.pl\/sjo\/wp-content\/uploads\/sites\/9\/2018\/06\/University_of_Patras_10.jpg'><img loading=\"lazy\" decoding=\"async\" width=\"1200\" height=\"799\" src=\"https:\/\/pb.edu.pl\/sjo\/wp-content\/uploads\/sites\/9\/2018\/06\/University_of_Patras_10.jpg\" class=\"attachment-full size-full\" alt=\"University of Patras\" srcset=\"https:\/\/pb.edu.pl\/sjo\/wp-content\/uploads\/sites\/9\/2018\/06\/University_of_Patras_10.jpg 1200w, https:\/\/pb.edu.pl\/sjo\/wp-content\/uploads\/sites\/9\/2018\/06\/University_of_Patras_10-300x200.jpg 300w, https:\/\/pb.edu.pl\/sjo\/wp-content\/uploads\/sites\/9\/2018\/06\/University_of_Patras_10-768x511.jpg 768w, https:\/\/pb.edu.pl\/sjo\/wp-content\/uploads\/sites\/9\/2018\/06\/University_of_Patras_10-1024x682.jpg 1024w, https:\/\/pb.edu.pl\/sjo\/wp-content\/uploads\/sites\/9\/2018\/06\/University_of_Patras_10-480x320.jpg 480w\" sizes=\"auto, (max-width: 1200px) 100vw, 1200px\" \/><\/a>\n\t\t\t<\/div><\/figure>\n\t\t<\/div>\n\n<p><span style=\"font-size: 12pt\">&nbsp;<\/span><\/p>\n","protected":false},"excerpt":{"rendered":"<p>W dniach 28 pa\u017adziernika \u2013 3 listopada 2012 mgr Monika \u015aleszy\u0144ska i mgr Wojciech Rogalski<\/p>\n","protected":false},"author":6,"featured_media":0,"parent":5020,"menu_order":0,"comment_status":"closed","ping_status":"closed","template":"","meta":{"_acf_changed":false,"ngg_post_thumbnail":0,"footnotes":""},"class_list":["post-5331","page","type-page","status-publish","hentry"],"acf":[],"yoast_head":"<!-- This site is optimized with the Yoast SEO plugin v27.0 - https:\/\/yoast.com\/product\/yoast-seo-wordpress\/ -->\n<title>Patras - Studium J\u0119zyk\u00f3w Obcych<\/title>\n<meta name=\"description\" content=\"W dniach 28 pa\u017adziernika \u2013 3 listopada 2012 mgr Monika \u015aleszy\u0144ska i mgr Wojciech Rogalski przebywali na Uniwersytecie w Patras (Grecja), zaproszeni przez\" \/>\n<meta name=\"robots\" content=\"index, follow, max-snippet:-1, max-image-preview:large, max-video-preview:-1\" \/>\n<link rel=\"canonical\" href=\"https:\/\/pb.edu.pl\/sjo\/dla-pracownika\/wspolpraca-z-zagranica\/patras\/\" \/>\n<meta property=\"og:locale\" content=\"pl_PL\" \/>\n<meta property=\"og:type\" content=\"article\" \/>\n<meta property=\"og:title\" content=\"Patras - Studium J\u0119zyk\u00f3w Obcych\" \/>\n<meta property=\"og:description\" content=\"W dniach 28 pa\u017adziernika \u2013 3 listopada 2012 mgr Monika \u015aleszy\u0144ska i mgr Wojciech Rogalski przebywali na Uniwersytecie w Patras (Grecja), zaproszeni przez\" \/>\n<meta property=\"og:url\" content=\"https:\/\/pb.edu.pl\/sjo\/dla-pracownika\/wspolpraca-z-zagranica\/patras\/\" \/>\n<meta property=\"og:site_name\" content=\"Studium J\u0119zyk\u00f3w Obcych\" \/>\n<meta property=\"article:modified_time\" content=\"2018-06-05T12:30:37+00:00\" \/>\n<meta property=\"og:image\" content=\"https:\/\/pb.edu.pl\/sjo\/wp-content\/uploads\/sites\/9\/2018\/06\/University_of_Patras_01-Pracownicy-SJO.jpg\" \/>\n<meta name=\"twitter:label1\" content=\"Szacowany czas czytania\" \/>\n\t<meta name=\"twitter:data1\" content=\"2 minuty\" \/>\n<script type=\"application\/ld+json\" class=\"yoast-schema-graph\">{\"@context\":\"https:\/\/schema.org\",\"@graph\":[{\"@type\":\"WebPage\",\"@id\":\"https:\/\/pb.edu.pl\/sjo\/dla-pracownika\/wspolpraca-z-zagranica\/patras\/\",\"url\":\"https:\/\/pb.edu.pl\/sjo\/dla-pracownika\/wspolpraca-z-zagranica\/patras\/\",\"name\":\"Patras - Studium J\u0119zyk\u00f3w Obcych\",\"isPartOf\":{\"@id\":\"https:\/\/pb.edu.pl\/sjo\/#website\"},\"datePublished\":\"2018-06-05T08:36:57+00:00\",\"dateModified\":\"2018-06-05T12:30:37+00:00\",\"description\":\"W dniach 28 pa\u017adziernika \u2013 3 listopada 2012 mgr Monika \u015aleszy\u0144ska i mgr Wojciech Rogalski przebywali na Uniwersytecie w Patras (Grecja), zaproszeni przez\",\"breadcrumb\":{\"@id\":\"https:\/\/pb.edu.pl\/sjo\/dla-pracownika\/wspolpraca-z-zagranica\/patras\/#breadcrumb\"},\"inLanguage\":\"pl-PL\",\"potentialAction\":[{\"@type\":\"ReadAction\",\"target\":[\"https:\/\/pb.edu.pl\/sjo\/dla-pracownika\/wspolpraca-z-zagranica\/patras\/\"]}]},{\"@type\":\"BreadcrumbList\",\"@id\":\"https:\/\/pb.edu.pl\/sjo\/dla-pracownika\/wspolpraca-z-zagranica\/patras\/#breadcrumb\",\"itemListElement\":[{\"@type\":\"ListItem\",\"position\":1,\"name\":\"Home\",\"item\":\"https:\/\/pb.edu.pl\/sjo\/\"},{\"@type\":\"ListItem\",\"position\":2,\"name\":\"Pracuj\u0119 w PB\",\"item\":\"https:\/\/pb.edu.pl\/sjo\/dla-pracownika\/\"},{\"@type\":\"ListItem\",\"position\":3,\"name\":\"Wsp\u00f3\u0142praca z zagranic\u0105\",\"item\":\"https:\/\/pb.edu.pl\/sjo\/dla-pracownika\/wspolpraca-z-zagranica\/\"},{\"@type\":\"ListItem\",\"position\":4,\"name\":\"Patras\"}]},{\"@type\":\"WebSite\",\"@id\":\"https:\/\/pb.edu.pl\/sjo\/#website\",\"url\":\"https:\/\/pb.edu.pl\/sjo\/\",\"name\":\"Studium J\u0119zyk\u00f3w Obcych\",\"description\":\"\",\"potentialAction\":[{\"@type\":\"SearchAction\",\"target\":{\"@type\":\"EntryPoint\",\"urlTemplate\":\"https:\/\/pb.edu.pl\/sjo\/?s={search_term_string}\"},\"query-input\":{\"@type\":\"PropertyValueSpecification\",\"valueRequired\":true,\"valueName\":\"search_term_string\"}}],\"inLanguage\":\"pl-PL\"}]}<\/script>\n<!-- \/ Yoast SEO plugin. -->","yoast_head_json":{"title":"Patras - Studium J\u0119zyk\u00f3w Obcych","description":"W dniach 28 pa\u017adziernika \u2013 3 listopada 2012 mgr Monika \u015aleszy\u0144ska i mgr Wojciech Rogalski przebywali na Uniwersytecie w Patras (Grecja), zaproszeni przez","robots":{"index":"index","follow":"follow","max-snippet":"max-snippet:-1","max-image-preview":"max-image-preview:large","max-video-preview":"max-video-preview:-1"},"canonical":"https:\/\/pb.edu.pl\/sjo\/dla-pracownika\/wspolpraca-z-zagranica\/patras\/","og_locale":"pl_PL","og_type":"article","og_title":"Patras - Studium J\u0119zyk\u00f3w Obcych","og_description":"W dniach 28 pa\u017adziernika \u2013 3 listopada 2012 mgr Monika \u015aleszy\u0144ska i mgr Wojciech Rogalski przebywali na Uniwersytecie w Patras (Grecja), zaproszeni przez","og_url":"https:\/\/pb.edu.pl\/sjo\/dla-pracownika\/wspolpraca-z-zagranica\/patras\/","og_site_name":"Studium J\u0119zyk\u00f3w Obcych","article_modified_time":"2018-06-05T12:30:37+00:00","og_image":[{"url":"https:\/\/pb.edu.pl\/sjo\/wp-content\/uploads\/sites\/9\/2018\/06\/University_of_Patras_01-Pracownicy-SJO.jpg","type":"","width":"","height":""}],"twitter_misc":{"Szacowany czas czytania":"2 minuty"},"schema":{"@context":"https:\/\/schema.org","@graph":[{"@type":"WebPage","@id":"https:\/\/pb.edu.pl\/sjo\/dla-pracownika\/wspolpraca-z-zagranica\/patras\/","url":"https:\/\/pb.edu.pl\/sjo\/dla-pracownika\/wspolpraca-z-zagranica\/patras\/","name":"Patras - Studium J\u0119zyk\u00f3w Obcych","isPartOf":{"@id":"https:\/\/pb.edu.pl\/sjo\/#website"},"datePublished":"2018-06-05T08:36:57+00:00","dateModified":"2018-06-05T12:30:37+00:00","description":"W dniach 28 pa\u017adziernika \u2013 3 listopada 2012 mgr Monika \u015aleszy\u0144ska i mgr Wojciech Rogalski przebywali na Uniwersytecie w Patras (Grecja), zaproszeni przez","breadcrumb":{"@id":"https:\/\/pb.edu.pl\/sjo\/dla-pracownika\/wspolpraca-z-zagranica\/patras\/#breadcrumb"},"inLanguage":"pl-PL","potentialAction":[{"@type":"ReadAction","target":["https:\/\/pb.edu.pl\/sjo\/dla-pracownika\/wspolpraca-z-zagranica\/patras\/"]}]},{"@type":"BreadcrumbList","@id":"https:\/\/pb.edu.pl\/sjo\/dla-pracownika\/wspolpraca-z-zagranica\/patras\/#breadcrumb","itemListElement":[{"@type":"ListItem","position":1,"name":"Home","item":"https:\/\/pb.edu.pl\/sjo\/"},{"@type":"ListItem","position":2,"name":"Pracuj\u0119 w PB","item":"https:\/\/pb.edu.pl\/sjo\/dla-pracownika\/"},{"@type":"ListItem","position":3,"name":"Wsp\u00f3\u0142praca z zagranic\u0105","item":"https:\/\/pb.edu.pl\/sjo\/dla-pracownika\/wspolpraca-z-zagranica\/"},{"@type":"ListItem","position":4,"name":"Patras"}]},{"@type":"WebSite","@id":"https:\/\/pb.edu.pl\/sjo\/#website","url":"https:\/\/pb.edu.pl\/sjo\/","name":"Studium J\u0119zyk\u00f3w Obcych","description":"","potentialAction":[{"@type":"SearchAction","target":{"@type":"EntryPoint","urlTemplate":"https:\/\/pb.edu.pl\/sjo\/?s={search_term_string}"},"query-input":{"@type":"PropertyValueSpecification","valueRequired":true,"valueName":"search_term_string"}}],"inLanguage":"pl-PL"}]}},"_links":{"self":[{"href":"https:\/\/pb.edu.pl\/sjo\/wp-json\/wp\/v2\/pages\/5331","targetHints":{"allow":["GET"]}}],"collection":[{"href":"https:\/\/pb.edu.pl\/sjo\/wp-json\/wp\/v2\/pages"}],"about":[{"href":"https:\/\/pb.edu.pl\/sjo\/wp-json\/wp\/v2\/types\/page"}],"author":[{"embeddable":true,"href":"https:\/\/pb.edu.pl\/sjo\/wp-json\/wp\/v2\/users\/6"}],"replies":[{"embeddable":true,"href":"https:\/\/pb.edu.pl\/sjo\/wp-json\/wp\/v2\/comments?post=5331"}],"version-history":[{"count":0,"href":"https:\/\/pb.edu.pl\/sjo\/wp-json\/wp\/v2\/pages\/5331\/revisions"}],"up":[{"embeddable":true,"href":"https:\/\/pb.edu.pl\/sjo\/wp-json\/wp\/v2\/pages\/5020"}],"wp:attachment":[{"href":"https:\/\/pb.edu.pl\/sjo\/wp-json\/wp\/v2\/media?parent=5331"}],"curies":[{"name":"wp","href":"https:\/\/api.w.org\/{rel}","templated":true}]}}